{"id":566,"date":"2024-07-18T15:16:04","date_gmt":"2024-07-18T07:16:04","guid":{"rendered":"https:\/\/ruiqigo.com\/?post_type=product&#038;p=566"},"modified":"2024-11-06T14:05:41","modified_gmt":"2024-11-06T06:05:41","slug":"olive-oil-moisturizing-lotion","status":"publish","type":"product","link":"https:\/\/www.ruiqigo.com\/fi\/product\/olive-oil-moisturizing-lotion","title":{"rendered":"Oliivi\u00f6ljy\u00e4 kosteuttava voide"},"content":{"rendered":"<h3 class=\"wp-block-heading\">Oliivi\u00f6ljyn kosteusvoiteen valmistus Yleiset kaavat<\/h3>\n\n\n\n<p>Oliivi\u00f6ljykosteusvoiteen vaikuttavia aineita ovat p\u00e4\u00e4asiassa oliivi\u00f6ljyuute, hyaluronihappo ja kosteustekij\u00e4. Oliivi\u00f6ljyuute on runsaasti tyydyttym\u00e4tt\u00f6mi\u00e4 rasvahappoja, kuten \u00f6ljyhappoa, joka auttaa alentamaan kolesterolia, suojaa syd\u00e4men terveytt\u00e4 ja sill\u00e4 on antioksidanttisia ominaisuuksia. Johtavana oliivi\u00f6ljykosteusvoiteiden valmistajana tied\u00e4mme, ett\u00e4 hyaluronihappo on erinomainen kosteuttava ainesosa. Se sis\u00e4lt\u00e4\u00e4 yli 500 kertaa oman painonsa verran vett\u00e4, mik\u00e4 kosteuttaa ihoa syv\u00e4lt\u00e4. Lis\u00e4ksi kosteustekij\u00e4 auttaa ihoa lukitsemaan kosteuden ja yll\u00e4pit\u00e4m\u00e4\u00e4n ihon kosteustasapainoa.<\/p>\n\n\n\n<h3 class=\"wp-block-heading\">Oliivi\u00f6ljy\u00e4 sis\u00e4lt\u00e4v\u00e4 kosteusvoide Sovellettavat skenaariot<\/h3>\n\n\n\n<p>Oliivi\u00f6ljy\u00e4 sis\u00e4lt\u00e4v\u00e4 kosteusvoide sopii monenlaisiin tilanteisiin, kuten p\u00e4ivitt\u00e4iseen ihonhoitoon, kuiviin ymp\u00e4rist\u00f6ihin, ilmastoituihin huoneisiin ja ulkoilun j\u00e4lkeen. Se sopii erityisesti ihmisille, jotka oleskelevat usein kuivissa ymp\u00e4rist\u00f6iss\u00e4. Kahdesti viikossa k\u00e4ytettyn\u00e4 se auttaa ihoa torjumaan kuivuutta paremmin, lievitt\u00e4\u00e4 auringon aiheuttamaa kuivuutta ja laajentuneita ihohuokosia sek\u00e4 pit\u00e4\u00e4 ihon raikkaana ja kosteutettuna.<\/p>\n\n\n\n<h3 class=\"wp-block-heading\">Kenelle oliivi\u00f6ljy\u00e4 sis\u00e4lt\u00e4v\u00e4 kosteusvoide sopii<\/h3>\n\n\n\n<p>Oliivi\u00f6ljykosteusvoide sopii kaikenlaisille ihmisille, erityisesti niille, jotka tarvitsevat iholle erityist\u00e4 kosteutusta ja ravitsemusta. Se sopii vauvoille, raskaana oleville naisille ja imett\u00e4ville \u00e4ideille, koska oliivi\u00f6ljyn ravintoaineet ovat samanlaisia kuin rintamaidossa, imeytyv\u00e4t helposti ja edist\u00e4v\u00e4t imev\u00e4isten hermojen ja luiden kasvua ja kehityst\u00e4. Se sopii my\u00f6s kauneutta rakastaville naisille, koska se sis\u00e4lt\u00e4\u00e4 antioksidanttisia aineita, jotka voivat poistaa kasvojen ryppyj\u00e4 ja est\u00e4\u00e4 ihon ik\u00e4\u00e4ntymist\u00e4. Lis\u00e4ksi oliivi\u00f6ljykosteusvoide voi tarjota asianmukaisia ihonhoito- ja terveysvaikutuksia syd\u00e4n- ja verisuoni- ja verisuonisairauksia, diabetesta, gastriittia ja mahahaavaa sairastaville potilaille sek\u00e4 heikommin terveille ihmisille.<\/p>\n\n\n\n<h3 class=\"wp-block-heading\">Oliivi\u00f6ljyn kosteusvoiteen tuotantoprosessi<\/h3>\n\n\n\n<p>Oliivi\u00f6ljy\u00e4 sis\u00e4lt\u00e4v\u00e4ss\u00e4 kosteusvoideessa k\u00e4ytet\u00e4\u00e4n ainutlaatuista huipputeknologiaa ja alkuper\u00e4isi\u00e4 maahantuotuja ammattimaisia emulgointilaitteita. Tuotantoprosessin aikana kiinnitet\u00e4\u00e4n erityist\u00e4 huomiota oliivi\u00f6ljyn luonnollisten ravintoaineiden s\u00e4ilytt\u00e4miseen ilman kuumentamista tai kemiallista k\u00e4sittely\u00e4, jotta tuotteen oliivi\u00f6ljyuute s\u00e4ilytt\u00e4\u00e4 luonnollisen aktiivisuutensa. Lis\u00e4ksi johtavana oliivi\u00f6ljy\u00e4 sis\u00e4lt\u00e4v\u00e4n kosteusvoiteen valmistajana tuotteet ovat saaneet ihotautil\u00e4\u00e4k\u00e4reiden hyv\u00e4ksynn\u00e4n ja markkinatestej\u00e4 tutkimus- ja kehitysprosessin aikana niiden turvallisuuden ja tehokkuuden varmistamiseksi.<\/p>","protected":false},"excerpt":{"rendered":"Olive oil moisturizing lotion manufacturing Common Formulas The active ingredients of Olive Oil Moisturizing Lotion mainly include Olive Oil Extract, Hyaluronic Acid and Moisturizing Factor. Olive Oil Extract is rich in unsaturated fatty acids such as Oleic Acid, which helps lower cholesterol, protects heart health and has antioxidant properties. As a leading Olive oil moisturizing [&hellip;]","protected":false},"featured_media":567,"menu_order":0,"template":"","meta":[],"product-tag":[],"products":[70],"class_list":["post-566","product","type-product","status-publish","has-post-thumbnail","hentry","products-moisturizing-lotion"],"acf":[],"_links":{"self":[{"href":"https:\/\/www.ruiqigo.com\/fi\/wp-json\/wp\/v2\/product\/566","targetHints":{"allow":["GET"]}}],"collection":[{"href":"https:\/\/www.ruiqigo.com\/fi\/wp-json\/wp\/v2\/product"}],"about":[{"href":"https:\/\/www.ruiqigo.com\/fi\/wp-json\/wp\/v2\/types\/product"}],"version-history":[{"count":0,"href":"https:\/\/www.ruiqigo.com\/fi\/wp-json\/wp\/v2\/product\/566\/revisions"}],"wp:featuredmedia":[{"embeddable":true,"href":"https:\/\/www.ruiqigo.com\/fi\/wp-json\/wp\/v2\/media\/567"}],"wp:attachment":[{"href":"https:\/\/www.ruiqigo.com\/fi\/wp-json\/wp\/v2\/media?parent=566"}],"wp:term":[{"taxonomy":"product-tag","embeddable":true,"href":"https:\/\/www.ruiqigo.com\/fi\/wp-json\/wp\/v2\/product-tag?post=566"},{"taxonomy":"products","embeddable":true,"href":"https:\/\/www.ruiqigo.com\/fi\/wp-json\/wp\/v2\/products?post=566"}],"curies":[{"name":"wp","href":"https:\/\/api.w.org\/{rel}","templated":true}]}}