{"id":571,"date":"2024-07-18T15:56:32","date_gmt":"2024-07-18T07:56:32","guid":{"rendered":"https:\/\/ruiqigo.com\/?post_type=product&#038;p=571"},"modified":"2024-11-15T17:00:29","modified_gmt":"2024-11-15T09:00:29","slug":"marula-facial-oil","status":"publish","type":"product","link":"https:\/\/www.ruiqigo.com\/fi\/product\/marula-facial-oil","title":{"rendered":"Marula kasvo\u00f6ljy"},"content":{"rendered":"<h2 class=\"wp-block-heading\">Marula-kasvo\u00f6ljyn valmistuksen yleiset kaavat<\/h2>\n\n\n\n<p>Burr&#039;sin kova saksanp\u00e4hkin\u00e4\u00f6ljy on t\u00e4ynn\u00e4 antioksidantteja ja v\u00e4ltt\u00e4m\u00e4tt\u00f6mi\u00e4 rasvahappoja. T\u00e4m\u00e4 \u00f6ljy ravitsee ihoa syv\u00e4lt\u00e4 ja parantaa sen kimmoisuutta ja kosteuttavaa kyky\u00e4. Jojobansiemen\u00f6ljy: Erinomainen kosteuttaja, jojobansiemen\u00f6ljy imeytyy nopeasti ihoon v\u00e4hent\u00e4en kuivuutta ja karheutta samalla s\u00e4\u00e4dellen ihon \u00f6ljytasapainoa. Johtavana marula-kasvo\u00f6ljyn valmistajana tied\u00e4mme, ett\u00e4 entaerytritoliesteri toimii liev\u00e4n\u00e4 emulgointiaineena, joka auttaa s\u00e4ilytt\u00e4m\u00e4\u00e4n kosteutta ja parantamaan ihon suojamuuria.<\/p>\n\n\n\n<h2 class=\"wp-block-heading\">Marula-kasvo\u00f6ljyn k\u00e4ytt\u00f6tarkoitukset<\/h2>\n\n\n\n<p>Marula-kasvo\u00f6ljy sopii moneen ihonhoitorutiiniin. Se antaa iholle pitk\u00e4kestoista kosteutusta joko aamulla puhdistuksen j\u00e4lkeen tai illalla meikin poiston j\u00e4lkeen. Se sopii my\u00f6s k\u00e4ytett\u00e4v\u00e4ksi kuivina vuodenaikoina tai pitki\u00e4 aikoja ilmastoiduissa tiloissa suojaamaan ihoa ulkoisten ymp\u00e4rist\u00f6tekij\u00f6iden haitallisilta vaikutuksilta.<\/p>\n\n\n\n<h2 class=\"wp-block-heading\">Kenelle Marula-kasvo\u00f6ljy sopii<\/h2>\n\n\n\n<p>T\u00e4m\u00e4 kasvo\u00f6ljy sopii kaikille ihotyypeille, erityisesti kuivalle, kosteusk\u00f6yh\u00e4lle tai herk\u00e4lle iholle. Marula-kasvo\u00f6ljy on ihanteellinen kuluttajille, jotka etsiv\u00e4t luonnollisia ainesosia ja tehokkaita kosteuttavia vaikutuksia. Se sopii erityisesti niille, jotka tarvitsevat apua kuivan, karhean tai ik\u00e4\u00e4ntyv\u00e4n ihon hoitoon.<\/p>\n\n\n\n<h2 class=\"wp-block-heading\">Marula-kasvo\u00f6ljyn tuotantoprosessi<\/h2>\n\n\n\n<p>Marula-kasvo\u00f6ljyn tuotannossa k\u00e4yt\u00e4mme edistynytt\u00e4 kylm\u00e4puristustekniikkaa Burr Hard Walnut Seed Oil -\u00f6ljyn ja jojoba\u00f6ljyn erottamiseen niiden luonnollisten ravintoaineiden s\u00e4ilytt\u00e4miseksi. Emulgointiprosessin ja tuotanto-olosuhteiden tarkalla kontrolloinnilla varmistamme, ett\u00e4 kasvo\u00f6ljyt ovat stabiileja ja ihoyst\u00e4v\u00e4llisi\u00e4. Lis\u00e4ksi k\u00e4yt\u00e4mme aseptista t\u00e4ytt\u00f6tekniikkaa tuotteidemme puhtauden ja turvallisuuden varmistamiseksi. Ammattimaisena Marula-kasvo\u00f6ljyn valmistajana koko tuotantoprosessi noudattaa tiukkoja laadunvalvontastandardeja varmistaaksemme, ett\u00e4 jokainen kasvo\u00f6ljypullo tarjoaa sek\u00e4 tehokasta kosteutusta ett\u00e4 hell\u00e4varaista hoitoa.<\/p>","protected":false},"excerpt":{"rendered":"Marula facial oil manufacturing common formulas Burr&#8217;s Hard Walnut Seed Oil is rich in antioxidants and essential fatty acids, this oil deeply nourishes the skin and improves its elasticity and moisturizing ability. Jojoba Seed Oil: An excellent moisturizer, Jojoba Seed Oil quickly penetrates the skin to reduce dryness and roughness while regulating the skin&#8217;s oil [&hellip;]","protected":false},"featured_media":572,"menu_order":0,"template":"","meta":[],"product-tag":[],"products":[62],"class_list":["post-571","product","type-product","status-publish","has-post-thumbnail","hentry","products-facial-oil"],"acf":[],"_links":{"self":[{"href":"https:\/\/www.ruiqigo.com\/fi\/wp-json\/wp\/v2\/product\/571","targetHints":{"allow":["GET"]}}],"collection":[{"href":"https:\/\/www.ruiqigo.com\/fi\/wp-json\/wp\/v2\/product"}],"about":[{"href":"https:\/\/www.ruiqigo.com\/fi\/wp-json\/wp\/v2\/types\/product"}],"version-history":[{"count":0,"href":"https:\/\/www.ruiqigo.com\/fi\/wp-json\/wp\/v2\/product\/571\/revisions"}],"wp:featuredmedia":[{"embeddable":true,"href":"https:\/\/www.ruiqigo.com\/fi\/wp-json\/wp\/v2\/media\/572"}],"wp:attachment":[{"href":"https:\/\/www.ruiqigo.com\/fi\/wp-json\/wp\/v2\/media?parent=571"}],"wp:term":[{"taxonomy":"product-tag","embeddable":true,"href":"https:\/\/www.ruiqigo.com\/fi\/wp-json\/wp\/v2\/product-tag?post=571"},{"taxonomy":"products","embeddable":true,"href":"https:\/\/www.ruiqigo.com\/fi\/wp-json\/wp\/v2\/products?post=571"}],"curies":[{"name":"wp","href":"https:\/\/api.w.org\/{rel}","templated":true}]}}