{"id":576,"date":"2024-07-18T16:27:29","date_gmt":"2024-07-18T08:27:29","guid":{"rendered":"https:\/\/ruiqigo.com\/?post_type=product&#038;p=576"},"modified":"2024-11-15T16:59:41","modified_gmt":"2024-11-15T08:59:41","slug":"coconut-facial-oil","status":"publish","type":"product","link":"https:\/\/www.ruiqigo.com\/fi\/product\/coconut-facial-oil","title":{"rendered":"Kookos\u00f6ljy kasvoille"},"content":{"rendered":"<h2 class=\"wp-block-heading\">Kookoskasvo\u00f6ljyn valmistus yleisi\u00e4 kaavoja<\/h2>\n\n\n\n<p>Trooppisista kookoshedelmist\u00e4 johdettu kookos\u00f6ljy sis\u00e4lt\u00e4\u00e4 runsaasti erilaisia vitamiineja ja kivenn\u00e4isaineita, sill\u00e4 on hyv\u00e4 kosteuttava ja palauttava vaikutus, se voi syv\u00e4sti ravita ihoa, parantaa ihon suojatoimintoa. Jojobakasvista uutettu jojobansiemen\u00f6ljy, jonka molekyylirakenne on samanlainen kuin ihmisen tali, imeytyy helposti ihoon, s\u00e4\u00e4telee tehokkaasti ihon vesi-\u00f6ljytasapainoa, lievitt\u00e4\u00e4 kuivuutta ja karheutta. Johtavana kookos\u00f6ljyn valmistajana pentaerytritolitetrameeri, korkealaatuinen luonnon\u00f6ljy, jolla on hyv\u00e4t kosteuttavat ominaisuudet, se voi lukita ihon kosteuden, est\u00e4\u00e4 veden haihtumista.<\/p>\n\n\n\n<h2 class=\"wp-block-heading\">Kookos\u00f6ljyyn soveltuvat skenaariot<\/h2>\n\n\n\n<p>Kookos-kasvo\u00f6ljy sopii monenlaisiin tilanteisiin, kuten p\u00e4ivitt\u00e4iseen ihonhoitoon ja erityiseen hoitoon. Levit\u00e4 kookoskasvo\u00f6ljy\u00e4 aamulla her\u00e4\u00e4misen j\u00e4lkeen energisoimaan ihoa ja aloittamaan p\u00e4iv\u00e4; K\u00e4yt\u00e4 sit\u00e4 illalla ennen nukkumaanmenoa auttaaksesi ihoa korjaamaan vaurioituneita soluja ja parantamaan ihon itseparantumiskyky\u00e4. Lis\u00e4ksi kuivana, kylm\u00e4n\u00e4 vuodenaikana kookoskasvo\u00f6ljy tarjoaa iholle lis\u00e4ravintoa ja ehk\u00e4isee kuivumista ja halkeilua.<\/p>\n\n\n\n<h2 class=\"wp-block-heading\">Kenelle kookos\u00f6ljy sopii<\/h2>\n\n\n\n<p>Kookoskasvo\u00f6ljy sopii kaikille ihotyypeille, erityisesti kuivalle, kuivuneelle ja herk\u00e4lle iholle. Coconut Facial Oil on ihanteellinen ihonhoitovaihtoehto kuluttajille, jotka etsiv\u00e4t luonnollista ihonhoitoa ja ihonhoitoa. Se on turvallinen k\u00e4ytt\u00e4\u00e4 raskaana oleville ja imett\u00e4ville naisille ja lapsille.<\/p>\n\n\n\n<h2 class=\"wp-block-heading\">Kookoskasvo\u00f6ljyn valmistusprosessi<\/h2>\n\n\n\n<p>Kookoskasvo\u00f6ljyn laadun varmistamiseksi k\u00e4yt\u00e4mme ainutlaatuista kylm\u00e4puristusprosessia, joka maksimoi kookos\u00f6ljyn, jojobansiemen\u00f6ljyn ja tetrapentaerytritolin aktiivisten ainesosien s\u00e4ilymisen. Tuotantoprosessin aikana noudatamme tiukasti aseptisen ja saastumattoman toiminnan standardeja varmistaaksemme tuotteidemme turvallisuuden ja tehokkuuden. Lis\u00e4ksi ammatillisena kookoskasvo\u00f6ljyn valmistajana k\u00e4yt\u00e4mme edistynytt\u00e4 molekyylitislausteknologiaa ep\u00e4puhtauksien poistamiseen, mik\u00e4 tekee tuotteesta puhtaamman ja ihon helpommin imeytyv\u00e4n. Tuomme sinulle t\u00e4m\u00e4n luonnollisen, hell\u00e4varaisen ja tehokkaan kookos\u00f6ljyn monien herkkien tuotantoprosessien avulla.<\/p>","protected":false},"excerpt":{"rendered":"Coconut facial oil manufacturing common formulas Coconut oil, derived from the tropical coconut fruit, is rich in a variety of vitamins and minerals, has a good moisturizing and restorative effect, can deeply nourish the skin, enhance the skin barrier function. Jojoba seed oil, extracted from the jojoba plant, its molecular structure is similar to human [&hellip;]","protected":false},"featured_media":577,"menu_order":0,"template":"","meta":[],"product-tag":[],"products":[62],"class_list":["post-576","product","type-product","status-publish","has-post-thumbnail","hentry","products-facial-oil"],"acf":[],"_links":{"self":[{"href":"https:\/\/www.ruiqigo.com\/fi\/wp-json\/wp\/v2\/product\/576","targetHints":{"allow":["GET"]}}],"collection":[{"href":"https:\/\/www.ruiqigo.com\/fi\/wp-json\/wp\/v2\/product"}],"about":[{"href":"https:\/\/www.ruiqigo.com\/fi\/wp-json\/wp\/v2\/types\/product"}],"version-history":[{"count":0,"href":"https:\/\/www.ruiqigo.com\/fi\/wp-json\/wp\/v2\/product\/576\/revisions"}],"wp:featuredmedia":[{"embeddable":true,"href":"https:\/\/www.ruiqigo.com\/fi\/wp-json\/wp\/v2\/media\/577"}],"wp:attachment":[{"href":"https:\/\/www.ruiqigo.com\/fi\/wp-json\/wp\/v2\/media?parent=576"}],"wp:term":[{"taxonomy":"product-tag","embeddable":true,"href":"https:\/\/www.ruiqigo.com\/fi\/wp-json\/wp\/v2\/product-tag?post=576"},{"taxonomy":"products","embeddable":true,"href":"https:\/\/www.ruiqigo.com\/fi\/wp-json\/wp\/v2\/products?post=576"}],"curies":[{"name":"wp","href":"https:\/\/api.w.org\/{rel}","templated":true}]}}