{"id":581,"date":"2024-07-19T09:37:08","date_gmt":"2024-07-19T01:37:08","guid":{"rendered":"https:\/\/ruiqigo.com\/?post_type=product&#038;p=581"},"modified":"2024-11-15T16:59:03","modified_gmt":"2024-11-15T08:59:03","slug":"vitamin-e-facial-oil","status":"publish","type":"product","link":"https:\/\/www.ruiqigo.com\/fi\/product\/vitamin-e-facial-oil","title":{"rendered":"E-vitamiini kasvo\u00f6ljy"},"content":{"rendered":"<h2 class=\"wp-block-heading\">E-vitamiinin kasvo\u00f6ljyt valmistavat yleisi\u00e4 kaavoja<\/h2>\n\n\n\n<p>E-vitamiini, joka tunnetaan nimell\u00e4 &quot;anti-aging-vitamiini&quot;, on voimakas antioksidantti, joka neutraloi vapaita radikaaleja, suojaa ihoa ymp\u00e4rist\u00f6n vaikutuksilta ja hidastaa ik\u00e4\u00e4ntymisprosessia. E-vitamiini edist\u00e4\u00e4 my\u00f6s verenkiertoa ja parantaa ihon kyky\u00e4 korjata itse\u00e4\u00e4n. Johtavana E-vitamiinin kasvo\u00f6ljyjen valmistajana tied\u00e4mme, ett\u00e4 Jojoba Seed Oil, luonnollinen jojobakasvista per\u00e4isin oleva kasvi\u00f6ljy, on molekyylirakenteeltaan samanlainen kuin ihmisen tali, joka imeytyy helposti ihoon ja voi syv\u00e4sti ravita ihoa, yll\u00e4pit\u00e4\u00e4 ihon vesi-\u00f6ljytasapainoa sek\u00e4 v\u00e4hent\u00e4\u00e4 kuivuutta ja juonteita.<\/p>\n\n\n\n<h2 class=\"wp-block-heading\">E-vitamiinia koskevat kasvo\u00f6ljyt<\/h2>\n\n\n\n<p>E-vitamiini-kasvo\u00f6ljy sopii monenlaisiin ihonhoitoskenaarioihin, olipa kyseess\u00e4 sitten p\u00e4ivitt\u00e4inen yll\u00e4pito tai erikoishoito. K\u00e4yt\u00e4 sit\u00e4 aamulla tarjotaksesi ihollesi sen tarvitsemaa ravintoa ja suojaa koko p\u00e4iv\u00e4n ajan; K\u00e4yt\u00e4 sit\u00e4 y\u00f6ll\u00e4 auttaaksesi ihoasi korjaamaan itse\u00e4\u00e4n y\u00f6ll\u00e4 ja tehostamaan sen uudistumiskyky\u00e4. Kuivana aikana tai ilmastoiduissa huoneissa E-vitamiini kasvo\u00f6ljy lievitt\u00e4\u00e4 tehokkaasti kuivaa ihoa ja pit\u00e4\u00e4 sen kosteutettuna.<\/p>\n\n\n\n<h2 class=\"wp-block-heading\">Kenelle E-vitamiini kasvo\u00f6ljy sopii<\/h2>\n\n\n\n<p>E-vitamiini kasvo\u00f6ljy sopii kaikille ihotyypeille, erityisesti ik\u00e4\u00e4ntyv\u00e4lle iholle, kuivalle iholle ja kuluttajille, jotka tarvitsevat ik\u00e4\u00e4ntymist\u00e4 est\u00e4v\u00e4\u00e4 hoitoa. Ihmisille, jotka y\u00f6pyv\u00e4t usein my\u00f6h\u00e4\u00e4n, el\u00e4v\u00e4t stressaavaa el\u00e4m\u00e4\u00e4 ja joilla on huonot ihosairaudet, E-vitamiinikasvo\u00f6ljy voi tarjota tarvittavaa ravintoa ja korjausta ihon olosuhteiden parantamiseksi.<\/p>\n\n\n\n<h2 class=\"wp-block-heading\">E-vitamiinin kasvo\u00f6ljyn valmistusprosessi<\/h2>\n\n\n\n<p>Johtavana E-vitamiinin kasvo\u00f6ljyjen valmistajana, varmistaaksemme E-vitamiinin kasvo\u00f6ljyn tuotteen laadun, k\u00e4yt\u00e4mme ainutlaatuista matalan l\u00e4mp\u00f6tilan kylm\u00e4puristusuuttotekniikkaa, joka maksimoi E-vitamiinin ja jojoba-siemen\u00f6ljyn aktiivisten ainesosien s\u00e4ilymisen. Tuotantoprosessin aikana valvomme tiukasti l\u00e4mp\u00f6tilaa ja painetta, jotta korkea l\u00e4mp\u00f6tila ei tuhoaisi aktiivisia aineosia. Samalla noudatamme aseptisia tuotantostandardeja varmistaaksemme tuotteidemme puhtauden ja turvallisuuden.<\/p>\n\n\n\n<p><\/p>","protected":false},"excerpt":{"rendered":"Vitamin E facial oil manufacturing common formulas Vitamin E, known as the \u201canti-aging vitamin\u201d, is a powerful antioxidant that neutralizes free radicals, protects the skin from environmental aggressions and slows down the aging process. Vitamin E also promotes blood circulation and enhances the skin&#8217;s ability to repair itself. As a leading Vitamin E facial oil [&hellip;]","protected":false},"featured_media":583,"menu_order":0,"template":"","meta":[],"product-tag":[],"products":[62],"class_list":["post-581","product","type-product","status-publish","has-post-thumbnail","hentry","products-facial-oil"],"acf":[],"_links":{"self":[{"href":"https:\/\/www.ruiqigo.com\/fi\/wp-json\/wp\/v2\/product\/581","targetHints":{"allow":["GET"]}}],"collection":[{"href":"https:\/\/www.ruiqigo.com\/fi\/wp-json\/wp\/v2\/product"}],"about":[{"href":"https:\/\/www.ruiqigo.com\/fi\/wp-json\/wp\/v2\/types\/product"}],"version-history":[{"count":0,"href":"https:\/\/www.ruiqigo.com\/fi\/wp-json\/wp\/v2\/product\/581\/revisions"}],"wp:featuredmedia":[{"embeddable":true,"href":"https:\/\/www.ruiqigo.com\/fi\/wp-json\/wp\/v2\/media\/583"}],"wp:attachment":[{"href":"https:\/\/www.ruiqigo.com\/fi\/wp-json\/wp\/v2\/media?parent=581"}],"wp:term":[{"taxonomy":"product-tag","embeddable":true,"href":"https:\/\/www.ruiqigo.com\/fi\/wp-json\/wp\/v2\/product-tag?post=581"},{"taxonomy":"products","embeddable":true,"href":"https:\/\/www.ruiqigo.com\/fi\/wp-json\/wp\/v2\/products?post=581"}],"curies":[{"name":"wp","href":"https:\/\/api.w.org\/{rel}","templated":true}]}}