{"id":582,"date":"2024-07-19T09:46:05","date_gmt":"2024-07-19T01:46:05","guid":{"rendered":"https:\/\/ruiqigo.com\/?post_type=product&#038;p=582"},"modified":"2024-11-15T16:58:31","modified_gmt":"2024-11-15T08:58:31","slug":"squalane-facial-oil","status":"publish","type":"product","link":"https:\/\/www.ruiqigo.com\/fi\/product\/squalane-facial-oil","title":{"rendered":"Skvalaani kasvo\u00f6ljy"},"content":{"rendered":"<h2 class=\"wp-block-heading\">Skvalaanikasvo\u00f6ljyn valmistuksen yleiset kaavat<\/h2>\n\n\n\n<p>Skvalaani, syv\u00e4nmeren haiden maksasta uutettu luonnollinen ainesosa, jonka molekyylirakenne on samanlainen kuin ihmisen talirauhasten. Iho imeytyy nopeasti muodostaen suojaavan kalvon, joka lukitsee tehokkaasti kosteuden ja est\u00e4\u00e4 veden haihtumista samalla korjaten vaurioituneita ihon suojakerrosta ja parantaen ihon omaa puolustuskyky\u00e4. Johtavana skvalaanikasvo\u00f6ljyn valmistajana tied\u00e4mme, ett\u00e4 jojoba\u00f6ljy, jojobakasvista saatu luonnollinen kasvi\u00f6ljy, on runsaasti vitamiineja ja mineraaleja, jotka voivat ravita ihoa syv\u00e4lt\u00e4, yll\u00e4pit\u00e4\u00e4 ihon vesi-\u00f6ljy-tasapainoa ja v\u00e4hent\u00e4\u00e4 kuivuutta ja hienoja juonteita.<\/p>\n\n\n\n<h2 class=\"wp-block-heading\">Skvalaanikasvo\u00f6ljyn k\u00e4ytt\u00f6tarkoitukset<\/h2>\n\n\n\n<p>Skvalaanikasvo\u00f6ljy sopii monenlaisiin ihonhoitotilanteisiin, sek\u00e4 p\u00e4ivitt\u00e4iseen yll\u00e4pitoon ett\u00e4 erityisk\u00e4sittelyihin. Kuivana syksyn\u00e4 ja talvena skvalaanikasvo\u00f6ljy voi tarjota iholle lis\u00e4ravinteita ja ehk\u00e4ist\u00e4 kuivumista ja hilseily\u00e4; kuumina ja kosteina kes\u00e4kuukausina se voi auttaa lukitsemaan kosteuden ihoon ja pit\u00e4m\u00e4\u00e4n sen raikkaana. Lis\u00e4ksi se on my\u00f6s ihanteellinen pohjustus\u00f6ljy ennen meikin levitt\u00e4mist\u00e4 imartelevamman ja luonnollisemman ilmeen saavuttamiseksi.<\/p>\n\n\n\n<h2 class=\"wp-block-heading\">Kenelle skvalaanikasvo\u00f6ljy sopii<\/h2>\n\n\n\n<p>Skvalaanikasvo\u00f6ljy sopii kaikille ihotyypeille, erityisesti kuivalle, herk\u00e4lle ja ik\u00e4\u00e4ntyv\u00e4lle iholle. Ihmisille, jotka ty\u00f6skentelev\u00e4t usein tietokoneella, el\u00e4v\u00e4t stressaavaa el\u00e4m\u00e4\u00e4 ja joilla on huono iho-ongelma, skvalaanikasvo\u00f6ljy voi tarjota syv\u00e4ravitsevaa ja korjaavaa hoitoa, joka auttaa parantamaan ihoa ja palauttamaan sen terveyden.<\/p>\n\n\n\n<h2 class=\"wp-block-heading\">Skvalaanin kasvo\u00f6ljyn tuotantoprosessi<\/h2>\n\n\n\n<p>Varmistaaksemme Squalane-kasvo\u00f6ljyn laadun, k\u00e4yt\u00e4mme edistynytt\u00e4 uuttotekniikkaa ja ainutlaatuista tuotantoprosessia. Ensinn\u00e4kin uutamme skvalaanin molekyylitislaustekniikalla sen puhtauden ja aktiivisuuden varmistamiseksi; toiseksi sekoitamme skvalaania ja jojoba\u00f6ljy\u00e4 alhaisessa l\u00e4mp\u00f6tilassa v\u00e4ltt\u00e4\u00e4ksemme aktiivisten ainesosien tuhoutumisen korkeassa l\u00e4mp\u00f6tilassa; kolmanneksi, johtavana Squalane-kasvo\u00f6ljyn valmistajana noudatamme aseptista tuotantostandardia varmistaaksemme tuotteen turvallisuuden ilman kontaminaatiota; ja lopuksi k\u00e4yt\u00e4mme hienosuodatusprosessia ep\u00e4puhtauksien poistamiseksi, jotta tuote on herkemp\u00e4\u00e4 ja imeytyy helpommin ihoon.<\/p>","protected":false},"excerpt":{"rendered":"Squalane facial oil manufacturing common formulas Squalane, a natural ingredient extracted from the liver of deep-sea sharks, has a molecular structure similar to that of human sebum, which is quickly absorbed by the skin to form a protective film that effectively locks in moisture and prevents water loss, while repairing damaged skin barriers and enhancing [&hellip;]","protected":false},"featured_media":587,"menu_order":0,"template":"","meta":[],"product-tag":[],"products":[62],"class_list":["post-582","product","type-product","status-publish","has-post-thumbnail","hentry","products-facial-oil"],"acf":[],"_links":{"self":[{"href":"https:\/\/www.ruiqigo.com\/fi\/wp-json\/wp\/v2\/product\/582","targetHints":{"allow":["GET"]}}],"collection":[{"href":"https:\/\/www.ruiqigo.com\/fi\/wp-json\/wp\/v2\/product"}],"about":[{"href":"https:\/\/www.ruiqigo.com\/fi\/wp-json\/wp\/v2\/types\/product"}],"version-history":[{"count":0,"href":"https:\/\/www.ruiqigo.com\/fi\/wp-json\/wp\/v2\/product\/582\/revisions"}],"wp:featuredmedia":[{"embeddable":true,"href":"https:\/\/www.ruiqigo.com\/fi\/wp-json\/wp\/v2\/media\/587"}],"wp:attachment":[{"href":"https:\/\/www.ruiqigo.com\/fi\/wp-json\/wp\/v2\/media?parent=582"}],"wp:term":[{"taxonomy":"product-tag","embeddable":true,"href":"https:\/\/www.ruiqigo.com\/fi\/wp-json\/wp\/v2\/product-tag?post=582"},{"taxonomy":"products","embeddable":true,"href":"https:\/\/www.ruiqigo.com\/fi\/wp-json\/wp\/v2\/products?post=582"}],"curies":[{"name":"wp","href":"https:\/\/api.w.org\/{rel}","templated":true}]}}