{"id":591,"date":"2024-07-23T17:48:12","date_gmt":"2024-07-23T09:48:12","guid":{"rendered":"https:\/\/ruiqigo.com\/?post_type=product&#038;p=591"},"modified":"2024-10-31T17:03:51","modified_gmt":"2024-10-31T09:03:51","slug":"hydroxyapatite-toothpaste","status":"publish","type":"product","link":"https:\/\/www.ruiqigo.com\/fi\/product\/hydroxyapatite-toothpaste","title":{"rendered":"Hydroksiapatiitti hammastahna"},"content":{"rendered":"<h2 class=\"wp-block-heading\">Hydroksiapatiittihammastahnan valmistuksen yleiset kaavat<\/h2>\n\n\n\n<p><strong>Hydroksiapatiitti<\/strong>, hydroksiapatiittihammastahnan ydinainesosa, on biologisesti aktiivinen mineraali, joka voi tehokkaasti parantaa hammaskiilteen kovuutta ja parantaa hampaiden vastustuskyky\u00e4 happo- ja em\u00e4ksiselle korroosiolle. Johtavana hydroksiapatiittihammastahnan valmistajana ymm\u00e4rr\u00e4mme t\u00e4m\u00e4n ainesosan merkityksen suun terveyden edist\u00e4misess\u00e4. Hydroksiapatiitti ei ainoastaan vahvista kiillett\u00e4, vaan sill\u00e4 on my\u00f6s erinomaiset adsorptio-ominaisuudet, joiden ansiosta se tunkeutuu syv\u00e4lle hampaiden rakoihin poistaen plakkia ja ehk\u00e4iseen parodontiiteja.<\/p>\n\n\n\n<p>Yhdess\u00e4 hydratoidun piidioksidin kanssa hydroksiapatiitti muodostaa herk\u00e4n vaahdon, joka puhdistaa hampaat hell\u00e4varaisesti ja hoitaa samalla sek\u00e4 hampaita ett\u00e4 suuontelon herkki\u00e4 pehmytkudoksia. Valmisteemme takaavat optimaalisen tehokkuuden k\u00e4ytt\u00e4m\u00e4ll\u00e4 korkealaatuista hydroksiapatiittia, mik\u00e4 tekee tuotteistamme erottuvia markkinoilla.<\/p>\n\n\n\n<p>Luotettuna hydroksiapatiittihammastahnan valmistajana olemme sitoutuneet kehitt\u00e4m\u00e4\u00e4n innovatiivisia ja tehokkaita koostumuksia, jotka edist\u00e4v\u00e4t hampaiden terveytt\u00e4 ja hygieniaa. Olipa kyseess\u00e4 sitten jokap\u00e4iv\u00e4inen k\u00e4ytt\u00f6 tai tiettyihin hammasongelmiin keskittyminen, hydroksiapatiittihammastahnatuotteemme tarjoavat poikkeuksellisia puhdistavia ja suojaavia ominaisuuksia.<\/p>\n\n\n\n<p><\/p>\n\n\n\n<h2 class=\"wp-block-heading\">Hydroksiapatiittihammastahnaa koskevat k\u00e4ytt\u00f6tilanteet<\/h2>\n\n\n\n<p>Hydroksiapatiittihammastahna sopii p\u00e4ivitt\u00e4iseen suunhoitoon ja voi tehokkaasti ehk\u00e4ist\u00e4 hampaiden kulumista, ikenien verenvuotoa, parodontiittia ja muita suun ongelmia. <\/p>\n\n\n\n<p>Aamulla her\u00e4\u00e4misen j\u00e4lkeen, aterioiden j\u00e4lkeen, ennen nukkumaanmenoa, voit k\u00e4ytt\u00e4\u00e4 t\u00e4t\u00e4 tuotetta suun puhdistukseen. <\/p>\n\n\n\n<p>Samalla tuote omaa luonnollisen kasvimaun, joka sopii toimistoon, kouluun, perheeseen ja muihin tilanteisiin, jotta voit pit\u00e4\u00e4 hengityksen raikkaana ja hymyill\u00e4 itsevarmasti milloin tahansa ja miss\u00e4 tahansa.<\/p>\n\n\n\n<p><\/p>\n\n\n\n<h2 class=\"wp-block-heading\">Kenelle hydroksiapatiittihammastahna sopii<\/h2>\n\n\n\n<p>Hydroksiapatiittihammastahna sopii kaikenik\u00e4isille, erityisesti seuraaville ihmisryhmille: <\/p>\n\n\n\n<p>1. ihmiset, joita vaivaavat suun ongelmat, kuten hampaiden vihlonta, ikenien verenvuoto, suun haju jne.; <\/p>\n\n\n\n<p>2. tupakoitsijat, kahvin yst\u00e4v\u00e4t, tarve pit\u00e4\u00e4 erityist\u00e4 huolta v\u00e4kijoukon hampaista; <\/p>\n\n\n\n<p>3. lasten ja nuorten hampaiden reikiintymisen ehk\u00e4isy ja hyvien suunhoitotottumusten muodostaminen lapsuudesta l\u00e4htien; <\/p>\n\n\n\n<p>4. ihmiset, jotka rakastavat terveyden ja raikkaan hengityksen tavoittelun kauneutta, n\u00e4ytt\u00e4v\u00e4t itsevarman hymyn.<\/p>\n\n\n\n<p><\/p>\n\n\n\n<h2 class=\"wp-block-heading\">Hydroksiapatiittihammastahnan tuotantoprosessi<\/h2>\n\n\n\n<p>Hydroksiapatiittihammastahnan laadun varmistamiseksi k\u00e4yt\u00e4mme seuraavaa erityist\u00e4 tuotantoprosessia: <\/p>\n\n\n\n<p>1. raaka-aineiden tiukka seulonta hydroksiapatiitin korkean puhtauden ja aktiivisuuden varmistamiseksi; <\/p>\n\n\n\n<p>2. tarkka annostelu, jotta vaikuttavat aineosat p\u00e4\u00e4sev\u00e4t t\u00e4ysipainoisesti oikeuksiinsa; <\/p>\n\n\n\n<p>3. nopea sekoitus, jotta hydroksiapatiitti ja hydratoitu piidioksidi sulautuvat t\u00e4ysin yhteen puhdistustehon parantamiseksi; <\/p>\n\n\n\n<p>4. aseptinen t\u00e4ytt\u00f6 sen varmistamiseksi, ett\u00e4 tuote on turvallinen ja hygieeninen; <\/p>\n\n\n\n<p>Koko laadunvalvontaprosessi varmistaa, ett\u00e4 jokainen hammastahna t\u00e4ytt\u00e4\u00e4 kansalliset standardit.<\/p>","protected":false},"excerpt":{"rendered":"Hydroxyapatite Toothpaste Manufacturing Common Formulas Hydroxyapatite, the core ingredient of Hydroxyapatite Toothpaste, is a biologically active mineral that can effectively enhance the hardness of tooth enamel and improve the resistance of teeth to acid and alkali corrosion. As a leading Hydroxyapatite Toothpaste manufacturer, we understand the significance of this ingredient in promoting oral health. Hydroxyapatite [&hellip;]","protected":false},"featured_media":596,"menu_order":0,"template":"","meta":[],"product-tag":[],"products":[71],"class_list":["post-591","product","type-product","status-publish","has-post-thumbnail","hentry","products-toothpaste"],"acf":[],"_links":{"self":[{"href":"https:\/\/www.ruiqigo.com\/fi\/wp-json\/wp\/v2\/product\/591","targetHints":{"allow":["GET"]}}],"collection":[{"href":"https:\/\/www.ruiqigo.com\/fi\/wp-json\/wp\/v2\/product"}],"about":[{"href":"https:\/\/www.ruiqigo.com\/fi\/wp-json\/wp\/v2\/types\/product"}],"version-history":[{"count":0,"href":"https:\/\/www.ruiqigo.com\/fi\/wp-json\/wp\/v2\/product\/591\/revisions"}],"wp:featuredmedia":[{"embeddable":true,"href":"https:\/\/www.ruiqigo.com\/fi\/wp-json\/wp\/v2\/media\/596"}],"wp:attachment":[{"href":"https:\/\/www.ruiqigo.com\/fi\/wp-json\/wp\/v2\/media?parent=591"}],"wp:term":[{"taxonomy":"product-tag","embeddable":true,"href":"https:\/\/www.ruiqigo.com\/fi\/wp-json\/wp\/v2\/product-tag?post=591"},{"taxonomy":"products","embeddable":true,"href":"https:\/\/www.ruiqigo.com\/fi\/wp-json\/wp\/v2\/products?post=591"}],"curies":[{"name":"wp","href":"https:\/\/api.w.org\/{rel}","templated":true}]}}