{"id":593,"date":"2024-07-25T20:39:10","date_gmt":"2024-07-25T12:39:10","guid":{"rendered":"https:\/\/ruiqigo.com\/?post_type=product&#038;p=593"},"modified":"2024-11-01T14:19:50","modified_gmt":"2024-11-01T06:19:50","slug":"peppermint-breath-spray","status":"publish","type":"product","link":"https:\/\/www.ruiqigo.com\/fi\/product\/peppermint-breath-spray","title":{"rendered":"Piparminttu hengityssuihke"},"content":{"rendered":"<h2 class=\"wp-block-heading\">Piparminttu-hengityssuihke valmistaa yleisi\u00e4 kaavoja<\/h2>\n\n\n\n<p>Peppermint Breath Sprayn ydinainesosilla, PEG-40 hydrogenoidulla risiini\u00f6ljyll\u00e4 ja piparminttu\u00f6ljyll\u00e4, on ainutlaatuinen ja raikas aromi. N\u00e4m\u00e4 ainesosat voivat tehokkaasti est\u00e4\u00e4 bakteerien kasvua suussa ja ehk\u00e4ist\u00e4 suun sairauksia. PEG-40 hydrogenoidulla risiini\u00f6ljyll\u00e4 on liev\u00e4 voiteleva vaikutus, joka voi auttaa v\u00e4hent\u00e4m\u00e4\u00e4n ruokaj\u00e4\u00e4mi\u00e4 suussa, ja Piparminttu\u00f6ljyll\u00e4 on voimakas antibakteerinen vaikutus, joka auttaa parantamaan suun ymp\u00e4rist\u00f6\u00e4.<\/p>\n\n\n\n<h2 class=\"wp-block-heading\">Piparminttu-hengityssumutetta koskevat skenaariot<\/h2>\n\n\n\n<p>Peppermint Breath Spray sopii useisiin tilanteisiin, erityisesti seuraaviin tilanteisiin: <\/p>\n\n\n\n<p>1. k\u00e4ytt\u00e4\u00e4 aterioiden j\u00e4lkeen, puhdistaa tehokkaasti ruokaj\u00e4tteet raikkaan hengityksen yll\u00e4pit\u00e4miseksi; <\/p>\n\n\n\n<p>2. koko y\u00f6n valvomisen, tupakoinnin j\u00e4lkeen, v\u00e4hent\u00e4\u00e4 suun hajua, huolehtia hampaiden terveydest\u00e4; <\/p>\n\n\n\n<p>3. erikoistilaisuudet, kuten h\u00e4\u00e4t, haastattelut jne. hengityksen pit\u00e4miseksi raikkaana; <\/p>\n\n\n\n<p>4. suun sairauksien hoidon j\u00e4lkeen auttaa suuontelon puhdistamisessa.<\/p>\n\n\n\n<h2 class=\"wp-block-heading\">Kenelle Peppermint-hengityssuihke sopii<\/h2>\n\n\n\n<p>Peppermint Breath Spray sopii monenlaisille ihmisille, erityisesti suositellaan seuraaville kuluttajille: <\/p>\n\n\n\n<p>1. ihmiset, joita h\u00e4iritsee suun haju, kuten tupakoitsijat, ihmiset, jotka valvovat usein my\u00f6h\u00e4\u00e4n illalla; <\/p>\n\n\n\n<p>2. ihmiset, joilla on herk\u00e4t hampaat ja jotka tarvitsevat hell\u00e4varaista puhdistusta; <\/p>\n\n\n\n<p>3. diabeetikot, joilla on suuri riski sairastua parodontaaliin ja joiden on kiinnitett\u00e4v\u00e4 erityist\u00e4 huomiota suun hoitoon; <\/p>\n\n\n\n<p>4. kuluttajat, jotka haluavat kokeilla uusia suunhoitotuotteita nauttiakseen Peppermint Breath Sprayn eduista. Peppermint Breath Spray tuo suun terveytt\u00e4.<\/p>\n\n\n\n<h2 class=\"wp-block-heading\">Piparminttu-hengityssuihkeen valmistusprosessi<\/h2>\n\n\n\n<p>Ammattimaisena Peppermint-hengityssuihkeen valmistajana otamme k\u00e4ytt\u00f6\u00f6n seuraavan erityisen tuotantoprosessin: <\/p>\n\n\n\n<p>1. PEG-40-hydratun risiini\u00f6ljyn ja piparminttu\u00f6ljyn raaka-aineet seulotaan tarkasti niiden puhtauden ja laadun varmistamiseksi; <\/p>\n\n\n\n<p>2. Tarkkaile lis\u00e4ttyjen raaka-aineiden m\u00e4\u00e4r\u00e4\u00e4 varmistaaksesi, ett\u00e4 tuote on turvallinen ja tehokas; <\/p>\n\n\n\n<p>3. Ota k\u00e4ytt\u00f6\u00f6n matalan l\u00e4mp\u00f6tilan sekoitustekniikka vapauttaaksesi t\u00e4ysin raaka-aineiden aktiivisuuden; <\/p>\n\n\n\n<p>4. Aseptinen t\u00e4ytt\u00f6 sen varmistamiseksi, ett\u00e4 tuote on turvallinen ja hygieeninen; <\/p>\n\n\n\n<p>5. T\u00e4ysi laadunvalvonta varmistaa, ett\u00e4 jokainen Peppermint Breath Spray -pullo t\u00e4ytt\u00e4\u00e4 kansalliset standardit. <\/p>\n\n\n\n<p>Yll\u00e4 olevan prosessin kautta, johtavana Peppermint-hengityssuihkeiden valmistajana, tarjoamme sinulle korkealaatuisen ja luotettavan suunhoitotuotteen.<\/p>\n\n\n\n<p><\/p>","protected":false},"excerpt":{"rendered":"Peppermint breath spray manufacturing common formulas Peppermint Breath Spray&#8217;s core ingredients, PEG-40 Hydrogenated Castor Oil and Peppermint Oil, have a unique and refreshing aroma. These ingredients can effectively inhibit the growth of bacteria in the mouth and prevent oral diseases. PEG-40 Hydrogenated Castor Oil has a mild lubricating effect, which can help to reduce food [&hellip;]","protected":false},"featured_media":709,"menu_order":0,"template":"","meta":[],"product-tag":[],"products":[73],"class_list":["post-593","product","type-product","status-publish","has-post-thumbnail","hentry","products-breath-spray"],"acf":[],"_links":{"self":[{"href":"https:\/\/www.ruiqigo.com\/fi\/wp-json\/wp\/v2\/product\/593","targetHints":{"allow":["GET"]}}],"collection":[{"href":"https:\/\/www.ruiqigo.com\/fi\/wp-json\/wp\/v2\/product"}],"about":[{"href":"https:\/\/www.ruiqigo.com\/fi\/wp-json\/wp\/v2\/types\/product"}],"version-history":[{"count":0,"href":"https:\/\/www.ruiqigo.com\/fi\/wp-json\/wp\/v2\/product\/593\/revisions"}],"wp:featuredmedia":[{"embeddable":true,"href":"https:\/\/www.ruiqigo.com\/fi\/wp-json\/wp\/v2\/media\/709"}],"wp:attachment":[{"href":"https:\/\/www.ruiqigo.com\/fi\/wp-json\/wp\/v2\/media?parent=593"}],"wp:term":[{"taxonomy":"product-tag","embeddable":true,"href":"https:\/\/www.ruiqigo.com\/fi\/wp-json\/wp\/v2\/product-tag?post=593"},{"taxonomy":"products","embeddable":true,"href":"https:\/\/www.ruiqigo.com\/fi\/wp-json\/wp\/v2\/products?post=593"}],"curies":[{"name":"wp","href":"https:\/\/api.w.org\/{rel}","templated":true}]}}