{"id":594,"date":"2024-07-24T16:45:46","date_gmt":"2024-07-24T08:45:46","guid":{"rendered":"https:\/\/ruiqigo.com\/?post_type=product&#038;p=594"},"modified":"2024-11-01T10:33:46","modified_gmt":"2024-11-01T02:33:46","slug":"xylitol-toothpaste","status":"publish","type":"product","link":"https:\/\/www.ruiqigo.com\/fi\/product\/xylitol-toothpaste","title":{"rendered":"Ksylitolihammastahna"},"content":{"rendered":"<h2 class=\"wp-block-heading\">Ksylitoli-hammastahnan valmistuksen yleiset kaavat<\/h2>\n\n\n\n<p>Ksylitoli, ksylitolihammastahnan ydinainesosa, on luonnollinen makeutusaine, jolla on reikiintymist\u00e4 ehk\u00e4isevi\u00e4 ominaisuuksia. Ksylitoli voi est\u00e4\u00e4 reikiintymist\u00e4 aiheuttavien bakteerien kasvua suuontelossa ja v\u00e4hent\u00e4\u00e4 plakin muodostumista, mik\u00e4 v\u00e4hent\u00e4\u00e4 hampaiden reikiintymisen esiintyvyytt\u00e4. Samalla ksylitoli voi my\u00f6s antaa raikkaan maun, parantaa suuhygieniaa ja huolehtia hampaiden terveydest\u00e4.<\/p>\n\n\n\n<h2 class=\"wp-block-heading\">Ksylitoli-hammastahnaa koskevat skenaariot<\/h2>\n\n\n\n<p>Ksylitolihammastahna sopii p\u00e4ivitt\u00e4iseen suunhoitoon, erityisesti seuraavissa tilanteissa: aamulla her\u00e4\u00e4misen j\u00e4lkeen se auttaa poistamaan suun hajua ja palauttamaan raikkaan hengityksen; aterioiden j\u00e4lkeen se puhdistaa tehokkaasti ruokaj\u00e4\u00e4m\u00e4t ja suojaa hampaita; ennen nukkumaanmenoa se tarjoaa hampaille koko y\u00f6n suojan ja ehk\u00e4isee y\u00f6aikaista reikiintymist\u00e4.<\/p>\n\n\n\n<h2 class=\"wp-block-heading\">Kenelle ksylitolihammastahna sopii<\/h2>\n\n\n\n<p>Ksylitolihammastahna sopii monenlaisille ihmisille, erityisesti seuraaville kuluttajille: <\/p>\n\n\n\n<p>1. lapset, nuoret ja aikuiset hampaiden reikiintymisen est\u00e4miseksi ja suun terveyden yll\u00e4pit\u00e4miseksi; <\/p>\n\n\n\n<p>2. diabeetikkojen on kiinnitett\u00e4v\u00e4 erityist\u00e4 huomiota suun terveydenhuoltoon suuren parodontiitin riskin vuoksi; <\/p>\n\n\n\n<p>3. suun herkkyys, on puhdistettava varovasti; <\/p>\n\n\n\n<p>4. Kuten makeiden hammastahnojen kuluttajat, ksylitolihammastahna ei ainoastaan tyydyt\u00e4 makua, vaan my\u00f6s suojaa hampaita.<\/p>\n\n\n\n<h2 class=\"wp-block-heading\">Ksylitoli-hammastahnan valmistusprosessi<\/h2>\n\n\n\n<p>Luotettavana ksylitoli-hammastahnan valmistajana k\u00e4yt\u00e4mme seuraavaa erityist\u00e4 tuotantoprosessia: <\/p>\n\n\n\n<p>1. ksylitolin raaka-aineiden tiukka seulonta sen puhtauden ja laadun varmistamiseksi; <\/p>\n\n\n\n<p>2. lis\u00e4tyn ksylitolin m\u00e4\u00e4r\u00e4n tarkka valvonta sen varmistamiseksi, ett\u00e4 tuote on turvallinen ja tehokas; <\/p>\n\n\n\n<p>3. matalan l\u00e4mp\u00f6tilan jauhatustekniikan k\u00e4ytt\u00f6 ksylitolin aktiivisuuden t\u00e4ydelliseksi vapauttamiseksi; <\/p>\n\n\n\n<p>4. aseptinen t\u00e4ytt\u00f6 tuotteen turvallisuuden ja hygieenisyyden varmistamiseksi; <\/p>\n\n\n\n<p>5. Luotettavana ksylitoli-hammastahnan valmistajana koko laadunvalvontaprosessi varmistaa, ett\u00e4 jokainen hammastahna t\u00e4ytt\u00e4\u00e4 kansalliset standardit.<\/p>","protected":false},"excerpt":{"rendered":"Xylitol toothpaste manufacturing common formulas Xylitol, the core ingredient of Xylitol toothpaste, is a natural sweetener with anti-cavity properties. Xylitol can inhibit the growth of caries-causing bacteria in the oral cavity and reduce the formation of plaque, thus reducing the incidence of tooth decay. At the same time, xylitol can also provide a fresh taste, [&hellip;]","protected":false},"featured_media":616,"menu_order":0,"template":"","meta":[],"product-tag":[],"products":[71],"class_list":["post-594","product","type-product","status-publish","has-post-thumbnail","hentry","products-toothpaste"],"acf":[],"_links":{"self":[{"href":"https:\/\/www.ruiqigo.com\/fi\/wp-json\/wp\/v2\/product\/594","targetHints":{"allow":["GET"]}}],"collection":[{"href":"https:\/\/www.ruiqigo.com\/fi\/wp-json\/wp\/v2\/product"}],"about":[{"href":"https:\/\/www.ruiqigo.com\/fi\/wp-json\/wp\/v2\/types\/product"}],"version-history":[{"count":0,"href":"https:\/\/www.ruiqigo.com\/fi\/wp-json\/wp\/v2\/product\/594\/revisions"}],"wp:featuredmedia":[{"embeddable":true,"href":"https:\/\/www.ruiqigo.com\/fi\/wp-json\/wp\/v2\/media\/616"}],"wp:attachment":[{"href":"https:\/\/www.ruiqigo.com\/fi\/wp-json\/wp\/v2\/media?parent=594"}],"wp:term":[{"taxonomy":"product-tag","embeddable":true,"href":"https:\/\/www.ruiqigo.com\/fi\/wp-json\/wp\/v2\/product-tag?post=594"},{"taxonomy":"products","embeddable":true,"href":"https:\/\/www.ruiqigo.com\/fi\/wp-json\/wp\/v2\/products?post=594"}],"curies":[{"name":"wp","href":"https:\/\/api.w.org\/{rel}","templated":true}]}}