{"id":595,"date":"2024-07-24T16:23:41","date_gmt":"2024-07-24T08:23:41","guid":{"rendered":"https:\/\/ruiqigo.com\/?post_type=product&#038;p=595"},"modified":"2024-11-01T10:38:32","modified_gmt":"2024-11-01T02:38:32","slug":"fluoride-free-toothpaste","status":"publish","type":"product","link":"https:\/\/www.ruiqigo.com\/fi\/product\/fluoride-free-toothpaste","title":{"rendered":"Fluoriton hammastahna"},"content":{"rendered":"<h2 class=\"wp-block-heading\">Fluorittoman hammastahnan valmistuksen yleiset kaavat<\/h2>\n\n\n\n<p>Fluorittoman hammastahnan ydinainesosa, kalsiumfosfaatti, puhdistaa tehokkaasti, poistaa plakkia ja ehk\u00e4isee hammaskiven muodostumista. Glyseriinill\u00e4 on kosteuttava vaikutus, joka voi muodostaa suojaavan kalvon harjauksen aikana ja v\u00e4hent\u00e4\u00e4 hampaiden herkkyytt\u00e4. Tuote ei sis\u00e4ll\u00e4 fluoria, mik\u00e4 ehk\u00e4isee fluorin mahdollisesti aiheuttamia allergioita ja hammasfluoroosia, jolloin kuluttajat voivat nauttia puhdistuksesta murehtimatta liiallisesta fluorin saannista.<\/p>\n\n\n\n<h2 class=\"wp-block-heading\">Fluorittoman hammastahnan k\u00e4ytt\u00f6kohteet<\/h2>\n\n\n\n<p>Fluoriton hammastahna sopii p\u00e4ivitt\u00e4iseen suunhoitoon ja sit\u00e4 voidaan k\u00e4ytt\u00e4\u00e4 aamulla her\u00e4\u00e4misen j\u00e4lkeen, aterioiden j\u00e4lkeen, ennen nukkumaanmenoa ja muina aikoina. Tuote on mieto eik\u00e4 \u00e4rsyt\u00e4 ihoa, joten se sopii kotiin, toimistoon, kouluun ja muihin tilanteisiin. Olitpa sitten kiireinen t\u00f6iss\u00e4 tai nautit vapaa-ajasta, fluoriton hammastahna voi tuoda raikkaan hengityksen ja suojata suusi terveytt\u00e4.<\/p>\n\n\n\n<h2 class=\"wp-block-heading\">Kenelle fluoriton hammastahna sopii<\/h2>\n\n\n\n<p>Fluoriton hammastahna sopii monille ihmisille, erityisesti seuraaville kuluttajaryhmille: <\/p>\n\n\n\n<p>1. fluoridille allergiset ihmiset; <\/p>\n\n\n\n<p>2. lapset ja nuoret, jotta v\u00e4ltet\u00e4\u00e4n liiallinen fluoridin saanti, joka vaikuttaa kasvuun ja kehitykseen; <\/p>\n\n\n\n<p>3. raskaana olevien naisten tulee kiinnitt\u00e4\u00e4 huomiota suun terveyteen raskauden aikana; <\/p>\n\n\n\n<p>4. ymp\u00e4rist\u00f6nsuojelijat, jotka pyrkiv\u00e4t kehitt\u00e4m\u00e4\u00e4n fluorittomia ja vaarattomia suunhoitotuotteita. Fluoriton hammastahna, jotta jokainen kuluttaja voi nauttia terveellisest\u00e4 hampaidenhoitokokemuksesta.<\/p>\n\n\n\n<h2 class=\"wp-block-heading\">Fluorittoman hammastahnan valmistusprosessi<\/h2>\n\n\n\n<p>Ammattimaisena fluorittoman hammastahnan valmistajana k\u00e4yt\u00e4mme seuraavaa erityist\u00e4 tuotantoprosessia: <\/p>\n\n\n\n<p>1. raaka-aineiden tiukka seulonta kalsiumfosfaatin ja muiden ainesosien puhtauden ja laadun varmistamiseksi; <\/p>\n\n\n\n<p>2. tarkka annostelu, jotta aktiiviset ainesosat t\u00e4ytt\u00e4v\u00e4t teht\u00e4v\u00e4ns\u00e4 parhaan puhdistusvaikutuksen saavuttamiseksi; <\/p>\n\n\n\n<p>3. nopea sekoittaminen, jotta raaka-aineet sekoittuvat t\u00e4ysin hammastahnan stabiilisuuden parantamiseksi; <\/p>\n\n\n\n<p>4. aseptinen t\u00e4ytt\u00f6 sen varmistamiseksi, ett\u00e4 tuote on turvallinen ja hygieeninen; <\/p>\n\n\n\n<p>5. koko laadunvalvontaprosessi sen varmistamiseksi, ett\u00e4 jokainen hammastahna t\u00e4ytt\u00e4\u00e4 kansalliset standardit. Ammattimaisena fluorittoman hammastahnan valmistajana jokainen hammastahna t\u00e4ytt\u00e4\u00e4 kansalliset standardit.<\/p>","protected":false},"excerpt":{"rendered":"Fluoride free Toothpaste manufacturing common formulas Calcium phosphate, the core ingredient of fluoride-free toothpaste, has a good cleaning effect, can effectively remove plaque and prevent tartar. Glycerin has a moisturizing function, which can form a protective film during brushing and reduce tooth sensitivity. The product does not contain fluorine, which avoids allergies and dental fluorosis [&hellip;]","protected":false},"featured_media":601,"menu_order":0,"template":"","meta":[],"product-tag":[],"products":[71],"class_list":["post-595","product","type-product","status-publish","has-post-thumbnail","hentry","products-toothpaste"],"acf":[],"_links":{"self":[{"href":"https:\/\/www.ruiqigo.com\/fi\/wp-json\/wp\/v2\/product\/595","targetHints":{"allow":["GET"]}}],"collection":[{"href":"https:\/\/www.ruiqigo.com\/fi\/wp-json\/wp\/v2\/product"}],"about":[{"href":"https:\/\/www.ruiqigo.com\/fi\/wp-json\/wp\/v2\/types\/product"}],"version-history":[{"count":0,"href":"https:\/\/www.ruiqigo.com\/fi\/wp-json\/wp\/v2\/product\/595\/revisions"}],"wp:featuredmedia":[{"embeddable":true,"href":"https:\/\/www.ruiqigo.com\/fi\/wp-json\/wp\/v2\/media\/601"}],"wp:attachment":[{"href":"https:\/\/www.ruiqigo.com\/fi\/wp-json\/wp\/v2\/media?parent=595"}],"wp:term":[{"taxonomy":"product-tag","embeddable":true,"href":"https:\/\/www.ruiqigo.com\/fi\/wp-json\/wp\/v2\/product-tag?post=595"},{"taxonomy":"products","embeddable":true,"href":"https:\/\/www.ruiqigo.com\/fi\/wp-json\/wp\/v2\/products?post=595"}],"curies":[{"name":"wp","href":"https:\/\/api.w.org\/{rel}","templated":true}]}}