{"id":605,"date":"2024-07-24T16:33:31","date_gmt":"2024-07-24T08:33:31","guid":{"rendered":"https:\/\/ruiqigo.com\/?post_type=product&#038;p=605"},"modified":"2024-11-01T14:02:40","modified_gmt":"2024-11-01T06:02:40","slug":"fluoride-toothpaste","status":"publish","type":"product","link":"https:\/\/www.ruiqigo.com\/fi\/product\/fluoride-toothpaste","title":{"rendered":"Fluorihammastahna"},"content":{"rendered":"<h2 class=\"wp-block-heading\">Fluorihammastahnan valmistus yleisi\u00e4 kaavoja<\/h2>\n\n\n\n<p>Natriummonofluorifosfaatti, fluorihammastahnan ydinainesosa, on er\u00e4\u00e4nlainen fluori, jota k\u00e4ytet\u00e4\u00e4n laajalti suunhoitotuotteissa, joka voi tehokkaasti parantaa hammaskiilteen haponkest\u00e4vyytt\u00e4 ja v\u00e4hent\u00e4\u00e4 reikiintymist\u00e4. 0.10% fluoripitoisuus on kansallisten ja kansainv\u00e4listen standardien mukainen, mill\u00e4 voi olla merkityst\u00e4 my\u00f6s fluorin turvallisuuden varmistamisessa. Lis\u00e4ksi natriummonofluorifosfaatti voi my\u00f6s edist\u00e4\u00e4 hampaiden remineralisaatiota ja korjata varhaista hampaiden reikiintymist\u00e4.<\/p>\n\n\n\n<h2 class=\"wp-block-heading\">Fluorihammastahnaa koskevat skenaariot<\/h2>\n\n\n\n<p>Fluorihammastahna sopii p\u00e4ivitt\u00e4iseen suun hoitoon, erityisesti seuraavissa tilanteissa: aamulla her\u00e4\u00e4misen j\u00e4lkeen se auttaa poistamaan suun hajua ja palauttamaan raikkaan hengityksen; aterioiden j\u00e4lkeen se puhdistaa tehokkaasti ruokaj\u00e4tteet ja suojaa hampaita; ja ennen nukkumaanmenoa se tarjoaa koko y\u00f6n suojan hampaille ja ehk\u00e4isee \u00f6isin reikiintymist\u00e4.<\/p>\n\n\n\n<h2 class=\"wp-block-heading\">Kenelle Fluorihammastahna sopii<\/h2>\n\n\n\n<p>Fluorihammastahna sopii monille ihmisille, erityisesti suositellaan seuraaville kuluttajille: <\/p>\n\n\n\n<p>1. lapset, nuoret ja aikuiset hampaiden reikiintymisen est\u00e4miseksi ja suun terveyden yll\u00e4pit\u00e4miseksi; <\/p>\n\n\n\n<p>2. herk\u00e4t hampaat, joiden on parannettava emalin kovuutta; <\/p>\n\n\n\n<p>3. Diabetespotilaiden on kiinnitett\u00e4v\u00e4 erityist\u00e4 huomiota suun terveydenhuoltoon suuren parodontaaliriskin vuoksi; <\/p>\n\n\n\n<p>4. suvussa hampaiden reikiintymist\u00e4 v\u00e4kijoukkoon, vahvistaa hampaiden suojaa.<\/p>\n\n\n\n<h2 class=\"wp-block-heading\">Fluorihammastahnan valmistusprosessi<\/h2>\n\n\n\n<p>Luotettavana fluorihammastahnan valmistajana k\u00e4yt\u00e4mme seuraavaa erityist\u00e4 tuotantoprosessia: <\/p>\n\n\n\n<p>1. Natriummonofluorifosfaatin raaka-aineiden tiukka seulonta sen puhtauden ja laadun varmistamiseksi; <\/p>\n\n\n\n<p>2. lis\u00e4tyn fluoridim\u00e4\u00e4r\u00e4n tarkka valvonta sen varmistamiseksi, ett\u00e4 tuote on turvallinen ja tehokas; <\/p>\n\n\n\n<p>3. matalan l\u00e4mp\u00f6tilan jauhatusteknologian k\u00e4ytt\u00f6 fluorin aktiivisuuden vapauttamiseksi kokonaan; <\/p>\n\n\n\n<p>4. aseptinen t\u00e4ytt\u00f6 sen varmistamiseksi, ett\u00e4 tuote on turvallinen ja hygieeninen; <\/p>\n\n\n\n<p>5. Ammattimaisena fluorihammastahnan valmistajana koko laadunvalvontaprosessi varmistaa, ett\u00e4 jokainen hammastahna t\u00e4ytt\u00e4\u00e4 kansalliset standardit.<\/p>","protected":false},"excerpt":{"rendered":"Fluoride toothpaste manufacturing common formulas Sodium Monofluorophosphate, the core ingredient of fluoride toothpaste, is a kind of fluoride widely used in oral care products, which can effectively enhance the acid resistance of tooth enamel and reduce the incidence of cavities.0.10% fluorine content is in line with national and international standards, which can play a role [&hellip;]","protected":false},"featured_media":611,"menu_order":0,"template":"","meta":[],"product-tag":[],"products":[71],"class_list":["post-605","product","type-product","status-publish","has-post-thumbnail","hentry","products-toothpaste"],"acf":[],"_links":{"self":[{"href":"https:\/\/www.ruiqigo.com\/fi\/wp-json\/wp\/v2\/product\/605","targetHints":{"allow":["GET"]}}],"collection":[{"href":"https:\/\/www.ruiqigo.com\/fi\/wp-json\/wp\/v2\/product"}],"about":[{"href":"https:\/\/www.ruiqigo.com\/fi\/wp-json\/wp\/v2\/types\/product"}],"version-history":[{"count":0,"href":"https:\/\/www.ruiqigo.com\/fi\/wp-json\/wp\/v2\/product\/605\/revisions"}],"wp:featuredmedia":[{"embeddable":true,"href":"https:\/\/www.ruiqigo.com\/fi\/wp-json\/wp\/v2\/media\/611"}],"wp:attachment":[{"href":"https:\/\/www.ruiqigo.com\/fi\/wp-json\/wp\/v2\/media?parent=605"}],"wp:term":[{"taxonomy":"product-tag","embeddable":true,"href":"https:\/\/www.ruiqigo.com\/fi\/wp-json\/wp\/v2\/product-tag?post=605"},{"taxonomy":"products","embeddable":true,"href":"https:\/\/www.ruiqigo.com\/fi\/wp-json\/wp\/v2\/products?post=605"}],"curies":[{"name":"wp","href":"https:\/\/api.w.org\/{rel}","templated":true}]}}