{"id":606,"date":"2024-07-24T16:29:40","date_gmt":"2024-07-24T08:29:40","guid":{"rendered":"https:\/\/ruiqigo.com\/?post_type=product&#038;p=606"},"modified":"2024-11-01T10:36:30","modified_gmt":"2024-11-01T02:36:30","slug":"charcoal-toothpaste","status":"publish","type":"product","link":"https:\/\/www.ruiqigo.com\/fi\/product\/charcoal-toothpaste","title":{"rendered":"Hiilen hammastahna"},"content":{"rendered":"<h2 class=\"wp-block-heading\">Hiilihammastahnan valmistus yleisi\u00e4 kaavoja<\/h2>\n\n\n\n<p>Hiilihammastahnan ydinainesosa on luonnonhiili, jonka huokoinen rakenne antaa tuotteelle erinomaisen adsorptiokyvyn, joka imee tehokkaasti pigmenttej\u00e4, ep\u00e4puhtauksia ja hajuja suuhun. Polyetyleeniglykoli-400:lla on hyv\u00e4 voiteleva vaikutus, mik\u00e4 helpottaa hammastahnan levitt\u00e4mist\u00e4 harjattaessa ja tehostaa puhdistusvaikutusta. Glyseriinill\u00e4 on kosteuttava vaikutus ja se voi muodostaa suojakalvon harjauksen aikana est\u00e4m\u00e4\u00e4n hampaiden herkkyytt\u00e4 ja suun kuivumista.<\/p>\n\n\n\n<h2 class=\"wp-block-heading\">Charcoal-hammastahnaa koskevat skenaariot<\/h2>\n\n\n\n<p>Hiilihammastahna sopii p\u00e4ivitt\u00e4iseen suun hoitoon, erityisesti seuraavissa tilanteissa: aamulla her\u00e4\u00e4misen j\u00e4lkeen se auttaa poistamaan suun hajua ja palauttamaan raikkaan hengityksen; aterioiden j\u00e4lkeen se puhdistaa tehokkaasti ruokaj\u00e4tteet ja suojaa hampaita; my\u00f6h\u00e4\u00e4n y\u00f6pymisen, tupakoinnin ja juomisen j\u00e4lkeen se parantaa nopeasti suun ymp\u00e4rist\u00f6\u00e4 ja v\u00e4hent\u00e4\u00e4 suun ep\u00e4mukavuutta.<\/p>\n\n\n\n<h2 class=\"wp-block-heading\">Kenelle Charcoal-hammastahna sopii<\/h2>\n\n\n\n<p>Hiilihammastahna sopii monenlaisille ihmisille, erityisesti suositellaan seuraaville kuluttajille: <\/p>\n\n\n\n<p>1. pahanhajuisen hengityksen vaivaamia ihmisi\u00e4, kuten tupakoitsijoita, usein my\u00f6h\u00e4\u00e4n valvovia ihmisi\u00e4; <\/p>\n\n\n\n<p>2. henkil\u00f6t, joilla on hampaiden pigmentaatiota ja jotka tarvitsevat syv\u00e4puhdistusta; <\/p>\n\n\n\n<p>3. lapset ja nuoret kehitt\u00e4m\u00e4\u00e4n hyvi\u00e4 suuhygieniak\u00e4yt\u00e4nt\u00f6j\u00e4; <\/p>\n\n\n\n<p>4. ymp\u00e4rist\u00f6nsuojelijat, harjoittamisesta luonnollisia, vaarattomia suunhoitotuotteita.<\/p>\n\n\n\n<h2 class=\"wp-block-heading\">Hiilihammastahnan valmistusprosessi<\/h2>\n\n\n\n<p>Arvostettuna Charcoal-hammastahnan valmistajana otamme k\u00e4ytt\u00f6\u00f6n seuraavan erityisen tuotantoprosessin: <\/p>\n\n\n\n<p>1. Luonnonhiilen tiukka seulonta sen puhtauden ja adsorptioominaisuuksien varmistamiseksi; <\/p>\n\n\n\n<p>2. tarkka annostelu, jotta aktiiviset ainesosat t\u00e4ytt\u00e4v\u00e4t teht\u00e4v\u00e4ns\u00e4 parhaan puhdistusvaikutuksen saavuttamiseksi; <\/p>\n\n\n\n<p>3. matalan l\u00e4mp\u00f6tilan jauhatustekniikka, joka vapauttaa t\u00e4ysin hiilen adsorptiokyvyn; <\/p>\n\n\n\n<p>4. aseptinen t\u00e4ytt\u00f6 sen varmistamiseksi, ett\u00e4 tuote on turvallinen ja hygieeninen; <\/p>\n\n\n\n<p>5. johtavana Charcoal-hammastahnan valmistajana koko laadunvalvontaprosessi varmistaakseen, ett\u00e4 jokainen hammastahna t\u00e4ytt\u00e4\u00e4 kansalliset standardit. Noudata kansallista standardia.<\/p>","protected":false},"excerpt":{"rendered":"Charcoal toothpaste manufacturing common formulas The core ingredient of charcoal toothpaste is natural charcoal, whose porous structure gives the product excellent adsorption ability, which can effectively adsorb pigments, impurities and odors in the mouth. Polyethylene Glycol-400 has a good lubricating effect, which makes the toothpaste easier to spread when brushing and enhances the cleaning effect. [&hellip;]","protected":false},"featured_media":607,"menu_order":0,"template":"","meta":[],"product-tag":[],"products":[71],"class_list":["post-606","product","type-product","status-publish","has-post-thumbnail","hentry","products-toothpaste"],"acf":[],"_links":{"self":[{"href":"https:\/\/www.ruiqigo.com\/fi\/wp-json\/wp\/v2\/product\/606","targetHints":{"allow":["GET"]}}],"collection":[{"href":"https:\/\/www.ruiqigo.com\/fi\/wp-json\/wp\/v2\/product"}],"about":[{"href":"https:\/\/www.ruiqigo.com\/fi\/wp-json\/wp\/v2\/types\/product"}],"version-history":[{"count":0,"href":"https:\/\/www.ruiqigo.com\/fi\/wp-json\/wp\/v2\/product\/606\/revisions"}],"wp:featuredmedia":[{"embeddable":true,"href":"https:\/\/www.ruiqigo.com\/fi\/wp-json\/wp\/v2\/media\/607"}],"wp:attachment":[{"href":"https:\/\/www.ruiqigo.com\/fi\/wp-json\/wp\/v2\/media?parent=606"}],"wp:term":[{"taxonomy":"product-tag","embeddable":true,"href":"https:\/\/www.ruiqigo.com\/fi\/wp-json\/wp\/v2\/product-tag?post=606"},{"taxonomy":"products","embeddable":true,"href":"https:\/\/www.ruiqigo.com\/fi\/wp-json\/wp\/v2\/products?post=606"}],"curies":[{"name":"wp","href":"https:\/\/api.w.org\/{rel}","templated":true}]}}