{"id":625,"date":"2024-07-24T17:02:08","date_gmt":"2024-07-24T09:02:08","guid":{"rendered":"https:\/\/ruiqigo.com\/?post_type=product&#038;p=625"},"modified":"2024-11-01T10:33:26","modified_gmt":"2024-11-01T02:33:26","slug":"mint-toothpaste","status":"publish","type":"product","link":"https:\/\/www.ruiqigo.com\/fi\/product\/mint-toothpaste","title":{"rendered":"Minttu hammastahna"},"content":{"rendered":"<h2 class=\"wp-block-heading\">Minttuhammastahnan valmistus yleisi\u00e4 kaavoja<\/h2>\n\n\n\n<p>Mentoli, minttuhammastahnan ydinainesosa, on minttukasvista uutettu luonnollinen yhdiste, jolla on ainutlaatuinen viilent\u00e4v\u00e4 tunne ja tuoksu. Mentoli stimuloi suun limakalvoa ja edist\u00e4\u00e4 verenkiertoa auttaen lievitt\u00e4m\u00e4\u00e4n suun tulehdusta ja kipua. Lis\u00e4ksi mentolilla on bakteereja tappava vaikutus, joka voi tehokkaasti v\u00e4hent\u00e4\u00e4 bakteereja suussa ja ehk\u00e4ist\u00e4 parodontaalista sairauksia ja hampaiden reikiintymist\u00e4.<\/p>\n\n\n\n<h2 class=\"wp-block-heading\">Minttuhammastahnaa koskevat skenaariot<\/h2>\n\n\n\n<p>Minttuhammastahna sopii monenlaisiin tilanteisiin, erityisesti seuraaviin tilanteisiin: aamulla her\u00e4\u00e4misen j\u00e4lkeen se auttaa poistamaan suun hajua ja virkistyst\u00e4; aterioiden j\u00e4lkeen se puhdistaa tehokkaasti ruokaj\u00e4\u00e4m\u00e4t ja pit\u00e4\u00e4 hengityksen raikkaana; kun olet v\u00e4synyt t\u00f6ist\u00e4 tai opiskelusta, hampaiden harjaus voi virkist\u00e4\u00e4 mielt\u00e4si ja lievitt\u00e4\u00e4 v\u00e4symyst\u00e4; my\u00f6h\u00e4\u00e4n y\u00f6pymisen tai tupakoinnin j\u00e4lkeen se voi v\u00e4hent\u00e4\u00e4 huonoa makua suussa ja pit\u00e4\u00e4 huolta suun terveydest\u00e4.<\/p>\n\n\n\n<h2 class=\"wp-block-heading\">Kenelle Mint-hammastahna sopii<\/h2>\n\n\n\n<p>Minttuhammastahna sopii monenlaisille ihmisille, erityisesti suositellaan seuraaville kuluttajille: <\/p>\n\n\n\n<p>1. ihmiset, jotka haluavat pit\u00e4\u00e4 hengityksens\u00e4 raikkaana; <\/p>\n\n\n\n<p>2. ihmiset, joita vaivaa pahanhajuinen hengitys, kuten tupakoitsijat, ihmiset, jotka her\u00e4\u00e4v\u00e4t usein my\u00f6h\u00e4\u00e4n; <\/p>\n\n\n\n<p>3. ihmiset, jotka tarvitsevat virkist\u00e4ytymist\u00e4, kuten toimistoty\u00f6ntekij\u00e4t, opiskelijat; <\/p>\n\n\n\n<p>4. ihmiset, jotka pit\u00e4v\u00e4t mintun makuista nauttiakseen viile\u00e4st\u00e4 ja mukavasta harjauskokemuksesta.<\/p>\n\n\n\n<h2 class=\"wp-block-heading\">Mintun hammastahnan valmistusprosessi<\/h2>\n\n\n\n<p>Luotettavana Mint-hammastahnan valmistajana otamme k\u00e4ytt\u00f6\u00f6n seuraavan erityisen tuotantoprosessin:<\/p>\n\n\n\n<p>1) Seuloa mentolin raaka-aineet tiukasti sen puhtauden ja laadun varmistamiseksi; <\/p>\n\n\n\n<p>2) S\u00e4\u00e4d\u00e4 tarkasti lis\u00e4tyn mentolin m\u00e4\u00e4r\u00e4\u00e4 varmistaaksesi tuotteen viileyden ja kohtuullisen aromin; <\/p>\n\n\n\n<p>3) Ota k\u00e4ytt\u00f6\u00f6n matalan l\u00e4mp\u00f6tilan jauhatustekniikka vapauttaaksesi mentolin aktiivisuuden kokonaan; <\/p>\n\n\n\n<p>4) Aseptinen t\u00e4ytt\u00f6, jotta tuote on turvallinen ja hygieeninen; <\/p>\n\n\n\n<p>5) T\u00e4ysi laadunvalvonta varmistaa, ett\u00e4 jokainen hammastahna t\u00e4ytt\u00e4\u00e4 kansalliset standardit. kansallinen standardi.<\/p>","protected":false},"excerpt":{"rendered":"Mint toothpaste manufacturing common formulas Menthol, the core ingredient of Mint Toothpaste, is a natural compound extracted from the mint plant, which has a unique cooling sensation and aroma. Menthol stimulates the oral mucosa and promotes blood circulation, helping to relieve oral inflammation and pain. In addition, menthol has a bactericidal effect, which can effectively [&hellip;]","protected":false},"featured_media":626,"menu_order":0,"template":"","meta":[],"product-tag":[],"products":[71],"class_list":["post-625","product","type-product","status-publish","has-post-thumbnail","hentry","products-toothpaste"],"acf":[],"_links":{"self":[{"href":"https:\/\/www.ruiqigo.com\/fi\/wp-json\/wp\/v2\/product\/625","targetHints":{"allow":["GET"]}}],"collection":[{"href":"https:\/\/www.ruiqigo.com\/fi\/wp-json\/wp\/v2\/product"}],"about":[{"href":"https:\/\/www.ruiqigo.com\/fi\/wp-json\/wp\/v2\/types\/product"}],"version-history":[{"count":0,"href":"https:\/\/www.ruiqigo.com\/fi\/wp-json\/wp\/v2\/product\/625\/revisions"}],"wp:featuredmedia":[{"embeddable":true,"href":"https:\/\/www.ruiqigo.com\/fi\/wp-json\/wp\/v2\/media\/626"}],"wp:attachment":[{"href":"https:\/\/www.ruiqigo.com\/fi\/wp-json\/wp\/v2\/media?parent=625"}],"wp:term":[{"taxonomy":"product-tag","embeddable":true,"href":"https:\/\/www.ruiqigo.com\/fi\/wp-json\/wp\/v2\/product-tag?post=625"},{"taxonomy":"products","embeddable":true,"href":"https:\/\/www.ruiqigo.com\/fi\/wp-json\/wp\/v2\/products?post=625"}],"curies":[{"name":"wp","href":"https:\/\/api.w.org\/{rel}","templated":true}]}}