{"id":630,"date":"2024-07-24T17:29:38","date_gmt":"2024-07-24T09:29:38","guid":{"rendered":"https:\/\/ruiqigo.com\/?post_type=product&#038;p=630"},"modified":"2024-11-01T10:33:12","modified_gmt":"2024-11-01T02:33:12","slug":"tea-tree-oil-toothpaste","status":"publish","type":"product","link":"https:\/\/www.ruiqigo.com\/fi\/product\/tea-tree-oil-toothpaste","title":{"rendered":"Teepuu\u00f6ljy hammastahna"},"content":{"rendered":"<h2 class=\"wp-block-heading\">Teepuu\u00f6ljyhammastahnan valmistuksen yleiset kaavat<\/h2>\n\n\n\n<p>Teepuu\u00f6ljyhammastahnan ydinainesosa, Camellia Sinensis -siemenuute, on Camellia Sinensis -siemenist\u00e4 uutettu luonnollinen \u00f6ljy, jolla on tulehdusta ja bakteereja est\u00e4vi\u00e4 vaikutuksia. \u00d6ljyteensiemenuute voi tehokkaasti est\u00e4\u00e4 haitallisten bakteerien kasvua suuontelossa, v\u00e4hent\u00e4\u00e4 plakin muodostumista ja siten v\u00e4hent\u00e4\u00e4 hampaiden reikiintymist\u00e4. Lis\u00e4ksi \u00f6ljyteensiemenuutteella on my\u00f6s luonnollinen tuoksu, joka voi tehokkaasti poistaa suun hajua ja parantaa suuymp\u00e4rist\u00f6\u00e4.<\/p>\n\n\n\n<h2 class=\"wp-block-heading\">Teepuu\u00f6ljyhammastahnaan sovellettavissa tilanteissa<\/h2>\n\n\n\n<p>Teepuu\u00f6ljyhammastahna sopii moniin tilanteisiin, erityisesti seuraaviin: aamulla her\u00e4\u00e4misen j\u00e4lkeen poistamaan suun hajua ja palauttamaan raikkaan hengityksen; aterioiden j\u00e4lkeen puhdistamaan tehokkaasti ruokaj\u00e4\u00e4mi\u00e4 ja suojaamaan hampaita; valvomisen tai tupakoinnin j\u00e4lkeen lievitt\u00e4m\u00e4\u00e4n suun hajua ja huolehtimaan hampaiden terveydest\u00e4.<\/p>\n\n\n\n<h2 class=\"wp-block-heading\">Kenelle teepuu\u00f6ljyhammastahna sopii<\/h2>\n\n\n\n<p>Teepuu\u00f6ljyhammastahna sopii monille ihmisille, ja sit\u00e4 suositellaan erityisesti seuraaville kuluttajille: <\/p>\n\n\n\n<p>1. suun hajun vaivaamat ihmiset, kuten tupakoitsijat, pysyv\u00e4t usein hereill\u00e4 my\u00f6h\u00e4\u00e4n v\u00e4kijoukkoja; <\/p>\n\n\n\n<p>2. ihmiset, joilla on herk\u00e4t hampaat, t\u00e4ytyy puhdistaa varovasti v\u00e4kijoukkoon; <\/p>\n\n\n\n<p>3. Diabetespotilaiden on kiinnitett\u00e4v\u00e4 erityist\u00e4 huomiota suun hoitoon suuren parodontaaliriskin vuoksi; <\/p>\n\n\n\n<p>4. haluavat kokeilla uudenlaisia suunhoitotuotteita kuluttajille ja nauttia teepuu\u00f6ljyn tuomasta suun terveydest\u00e4.<\/p>\n\n\n\n<h2 class=\"wp-block-heading\">Teepuu\u00f6ljyhammastahnan valmistusprosessi<\/h2>\n\n\n\n<p>Laadullisena teepuu\u00f6ljyhammastahnan valmistajana k\u00e4yt\u00e4mme seuraavaa erityist\u00e4 tuotantoprosessia: <\/p>\n\n\n\n<p>1. Camellia sinensis -siemenuutteen raaka-aineiden tiukka seulonta sen puhtauden ja laadun varmistamiseksi; <\/p>\n\n\n\n<p>2. lis\u00e4tt\u00e4v\u00e4n Camellia sinensis -siemenuutteen m\u00e4\u00e4r\u00e4n tarkka valvonta tuotteen turvallisuuden ja tehokkuuden varmistamiseksi; <\/p>\n\n\n\n<p>3. Camellia sinensis -siemenuutteen aktiivisuus vapautuu kokonaan matalan l\u00e4mp\u00f6tilan jauhatustekniikalla; <\/p>\n\n\n\n<p>4. aseptinen t\u00e4ytt\u00f6 tuotteen turvallisuuden ja hygieenisyyden varmistamiseksi;<\/p>\n\n\n\n<p>5. koko laadunvalvontaprosessi sen varmistamiseksi, ett\u00e4 jokainen hammastahna t\u00e4ytt\u00e4\u00e4 kansalliset standardit. Laadullisena teepuu\u00f6ljyhammastahnojen valmistajana jokainen hammastahna t\u00e4ytt\u00e4\u00e4 kansalliset standardit.<\/p>","protected":false},"excerpt":{"rendered":"Tea tree oil toothpaste manufacturing common formulas The core ingredient of Tea Tree Oil Toothpaste, Camellia Sinensis Seed Extract, is a natural oil extracted from Camellia Sinensis seeds, which has anti-inflammatory and antibacterial effects. Oil tea seed extract can effectively inhibit the growth of harmful bacteria in the oral cavity, reduce the formation of plaque, [&hellip;]","protected":false},"featured_media":631,"menu_order":0,"template":"","meta":[],"product-tag":[],"products":[71],"class_list":["post-630","product","type-product","status-publish","has-post-thumbnail","hentry","products-toothpaste"],"acf":[],"_links":{"self":[{"href":"https:\/\/www.ruiqigo.com\/fi\/wp-json\/wp\/v2\/product\/630","targetHints":{"allow":["GET"]}}],"collection":[{"href":"https:\/\/www.ruiqigo.com\/fi\/wp-json\/wp\/v2\/product"}],"about":[{"href":"https:\/\/www.ruiqigo.com\/fi\/wp-json\/wp\/v2\/types\/product"}],"version-history":[{"count":0,"href":"https:\/\/www.ruiqigo.com\/fi\/wp-json\/wp\/v2\/product\/630\/revisions"}],"wp:featuredmedia":[{"embeddable":true,"href":"https:\/\/www.ruiqigo.com\/fi\/wp-json\/wp\/v2\/media\/631"}],"wp:attachment":[{"href":"https:\/\/www.ruiqigo.com\/fi\/wp-json\/wp\/v2\/media?parent=630"}],"wp:term":[{"taxonomy":"product-tag","embeddable":true,"href":"https:\/\/www.ruiqigo.com\/fi\/wp-json\/wp\/v2\/product-tag?post=630"},{"taxonomy":"products","embeddable":true,"href":"https:\/\/www.ruiqigo.com\/fi\/wp-json\/wp\/v2\/products?post=630"}],"curies":[{"name":"wp","href":"https:\/\/api.w.org\/{rel}","templated":true}]}}