{"id":635,"date":"2024-07-25T15:47:07","date_gmt":"2024-07-25T07:47:07","guid":{"rendered":"https:\/\/ruiqigo.com\/?post_type=product&#038;p=635"},"modified":"2025-09-03T15:22:48","modified_gmt":"2025-09-03T07:22:48","slug":"fluoride-mouthwash","status":"publish","type":"product","link":"https:\/\/www.ruiqigo.com\/fi\/product\/fluoride-mouthwash","title":{"rendered":"Fluorillinen suuvesi"},"content":{"rendered":"<h2 class=\"wp-block-heading\">Yleiset kaavat<\/h2>\n\n\n\n<p><strong>Natriummonofluorifosfaatti<\/strong>, Fluoride Mouthwash -suuveden ydinainesosa, on er\u00e4\u00e4nlainen fluori, jota k\u00e4ytet\u00e4\u00e4n laajalti suunhoitotuotteissa, joka voi tehokkaasti parantaa hammaskiilteen happamuutta est\u00e4v\u00e4\u00e4 kyky\u00e4 ja v\u00e4hent\u00e4\u00e4 hampaiden reikiintymist\u00e4.0.02%:n fluoripitoisuus on kansallisten ja kansainv\u00e4listen standardien mukainen, mill\u00e4 voi olla merkityst\u00e4 my\u00f6s fluorin turvallisuuden varmistamisessa. Lis\u00e4ksi natriummonofluorifosfaatti voi my\u00f6s edist\u00e4\u00e4 hampaiden remineralisaatiota ja korjata varhaista hampaiden reikiintymist\u00e4.<\/p>\n\n\n\n<h2 class=\"wp-block-heading\">Sovellettavat skenaariot<\/h2>\n\n\n\n<p>Fluorisuuvesi sopii useisiin tilanteisiin, erityisesti seuraaviin tilanteisiin: <\/p>\n\n\n\n<p>1. aterioiden j\u00e4lkeen tehokas ruokaj\u00e4tteen puhdistus ja hampaiden suojaus; <\/p>\n\n\n\n<p>2. koko y\u00f6n valvomisen ja tupakoinnin j\u00e4lkeen v\u00e4hent\u00e4\u00e4kseen pahan makua suussa ja huolehtiakseen hampaiden terveydest\u00e4; <\/p>\n\n\n\n<p>3. erityisiss\u00e4 tilaisuuksissa, kuten h\u00e4iss\u00e4, haastatteluissa jne. hengityksen pit\u00e4miseksi raikkaana; <\/p>\n\n\n\n<p>4. suun sairauksien hoidon j\u00e4lkeen auttaa suuontelon puhdistamisessa.<\/p>\n\n\n\n<h2 class=\"wp-block-heading\">Kenelle Fluoride suuvesi on tarkoitettu<\/h2>\n\n\n\n<p>Fluorisuuvedet sopivat monenlaisille ihmisille, erityisesti suositellaan seuraaville kuluttajille: <\/p>\n\n\n\n<p>1. lapset, nuoret ja aikuiset hampaiden reikiintymisen est\u00e4miseksi ja suun terveyden yll\u00e4pit\u00e4miseksi; <\/p>\n\n\n\n<p>2. herk\u00e4t hampaat, joiden on parannettava emalin kovuutta; <\/p>\n\n\n\n<p>3. diabeetikot, joilla on suuri riski sairastua parodontaaliin ja joiden on kiinnitett\u00e4v\u00e4 erityist\u00e4 huomiota suun terveydenhuoltoon; <\/p>\n\n\n\n<p>4. kuluttajat, jotka haluavat kokeilla uusia suun terveydenhoitotuotteita nauttiakseen fluoridisuuveden eduista. Fluoride Mouthwashin tuoma suun terveys.<\/p>\n\n\n\n<h2 class=\"wp-block-heading\">Tuotantoprosessi<\/h2>\n\n\n\n<p>Fluorisuuveden laadun varmistamiseksi otamme k\u00e4ytt\u00f6\u00f6n seuraavan erityisen tuotantoprosessin: <\/p>\n\n\n\n<p>1. Natriummonofluorifosfaatin raaka-aineiden tiukka seulonta sen puhtauden ja laadun varmistamiseksi; <\/p>\n\n\n\n<p>2. lis\u00e4tyn natriummonofluorifosfaatin m\u00e4\u00e4r\u00e4n tarkka valvonta tuotteen turvallisuuden ja tehokkuuden varmistamiseksi; <\/p>\n\n\n\n<p>3. matalan l\u00e4mp\u00f6tilan sekoitustekniikkaa k\u00e4ytet\u00e4\u00e4n natriummonofluorifosfaatin aktiivisuuden vapauttamiseen mahdollisimman paljon; <\/p>\n\n\n\n<p>4. aseptinen t\u00e4ytt\u00f6 sen varmistamiseksi, ett\u00e4 tuote on turvallinen ja hygieeninen; <\/p>\n\n\n\n<p>5. t\u00e4ydellinen laadunvalvonta varmistaakseen, ett\u00e4 jokainen fluoridisuuvesipullo on turvallinen ja hygieeninen. Laadunvalvonta varmistaa, ett\u00e4 jokainen fluoridisuuvesipullo t\u00e4ytt\u00e4\u00e4 kansalliset standardit. <\/p>\n\n\n\n<p>Yll\u00e4 olevan prosessin kautta tuomme sinulle korkealaatuisen ja luotettavan suunhoitotuotteen.<\/p>","protected":false},"excerpt":{"rendered":"Common Formulas Sodium Monofluorophosphate, the core ingredient of Fluoride Mouthwash, is a kind of fluoride widely used in oral care products, which can effectively enhance the anti-acid ability of tooth enamel and reduce the incidence of tooth decay.0.02% fluorine content is in line with national and international standards, which can play a role in the [&hellip;]","protected":false},"featured_media":667,"menu_order":0,"template":"","meta":[],"product-tag":[201,206,207,208,212,213,214,216],"products":[72],"class_list":["post-635","product","type-product","status-publish","has-post-thumbnail","hentry","product-tag-mouthwash-manufacturer","product-tag-mouthwash-companies","product-tag-mouthwash-factory","product-tag-mouthwash-suppliers","product-tag-mouthwash-contract-manufacturer","product-tag-antiseptic-mouthwashes-manufacturer","product-tag-mouthwash-manufacturers-usa","product-tag-private-label-mouthwash-manufacturers","products-mouthwash"],"acf":[],"_links":{"self":[{"href":"https:\/\/www.ruiqigo.com\/fi\/wp-json\/wp\/v2\/product\/635","targetHints":{"allow":["GET"]}}],"collection":[{"href":"https:\/\/www.ruiqigo.com\/fi\/wp-json\/wp\/v2\/product"}],"about":[{"href":"https:\/\/www.ruiqigo.com\/fi\/wp-json\/wp\/v2\/types\/product"}],"version-history":[{"count":0,"href":"https:\/\/www.ruiqigo.com\/fi\/wp-json\/wp\/v2\/product\/635\/revisions"}],"wp:featuredmedia":[{"embeddable":true,"href":"https:\/\/www.ruiqigo.com\/fi\/wp-json\/wp\/v2\/media\/667"}],"wp:attachment":[{"href":"https:\/\/www.ruiqigo.com\/fi\/wp-json\/wp\/v2\/media?parent=635"}],"wp:term":[{"taxonomy":"product-tag","embeddable":true,"href":"https:\/\/www.ruiqigo.com\/fi\/wp-json\/wp\/v2\/product-tag?post=635"},{"taxonomy":"products","embeddable":true,"href":"https:\/\/www.ruiqigo.com\/fi\/wp-json\/wp\/v2\/products?post=635"}],"curies":[{"name":"wp","href":"https:\/\/api.w.org\/{rel}","templated":true}]}}