{"id":636,"date":"2024-07-24T18:01:18","date_gmt":"2024-07-24T10:01:18","guid":{"rendered":"https:\/\/ruiqigo.com\/?post_type=product&#038;p=636"},"modified":"2024-11-01T14:21:18","modified_gmt":"2024-11-01T06:21:18","slug":"floss-with-stick","status":"publish","type":"product","link":"https:\/\/www.ruiqigo.com\/fi\/product\/floss-with-stick","title":{"rendered":"Lanka tikulla"},"content":{"rendered":"<h2 class=\"wp-block-heading\">Hammaslangan ja tikun valmistus yleisi\u00e4 kaavoja<\/h2>\n\n\n\n<p>Floss with Stick -hammaslangan vaikuttava aine, UHMWPE-kuitu, on luja ja kitkapitoinen, ja se tunkeutuu syv\u00e4lle hampaiden rakoihin ja poistaa tehokkaasti ruokaj\u00e4\u00e4mi\u00e4 ja plakkia. Puikko on valmistettu elintarvikelaatuisesta HIPS-muovista, ja siin\u00e4 on ergonominen kahva, joka tekee siit\u00e4 mukavan pit\u00e4\u00e4 k\u00e4dess\u00e4 ja s\u00e4\u00e4st\u00e4\u00e4 energiaa. Johtavana Floss with Stick -hammaslangan valmistajana lis\u00e4tty minttu\/hedelm\u00e4aine voi raikastaa hengityst\u00e4 ja poistaa ruokaj\u00e4\u00e4mi\u00e4.<\/p>\n\n\n\n<h2 class=\"wp-block-heading\">Lankaa tikulla sovellettavissa tilanteissa<\/h2>\n\n\n\n<p>Floss with Stick sopii monenlaisiin tilanteisiin, erityisesti seuraaviin: <\/p>\n\n\n\n<p>1. aterioiden j\u00e4lkeen puhdistaa tehokkaasti ruokaj\u00e4\u00e4m\u00e4t, pit\u00e4\u00e4 hengityksen raikkaana; <\/p>\n\n\n\n<p>2. oikomishoidon aikana, ylim\u00e4\u00e4r\u00e4inen puhdistusv\u00e4li; <\/p>\n\n\n\n<p>3. erityistilaisuudet, kuten h\u00e4\u00e4t, ty\u00f6haastattelut jne., hengityksen raikastamiseksi; <\/p>\n\n\n\n<p>4. suun sairauksien hoidon j\u00e4lkeen, ylim\u00e4\u00e4r\u00e4inen puhdistusv\u00e4li.<\/p>\n\n\n\n<h2 class=\"wp-block-heading\">Kenelle Floss with tangot sopivat<\/h2>\n\n\n\n<p>Floss with Stick sopii monenlaisille ihmisille, ja sit\u00e4 suositellaan erityisesti seuraaville kuluttajille: <\/p>\n\n\n\n<p>1. ihmiset, joilla on korkea suuhygieniatietoisuus; <\/p>\n\n\n\n<p>2. erityistarpeita omaavat henkil\u00f6t, kuten oikomishoidon ja hammasimplantit; <\/p>\n\n\n\n<p>3. ihmiset, jotka tarvitsevat hengityksens\u00e4 raikkaaksi erityistilaisuuksissa; <\/p>\n\n\n\n<p>4. ihmiset, jotka tarvitsevat hampaiden puhdistusta suun sairauksien hoidon j\u00e4lkeen.<\/p>\n\n\n\n<h2 class=\"wp-block-heading\">Hammaslangan valmistusprosessi tikulla<\/h2>\n\n\n\n<p>Ammattimaisena Floss-puikon valmistajana k\u00e4yt\u00e4mme seuraavaa erityist\u00e4 tuotantoprosessia: <\/p>\n\n\n\n<p>1. UHMWPE-ultra-suurimolekyylipainoisten polyeteenikuitujen raaka-aineiden tiukka seulonta sen puhtauden ja laadun varmistamiseksi; <\/p>\n\n\n\n<p>2. Floss-langan kudontaprosessin tarkka hallinta sen varmistamiseksi, ett\u00e4 tuote ei pys\u00e4hdy eik\u00e4 hajoa; <\/p>\n\n\n\n<p>3. HIPS-elintarvikelaatuisten muovien k\u00e4ytt\u00f6 Stickin turvallisuuden varmistamiseksi; <\/p>\n\n\n\n<p>4. Aseptinen t\u00e4ytt\u00f6 tuotteen turvallisuuden ja hygienian varmistamiseksi; <\/p>\n\n\n\n<p>5. T\u00e4ydellinen laadunvalvonta sen varmistamiseksi, ett\u00e4 jokainen Floss with Stick t\u00e4ytt\u00e4\u00e4 kansalliset standardit.<\/p>","protected":false},"excerpt":{"rendered":"Floss with stick manufacturing common formulas The active ingredient in Floss with Stick, UHMWPE fiber, has the characteristics of high strength and high friction, which can penetrate deep into the crevices of the teeth and effectively remove food residues and plaque.Stick is made of HIPS food-grade plastic, with an ergonomic handle, which makes it comfortable [&hellip;]","protected":false},"featured_media":637,"menu_order":0,"template":"","meta":[],"product-tag":[],"products":[74],"class_list":["post-636","product","type-product","status-publish","has-post-thumbnail","hentry","products-floss-stick"],"acf":[],"_links":{"self":[{"href":"https:\/\/www.ruiqigo.com\/fi\/wp-json\/wp\/v2\/product\/636","targetHints":{"allow":["GET"]}}],"collection":[{"href":"https:\/\/www.ruiqigo.com\/fi\/wp-json\/wp\/v2\/product"}],"about":[{"href":"https:\/\/www.ruiqigo.com\/fi\/wp-json\/wp\/v2\/types\/product"}],"version-history":[{"count":0,"href":"https:\/\/www.ruiqigo.com\/fi\/wp-json\/wp\/v2\/product\/636\/revisions"}],"wp:featuredmedia":[{"embeddable":true,"href":"https:\/\/www.ruiqigo.com\/fi\/wp-json\/wp\/v2\/media\/637"}],"wp:attachment":[{"href":"https:\/\/www.ruiqigo.com\/fi\/wp-json\/wp\/v2\/media?parent=636"}],"wp:term":[{"taxonomy":"product-tag","embeddable":true,"href":"https:\/\/www.ruiqigo.com\/fi\/wp-json\/wp\/v2\/product-tag?post=636"},{"taxonomy":"products","embeddable":true,"href":"https:\/\/www.ruiqigo.com\/fi\/wp-json\/wp\/v2\/products?post=636"}],"curies":[{"name":"wp","href":"https:\/\/api.w.org\/{rel}","templated":true}]}}