{"id":641,"date":"2024-07-24T18:09:35","date_gmt":"2024-07-24T10:09:35","guid":{"rendered":"https:\/\/ruiqigo.com\/?post_type=product&#038;p=641"},"modified":"2024-11-01T14:23:37","modified_gmt":"2024-11-01T06:23:37","slug":"biodegradable-floss-sticks","status":"publish","type":"product","link":"https:\/\/www.ruiqigo.com\/fi\/product\/biodegradable-floss-sticks","title":{"rendered":"Biohajoava hammaslankatikku"},"content":{"rendered":"<h2 class=\"wp-block-heading\">Biohajoavien hammaslankatikkujen valmistuksen yleiset kaavat<\/h2>\n\n\n\n<p>Biohajoavien hammaslankatikkujen vaikuttava aine, UHMWPE-kuitu, on luja ja kitkaltaan erinomainen. Se tunkeutuu syv\u00e4lle hampaiden rakoihin ja poistaa tehokkaasti ruokaj\u00e4\u00e4mi\u00e4 ja plakkia. Tikku on valmistettu PLA:sta, joka on hajoavaa maissit\u00e4rkkelyst\u00e4. Sen kahva on ergonomisesti muotoiltu mukavaksi pit\u00e4\u00e4 k\u00e4dess\u00e4 ja s\u00e4\u00e4st\u00e4\u00e4 vaivaa k\u00e4yt\u00f6ss\u00e4. Lis\u00e4tty minttu\/hedelm\u00e4aromi raikastaa hengityst\u00e4 ja poistaa ruokaj\u00e4\u00e4mi\u00e4.<\/p>\n\n\n\n<h2 class=\"wp-block-heading\">Biohajoavan hammaslangan puikon k\u00e4ytt\u00f6kohteet<\/h2>\n\n\n\n<p>Biohajoavia hammaslankatikkuja voidaan k\u00e4ytt\u00e4\u00e4 monissa eri tilanteissa, erityisesti seuraavissa tilanteissa: <\/p>\n\n\n\n<p>1. aterioiden j\u00e4lkeen puhdistaa tehokkaasti ruokaj\u00e4\u00e4m\u00e4t ja pit\u00e4\u00e4 hengityksen raikkaana; <\/p>\n\n\n\n<p>2. oikomishoidon aikana raon puhdistamisen apuna; <\/p>\n\n\n\n<p>3. erityistilaisuudet, kuten h\u00e4\u00e4t, haastattelut jne., hengityksen raikastamiseksi; <\/p>\n\n\n\n<p>4. suun sairauksien hoidon j\u00e4lkeen, auttamaan raon puhdistamisessa.<\/p>\n\n\n\n<h2 class=\"wp-block-heading\">Kenelle biohajoava hammaslanka sopii?<\/h2>\n\n\n\n<p>Biohajoavat hammaslangan tikut sopivat monenlaisille ihmisille, ja niit\u00e4 suositellaan erityisesti seuraaville kuluttajille: <\/p>\n\n\n\n<p>1. ihmiset, joilla on korkea suuhygieniatietoisuus; <\/p>\n\n\n\n<p>2. erityishenkil\u00f6t, kuten oikomishoidon ja hammasimplantit; <\/p>\n\n\n\n<p>3. ihmiset, jotka tarvitsevat hengityksens\u00e4 raikkaaksi erityistilaisuuksissa; <\/p>\n\n\n\n<p>4. ihmiset, jotka tarvitsevat apua suusairauksien hoidon j\u00e4lkeisess\u00e4 puhdistuksessa.<\/p>\n\n\n\n<h2 class=\"wp-block-heading\">Biohajoavan hammaslangan valmistusprosessi<\/h2>\n\n\n\n<p>Arvokkaana biohajoavan hammaslangan valmistajana k\u00e4yt\u00e4mme seuraavaa erityist\u00e4 tuotantoprosessia: <\/p>\n\n\n\n<p>1. Tarkkaile UHMWPE-ultra-suurimolekyylipainoisen polyeteenikuidun raaka-aineita tarkasti sen puhtauden ja laadun varmistamiseksi; <\/p>\n\n\n\n<p>2. Hallitse tarkasti Floss-langan kudontaprosessia varmistaaksesi, ett\u00e4 tuote ei hajoa eik\u00e4 hajoa; <\/p>\n\n\n\n<p>3. PLA:n biohajoavan maissit\u00e4rkkelyksen k\u00e4ytt\u00f6 varmistaa, ett\u00e4 tikut ovat ymp\u00e4rist\u00f6yst\u00e4v\u00e4llisi\u00e4; <\/p>\n\n\n\n<p>4. Aseptinen t\u00e4ytt\u00f6 varmistaa tuotteiden turvallisuuden ja hygienian; <\/p>\n\n\n\n<p>Johtavana biohajoavien hammaslankatikkujen valmistajana koko laadunvalvontaprosessi varmistaa, ett\u00e4 jokainen biohajoava hammaslankatikku t\u00e4ytt\u00e4\u00e4 kansalliset standardit.<\/p>\n\n\n\n<p><\/p>","protected":false},"excerpt":{"rendered":"Biodegradable floss stick manufacturing common formulas The active ingredient in Biodegradable Floss Sticks, UHMWPE fiber, has high strength and high friction characteristics, which can penetrate deep into the crevices of the teeth, effectively removing food debris and plaque, while PLA degradable corn starch is made into the Stick, the handle is ergonomically designed to make [&hellip;]","protected":false},"featured_media":642,"menu_order":0,"template":"","meta":[],"product-tag":[],"products":[74],"class_list":["post-641","product","type-product","status-publish","has-post-thumbnail","hentry","products-floss-stick"],"acf":[],"_links":{"self":[{"href":"https:\/\/www.ruiqigo.com\/fi\/wp-json\/wp\/v2\/product\/641","targetHints":{"allow":["GET"]}}],"collection":[{"href":"https:\/\/www.ruiqigo.com\/fi\/wp-json\/wp\/v2\/product"}],"about":[{"href":"https:\/\/www.ruiqigo.com\/fi\/wp-json\/wp\/v2\/types\/product"}],"version-history":[{"count":0,"href":"https:\/\/www.ruiqigo.com\/fi\/wp-json\/wp\/v2\/product\/641\/revisions"}],"wp:featuredmedia":[{"embeddable":true,"href":"https:\/\/www.ruiqigo.com\/fi\/wp-json\/wp\/v2\/media\/642"}],"wp:attachment":[{"href":"https:\/\/www.ruiqigo.com\/fi\/wp-json\/wp\/v2\/media?parent=641"}],"wp:term":[{"taxonomy":"product-tag","embeddable":true,"href":"https:\/\/www.ruiqigo.com\/fi\/wp-json\/wp\/v2\/product-tag?post=641"},{"taxonomy":"products","embeddable":true,"href":"https:\/\/www.ruiqigo.com\/fi\/wp-json\/wp\/v2\/products?post=641"}],"curies":[{"name":"wp","href":"https:\/\/api.w.org\/{rel}","templated":true}]}}