{"id":646,"date":"2024-07-25T15:09:22","date_gmt":"2024-07-25T07:09:22","guid":{"rendered":"https:\/\/ruiqigo.com\/?post_type=product&#038;p=646"},"modified":"2024-11-01T14:14:29","modified_gmt":"2024-11-01T06:14:29","slug":"potassium-nitrate-toothpaste","status":"publish","type":"product","link":"https:\/\/www.ruiqigo.com\/fi\/product\/potassium-nitrate-toothpaste","title":{"rendered":"Kaliumnitraattihammastahna"},"content":{"rendered":"<h2 class=\"wp-block-heading\">Kaliumnitraattihammastahnan valmistuksen yleiset kaavat<\/h2>\n\n\n\n<p>Kaliumnitraattihammastahnan ydinainesosa, kaliumnitraatti, lievitt\u00e4\u00e4 hampaiden vihlontaa. Kaliumnitraatti voi tehokkaasti v\u00e4hent\u00e4\u00e4 hampaiden herkkyytt\u00e4 kylm\u00e4lle, kuumalle, makealle ja muille \u00e4rsykkeille, ja samalla sill\u00e4 on antibakteerisia ja tulehdusta ehk\u00e4isevi\u00e4 vaikutuksia, jotka auttavat ehk\u00e4isem\u00e4\u00e4n suun sairauksia. Lis\u00e4ksi kaliumnitraatti voi my\u00f6s auttaa parantamaan suuymp\u00e4rist\u00f6\u00e4 ja v\u00e4hent\u00e4m\u00e4\u00e4n plakin muodostumista, mik\u00e4 v\u00e4hent\u00e4\u00e4 hampaiden reikiintymisen esiintyvyytt\u00e4.<\/p>\n\n\n\n<h2 class=\"wp-block-heading\">Kaliumnitraattihammastahnaa sovellettavissa tilanteissa<\/h2>\n\n\n\n<p>Kaliumnitraattihammastahna sopii moniin tilanteisiin, erityisesti seuraaviin tilanteisiin: 1. herkille hampaille, hampaiden herkkyyden tehokkaaseen v\u00e4hent\u00e4miseen; <\/p>\n\n\n\n<p>2. aterioiden j\u00e4lkeen, puhdistaa tehokkaasti ruokaj\u00e4\u00e4m\u00e4t ja yll\u00e4pit\u00e4\u00e4 raikasta hengityst\u00e4; <\/p>\n\n\n\n<p>3. y\u00f6n valvomisen ja tupakoinnin j\u00e4lkeen suun pahan maun v\u00e4hent\u00e4miseksi, hampaiden terveydest\u00e4 huolehtimiseksi; <\/p>\n\n\n\n<p>4. erityistilaisuudet, kuten h\u00e4\u00e4t, ty\u00f6haastattelut jne., raikkaan hengityksen yll\u00e4pit\u00e4miseksi.<\/p>\n\n\n\n<h2 class=\"wp-block-heading\">Kenelle kaliumnitraattihammastahna sopii<\/h2>\n\n\n\n<p>Kaliumnitraattihammastahna sopii monille ihmisille, erityisesti seuraaville kuluttajille: <\/p>\n\n\n\n<p>1. herk\u00e4t hampaat omaavat henkil\u00f6t, jotka tarvitsevat hampaiden vihlontaa; <\/p>\n\n\n\n<p>2. suuhy\u00f6nteisist\u00e4 k\u00e4rsiv\u00e4t ihmiset, kuten tupakoitsijat, valvovat usein koko y\u00f6n; <\/p>\n\n\n\n<p>3. diabeetikot, joilla on suuri riski sairastua parodontaaliin ja joiden on kiinnitett\u00e4v\u00e4 erityist\u00e4 huomiota suun hoitoon; <\/p>\n\n\n\n<p>4. kuluttajat, jotka haluavat kokeilla uusia suunhoitotuotteita; <\/p>\n\n\n\n<p>5. kuluttajat, jotka nauttivat kaliumnitraattihammastahnasta ja sen eduista. <\/p>\n\n\n\n<h2 class=\"wp-block-heading\">Kaliumnitraattihammastahnan valmistusprosessi<\/h2>\n\n\n\n<p>Ammattimaisena kaliumnitraattihammastahnan valmistajana k\u00e4yt\u00e4mme seuraavaa erityist\u00e4 tuotantoprosessia: <\/p>\n\n\n\n<p>1. Kaliumnitraatin raaka-aineiden tiukka seulonta sen puhtauden ja laadun varmistamiseksi; <\/p>\n\n\n\n<p>2. Lis\u00e4tyn kaliumnitraatin m\u00e4\u00e4r\u00e4n tarkka hallinta tuotteen turvallisuuden ja tehokkuuden varmistamiseksi; <\/p>\n\n\n\n<p>3. Kaliumnitraatin aktiivisuuden t\u00e4ydelliseksi vapauttamiseksi k\u00e4ytet\u00e4\u00e4n matalan l\u00e4mp\u00f6tilan jauhatustekniikkaa; <\/p>\n\n\n\n<p>4. Aseptinen t\u00e4ytt\u00f6 varmistaa tuotteen turvallisuuden ja hygieenisyyden; <\/p>\n\n\n\n<p>5. T\u00e4ydellinen laadunvalvonta sen varmistamiseksi, ett\u00e4 jokainen kaliumnitraattihammastahna t\u00e4ytt\u00e4\u00e4 kansalliset standardit. Yll\u00e4 mainitun prosessin avulla ammattimaisena kaliumnitraattihammastahnan valmistajana tarjoamme sinulle korkealaatuisen ja luotettavan suunhoitotuotteen.<\/p>\n\n\n\n<p><\/p>","protected":false},"excerpt":{"rendered":"Potassium nitrate toothpaste manufacturing common formulas Potassium Nitrate Toothpaste&#8217;s core ingredient, Potassium Nitrate, has the effect of relieving tooth sensitivity. Potassium nitrate can effectively reduce the sensitivity of teeth to cold, hot, sweet and other stimuli, and at the same time has antibacterial and anti-inflammatory effects, which helps to prevent oral diseases. In addition, potassium [&hellip;]","protected":false},"featured_media":653,"menu_order":0,"template":"","meta":[],"product-tag":[],"products":[71],"class_list":["post-646","product","type-product","status-publish","has-post-thumbnail","hentry","products-toothpaste"],"acf":[],"_links":{"self":[{"href":"https:\/\/www.ruiqigo.com\/fi\/wp-json\/wp\/v2\/product\/646","targetHints":{"allow":["GET"]}}],"collection":[{"href":"https:\/\/www.ruiqigo.com\/fi\/wp-json\/wp\/v2\/product"}],"about":[{"href":"https:\/\/www.ruiqigo.com\/fi\/wp-json\/wp\/v2\/types\/product"}],"version-history":[{"count":0,"href":"https:\/\/www.ruiqigo.com\/fi\/wp-json\/wp\/v2\/product\/646\/revisions"}],"wp:featuredmedia":[{"embeddable":true,"href":"https:\/\/www.ruiqigo.com\/fi\/wp-json\/wp\/v2\/media\/653"}],"wp:attachment":[{"href":"https:\/\/www.ruiqigo.com\/fi\/wp-json\/wp\/v2\/media?parent=646"}],"wp:term":[{"taxonomy":"product-tag","embeddable":true,"href":"https:\/\/www.ruiqigo.com\/fi\/wp-json\/wp\/v2\/product-tag?post=646"},{"taxonomy":"products","embeddable":true,"href":"https:\/\/www.ruiqigo.com\/fi\/wp-json\/wp\/v2\/products?post=646"}],"curies":[{"name":"wp","href":"https:\/\/api.w.org\/{rel}","templated":true}]}}