{"id":647,"date":"2024-07-25T15:05:08","date_gmt":"2024-07-25T07:05:08","guid":{"rendered":"https:\/\/ruiqigo.com\/?post_type=product&#038;p=647"},"modified":"2024-11-01T14:16:04","modified_gmt":"2024-11-01T06:16:04","slug":"coconut-oil-toothpaste","status":"publish","type":"product","link":"https:\/\/www.ruiqigo.com\/fi\/product\/coconut-oil-toothpaste","title":{"rendered":"Kookos\u00f6ljy hammastahna"},"content":{"rendered":"<h2 class=\"wp-block-heading\">Kookos\u00f6ljyhammastahnan valmistuksen yleiset kaavat<\/h2>\n\n\n\n<p>Kookos\u00f6ljyhammastahnan ydinainesosa, kookos\u00f6ljy, omaa luonnollisia antibakteerisia ja tulehdusta ehk\u00e4isevi\u00e4 ominaisuuksia, jotka voivat tehokkaasti v\u00e4hent\u00e4\u00e4 bakteereja suussa ja ehk\u00e4ist\u00e4 suun sairauksia. Kookos\u00f6ljyll\u00e4 on my\u00f6s suun limakalvojen kosteuttava ja korjaava teht\u00e4v\u00e4, mik\u00e4 auttaa parantamaan suun ymp\u00e4rist\u00f6\u00e4. Natriumkloridilla on liev\u00e4sti hankaava vaikutus, joka voi tehokkaasti poistaa tahroja ja plakkia hampaiden pinnalta, eik\u00e4 se samalla \u00e4rsyt\u00e4 hampaita ja ikeni\u00e4.<\/p>\n\n\n\n<h2 class=\"wp-block-heading\">Kookos\u00f6ljyhammastahnaan sovellettavat skenaariot<\/h2>\n\n\n\n<p>Kookos\u00f6ljyhammastahna sopii moniin tilanteisiin, erityisesti seuraaviin: <\/p>\n\n\n\n<p>1. k\u00e4ytt\u00e4\u00e4 aterioiden j\u00e4lkeen, puhdistaa tehokkaasti ruokaj\u00e4tteet raikkaan hengityksen yll\u00e4pit\u00e4miseksi; <\/p>\n\n\n\n<p>2. y\u00f6n yli valvomisen ja tupakoinnin j\u00e4lkeen suun pahan maun lievitt\u00e4miseksi, hampaiden terveydest\u00e4 huolehtimiseksi; <\/p>\n\n\n\n<p>3. erityistilaisuudet, kuten h\u00e4\u00e4t, ty\u00f6haastattelut jne., jotta hengitys pysyy raikkaana; <\/p>\n\n\n\n<p>4. suun sairauksien hoito, suuontelon puhdistamisen avustamiseksi.<\/p>\n\n\n\n<h2 class=\"wp-block-heading\">Kenelle kookos\u00f6ljyhammastahna sopii<\/h2>\n\n\n\n<p>Kookos\u00f6ljyhammastahna sopii monille ihmisille, erityisesti seuraaville kuluttajille: <\/p>\n\n\n\n<p>1. suun hajun vaivaamat ihmiset, kuten tupakoitsijat, pysyv\u00e4t usein hereill\u00e4 my\u00f6h\u00e4\u00e4n v\u00e4kijoukkoja; <\/p>\n\n\n\n<p>2. ihmiset, joilla on herk\u00e4t hampaat, t\u00e4ytyy puhdistaa varovasti v\u00e4kijoukkoon; <\/p>\n\n\n\n<p>3. Diabetespotilaiden on kiinnitett\u00e4v\u00e4 erityist\u00e4 huomiota suun hoitoon suuren parodontaaliriskin vuoksi; <\/p>\n\n\n\n<p>4. Haluaisin kokeilla uudenlaisia suunhoitotuotteita kuluttajien iloksi. Kookos\u00f6ljyhammastahna edist\u00e4\u00e4 suun terveytt\u00e4.<\/p>\n\n\n\n<h2 class=\"wp-block-heading\">Kookos\u00f6ljyhammastahnan valmistusprosessi<\/h2>\n\n\n\n<p>Laadullisena kookos\u00f6ljyhammastahnan valmistajana k\u00e4yt\u00e4mme seuraavaa erityist\u00e4 tuotantoprosessia: <\/p>\n\n\n\n<p>1. Tarkkaile kookos\u00f6ljyn ja natriumkloridin raaka-aineita tarkasti niiden puhtauden ja laadun varmistamiseksi; <\/p>\n\n\n\n<p>2. Tarkkaile tarkasti lis\u00e4tyn kookos\u00f6ljyn ja natriumkloridin m\u00e4\u00e4r\u00e4\u00e4 tuotteen turvallisuuden ja tehokkuuden varmistamiseksi; <\/p>\n\n\n\n<p>3. K\u00e4yt\u00e4 matalan l\u00e4mp\u00f6tilan jauhatustekniikkaa kookos\u00f6ljyn aktiivisuuden vapauttamiseksi kokonaan; <\/p>\n\n\n\n<p>4. Aseptinen t\u00e4ytt\u00f6 tuotteen turvallisuuden ja hygienian varmistamiseksi. <\/p>\n\n\n\n<p>5. Koko laadunvalvontaprosessi sen varmistamiseksi, ett\u00e4 jokainen kookos\u00f6ljyhammastahna t\u00e4ytt\u00e4\u00e4 kansalliset standardit. Laadullisena kookos\u00f6ljyhammastahnan valmistajana tarjoamme sinulle edell\u00e4 mainitun prosessin avulla korkealaatuisen ja luotettavan suunhoitotuotteen.<\/p>","protected":false},"excerpt":{"rendered":"Coconut oil toothpaste manufacturing common formulas Coconut Oil Toothpaste&#8217;s core ingredient, coconut oil, has natural antibacterial and anti-inflammatory properties, which can effectively reduce bacteria in the mouth and prevent oral diseases. Coconut oil also has the function of moisturizing and repairing the oral mucosa, helping to improve the oral environment. Sodium chloride has a mild [&hellip;]","protected":false},"featured_media":648,"menu_order":0,"template":"","meta":[],"product-tag":[],"products":[71],"class_list":["post-647","product","type-product","status-publish","has-post-thumbnail","hentry","products-toothpaste"],"acf":[],"_links":{"self":[{"href":"https:\/\/www.ruiqigo.com\/fi\/wp-json\/wp\/v2\/product\/647","targetHints":{"allow":["GET"]}}],"collection":[{"href":"https:\/\/www.ruiqigo.com\/fi\/wp-json\/wp\/v2\/product"}],"about":[{"href":"https:\/\/www.ruiqigo.com\/fi\/wp-json\/wp\/v2\/types\/product"}],"version-history":[{"count":0,"href":"https:\/\/www.ruiqigo.com\/fi\/wp-json\/wp\/v2\/product\/647\/revisions"}],"wp:featuredmedia":[{"embeddable":true,"href":"https:\/\/www.ruiqigo.com\/fi\/wp-json\/wp\/v2\/media\/648"}],"wp:attachment":[{"href":"https:\/\/www.ruiqigo.com\/fi\/wp-json\/wp\/v2\/media?parent=647"}],"wp:term":[{"taxonomy":"product-tag","embeddable":true,"href":"https:\/\/www.ruiqigo.com\/fi\/wp-json\/wp\/v2\/product-tag?post=647"},{"taxonomy":"products","embeddable":true,"href":"https:\/\/www.ruiqigo.com\/fi\/wp-json\/wp\/v2\/products?post=647"}],"curies":[{"name":"wp","href":"https:\/\/api.w.org\/{rel}","templated":true}]}}