{"id":652,"date":"2024-07-25T15:14:31","date_gmt":"2024-07-25T07:14:31","guid":{"rendered":"https:\/\/ruiqigo.com\/?post_type=product&#038;p=652"},"modified":"2024-11-01T14:14:59","modified_gmt":"2024-11-01T06:14:59","slug":"stannous-fluoride-toothpaste","status":"publish","type":"product","link":"https:\/\/www.ruiqigo.com\/fi\/product\/stannous-fluoride-toothpaste","title":{"rendered":"Tinapitoinen fluorihammastahna"},"content":{"rendered":"<h3 class=\"wp-block-heading\">Tinafluoridihammastahnan valmistuksen yleiset kaavat<\/h3>\n\n\n\n<p>Tinafluoridihammastahnan ydinainesosa, tinafluoridi, on fluoridi, jota k\u00e4ytet\u00e4\u00e4n laajalti suunhoitotuotteissa. Se voi tehokkaasti parantaa hammaskiilteen kyky\u00e4 vastustaa happamuutta ja v\u00e4hent\u00e4\u00e4 hampaiden reikiintymist\u00e4. Tinafluoridi edist\u00e4\u00e4 my\u00f6s hampaiden remineralisaatiota ja varhaisten reikiintymien korjaamista. Lis\u00e4ksi tinafluoridi on vaaratonta ihmiskeholle ja sopii pitk\u00e4aikaiseen k\u00e4ytt\u00f6\u00f6n.<\/p>\n\n\n\n<h3 class=\"wp-block-heading\">Tinafluoridihammastahnaan sovellettavissa olevat skenaariot<\/h3>\n\n\n\n<p>Tinafluoridihammastahna sopii moniin tilanteisiin, erityisesti seuraaviin: <\/p>\n\n\n\n<p>1. aterioiden j\u00e4lkeen tehokas ruokaj\u00e4tteen puhdistus ja hampaiden suojaus; <\/p>\n\n\n\n<p>2. y\u00f6n yli valvomisen ja tupakoinnin j\u00e4lkeen suun pahan maun lievitt\u00e4miseksi ja hampaiden terveydest\u00e4 huolehtimiseksi; <\/p>\n\n\n\n<p>3. erikoistilaisuudet, kuten h\u00e4\u00e4t, haastattelut jne. hengityksen pit\u00e4miseksi raikkaana; <\/p>\n\n\n\n<p>4. suun sairauksien hoidon j\u00e4lkeen auttaa suuontelon puhdistamisessa.<\/p>\n\n\n\n<h3 class=\"wp-block-heading\">Kenelle tinafluoridihammastahna sopii<\/h3>\n\n\n\n<p>Tinafluoridihammastahna sopii monille ihmisille, ja sit\u00e4 suositellaan erityisesti seuraaville kuluttajille:<\/p>\n\n\n\n<p>1. lapset, nuoret ja aikuiset reikien ehk\u00e4isemiseksi ja suun terveyden yll\u00e4pit\u00e4miseksi; <\/p>\n\n\n\n<p>2. herkk\u00e4hampaiset ihmiset, jotka tarvitsevat hammaskiilteen kovuuden parantamista; <\/p>\n\n\n\n<p>3. Diabetespotilaiden on kiinnitett\u00e4v\u00e4 erityist\u00e4 huomiota suun hoitoon suuren parodontaaliriskin vuoksi; <\/p>\n\n\n\n<p>4. kuluttajat, jotka haluavat kokeilla uusia suunhoitotuotteita, nauttivat Stannous Fluoride -hammastahnasta ja nauttivat sen hyv\u00e4st\u00e4 mausta. Kuluttajat, jotka haluavat kokeilla uusia suunhoitotuotteita ja nauttivat Stannous Fluoride -hammastahnan tuomasta suun terveydest\u00e4.<\/p>\n\n\n\n<h3 class=\"wp-block-heading\">Tinafluoridihammastahnan valmistusprosessi<\/h3>\n\n\n\n<p>Ammattimaisena stannous-fluoridihammastahnan valmistajana k\u00e4yt\u00e4mme seuraavaa erityist\u00e4 tuotantoprosessia: <\/p>\n\n\n\n<p>1) Seulo tinafluoridin raaka-aineet tarkasti sen puhtauden ja laadun varmistamiseksi; <\/p>\n\n\n\n<p>2) Lis\u00e4tyn tinafluoridin m\u00e4\u00e4r\u00e4n tarkka hallinta tuotteen turvallisuuden ja tehokkuuden varmistamiseksi; <\/p>\n\n\n\n<p>3) Alhaisen l\u00e4mp\u00f6tilan jauhatustekniikan k\u00e4ytt\u00f6\u00f6notto tinafluoridin aktiivisuuden vapauttamiseksi t\u00e4ysim\u00e4\u00e4r\u00e4isesti; <\/p>\n\n\n\n<p>4) Aseptinen t\u00e4ytt\u00f6 tuotteen turvallisuuden ja hygienian varmistamiseksi; <\/p>\n\n\n\n<p>5) T\u00e4ydellinen laadunvalvonta tuotteen turvallisuuden ja hygienian varmistamiseksi. Suurena stannous-fluoridihammastahnan valmistajana koko laadunvalvontaprosessimme varmistaa, ett\u00e4 jokainen stannous-fluoridihammastahna t\u00e4ytt\u00e4\u00e4 kansalliset standardit. Edell\u00e4 mainitun prosessin avulla tarjoamme sinulle korkealaatuisen ja luotettavan suunhoitotuotteen.<\/p>","protected":false},"excerpt":{"rendered":"Stannous fluoride toothpaste manufacturing common formulas Stannous Fluoride Toothpaste&#8217;s core ingredient, Stannous Fluoride, is a fluoride widely used in oral care products, which can effectively enhance the enamel&#8217;s ability to resist acidity and reduce the incidence of tooth decay. Stannous fluoride also promotes remineralization of teeth and restoration of early cavities. In addition, stannous fluoride [&hellip;]","protected":false},"featured_media":657,"menu_order":0,"template":"","meta":[],"product-tag":[],"products":[71],"class_list":["post-652","product","type-product","status-publish","has-post-thumbnail","hentry","products-toothpaste"],"acf":[],"_links":{"self":[{"href":"https:\/\/www.ruiqigo.com\/fi\/wp-json\/wp\/v2\/product\/652","targetHints":{"allow":["GET"]}}],"collection":[{"href":"https:\/\/www.ruiqigo.com\/fi\/wp-json\/wp\/v2\/product"}],"about":[{"href":"https:\/\/www.ruiqigo.com\/fi\/wp-json\/wp\/v2\/types\/product"}],"version-history":[{"count":0,"href":"https:\/\/www.ruiqigo.com\/fi\/wp-json\/wp\/v2\/product\/652\/revisions"}],"wp:featuredmedia":[{"embeddable":true,"href":"https:\/\/www.ruiqigo.com\/fi\/wp-json\/wp\/v2\/media\/657"}],"wp:attachment":[{"href":"https:\/\/www.ruiqigo.com\/fi\/wp-json\/wp\/v2\/media?parent=652"}],"wp:term":[{"taxonomy":"product-tag","embeddable":true,"href":"https:\/\/www.ruiqigo.com\/fi\/wp-json\/wp\/v2\/product-tag?post=652"},{"taxonomy":"products","embeddable":true,"href":"https:\/\/www.ruiqigo.com\/fi\/wp-json\/wp\/v2\/products?post=652"}],"curies":[{"name":"wp","href":"https:\/\/api.w.org\/{rel}","templated":true}]}}