{"id":661,"date":"2024-07-25T15:18:07","date_gmt":"2024-07-25T07:18:07","guid":{"rendered":"https:\/\/ruiqigo.com\/?post_type=product&#038;p=661"},"modified":"2024-11-01T10:32:29","modified_gmt":"2024-11-01T02:32:29","slug":"berryoxide-toothpaste","status":"publish","type":"product","link":"https:\/\/www.ruiqigo.com\/fi\/product\/berryoxide-toothpaste","title":{"rendered":"Berryoxide hammastahna"},"content":{"rendered":"<h2 class=\"wp-block-heading\">Berryoxide-hammastahnan valmistus yleisi\u00e4 kaavoja<\/h2>\n\n\n\n<p>Berryoxide-hammastahnan ydinaineella, peroksidilla, on voimakas hapettava vaikutus, joka voi tehokkaasti tappaa bakteereita suussa ja ehk\u00e4ist\u00e4 suun sairauksia. Peroksidi voi my\u00f6s auttaa neutraloimaan suun happoja ja parantamaan suun ymp\u00e4rist\u00f6\u00e4, mik\u00e4 auttaa est\u00e4m\u00e4\u00e4n hampaiden reikiintymist\u00e4 ja parodontaalista sairautta. Lis\u00e4ksi peroksidi on vaaraton ihmiskeholle ja sopii pitk\u00e4aikaiseen k\u00e4ytt\u00f6\u00f6n.<\/p>\n\n\n\n<h2 class=\"wp-block-heading\">Berryoxide-hammastahnaa koskevat skenaariot<\/h2>\n\n\n\n<p>Berryoxide-hammastahna soveltuu erilaisiin tilanteisiin, erityisesti seuraaviin tilanteisiin: 1. aterioiden j\u00e4lkeen puhdistamaan tehokkaasti ruokaj\u00e4tteet ja pit\u00e4m\u00e4\u00e4n raikkaan hengityksen; 2. koko y\u00f6n valvomisen ja tupakoinnin j\u00e4lkeen v\u00e4hent\u00e4\u00e4kseen pahan makua suussa ja huolehtiakseen hampaiden terveydest\u00e4; 3. erityisiss\u00e4 tilaisuuksissa, kuten h\u00e4iss\u00e4, haastatteluissa jne. hengityksen pit\u00e4miseksi raikkaana; 4. suun sairauksien hoidon j\u00e4lkeen auttaa suuontelon puhdistamisessa.<\/p>\n\n\n\n<h2 class=\"wp-block-heading\">Kenelle Berryoxide-hammastahna sopii<\/h2>\n\n\n\n<p>Berryoxide-hammastahna sopii monille ihmisille, erityisesti suositellaan seuraaville kuluttajille:<\/p>\n\n\n\n<p> 1. suun hajun vaivaamat ihmiset, kuten tupakoitsijat, pysyv\u00e4t usein hereill\u00e4 my\u00f6h\u00e4\u00e4n v\u00e4kijoukkoja; <\/p>\n\n\n\n<p>2. ihmiset, joilla on herk\u00e4t hampaat, t\u00e4ytyy puhdistaa varovasti v\u00e4kijoukkoon; <\/p>\n\n\n\n<p>3. Diabetespotilaiden on kiinnitett\u00e4v\u00e4 erityist\u00e4 huomiota suun hoitoon suuren parodontaaliriskin vuoksi; <\/p>\n\n\n\n<p>4. haluavat kokeilla uudenlaisia suunhoitotuotteita, joista kuluttajat voivat nauttia. Berryoxide-hammastahna tuo suun terveytt\u00e4.<\/p>\n\n\n\n<h2 class=\"wp-block-heading\">Berryoxide-hammastahnan valmistusprosessi<\/h2>\n\n\n\n<p>Ammattimaisena Berryoxide-hammastahnan valmistajana otamme k\u00e4ytt\u00f6\u00f6n seuraavan erityisen tuotantoprosessin:<\/p>\n\n\n\n<p> 1. Peroksidiraaka-aineiden tiukka seulonta sen puhtauden ja laadun varmistamiseksi; <\/p>\n\n\n\n<p>2. Lis\u00e4tyn peroksidin m\u00e4\u00e4r\u00e4n tarkka valvonta tuotteen turvallisuuden ja tehokkuuden varmistamiseksi; <\/p>\n\n\n\n<p>3. Matalan l\u00e4mp\u00f6tilan sekoitustekniikan k\u00e4ytt\u00f6\u00f6notto peroksidien aktiivisuuden vapauttamiseksi kokonaan; <\/p>\n\n\n\n<p>4. Aseptinen t\u00e4ytt\u00f6 tuotteen turvallisen ja hygieenisen varmistamiseksi; <\/p>\n\n\n\n<p>5. T\u00e4ysi valikoima laadunvalvontaa sen varmistamiseksi, ett\u00e4 jokainen Berryoxide-hammastahna on turvallinen ja hygieeninen. Johtavana Berryoxide-hammastahnan valmistajana laadunvalvonta varmistaa, ett\u00e4 jokainen Berryoxide-hammastahna t\u00e4ytt\u00e4\u00e4 kansalliset standardit. Yll\u00e4 olevan prosessin kautta tuomme sinulle korkealaatuisen ja luotettavan suunhoitotuotteen.<\/p>","protected":false},"excerpt":{"rendered":"Berryoxide toothpaste manufacturing common formulas The core ingredient of Berryoxide Toothpaste, peroxide, has a strong oxidizing effect, which can effectively kill bacteria in the mouth and prevent oral diseases. Peroxide can also help neutralize oral acids and improve the oral environment, which helps prevent tooth decay and periodontal disease. In addition, peroxide is harmless to [&hellip;]","protected":false},"featured_media":662,"menu_order":0,"template":"","meta":[],"product-tag":[],"products":[71],"class_list":["post-661","product","type-product","status-publish","has-post-thumbnail","hentry","products-toothpaste"],"acf":[],"_links":{"self":[{"href":"https:\/\/www.ruiqigo.com\/fi\/wp-json\/wp\/v2\/product\/661","targetHints":{"allow":["GET"]}}],"collection":[{"href":"https:\/\/www.ruiqigo.com\/fi\/wp-json\/wp\/v2\/product"}],"about":[{"href":"https:\/\/www.ruiqigo.com\/fi\/wp-json\/wp\/v2\/types\/product"}],"version-history":[{"count":0,"href":"https:\/\/www.ruiqigo.com\/fi\/wp-json\/wp\/v2\/product\/661\/revisions"}],"wp:featuredmedia":[{"embeddable":true,"href":"https:\/\/www.ruiqigo.com\/fi\/wp-json\/wp\/v2\/media\/662"}],"wp:attachment":[{"href":"https:\/\/www.ruiqigo.com\/fi\/wp-json\/wp\/v2\/media?parent=661"}],"wp:term":[{"taxonomy":"product-tag","embeddable":true,"href":"https:\/\/www.ruiqigo.com\/fi\/wp-json\/wp\/v2\/product-tag?post=661"},{"taxonomy":"products","embeddable":true,"href":"https:\/\/www.ruiqigo.com\/fi\/wp-json\/wp\/v2\/products?post=661"}],"curies":[{"name":"wp","href":"https:\/\/api.w.org\/{rel}","templated":true}]}}