{"id":666,"date":"2024-07-25T15:56:03","date_gmt":"2024-07-25T07:56:03","guid":{"rendered":"https:\/\/ruiqigo.com\/?post_type=product&#038;p=666"},"modified":"2025-09-03T15:22:37","modified_gmt":"2025-09-03T07:22:37","slug":"chlorhexidine-gluconate-mouthwash","status":"publish","type":"product","link":"https:\/\/www.ruiqigo.com\/fi\/product\/chlorhexidine-gluconate-mouthwash","title":{"rendered":"Klooriheksidiiniglukonaattisuuvesi"},"content":{"rendered":"<h2 class=\"wp-block-heading\">Yleiset kaavat<\/h2>\n\n\n\n<p>Klooriheksidiiniglukonaattisuuveden p\u00e4\u00e4aine, <strong>Klooriheksidiiniglukonaatti<\/strong>, on laajakirjoinen antimikrobinen aine, joka voi tehokkaasti est\u00e4\u00e4 bakteerien kasvua suussa ja ehk\u00e4ist\u00e4 suun sairauksia. Klooriheksidiiniglukonaatti on vaaraton ja sopii pitk\u00e4aikaiseen k\u00e4ytt\u00f6\u00f6n. Lis\u00e4ksi klooriheksidiiniglukonaatilla on liev\u00e4 desinfioiva vaikutus, joka voi tehokkaasti poistaa suun hajua ja parantaa suun ymp\u00e4rist\u00f6\u00e4.<\/p>\n\n\n\n<h2 class=\"wp-block-heading\">Sovellettavat skenaariot<\/h2>\n\n\n\n<p>Klooriheksidiiniglukonaattisuuvesi sopii useisiin tilanteisiin, erityisesti seuraaviin tilanteisiin: <\/p>\n\n\n\n<p>1. K\u00e4yt\u00e4 aterioiden j\u00e4lkeen puhdistamaan tehokkaasti ruokaj\u00e4tteet ja pit\u00e4m\u00e4\u00e4n hengityksen raikkaana; <\/p>\n\n\n\n<p>2. My\u00f6h\u00e4\u00e4n y\u00f6pymisen ja tupakoinnin j\u00e4lkeen v\u00e4hent\u00e4\u00e4 suun hajua ja huolehtia hampaiden terveydest\u00e4; <\/p>\n\n\n\n<p>3. Erikoistilaisuuksissa, kuten h\u00e4iss\u00e4, haastatteluissa jne. pit\u00e4\u00e4kseen hengityksen raikkaana; <\/p>\n\n\n\n<p>4. Suun sairauksien hoidon j\u00e4lkeen auttamaan suun puhdistamisessa. Puhdista suuontelo.<\/p>\n\n\n\n<h2 class=\"wp-block-heading\">Kenelle klooriheksidiiniglukonaattisuuvesi on tarkoitettu<\/h2>\n\n\n\n<p>Klooriheksidiiniglukonaattisuuvesi sopii monenlaisille ihmisille, ja sit\u00e4 suositellaan erityisesti seuraaville kuluttajille: <\/p>\n\n\n\n<p>1. ihmiset, joita h\u00e4iritsee suun haju, kuten tupakoitsijat, ihmiset, jotka her\u00e4\u00e4v\u00e4t usein my\u00f6h\u00e4\u00e4n; <\/p>\n\n\n\n<p>2. herk\u00e4t hampaat, jotka tarvitsevat hell\u00e4varaista puhdistusta; <\/p>\n\n\n\n<p>3. Diabeettisten potilaiden, joilla on suuri riski sairastua parodontaaliin, on kiinnitett\u00e4v\u00e4 erityist\u00e4 huomiota suun hoitoon;<\/p>\n\n\n\n<p> 4. kuluttajat, jotka haluavat kokeilla uusia suunhoitotuotteita, nauttivat klooriheksidiiniglukonaattisuuvedest\u00e4; <\/p>\n\n\n\n<p>5. kuluttajat, jotka haluavat kokeilla uusia suunhoitotuotteita. Kuluttajat, jotka haluavat kokeilla uusia suunhoitotuotteita ja nauttia klooriheksidiiniglukonaattisuuvesien tuomasta suun terveydest\u00e4.<\/p>\n\n\n\n<h2 class=\"wp-block-heading\">Tuotantoprosessi<\/h2>\n\n\n\n<p>Klooriheksidiiniglukonaattisuuveden laadun varmistamiseksi otamme k\u00e4ytt\u00f6\u00f6n seuraavan erityisen tuotantoprosessin: <\/p>\n\n\n\n<p>1. Klooriheksidiiniglukonaatin raaka-aineiden tiukka seulonta sen puhtauden ja laadun varmistamiseksi; <\/p>\n\n\n\n<p>2. Lis\u00e4tyn klooriheksidiiniglukonaatin m\u00e4\u00e4r\u00e4n tarkka valvonta tuotteen turvallisuuden ja tehokkuuden varmistamiseksi; <\/p>\n\n\n\n<p>3. Matalan l\u00e4mp\u00f6tilan sekoitustekniikan k\u00e4ytt\u00f6\u00f6notto klooriheksidiiniglukonaatin aktiivisuuden vapauttamiseksi t\u00e4ysim\u00e4\u00e4r\u00e4isesti; <\/p>\n\n\n\n<p>4. Aseptinen t\u00e4ytt\u00f6 tuotteen turvallisuuden ja hygienian varmistamiseksi; <\/p>\n\n\n\n<p>5. T\u00e4ysi laadunvalvonta varmistaa, ett\u00e4 jokainen klooriheksidiiniglukonaattisuuvesipullo t\u00e4ytt\u00e4\u00e4 kansalliset standardit. <\/p>\n\n\n\n<p>Yll\u00e4 olevan prosessin kautta tuomme sinulle korkealaatuisen ja varman suunhoitotuotteen.<\/p>","protected":false},"excerpt":{"rendered":"Common Formulas Chlorhexidine Gluconate Mouthwash&#8217;s core ingredient, Chlorhexidine Gluconate, is a broad-spectrum antimicrobial agent that can effectively inhibit the growth of bacteria in the mouth and prevent oral diseases. Chlorhexidine Gluconate is harmless and suitable for long-term use. In addition, chlorhexidine gluconate has a mild disinfecting effect, which can effectively remove oral odor and improve [&hellip;]","protected":false},"featured_media":673,"menu_order":0,"template":"","meta":[],"product-tag":[201,206,208,209,212,213,215],"products":[72],"class_list":["post-666","product","type-product","status-publish","has-post-thumbnail","hentry","product-tag-mouthwash-manufacturer","product-tag-mouthwash-companies","product-tag-mouthwash-suppliers","product-tag-chlorhexidine-gluconate-mouthwash-manufacturer","product-tag-mouthwash-contract-manufacturer","product-tag-antiseptic-mouthwashes-manufacturer","product-tag-chlorhexidine-mouthwash-manufacturer","products-mouthwash"],"acf":[],"_links":{"self":[{"href":"https:\/\/www.ruiqigo.com\/fi\/wp-json\/wp\/v2\/product\/666","targetHints":{"allow":["GET"]}}],"collection":[{"href":"https:\/\/www.ruiqigo.com\/fi\/wp-json\/wp\/v2\/product"}],"about":[{"href":"https:\/\/www.ruiqigo.com\/fi\/wp-json\/wp\/v2\/types\/product"}],"version-history":[{"count":0,"href":"https:\/\/www.ruiqigo.com\/fi\/wp-json\/wp\/v2\/product\/666\/revisions"}],"wp:featuredmedia":[{"embeddable":true,"href":"https:\/\/www.ruiqigo.com\/fi\/wp-json\/wp\/v2\/media\/673"}],"wp:attachment":[{"href":"https:\/\/www.ruiqigo.com\/fi\/wp-json\/wp\/v2\/media?parent=666"}],"wp:term":[{"taxonomy":"product-tag","embeddable":true,"href":"https:\/\/www.ruiqigo.com\/fi\/wp-json\/wp\/v2\/product-tag?post=666"},{"taxonomy":"products","embeddable":true,"href":"https:\/\/www.ruiqigo.com\/fi\/wp-json\/wp\/v2\/products?post=666"}],"curies":[{"name":"wp","href":"https:\/\/api.w.org\/{rel}","templated":true}]}}