{"id":677,"date":"2024-07-25T16:01:02","date_gmt":"2024-07-25T08:01:02","guid":{"rendered":"https:\/\/ruiqigo.com\/?post_type=product&#038;p=677"},"modified":"2025-09-03T15:22:29","modified_gmt":"2025-09-03T07:22:29","slug":"xylitol-mouthwash","status":"publish","type":"product","link":"https:\/\/www.ruiqigo.com\/fi\/product\/xylitol-mouthwash","title":{"rendered":"Ksylitoli-suuvesi"},"content":{"rendered":"<h2 class=\"wp-block-heading\">Yleiset kaavat<\/h2>\n\n\n\n<p>Ksylitoli-suuveden p\u00e4\u00e4ainesosa,<strong> Ksylitoli<\/strong>, on luonnollinen makeutusaine, jolla on onteloa est\u00e4vi\u00e4 ominaisuuksia. Ksylitoli est\u00e4\u00e4 kariesta aiheuttavien bakteerien kasvua suussa ja v\u00e4hent\u00e4\u00e4 plakin muodostumista, mik\u00e4 v\u00e4hent\u00e4\u00e4 hampaiden reikiintymist\u00e4. Lis\u00e4ksi ksylitoli voi tarjota raikkaan maun, parantaa suun ymp\u00e4rist\u00f6\u00e4 ja huolehtia hampaiden terveydest\u00e4.<\/p>\n\n\n\n<h2 class=\"wp-block-heading\">Sovellettavat skenaariot<\/h2>\n\n\n\n<p>Xylitol Mouthwash sopii useisiin tilanteisiin, erityisesti seuraaviin tilanteisiin: <\/p>\n\n\n\n<p>1. aterioiden j\u00e4lkeen puhdistaa tehokkaasti ruokaj\u00e4tteet, suojaa hampaita; <\/p>\n\n\n\n<p>2. koko y\u00f6n valvomisen j\u00e4lkeen tupakoinnin v\u00e4hent\u00e4miseksi suussa esiintyv\u00e4n huonon maun v\u00e4hent\u00e4miseksi ja hampaiden terveydest\u00e4 huolehtimiseksi; <\/p>\n\n\n\n<p>3. erityisiss\u00e4 tilaisuuksissa, kuten h\u00e4iss\u00e4, ty\u00f6haastatteluissa jne. hengityksen pit\u00e4miseksi raikkaana; <\/p>\n\n\n\n<p>4. suun sairauksien hoidon j\u00e4lkeen auttaa suuontelon puhdistamisessa.<\/p>\n\n\n\n<h2 class=\"wp-block-heading\">Kenelle Xylitol-suuvesi on tarkoitettu<\/h2>\n\n\n\n<p>Xylitol Mouthwash sopii monille ihmisille, erityisesti suositellaan seuraaville kuluttajille: <\/p>\n\n\n\n<p>1. lapset, nuoret ja aikuiset hampaiden reikiintymisen est\u00e4miseksi ja suun terveyden yll\u00e4pit\u00e4miseksi; <\/p>\n\n\n\n<p>2. ihmiset, joilla on herk\u00e4t hampaat, jotka tarvitsevat hell\u00e4varaista puhdistusta; <\/p>\n\n\n\n<p>3. Diabetespotilaiden on kiinnitett\u00e4v\u00e4 erityist\u00e4 huomiota suun terveydenhuoltoon suuren parodontaaliriskin vuoksi; <\/p>\n\n\n\n<p>4. kuluttajat, jotka haluavat kokeilla uusia suun terveydenhoitotuotteita, nauttikaa! Ksylitolisuuvesi tuo suun terveytt\u00e4.<\/p>\n\n\n\n<h2 class=\"wp-block-heading\">Tuotantoprosessi<\/h2>\n\n\n\n<p>Varmistaaksemme Xylitol Mouthwash -suuveden laadun otamme k\u00e4ytt\u00f6\u00f6n seuraavan erityisen tuotantoprosessin: <\/p>\n\n\n\n<p>1. ksylitolin raaka-aineiden tiukka seulonta sen puhtauden ja laadun varmistamiseksi; <\/p>\n\n\n\n<p>2. lis\u00e4tyn ksylitolin m\u00e4\u00e4r\u00e4n tarkka valvonta sen varmistamiseksi, ett\u00e4 tuote on turvallinen ja tehokas; <\/p>\n\n\n\n<p>3. matalan l\u00e4mp\u00f6tilan sekoitustekniikan k\u00e4ytt\u00f6, ksylitolin aktiivisuuden t\u00e4ydellinen vapauttaminen; <\/p>\n\n\n\n<p>4. aseptinen t\u00e4ytt\u00f6 tuotteen turvallisuuden ja hygieenisyyden varmistamiseksi; <\/p>\n\n\n\n<p>5. koko laadunvalvontaprosessi sen varmistamiseksi, ett\u00e4 jokainen Xylitol Mouthwash -pullo on turvallinen ja hygieeninen. Jokainen Xylitol Mouthwash -pullo t\u00e4ytt\u00e4\u00e4 kansalliset standardit. <\/p>\n\n\n\n<p>Yll\u00e4 olevan prosessin kautta tuomme sinulle korkealaatuisen ja luotettavan suunhoitotuotteen.<\/p>","protected":false},"excerpt":{"rendered":"Common Formulas Xylitol Mouthwash&#8217;s core ingredient, Xylitol, is a natural sweetener with anti-cavity properties. Xylitol inhibits the growth of caries-causing bacteria in the mouth and reduces the formation of plaque, thus reducing the incidence of tooth decay. In addition, xylitol can provide a fresh taste, improve the oral environment and take care of dental health. [&hellip;]","protected":false},"featured_media":678,"menu_order":0,"template":"","meta":[],"product-tag":[201,206,207,208,212,213,216],"products":[72],"class_list":["post-677","product","type-product","status-publish","has-post-thumbnail","hentry","product-tag-mouthwash-manufacturer","product-tag-mouthwash-companies","product-tag-mouthwash-factory","product-tag-mouthwash-suppliers","product-tag-mouthwash-contract-manufacturer","product-tag-antiseptic-mouthwashes-manufacturer","product-tag-private-label-mouthwash-manufacturers","products-mouthwash"],"acf":[],"_links":{"self":[{"href":"https:\/\/www.ruiqigo.com\/fi\/wp-json\/wp\/v2\/product\/677","targetHints":{"allow":["GET"]}}],"collection":[{"href":"https:\/\/www.ruiqigo.com\/fi\/wp-json\/wp\/v2\/product"}],"about":[{"href":"https:\/\/www.ruiqigo.com\/fi\/wp-json\/wp\/v2\/types\/product"}],"version-history":[{"count":0,"href":"https:\/\/www.ruiqigo.com\/fi\/wp-json\/wp\/v2\/product\/677\/revisions"}],"wp:featuredmedia":[{"embeddable":true,"href":"https:\/\/www.ruiqigo.com\/fi\/wp-json\/wp\/v2\/media\/678"}],"wp:attachment":[{"href":"https:\/\/www.ruiqigo.com\/fi\/wp-json\/wp\/v2\/media?parent=677"}],"wp:term":[{"taxonomy":"product-tag","embeddable":true,"href":"https:\/\/www.ruiqigo.com\/fi\/wp-json\/wp\/v2\/product-tag?post=677"},{"taxonomy":"products","embeddable":true,"href":"https:\/\/www.ruiqigo.com\/fi\/wp-json\/wp\/v2\/products?post=677"}],"curies":[{"name":"wp","href":"https:\/\/api.w.org\/{rel}","templated":true}]}}