{"id":682,"date":"2024-07-25T16:21:43","date_gmt":"2024-07-25T08:21:43","guid":{"rendered":"https:\/\/ruiqigo.com\/?post_type=product&#038;p=682"},"modified":"2025-09-03T15:22:15","modified_gmt":"2025-09-03T07:22:15","slug":"baking-soda-mouthwash","status":"publish","type":"product","link":"https:\/\/www.ruiqigo.com\/fi\/product\/baking-soda-mouthwash","title":{"rendered":"Ruokasooda-suuvesi"},"content":{"rendered":"<h2 class=\"wp-block-heading\">Yleiset kaavat<\/h2>\n\n\n\n<p><strong>Natriumbikarbonaatti<\/strong>, ruokasoodaa sis\u00e4lt\u00e4v\u00e4n suuveden ydinainesosa, hankaa hell\u00e4varaisesti ja poistaa tehokkaasti tahroja ja plakkia hampaiden pinnalta. Natriumbikarbonaatti voi my\u00f6s auttaa neutraloimaan suun happoja ja parantamaan suun ymp\u00e4rist\u00f6\u00e4, mik\u00e4 auttaa ehk\u00e4isem\u00e4\u00e4n hampaiden reikiintymist\u00e4 ja parodontiitia. Lis\u00e4ksi natriumbikarbonaatti on vaaratonta ihmiskeholle ja sopii pitk\u00e4aikaiseen k\u00e4ytt\u00f6\u00f6n.<\/p>\n\n\n\n<h2 class=\"wp-block-heading\">Sovellettava skenaario<\/h2>\n\n\n\n<p>Ruokasoodalla maustettu suuvesi sopii moniin tilanteisiin, erityisesti seuraaviin: <\/p>\n\n\n\n<p>1. aterioiden j\u00e4lkeen puhdistaa tehokkaasti ruokaj\u00e4\u00e4m\u00e4t ja suojata hampaita; <\/p>\n\n\n\n<p>2. y\u00f6n yli valvomisen ja tupakoinnin j\u00e4lkeen suun pahan maun v\u00e4hent\u00e4miseksi ja hampaiden terveydest\u00e4 huolehtimiseksi; <\/p>\n\n\n\n<p>3. erityisiss\u00e4 tilaisuuksissa, kuten h\u00e4iss\u00e4, haastatteluissa jne. hengityksen pit\u00e4miseksi raikkaana; <\/p>\n\n\n\n<p>4. suun sairauksien hoidon j\u00e4lkeen auttaa suuontelon puhdistamisessa.<\/p>\n\n\n\n<h2 class=\"wp-block-heading\">Sovellettava v\u00e4est\u00f6<\/h2>\n\n\n\n<p>Ruokasoodaa sis\u00e4lt\u00e4v\u00e4 suuvesi sopii monenlaisille ihmisille, ja sit\u00e4 suositellaan erityisesti seuraaville kuluttajille: <\/p>\n\n\n\n<p>1. ihmisten, joilla on hampaiden pinnalla tahroja, on oltava hell\u00e4varaisia tahrojen poistamiseksi; <\/p>\n\n\n\n<p>2. suussa olevan korkean happamuuden omaavien ihmisten on parannettava suun ymp\u00e4rist\u00f6\u00e4; <\/p>\n\n\n\n<p>3. I\u00e4kk\u00e4iden ihmisten on puhdistettava hampaat hell\u00e4varaisesti parodontiitin ehk\u00e4isemiseksi; <\/p>\n\n\n\n<p>4. lasten ja nuorten hyvien suuhygieniatottumusten kehitt\u00e4miseksi.<\/p>\n\n\n\n<h2 class=\"wp-block-heading\">Tuotantoprosessi<\/h2>\n\n\n\n<p>Ruokasooda-suuveden laadun varmistamiseksi k\u00e4yt\u00e4mme seuraavaa erityist\u00e4 tuotantoprosessia: <\/p>\n\n\n\n<p>1. natriumbikarbonaattiraaka-aineiden tiukka seulonta sen puhtauden ja laadun varmistamiseksi; <\/p>\n\n\n\n<p>2. lis\u00e4tyn natriumbikarbonaatin m\u00e4\u00e4r\u00e4n tarkka hallinta tuotteen hell\u00e4varaisen ja puhdistavan vaikutuksen varmistamiseksi; <\/p>\n\n\n\n<p>3. matalan l\u00e4mp\u00f6tilan sekoitustekniikan k\u00e4ytt\u00f6, natriumbikarbonaatin aktiivisuuden t\u00e4ysi vapautuminen; <\/p>\n\n\n\n<p>4. aseptinen t\u00e4ytt\u00f6 tuotteen turvallisuuden ja hygieenisyyden varmistamiseksi; <\/p>\n\n\n\n<p>5. T\u00e4ydellinen laadunvalvonta sen varmistamiseksi, ett\u00e4 jokainen ruokasooda-suuvesipullo on turvallinen ja hygieeninen. Laadunvalvonta sen varmistamiseksi, ett\u00e4 jokainen ruokasooda-suuvesipullo t\u00e4ytt\u00e4\u00e4 kansalliset standardit. <\/p>\n\n\n\n<p>Yll\u00e4 olevan prosessin kautta tuomme sinulle korkealaatuisen ja luotettavan suunhoitotuotteen.<\/p>","protected":false},"excerpt":{"rendered":"Common Formulas Sodium bicarbonate, the core ingredient of Baking Soda Mouthwash, has a gentle scrubbing action that effectively removes stains and plaque from the surface of teeth. Sodium bicarbonate can also help neutralize oral acids and improve the oral environment, which helps prevent tooth decay and periodontal disease. In addition, sodium bicarbonate is harmless to [&hellip;]","protected":false},"featured_media":688,"menu_order":0,"template":"","meta":[],"product-tag":[201,206,207,208,211,212,216],"products":[72],"class_list":["post-682","product","type-product","status-publish","has-post-thumbnail","hentry","product-tag-mouthwash-manufacturer","product-tag-mouthwash-companies","product-tag-mouthwash-factory","product-tag-mouthwash-suppliers","product-tag-alkaline-mouthwash-manufacturer","product-tag-mouthwash-contract-manufacturer","product-tag-private-label-mouthwash-manufacturers","products-mouthwash"],"acf":[],"_links":{"self":[{"href":"https:\/\/www.ruiqigo.com\/fi\/wp-json\/wp\/v2\/product\/682","targetHints":{"allow":["GET"]}}],"collection":[{"href":"https:\/\/www.ruiqigo.com\/fi\/wp-json\/wp\/v2\/product"}],"about":[{"href":"https:\/\/www.ruiqigo.com\/fi\/wp-json\/wp\/v2\/types\/product"}],"version-history":[{"count":0,"href":"https:\/\/www.ruiqigo.com\/fi\/wp-json\/wp\/v2\/product\/682\/revisions"}],"wp:featuredmedia":[{"embeddable":true,"href":"https:\/\/www.ruiqigo.com\/fi\/wp-json\/wp\/v2\/media\/688"}],"wp:attachment":[{"href":"https:\/\/www.ruiqigo.com\/fi\/wp-json\/wp\/v2\/media?parent=682"}],"wp:term":[{"taxonomy":"product-tag","embeddable":true,"href":"https:\/\/www.ruiqigo.com\/fi\/wp-json\/wp\/v2\/product-tag?post=682"},{"taxonomy":"products","embeddable":true,"href":"https:\/\/www.ruiqigo.com\/fi\/wp-json\/wp\/v2\/products?post=682"}],"curies":[{"name":"wp","href":"https:\/\/api.w.org\/{rel}","templated":true}]}}