{"id":683,"date":"2024-07-25T16:08:00","date_gmt":"2024-07-25T08:08:00","guid":{"rendered":"https:\/\/ruiqigo.com\/?post_type=product&#038;p=683"},"modified":"2025-09-03T15:22:21","modified_gmt":"2025-09-03T07:22:21","slug":"antibiotic-mouthwash","status":"publish","type":"product","link":"https:\/\/www.ruiqigo.com\/fi\/product\/antibiotic-mouthwash","title":{"rendered":"Antibioottinen suuvesi"},"content":{"rendered":"<h2 class=\"wp-block-heading\">Yleiset kaavat<\/h2>\n\n\n\n<p>Antibioottisen suuveden keskeiset ainesosat, <strong>PEG-40 hydrattu risiini\u00f6ljy<\/strong>, <strong>Piparminttu\u00f6ljy<\/strong> ja <strong>Didekyylidimetyyliammoniumkloridi<\/strong>, ovat laajakirjoisia antimikrobisia aineita, jotka voivat tehokkaasti est\u00e4\u00e4 bakteerien kasvua suuontelossa ja ehk\u00e4ist\u00e4 suun sairauksia. PEG-40 hydrogenoidulla risiini\u00f6ljyll\u00e4 ja piparminttu\u00f6ljyll\u00e4 on liev\u00e4 desinfioiva vaikutus, joka poistaa tehokkaasti pahoja hajuja ja parantaa suuontelon ymp\u00e4rist\u00f6\u00e4. Didekyylidimetyyliammoniumkloridi on ihmiskeholle vaaraton ja sopii pitk\u00e4aikaiseen k\u00e4ytt\u00f6\u00f6n.<\/p>\n\n\n\n<h2 class=\"wp-block-heading\">Sovellettavat skenaariot<\/h2>\n\n\n\n<p>Antibioottinen suuvesi sopii useisiin tilanteisiin, erityisesti seuraaviin tilanteisiin: <\/p>\n\n\n\n<p>1. K\u00e4yt\u00e4 aterioiden j\u00e4lkeen puhdistamaan tehokkaasti ruokaj\u00e4tteet ja pit\u00e4m\u00e4\u00e4n raikkaan hengityksen; <\/p>\n\n\n\n<p>2. koko y\u00f6n valvomisen ja tupakoinnin j\u00e4lkeen v\u00e4hent\u00e4\u00e4kseen pahan makua suussa ja huolehtiakseen hampaiden terveydest\u00e4; <\/p>\n\n\n\n<p>3. erityisiss\u00e4 tilaisuuksissa, kuten h\u00e4iss\u00e4, haastatteluissa jne., pit\u00e4\u00e4kseen raikkaan hengityksen; <\/p>\n\n\n\n<p>4. suun sairauksien hoidon j\u00e4lkeen auttaa suuontelon puhdistamisessa.<\/p>\n\n\n\n<h2 class=\"wp-block-heading\">Kenelle antibioottinen suuvesi on tarkoitettu<\/h2>\n\n\n\n<p>Antibioottinen suuvesi sopii monille ihmisille, erityisesti suositellaan seuraaville kuluttajille: <\/p>\n\n\n\n<p>1. suun hajun vaivaamat ihmiset, kuten tupakoitsijat, pysyv\u00e4t usein hereill\u00e4 my\u00f6h\u00e4\u00e4n v\u00e4kijoukkoja; <\/p>\n\n\n\n<p>2. ihmiset, joilla on herk\u00e4t hampaat, tarve puhdistaa hell\u00e4varaisesti v\u00e4kijoukkoja; <\/p>\n\n\n\n<p>3. Diabetespotilaiden on kiinnitett\u00e4v\u00e4 erityist\u00e4 huomiota suun terveydenhuoltoon suuren parodontaaliriskin vuoksi; <\/p>\n\n\n\n<p>4. haluan kokeilla uudenlaisia suun terveydenhoitotuotteita, joista kuluttajat voivat nauttia! Antibioottinen suuvesi tuo suun terveytt\u00e4.<\/p>\n\n\n\n<h2 class=\"wp-block-heading\">Tuotantoprosessi<\/h2>\n\n\n\n<p>Antibioottisen suuveden laadun varmistamiseksi otamme k\u00e4ytt\u00f6\u00f6n seuraavan erityisen tuotantoprosessin: <\/p>\n\n\n\n<p>1. PEG-40-hydratun risiini\u00f6ljyn, piparminttu\u00f6ljyn ja didekyylidimetyyliammoniumkloridin raaka-aineet seulotaan tarkasti sen puhtauden ja laadun varmistamiseksi; <\/p>\n\n\n\n<p>2. Lis\u00e4ttyjen raaka-aineiden m\u00e4\u00e4r\u00e4n tarkka valvonta, jotta varmistetaan, ett\u00e4 tuote on turvallinen ja tehokas; <\/p>\n\n\n\n<p>3. Matalan l\u00e4mp\u00f6tilan sekoitustekniikan k\u00e4ytt\u00f6\u00f6notto raaka-aineiden toiminnan vapauttamiseksi t\u00e4ysim\u00e4\u00e4r\u00e4isesti; <\/p>\n\n\n\n<p>4. Aseptinen t\u00e4ytt\u00f6 varmistaaksesi, ett\u00e4 tuote on turvallinen ja hygieeninen;<\/p>\n\n\n\n<p>5. T\u00e4ysi laadunvalvonta varmistaa, ett\u00e4 jokainen pullo antibioottista suuvett\u00e4 t\u00e4ytt\u00e4\u00e4 kansalliset standardit. Yll\u00e4 olevan prosessin kautta tuomme sinulle korkealaatuisen ja luotettavan suunhoitotuotteen.<\/p>","protected":false},"excerpt":{"rendered":"Common Formulas The core ingredients of Antibiotic Mouthwash, PEG-40 Hydrogenated Castor Oil, Peppermint Oil and Didecyldimethylammonium Chloride, are broad-spectrum antimicrobial agents that can effectively inhibit the growth of bacteria in the oral cavity and prevent oral diseases. PEG-40 Hydrogenated Castor Oil and Peppermint Oil have a mild disinfectant effect, which can effectively remove bad odors [&hellip;]","protected":false},"featured_media":684,"menu_order":0,"template":"","meta":[],"product-tag":[201,206,207,208,212,213,214],"products":[72],"class_list":["post-683","product","type-product","status-publish","has-post-thumbnail","hentry","product-tag-mouthwash-manufacturer","product-tag-mouthwash-companies","product-tag-mouthwash-factory","product-tag-mouthwash-suppliers","product-tag-mouthwash-contract-manufacturer","product-tag-antiseptic-mouthwashes-manufacturer","product-tag-mouthwash-manufacturers-usa","products-mouthwash"],"acf":[],"_links":{"self":[{"href":"https:\/\/www.ruiqigo.com\/fi\/wp-json\/wp\/v2\/product\/683","targetHints":{"allow":["GET"]}}],"collection":[{"href":"https:\/\/www.ruiqigo.com\/fi\/wp-json\/wp\/v2\/product"}],"about":[{"href":"https:\/\/www.ruiqigo.com\/fi\/wp-json\/wp\/v2\/types\/product"}],"version-history":[{"count":0,"href":"https:\/\/www.ruiqigo.com\/fi\/wp-json\/wp\/v2\/product\/683\/revisions"}],"wp:featuredmedia":[{"embeddable":true,"href":"https:\/\/www.ruiqigo.com\/fi\/wp-json\/wp\/v2\/media\/684"}],"wp:attachment":[{"href":"https:\/\/www.ruiqigo.com\/fi\/wp-json\/wp\/v2\/media?parent=683"}],"wp:term":[{"taxonomy":"product-tag","embeddable":true,"href":"https:\/\/www.ruiqigo.com\/fi\/wp-json\/wp\/v2\/product-tag?post=683"},{"taxonomy":"products","embeddable":true,"href":"https:\/\/www.ruiqigo.com\/fi\/wp-json\/wp\/v2\/products?post=683"}],"curies":[{"name":"wp","href":"https:\/\/api.w.org\/{rel}","templated":true}]}}