{"id":692,"date":"2024-07-25T20:26:42","date_gmt":"2024-07-25T12:26:42","guid":{"rendered":"https:\/\/ruiqigo.com\/?post_type=product&#038;p=692"},"modified":"2025-09-03T15:22:06","modified_gmt":"2025-09-03T07:22:06","slug":"nystatin-mouthwash","status":"publish","type":"product","link":"https:\/\/www.ruiqigo.com\/fi\/product\/nystatin-mouthwash","title":{"rendered":"Nystatin suuvesi"},"content":{"rendered":"<h2 class=\"wp-block-heading\">Yleiset kaavat<\/h2>\n\n\n\n<p>Nystatin Mouthwash -suuveden ydinaine, <strong>mykotoksiini<\/strong>, on laajakirjoinen antimikrobinen aine, joka voi tehokkaasti est\u00e4\u00e4 bakteerien kasvua suussa ja ehk\u00e4ist\u00e4 suun sairauksia. Se on vaaraton ihmiskeholle ja sopii pitk\u00e4aikaiseen k\u00e4ytt\u00f6\u00f6n. <\/p>\n\n\n\n<p><strong>PEG-40 hydrattu risiini\u00f6ljy<\/strong> sill\u00e4 on liev\u00e4 desinfioiva vaikutus, joka voi tehokkaasti poistaa suun hajun ja parantaa suun ymp\u00e4rist\u00f6\u00e4. <\/p>\n\n\n\n<p>Lis\u00e4ksi, <strong>mansikka, appelsiini, kaneli, vihre\u00e4 tee, minttu ja muut maut<\/strong> voi tarjota raikkaan maun ja auttaa lievitt\u00e4m\u00e4\u00e4n suun ep\u00e4mukavuutta.<\/p>\n\n\n\n<h2 class=\"wp-block-heading\">Sovellettavat skenaariot<\/h2>\n\n\n\n<p>Nystatin-suuvett\u00e4 voidaan k\u00e4ytt\u00e4\u00e4 useissa eri tilanteissa, erityisesti seuraavissa tilanteissa: <\/p>\n\n\n\n<p>1. aterioiden j\u00e4lkeen puhdistaa tehokkaasti ruokaj\u00e4tteet ja pit\u00e4\u00e4 hengityksen raikkaana; <\/p>\n\n\n\n<p>2. y\u00f6n valvomisen ja tupakoinnin j\u00e4lkeen v\u00e4hent\u00e4\u00e4 pahanhajuista hengityst\u00e4 ja huolehtia hampaiden terveydest\u00e4; <\/p>\n\n\n\n<p>3. erityisiss\u00e4 tilaisuuksissa, kuten h\u00e4iss\u00e4, haastatteluissa jne. pit\u00e4\u00e4kseen hengityksen raikkaana; <\/p>\n\n\n\n<p>4. suun sairauksien hoidon j\u00e4lkeen auttaa suuontelon puhdistamisessa.<\/p>\n\n\n\n<h2 class=\"wp-block-heading\">Kenelle Nystatin Mouthwash sopii<\/h2>\n\n\n\n<p>Nystatin Mouthwash sopii monenlaisille ihmisille, erityisesti suositellaan seuraaville kuluttajille: <\/p>\n\n\n\n<p>1. suun hajun vaivaamat ihmiset, kuten tupakoitsijat, pysyv\u00e4t usein hereill\u00e4 my\u00f6h\u00e4\u00e4n v\u00e4kijoukkoja; <\/p>\n\n\n\n<p>2. ihmiset, joilla on herk\u00e4t hampaat, t\u00e4ytyy puhdistaa varovasti v\u00e4kijoukkoon; <\/p>\n\n\n\n<p>3. Diabetespotilaiden on kiinnitett\u00e4v\u00e4 erityist\u00e4 huomiota suun hoitoon suuren parodontaaliriskin vuoksi; <\/p>\n\n\n\n<p>4. haluan kokeilla uudenlaisia suunhoitotuotteita, joista kuluttajat voivat nauttia! Nystatin Mouthwash tuo suun terveytt\u00e4.<\/p>\n\n\n\n<h2 class=\"wp-block-heading\">Tuotantoprosessi<\/h2>\n\n\n\n<p>Varmistaaksemme nystatiini-suuveden laadun otamme k\u00e4ytt\u00f6\u00f6n seuraavan erityisen tuotantoprosessin: <\/p>\n\n\n\n<p>1. Mykofenolihapon ja PEG-40-hydratun risiini\u00f6ljyraaka-aineiden tiukka seulonta niiden puhtauden ja laadun varmistamiseksi; <\/p>\n\n\n\n<p>2. Lis\u00e4ttyjen raaka-aineiden m\u00e4\u00e4r\u00e4n tarkka valvonta tuotteen turvallisuuden ja tehokkuuden varmistamiseksi; <\/p>\n\n\n\n<p>3. Matalan l\u00e4mp\u00f6tilan sekoitustekniikan k\u00e4ytt\u00f6, raaka-aineet vapauttamaan t\u00e4ysin aseptisen t\u00e4yt\u00f6n toiminnan sen varmistamiseksi, ett\u00e4 tuote on turvallinen ja hygieeninen. <\/p>\n\n\n\n<p>4. T\u00e4ysi laadunvalvonta sen varmistamiseksi, ett\u00e4 tuote on turvallinen ja hygieeninen; <\/p>\n\n\n\n<p>5. Koko laadunvalvontaprosessi sen varmistamiseksi, ett\u00e4 jokainen Nystatin Mouthwash -pullo t\u00e4ytt\u00e4\u00e4 kansalliset standardit. <\/p>\n\n\n\n<p>Yll\u00e4 olevan prosessin kautta tuomme sinulle korkealaatuisen ja luotettavan suunhoitotuotteen.<\/p>","protected":false},"excerpt":{"rendered":"Common Formulas The core ingredient of Nystatin Mouthwash, mycotoxin, is a broad-spectrum antimicrobial agent that can effectively inhibit the growth of bacteria in the mouth and prevent oral diseases. It is harmless to human body and suitable for long-term use. PEG-40 hydrogenated castor oil has a mild disinfectant effect, which can effectively remove oral odor [&hellip;]","protected":false},"featured_media":698,"menu_order":0,"template":"","meta":[],"product-tag":[201,206,207,208,212,213,216],"products":[72],"class_list":["post-692","product","type-product","status-publish","has-post-thumbnail","hentry","product-tag-mouthwash-manufacturer","product-tag-mouthwash-companies","product-tag-mouthwash-factory","product-tag-mouthwash-suppliers","product-tag-mouthwash-contract-manufacturer","product-tag-antiseptic-mouthwashes-manufacturer","product-tag-private-label-mouthwash-manufacturers","products-mouthwash"],"acf":[],"_links":{"self":[{"href":"https:\/\/www.ruiqigo.com\/fi\/wp-json\/wp\/v2\/product\/692","targetHints":{"allow":["GET"]}}],"collection":[{"href":"https:\/\/www.ruiqigo.com\/fi\/wp-json\/wp\/v2\/product"}],"about":[{"href":"https:\/\/www.ruiqigo.com\/fi\/wp-json\/wp\/v2\/types\/product"}],"version-history":[{"count":0,"href":"https:\/\/www.ruiqigo.com\/fi\/wp-json\/wp\/v2\/product\/692\/revisions"}],"wp:featuredmedia":[{"embeddable":true,"href":"https:\/\/www.ruiqigo.com\/fi\/wp-json\/wp\/v2\/media\/698"}],"wp:attachment":[{"href":"https:\/\/www.ruiqigo.com\/fi\/wp-json\/wp\/v2\/media?parent=692"}],"wp:term":[{"taxonomy":"product-tag","embeddable":true,"href":"https:\/\/www.ruiqigo.com\/fi\/wp-json\/wp\/v2\/product-tag?post=692"},{"taxonomy":"products","embeddable":true,"href":"https:\/\/www.ruiqigo.com\/fi\/wp-json\/wp\/v2\/products?post=692"}],"curies":[{"name":"wp","href":"https:\/\/api.w.org\/{rel}","templated":true}]}}