{"id":693,"date":"2024-07-25T17:01:57","date_gmt":"2024-07-25T09:01:57","guid":{"rendered":"https:\/\/ruiqigo.com\/?post_type=product&#038;p=693"},"modified":"2024-11-01T14:20:14","modified_gmt":"2024-11-01T06:20:14","slug":"cinnamon-breath-spray","status":"publish","type":"product","link":"https:\/\/www.ruiqigo.com\/fi\/product\/cinnamon-breath-spray","title":{"rendered":"Kaneli hengityssuihke"},"content":{"rendered":"<h2 class=\"wp-block-heading\">Kanelihengityssuihkeen yleisten kaavojen valmistus<\/h2>\n\n\n\n<p>Kanelihengityssuihkeen ydinainesosat, kuten Melaleuca alternifolia -lehti\u00f6ljy, teelehtiuute, mirha\u00f6ljy ja kaneli\u00f6ljy, antavat ainutlaatuisen ja virkist\u00e4v\u00e4n tuoksun. N\u00e4m\u00e4 ainesosat voivat tehokkaasti est\u00e4\u00e4 bakteerien kasvua suussa ja ehk\u00e4ist\u00e4 suun sairauksia. Teelehtiuute, joka on runsaasti antioksidantteja, voi tehokkaasti poistaa suun hajuja, kun taas mirha\u00f6ljyll\u00e4 ja kaneli\u00f6ljyll\u00e4 on voimakkaita antibakteerisia vaikutuksia, jotka auttavat parantamaan suun ymp\u00e4rist\u00f6\u00e4.<\/p>\n\n\n\n<h2 class=\"wp-block-heading\">Kanelihengityssuihkeen sovellettavat skenaariot<\/h2>\n\n\n\n<p>Kanelihengityssuihketta voidaan k\u00e4ytt\u00e4\u00e4 useissa eri tilanteissa, erityisesti seuraavissa tilanteissa: <\/p>\n\n\n\n<p>1. aterioiden j\u00e4lkeen puhdistaa tehokkaasti ruokaj\u00e4\u00e4m\u00e4t ja pit\u00e4\u00e4 hengityksen raikkaana; <\/p>\n\n\n\n<p>2. y\u00f6n yli valvomisen ja tupakoinnin j\u00e4lkeen suun hajun v\u00e4hent\u00e4miseksi ja hampaiden terveydest\u00e4 huolehtimiseksi; <\/p>\n\n\n\n<p>3. erityistilaisuuksissa, kuten h\u00e4iss\u00e4, haastatteluissa jne., raikkaan hengityksen s\u00e4ilytt\u00e4miseksi; <\/p>\n\n\n\n<p>4. suun sairauksien hoidon j\u00e4lkeen auttaa suuontelon puhdistamisessa.<\/p>\n\n\n\n<h2 class=\"wp-block-heading\">Kenelle Cinnamon Breath -suihke sopii<\/h2>\n\n\n\n<p>Kanelihengityssuihke sopii monenlaisille ihmisille, ja sit\u00e4 suositellaan erityisesti seuraaville kuluttajille: <\/p>\n\n\n\n<p>1. ihmiset, joita h\u00e4iritsee suun haju, kuten tupakoitsijat, ihmiset, jotka valvovat usein my\u00f6h\u00e4\u00e4n illalla; <\/p>\n\n\n\n<p>2. ihmiset, joilla on herk\u00e4t hampaat ja jotka tarvitsevat hell\u00e4varaista puhdistusta; <\/p>\n\n\n\n<p>3. diabeetikot, joilla on suuri riski sairastua parodontaaliin ja joiden on kiinnitett\u00e4v\u00e4 erityist\u00e4 huomiota suun hoitoon; <\/p>\n\n\n\n<p>4. kuluttajille, jotka haluavat kokeilla uusia suunhoitotuotteita ja nauttia Cinnamon Breath Spray -suihkeen hy\u00f6dyist\u00e4. Cinnamon Breath Spray edist\u00e4\u00e4 suun terveytt\u00e4.<\/p>\n\n\n\n<h2 class=\"wp-block-heading\">Kanelihengityssuihkeen tuotantoprosessi<\/h2>\n\n\n\n<p>Ammattimaisena Cinnamon Breath -suihkeen valmistajana k\u00e4yt\u00e4mme seuraavaa erityist\u00e4 tuotantoprosessia: <\/p>\n\n\n\n<p>1. Tarkista tarkasti Melaleuca alternifolia -lehti\u00f6ljyn, teelehtiuutteen, mirha\u00f6ljyn ja kaneli\u00f6ljyn raaka-aineet niiden puhtauden ja laadun varmistamiseksi; <\/p>\n\n\n\n<p>2. Tarkkaile lis\u00e4ttyjen raaka-aineiden m\u00e4\u00e4r\u00e4\u00e4 varmistaaksesi, ett\u00e4 tuote on turvallinen ja tehokas; <\/p>\n\n\n\n<p>3. Matalan l\u00e4mp\u00f6tilan sekoitustekniikan k\u00e4ytt\u00f6\u00f6notto raaka-aineiden aktiivisuuden t\u00e4ydelliseksi vapauttamiseksi; <\/p>\n\n\n\n<p>4. Aseptinen t\u00e4ytt\u00f6 tuotteen turvallisuuden ja hygienian varmistamiseksi;  <\/p>\n\n\n\n<p>5. T\u00e4ydellinen laadunvalvonta sen varmistamiseksi, ett\u00e4 jokainen Cinnamon Breath Spray -pullo t\u00e4ytt\u00e4\u00e4 kansalliset standardit. <\/p>\n\n\n\n<p>Yll\u00e4 mainitun prosessin avulla, arvokkaana Cinnamon Breath -suihkeen valmistajana, tarjoamme sinulle korkealaatuisen ja luotettavan suunhoitotuotteen.<\/p>","protected":false},"excerpt":{"rendered":"Cinnamon Breath spray manufacturing common formulas The core ingredients of Cinnamon Breath Spray, including Melaleuca alternifolia leaf oil, tea leaf extract, myrrh oil and cinnamon oil, have a unique and refreshing aroma. These ingredients can effectively inhibit the growth of bacteria in the mouth and prevent oral diseases. Tea leaf extract, which is rich in [&hellip;]","protected":false},"featured_media":694,"menu_order":0,"template":"","meta":[],"product-tag":[],"products":[73],"class_list":["post-693","product","type-product","status-publish","has-post-thumbnail","hentry","products-breath-spray"],"acf":[],"_links":{"self":[{"href":"https:\/\/www.ruiqigo.com\/fi\/wp-json\/wp\/v2\/product\/693","targetHints":{"allow":["GET"]}}],"collection":[{"href":"https:\/\/www.ruiqigo.com\/fi\/wp-json\/wp\/v2\/product"}],"about":[{"href":"https:\/\/www.ruiqigo.com\/fi\/wp-json\/wp\/v2\/types\/product"}],"version-history":[{"count":0,"href":"https:\/\/www.ruiqigo.com\/fi\/wp-json\/wp\/v2\/product\/693\/revisions"}],"wp:featuredmedia":[{"embeddable":true,"href":"https:\/\/www.ruiqigo.com\/fi\/wp-json\/wp\/v2\/media\/694"}],"wp:attachment":[{"href":"https:\/\/www.ruiqigo.com\/fi\/wp-json\/wp\/v2\/media?parent=693"}],"wp:term":[{"taxonomy":"product-tag","embeddable":true,"href":"https:\/\/www.ruiqigo.com\/fi\/wp-json\/wp\/v2\/product-tag?post=693"},{"taxonomy":"products","embeddable":true,"href":"https:\/\/www.ruiqigo.com\/fi\/wp-json\/wp\/v2\/products?post=693"}],"curies":[{"name":"wp","href":"https:\/\/api.w.org\/{rel}","templated":true}]}}