{"id":702,"date":"2024-07-25T20:34:12","date_gmt":"2024-07-25T12:34:12","guid":{"rendered":"https:\/\/ruiqigo.com\/?post_type=product&#038;p=702"},"modified":"2025-09-03T15:21:59","modified_gmt":"2025-09-03T07:21:59","slug":"biotin-mouthwash","status":"publish","type":"product","link":"https:\/\/www.ruiqigo.com\/fi\/product\/biotin-mouthwash","title":{"rendered":"Biotiininen suuvesi"},"content":{"rendered":"<h2 class=\"wp-block-heading\">Yleiset kaavat<\/h2>\n\n\n\n<p>Biotiini-suuveden ydinainesosa, PEG-40-hydrattu risiini\u00f6ljy, desinfioi miedosti ja poistaa tehokkaasti suun hajuja sek\u00e4 parantaa suuhygieniaa. <\/p>\n\n\n\n<p>Biotiini on B-vitamiinikompleksi, joka voi edist\u00e4\u00e4 suun limakalvojen korjausta, parantaa suun vastustuskyky\u00e4 ja ehk\u00e4ist\u00e4 suun sairauksia. <\/p>\n\n\n\n<p>Lis\u00e4ksi mansikka, appelsiini, kaneli, vihre\u00e4 tee, minttu ja muut maut voivat tarjota raikkaan maun ja auttaa lievitt\u00e4m\u00e4\u00e4n suun ep\u00e4mukavuutta.<\/p>\n\n\n\n<h2 class=\"wp-block-heading\">Sovellettavat skenaariot<\/h2>\n\n\n\n<p>Biotiini-suuvett\u00e4 voidaan k\u00e4ytt\u00e4\u00e4 useissa eri tilanteissa, erityisesti seuraavissa tilanteissa: <\/p>\n\n\n\n<p>1. aterioiden j\u00e4lkeen puhdistaa tehokkaasti ruokaj\u00e4tteet ja pit\u00e4\u00e4 hengityksen raikkaana; <\/p>\n\n\n\n<p>2. y\u00f6n yli valvomisen ja tupakoinnin j\u00e4lkeen suun pahan maun lievitt\u00e4miseksi ja hampaiden terveydest\u00e4 huolehtimiseksi; <\/p>\n\n\n\n<p>3. erityisiss\u00e4 tilaisuuksissa, kuten h\u00e4iss\u00e4, haastatteluissa jne. pit\u00e4\u00e4kseen hengityksen raikkaana; <\/p>\n\n\n\n<p>4. suun sairauksien hoidon j\u00e4lkeen auttaa suuontelon puhdistamisessa.<\/p>\n\n\n\n<h2 class=\"wp-block-heading\">Kenelle biotiini-suuvesi sopii<\/h2>\n\n\n\n<p>Biotiini-suuvesi sopii monenlaisille ihmisille, erityisesti seuraaville kuluttajille: <\/p>\n\n\n\n<p>1. ihmiset, joita h\u00e4iritsee suun haju, kuten tupakoitsijat, ihmiset, jotka her\u00e4\u00e4v\u00e4t usein my\u00f6h\u00e4\u00e4n; <\/p>\n\n\n\n<p>2. ihmiset, joilla on herk\u00e4t hampaat ja jotka tarvitsevat hell\u00e4varaista puhdistusta; <\/p>\n\n\n\n<p>3. diabeetikot, joilla on suuri parodontiitin riski ja joiden on kiinnitett\u00e4v\u00e4 erityist\u00e4 huomiota suunhoitoon; <\/p>\n\n\n\n<p>4. kuluttajat, jotka haluavat kokeilla uusia suunhoitotuotteita nauttiakseen Biotin Mouthwassin tarjoamista suun terveyshy\u00f6dyist\u00e4; <\/p>\n\n\n\n<p>5. kuluttajat, jotka haluavat kokeilla uusia suunhoitotuotteita nauttiakseen Biotin Mouthwashin tarjoamista suun terveyshy\u00f6dyist\u00e4. Suuvesi edist\u00e4\u00e4 suun terveytt\u00e4.<\/p>\n\n\n\n<h2 class=\"wp-block-heading\">Tuotantoprosessi<\/h2>\n\n\n\n<p>Biotiini-suuveden laadun varmistamiseksi k\u00e4yt\u00e4mme seuraavaa erityist\u00e4 tuotantoprosessia: <\/p>\n\n\n\n<p>1. Tarkkaile PEG-40-hydratun risiini\u00f6ljyn ja biotiinin raaka-aineita tarkasti niiden puhtauden ja laadun varmistamiseksi; <\/p>\n\n\n\n<p>2. Tarkkaile lis\u00e4ttyjen raaka-aineiden m\u00e4\u00e4r\u00e4\u00e4 varmistaaksesi, ett\u00e4 tuote on turvallinen ja tehokas; <\/p>\n\n\n\n<p>3. Ota k\u00e4ytt\u00f6\u00f6n matalan l\u00e4mp\u00f6tilan sekoitustekniikka vapauttaaksesi t\u00e4ysin raaka-aineiden aktiivisuuden; <\/p>\n\n\n\n<p>4. Aseptinen t\u00e4ytt\u00f6 varmistaaksesi, ett\u00e4 tuote on turvallinen ja hygieeninen; <\/p>\n\n\n\n<p>5. T\u00e4ydellinen laadunvalvonta sen varmistamiseksi, ett\u00e4 jokainen Biotin Mouthwash -pullo t\u00e4ytt\u00e4\u00e4 kansalliset standardit. Yll\u00e4 mainitun prosessin avulla tarjoamme sinulle korkealaatuisen ja luotettavan suunhoitotuotteen.<\/p>","protected":false},"excerpt":{"rendered":"Common Formulas Biotin Mouthwash&#8217;s core ingredient, PEG-40 Hydrogenated Castor Oil, has a mild disinfecting effect, which can effectively remove oral odor and improve the oral environment. Biotin is a vitamin B complex, which can promote the repair of oral mucosa, improve oral immunity and prevent oral diseases. In addition, strawberry, orange, cinnamon, green tea, mint [&hellip;]","protected":false},"featured_media":703,"menu_order":0,"template":"","meta":[],"product-tag":[201,206,208,211,212,216],"products":[72],"class_list":["post-702","product","type-product","status-publish","has-post-thumbnail","hentry","product-tag-mouthwash-manufacturer","product-tag-mouthwash-companies","product-tag-mouthwash-suppliers","product-tag-alkaline-mouthwash-manufacturer","product-tag-mouthwash-contract-manufacturer","product-tag-private-label-mouthwash-manufacturers","products-mouthwash"],"acf":[],"_links":{"self":[{"href":"https:\/\/www.ruiqigo.com\/fi\/wp-json\/wp\/v2\/product\/702","targetHints":{"allow":["GET"]}}],"collection":[{"href":"https:\/\/www.ruiqigo.com\/fi\/wp-json\/wp\/v2\/product"}],"about":[{"href":"https:\/\/www.ruiqigo.com\/fi\/wp-json\/wp\/v2\/types\/product"}],"version-history":[{"count":0,"href":"https:\/\/www.ruiqigo.com\/fi\/wp-json\/wp\/v2\/product\/702\/revisions"}],"wp:featuredmedia":[{"embeddable":true,"href":"https:\/\/www.ruiqigo.com\/fi\/wp-json\/wp\/v2\/media\/703"}],"wp:attachment":[{"href":"https:\/\/www.ruiqigo.com\/fi\/wp-json\/wp\/v2\/media?parent=702"}],"wp:term":[{"taxonomy":"product-tag","embeddable":true,"href":"https:\/\/www.ruiqigo.com\/fi\/wp-json\/wp\/v2\/product-tag?post=702"},{"taxonomy":"products","embeddable":true,"href":"https:\/\/www.ruiqigo.com\/fi\/wp-json\/wp\/v2\/products?post=702"}],"curies":[{"name":"wp","href":"https:\/\/api.w.org\/{rel}","templated":true}]}}