{"id":708,"date":"2024-07-25T20:42:48","date_gmt":"2024-07-25T12:42:48","guid":{"rendered":"https:\/\/ruiqigo.com\/?post_type=product&#038;p=708"},"modified":"2024-11-01T14:19:30","modified_gmt":"2024-11-01T06:19:30","slug":"xylitol-breath-spray","status":"publish","type":"product","link":"https:\/\/www.ruiqigo.com\/fi\/product\/xylitol-breath-spray","title":{"rendered":"Ksylitoli-hengityssuihke"},"content":{"rendered":"<h2 class=\"wp-block-heading\">Ksylitolihengityssumutteen valmistus yleisi\u00e4 kaavoja<\/h2>\n\n\n\n<p>Xylitol Breath Sprayn ydinainesosa, ksylitoli, on luonnollinen makeutusaine, jolla on onteloa est\u00e4vi\u00e4 ominaisuuksia. Ksylitoli est\u00e4\u00e4 kariesta aiheuttavien bakteerien kasvua suussa ja v\u00e4hent\u00e4\u00e4 plakin muodostumista, mik\u00e4 v\u00e4hent\u00e4\u00e4 hampaiden reikiintymist\u00e4. Lis\u00e4ksi ksylitoli voi tarjota raikkaan maun, parantaa suun ymp\u00e4rist\u00f6\u00e4 ja huolehtia hampaiden terveydest\u00e4.<\/p>\n\n\n\n<h2 class=\"wp-block-heading\">Ksylitolihengityssumutetta koskevat skenaariot<\/h2>\n\n\n\n<p>Xylitol Breath Sprayta voidaan k\u00e4ytt\u00e4\u00e4 useissa eri tilanteissa, erityisesti seuraavissa tilanteissa: <\/p>\n\n\n\n<p>1. aterioiden j\u00e4lkeen puhdistaa tehokkaasti ruokaj\u00e4tteet, pit\u00e4\u00e4 hengityksen raikkaana; <\/p>\n\n\n\n<p>2. my\u00f6h\u00e4\u00e4n y\u00f6pymisen, tupakoinnin j\u00e4lkeen v\u00e4hent\u00e4\u00e4 suun huonoa makua, huolehtia hampaiden terveydest\u00e4; <\/p>\n\n\n\n<p>3. erityistilaisuudet, kuten h\u00e4\u00e4t, ty\u00f6haastattelut jne., jotta hengitys pysyy raikkaana; <\/p>\n\n\n\n<p>4. suun sairauksien hoidon j\u00e4lkeen auttaa suuontelon puhdistamisessa.<\/p>\n\n\n\n<h2 class=\"wp-block-heading\">Kenelle Xylitol-hengityssuihke sopii<\/h2>\n\n\n\n<p>Xylitol Breath Spray sopii monenlaisille ihmisille, erityisesti suositellaan seuraaville kuluttajille: <\/p>\n\n\n\n<p>1. ihmiset, joita h\u00e4iritsee suun haju, kuten tupakoitsijat, ihmiset, jotka valvovat usein my\u00f6h\u00e4\u00e4n illalla; <\/p>\n\n\n\n<p>2. ihmiset, joilla on herk\u00e4t hampaat ja jotka tarvitsevat hell\u00e4varaista puhdistusta; <\/p>\n\n\n\n<p>3. diabeetikot, joilla on suuri riski sairastua parodontaaliin ja joiden on kiinnitett\u00e4v\u00e4 erityist\u00e4 huomiota suun hoitoon; <\/p>\n\n\n\n<p>4. kuluttajat, jotka haluavat kokeilla uusia suunhoitotuotteita nauttiakseen tuotteen eduista. Xylitol Breath Spray tuo suun terveytt\u00e4.<\/p>\n\n\n\n<h2 class=\"wp-block-heading\">Ksylitolihengityssumuttimen valmistusprosessi<\/h2>\n\n\n\n<p>Arvokkaana ksylitolihengityssuihkeiden valmistajana otamme k\u00e4ytt\u00f6\u00f6n seuraavan erityisen tuotantoprosessin: <\/p>\n\n\n\n<p>1. ksylitolin raaka-aineiden tiukka seulonta sen puhtauden ja laadun varmistamiseksi; <\/p>\n\n\n\n<p>2. lis\u00e4tyn ksylitolin m\u00e4\u00e4r\u00e4n tarkka valvonta tuotteen turvallisuuden ja tehokkuuden varmistamiseksi;<\/p>\n\n\n\n<p>3. matalan l\u00e4mp\u00f6tilan sekoitustekniikan k\u00e4ytt\u00f6, ksylitolin aktiivisuuden t\u00e4ysi vapauttaminen; <\/p>\n\n\n\n<p>4. aseptinen t\u00e4ytt\u00f6 sen varmistamiseksi, ett\u00e4 tuote on turvallinen ja hygieeninen; <\/p>\n\n\n\n<p>5. koko laadunvalvontaprosessi. Varmista, ett\u00e4 jokainen Xylitol Breath Spray -pullo t\u00e4ytt\u00e4\u00e4 kansalliset standardit.<\/p>\n\n\n\n<p>Yll\u00e4 olevan prosessin kautta tarjoamme ammattimaisena Xylitol-hengityssuihkeen valmistajana sinulle korkealaatuisen ja luotettavan suunhoitotuotteen.<\/p>","protected":false},"excerpt":{"rendered":"Xylitol breath spray manufacturing common formulas Xylitol Breath Spray&#8217;s core ingredient, xylitol, is a natural sweetener with anti-cavity properties. Xylitol inhibits the growth of caries-causing bacteria in the mouth and reduces the formation of plaque, thus reducing the incidence of tooth decay. In addition, xylitol can provide a fresh taste, improve the oral environment and [&hellip;]","protected":false},"featured_media":713,"menu_order":0,"template":"","meta":[],"product-tag":[],"products":[73],"class_list":["post-708","product","type-product","status-publish","has-post-thumbnail","hentry","products-breath-spray"],"acf":[],"_links":{"self":[{"href":"https:\/\/www.ruiqigo.com\/fi\/wp-json\/wp\/v2\/product\/708","targetHints":{"allow":["GET"]}}],"collection":[{"href":"https:\/\/www.ruiqigo.com\/fi\/wp-json\/wp\/v2\/product"}],"about":[{"href":"https:\/\/www.ruiqigo.com\/fi\/wp-json\/wp\/v2\/types\/product"}],"version-history":[{"count":0,"href":"https:\/\/www.ruiqigo.com\/fi\/wp-json\/wp\/v2\/product\/708\/revisions"}],"wp:featuredmedia":[{"embeddable":true,"href":"https:\/\/www.ruiqigo.com\/fi\/wp-json\/wp\/v2\/media\/713"}],"wp:attachment":[{"href":"https:\/\/www.ruiqigo.com\/fi\/wp-json\/wp\/v2\/media?parent=708"}],"wp:term":[{"taxonomy":"product-tag","embeddable":true,"href":"https:\/\/www.ruiqigo.com\/fi\/wp-json\/wp\/v2\/product-tag?post=708"},{"taxonomy":"products","embeddable":true,"href":"https:\/\/www.ruiqigo.com\/fi\/wp-json\/wp\/v2\/products?post=708"}],"curies":[{"name":"wp","href":"https:\/\/api.w.org\/{rel}","templated":true}]}}