{"id":10,"date":"2024-04-24T15:45:14","date_gmt":"2024-04-24T07:45:14","guid":{"rendered":"https:\/\/ruiqigo.com\/?page_id=10"},"modified":"2024-12-24T09:57:03","modified_gmt":"2024-12-24T01:57:03","slug":"service","status":"publish","type":"page","link":"https:\/\/www.ruiqigo.com\/fr\/service","title":{"rendered":"Service"},"content":{"rendered":"<div class=\"wp-block-columns are-vertically-aligned-center mb-60 is-layout-flex wp-container-core-columns-is-layout-9d6595d7 wp-block-columns-is-layout-flex\">\n<div class=\"wp-block-column is-vertically-aligned-center is-layout-flow wp-block-column-is-layout-flow\" style=\"flex-basis:40%\">\n<figure class=\"wp-block-image size-full pr-40\"><img fetchpriority=\"high\" decoding=\"async\" width=\"1000\" height=\"667\" src=\"https:\/\/www.ruiqigo.com\/wp-content\/uploads\/2024\/07\/P4-2-S2-.jpg\" alt=\"service\" class=\"wp-image-785\" srcset=\"https:\/\/www.ruiqigo.com\/wp-content\/uploads\/2024\/07\/P4-2-S2-.jpg 1000w, https:\/\/www.ruiqigo.com\/wp-content\/uploads\/2024\/07\/P4-2-S2--768x512.jpg 768w\" sizes=\"(max-width: 1000px) 100vw, 1000px\" \/><\/figure>\n<\/div>\n\n\n\n<div class=\"wp-block-column is-vertically-aligned-center is-layout-flow wp-block-column-is-layout-flow\" style=\"flex-basis:60%\">\n<h2 class=\"wp-block-heading\">Solution compl\u00e8te, attentes d\u00e9pass\u00e9es<\/h2>\n\n\n\n<div class=\"wp-block-columns mb-40 is-layout-flex wp-container-core-columns-is-layout-9d6595d7 wp-block-columns-is-layout-flex\">\n<div class=\"wp-block-column is-layout-flow wp-block-column-is-layout-flow\">\n<h3 class=\"wp-block-heading\">Unit\u00e9 de conception<\/h3>\n\n\n\n<p>\u00c9quipe d&#039;experts en conception<\/p>\n<\/div>\n\n\n\n<div class=\"wp-block-column is-layout-flow wp-block-column-is-layout-flow\">\n<h3 class=\"wp-block-heading\">Divers mat\u00e9riaux d&#039;emballage<\/h3>\n\n\n\n<p>Plus de 6 types d&#039;options<\/p>\n<\/div>\n<\/div>\n\n\n\n<div class=\"wp-block-columns mb-40 is-layout-flex wp-container-core-columns-is-layout-9d6595d7 wp-block-columns-is-layout-flex\">\n<div class=\"wp-block-column is-layout-flow wp-block-column-is-layout-flow\">\n<h3 class=\"wp-block-heading\">Moulures assorties<\/h3>\n\n\n\n<p>Rester au courant des tendances<\/p>\n<\/div>\n\n\n\n<div class=\"wp-block-column is-layout-flow wp-block-column-is-layout-flow\">\n<h3 class=\"wp-block-heading\">Communication efficace<\/h3>\n\n\n\n<p>Une cha\u00eene d&#039;approvisionnement coop\u00e9rative<\/p>\n<\/div>\n<\/div>\n\n\n\n<div class=\"wp-block-columns is-layout-flex wp-container-core-columns-is-layout-9d6595d7 wp-block-columns-is-layout-flex\">\n<div class=\"wp-block-column is-layout-flow wp-block-column-is-layout-flow\">\n<h3 class=\"wp-block-heading\">Assurance qualit\u00e9<\/h3>\n\n\n\n<p>\u00c9quipement de contr\u00f4le qualit\u00e9 sp\u00e9cialis\u00e9<\/p>\n<\/div>\n\n\n\n<div class=\"wp-block-column is-layout-flow wp-block-column-is-layout-flow\">\n<h3 class=\"wp-block-heading\">Service de vente satisfaisant<\/h3>\n\n\n\n<p>R\u00e9ponse dans 8 heures<\/p>\n<\/div>\n<\/div>\n<\/div>\n<\/div>\n\n\n\n<h2 class=\"wp-block-heading\">Des solutions adapt\u00e9es aux besoins individuels<\/h2>\n\n\n\n<p>Nous \u00e9coutons, analysons et aidons nos clients \u00e0 d\u00e9velopper un march\u00e9 plus large avec une qualit\u00e9 de produit sup\u00e9rieure.<\/p>\n\n\n\n<div class=\"wp-block-columns mb-60 is-layout-flex wp-container-core-columns-is-layout-9d6595d7 wp-block-columns-is-layout-flex\">\n<div class=\"wp-block-column is-layout-flow wp-block-column-is-layout-flow\">\n<div class=\"wp-block-group pl-40 pr-40 pt-40 pb-40 has-white-color has-text-color has-background has-link-color wp-elements-89fe601cef7688092ae9c6d48f43f356\" style=\"background-color:#007f44\"><div class=\"wp-block-group__inner-container is-layout-constrained wp-block-group-is-layout-constrained\">\n<h3 class=\"wp-block-heading\">Nous ajoutons de la distinction \u00e0 votre marque<\/h3>\n\n\n\n<p>Au sein de notre usine haut de gamme, nous appliquons diff\u00e9rentes couleurs, impressions de surface et autres options personnalis\u00e9es pour rendre votre logo et votre emballage plus reconnaissables pour les cosm\u00e9tiques et les soins de la peau de qualit\u00e9.<\/p>\n<\/div><\/div>\n<\/div>\n\n\n\n<div class=\"wp-block-column is-layout-flow wp-block-column-is-layout-flow\">\n<div class=\"wp-block-group pl-40 pr-40 pt-40 pb-40 has-background\" style=\"background-color:#007f44\"><div class=\"wp-block-group__inner-container is-layout-constrained wp-block-group-is-layout-constrained\">\n<h3 class=\"wp-block-heading has-white-color has-text-color has-link-color wp-elements-79e67b2ce6c99588385d2c8c46194a6b\">Nous promettons la qualit\u00e9 de votre distribution<\/h3>\n\n\n\n<p class=\"has-white-color has-text-color has-link-color wp-elements-b964fd86f34e6f5a1022559ebd826640\">Nos \u00e9quipements de production quotidienne de produits chimiques hautement efficaces et automatis\u00e9s nous permettent de suivre les tendances du march\u00e9 et de garantir que les commandes importantes peuvent \u00eatre livr\u00e9es dans les d\u00e9lais.<\/p>\n<\/div><\/div>\n<\/div>\n<\/div>\n\n\n\n<h2 class=\"wp-block-heading\">Un service attentionn\u00e9 pour vous faire gagner un temps pr\u00e9cieux<\/h2>\n\n\n\n<p>Nous nous sp\u00e9cialisons dans la r\u00e9ussite de votre entreprise en \u00e9laborant des solutions strat\u00e9giques et en vous prodiguant des conseils d&#039;experts. Un emballage cosm\u00e9tique de qualit\u00e9 peut vous faire \u00e9conomiser des co\u00fbts d&#039;investissement initiaux consid\u00e9rables, tandis qu&#039;un service rapide et attentionn\u00e9 peut vous faire \u00e9conomiser des co\u00fbts de temps apr\u00e8s la vente.<\/p>\n\n\n\n<div class=\"wp-block-columns mb-40 is-layout-flex wp-container-core-columns-is-layout-9d6595d7 wp-block-columns-is-layout-flex\">\n<div class=\"wp-block-column is-layout-flow wp-block-column-is-layout-flow\">\n<h2 class=\"wp-block-heading\">N\u00b01<\/h2>\n\n\n\n<h4 class=\"wp-block-heading\">Consultation et communication<\/h4>\n\n\n\n<p>Equipe d&#039;experts pour la r\u00e9ponse<\/p>\n<\/div>\n\n\n\n<div class=\"wp-block-column is-layout-flow wp-block-column-is-layout-flow\">\n<h2 class=\"wp-block-heading\">N\u00b02<\/h2>\n\n\n\n<h4 class=\"wp-block-heading\">Fabrication et \u00e9chantillonnage<\/h4>\n\n\n\n<p>Technologie moderne<\/p>\n<\/div>\n<\/div>\n\n\n\n<div class=\"wp-block-columns is-layout-flex wp-container-core-columns-is-layout-9d6595d7 wp-block-columns-is-layout-flex\">\n<div class=\"wp-block-column is-layout-flow wp-block-column-is-layout-flow\">\n<h2 class=\"wp-block-heading\">N\u00b03<\/h2>\n\n\n\n<h4 class=\"wp-block-heading\">Production et entreposage<\/h4>\n\n\n\n<p>Excellence dans le contr\u00f4le de la qualit\u00e9<\/p>\n<\/div>\n\n\n\n<div class=\"wp-block-column is-layout-flow wp-block-column-is-layout-flow\">\n<h2 class=\"wp-block-heading\">N\u00b04<\/h2>\n\n\n\n<h4 class=\"wp-block-heading\">Inspection et exp\u00e9dition<\/h4>\n\n\n\n<p>Gestion simplifi\u00e9e<\/p>\n<\/div>\n<\/div>","protected":false},"excerpt":{"rendered":"Solution Packed, Expectation Exceeded Design Unity Team of design experts Various Packing Materials Over 6 types of options Assorted Molding Staying on top of trends Effective Communication A cooperative supply chain Quality Assurance Specialized QC equipment Satisfactory Sales Service Response in 8 hours Solutions Tailored to Individual Needs We listen, analyze, and help our customers [&hellip;]","protected":false},"author":9,"featured_media":784,"parent":0,"menu_order":0,"comment_status":"closed","ping_status":"closed","template":"","meta":{"footnotes":""},"class_list":["post-10","page","type-page","status-publish","has-post-thumbnail","hentry"],"acf":[],"_links":{"self":[{"href":"https:\/\/www.ruiqigo.com\/fr\/wp-json\/wp\/v2\/pages\/10","targetHints":{"allow":["GET"]}}],"collection":[{"href":"https:\/\/www.ruiqigo.com\/fr\/wp-json\/wp\/v2\/pages"}],"about":[{"href":"https:\/\/www.ruiqigo.com\/fr\/wp-json\/wp\/v2\/types\/page"}],"author":[{"embeddable":true,"href":"https:\/\/www.ruiqigo.com\/fr\/wp-json\/wp\/v2\/users\/9"}],"replies":[{"embeddable":true,"href":"https:\/\/www.ruiqigo.com\/fr\/wp-json\/wp\/v2\/comments?post=10"}],"version-history":[{"count":0,"href":"https:\/\/www.ruiqigo.com\/fr\/wp-json\/wp\/v2\/pages\/10\/revisions"}],"wp:featuredmedia":[{"embeddable":true,"href":"https:\/\/www.ruiqigo.com\/fr\/wp-json\/wp\/v2\/media\/784"}],"wp:attachment":[{"href":"https:\/\/www.ruiqigo.com\/fr\/wp-json\/wp\/v2\/media?parent=10"}],"curies":[{"name":"wp","href":"https:\/\/api.w.org\/{rel}","templated":true}]}}