{"id":64,"date":"2024-04-26T00:55:27","date_gmt":"2024-04-25T16:55:27","guid":{"rendered":"https:\/\/ruiqigo.com\/?page_id=64"},"modified":"2024-12-24T10:07:42","modified_gmt":"2024-12-24T02:07:42","slug":"privacy-policy","status":"publish","type":"page","link":"https:\/\/www.ruiqigo.com\/fr\/privacy-policy","title":{"rendered":"politique de confidentialit\u00e9"},"content":{"rendered":"<h3 class=\"wp-block-heading\">Quelles informations collectons-nous ?<\/h3>\n\n\n\n<p>Nous recueillons des informations vous concernant lorsque vous vous inscrivez sur le site, passez une commande, participez \u00e0 un concours ou \u00e0 un tirage au sort, r\u00e9pondez \u00e0 une enqu\u00eate ou \u00e0 une communication telle qu&#039;un e-mail, ou participez \u00e0 une autre fonctionnalit\u00e9 du site. Lors d&#039;une commande ou d&#039;une inscription, nous pouvons vous demander votre nom, votre adresse e-mail, votre adresse postale, votre num\u00e9ro de t\u00e9l\u00e9phone, vos informations de carte de cr\u00e9dit ou d&#039;autres informations. Vous pouvez cependant visiter notre site de mani\u00e8re anonyme. Nous recueillons \u00e9galement des informations sur les destinataires de cadeaux afin de pouvoir honorer l&#039;achat du cadeau. Les informations que nous recueillons sur les destinataires de cadeaux ne sont pas utilis\u00e9es \u00e0 des fins de marketing. Comme de nombreux sites Web, nous utilisons des \u00ab cookies \u00bb pour am\u00e9liorer votre exp\u00e9rience et recueillir des informations sur les visiteurs et les visites sur nos sites Web. Veuillez vous r\u00e9f\u00e9rer \u00e0 la section \u00ab Utilisons-nous des \u00ab cookies \u00bb ? \u00bb ci-dessous pour obtenir des informations sur les cookies et la mani\u00e8re dont nous les utilisons.<\/p>\n\n\n\n<h3 class=\"wp-block-heading\">Comment utilisons-nous vos informations ?<\/h3>\n\n\n\n<p>Nous pouvons utiliser les informations que nous recueillons aupr\u00e8s de vous lorsque vous vous inscrivez, achetez des produits, participez \u00e0 un concours ou \u00e0 une promotion, r\u00e9pondez \u00e0 une enqu\u00eate ou \u00e0 une communication marketing, naviguez sur le site Web ou utilisez certaines autres fonctionnalit\u00e9s du site de la mani\u00e8re suivante : Pour personnaliser votre exp\u00e9rience sur le site et nous permettre de vous proposer le type de contenu et d&#039;offres de produits qui vous int\u00e9ressent le plus. Pour nous permettre de mieux vous servir en r\u00e9pondant \u00e0 vos demandes de service client. Pour traiter rapidement vos transactions. Pour administrer un concours, une promotion, une enqu\u00eate ou une autre fonctionnalit\u00e9 du site. Si vous avez choisi de recevoir notre bulletin d&#039;information par e-mail, nous pouvons vous envoyer des e-mails p\u00e9riodiques. Si vous ne souhaitez plus recevoir d&#039;e-mails promotionnels de notre part, veuillez vous r\u00e9f\u00e9rer \u00e0 la section \u00ab Retrait de votre consentement \u00bb ci-dessous. Si vous n&#039;avez pas choisi de recevoir des bulletins d&#039;information par e-mail, vous ne recevrez pas ces e-mails. Les visiteurs qui s&#039;inscrivent ou participent \u00e0 d&#039;autres fonctionnalit\u00e9s du site telles que les programmes de marketing et le contenu \u00ab r\u00e9serv\u00e9 aux membres \u00bb auront le choix s&#039;ils souhaitent figurer sur notre liste de diffusion et recevoir des communications par courrier \u00e9lectronique de notre part.<\/p>\n\n\n\n<h3 class=\"wp-block-heading\">Comment prot\u00e9geons-nous les informations des visiteurs ?<\/h3>\n\n\n\n<p>Nous mettons en \u0153uvre diverses mesures de s\u00e9curit\u00e9 pour pr\u00e9server la s\u00e9curit\u00e9 de vos informations personnelles. Vos informations personnelles sont contenues dans des r\u00e9seaux s\u00e9curis\u00e9s et ne sont accessibles qu&#039;\u00e0 un nombre limit\u00e9 de personnes disposant de droits d&#039;acc\u00e8s sp\u00e9ciaux \u00e0 ces syst\u00e8mes et tenues de pr\u00e9server la confidentialit\u00e9 des informations. Lorsque vous passez des commandes ou acc\u00e9dez \u00e0 vos informations personnelles, nous vous proposons l&#039;utilisation d&#039;un serveur s\u00e9curis\u00e9. Toutes les informations sensibles\/de cr\u00e9dit que vous fournissez sont transmises via la technologie Secure Socket Layer (SSL) puis crypt\u00e9es dans nos bases de donn\u00e9es pour n&#039;\u00eatre accessibles que comme indiqu\u00e9 ci-dessus.<\/p>\n\n\n\n<h3 class=\"wp-block-heading\">Utilisons-nous des \u00ab cookies \u00bb ?<\/h3>\n\n\n\n<p>Oui. Les cookies sont de petits fichiers qu&#039;un site ou son fournisseur de services transf\u00e8re sur le disque dur de votre ordinateur via votre navigateur Web (si vous l&#039;autorisez) et qui permettent aux syst\u00e8mes du site ou du fournisseur de services de reconna\u00eetre votre navigateur et de capturer et de m\u00e9moriser certaines informations. Par exemple, nous utilisons des cookies pour nous aider \u00e0 m\u00e9moriser et \u00e0 traiter les articles de votre panier d&#039;achat. Ils sont \u00e9galement utilis\u00e9s pour nous aider \u00e0 comprendre vos pr\u00e9f\u00e9rences en fonction de l&#039;activit\u00e9 pr\u00e9c\u00e9dente ou actuelle du site, ce qui nous permet de vous fournir des services am\u00e9lior\u00e9s. Nous utilisons \u00e9galement des cookies pour nous aider \u00e0 compiler des donn\u00e9es globales sur le trafic du site et l&#039;interaction avec le site afin que nous puissions offrir de meilleures exp\u00e9riences et outils sur le site \u00e0 l&#039;avenir. Nous pouvons conclure des contrats avec des fournisseurs de services tiers pour nous aider \u00e0 mieux comprendre les visiteurs de notre site. Ces fournisseurs de services ne sont pas autoris\u00e9s \u00e0 utiliser les informations collect\u00e9es en notre nom, sauf pour nous aider \u00e0 mener et \u00e0 am\u00e9liorer nos activit\u00e9s. Vous pouvez choisir que votre ordinateur vous avertisse chaque fois qu&#039;un cookie est envoy\u00e9, ou vous pouvez choisir de d\u00e9sactiver tous les cookies. Vous pouvez le faire via les param\u00e8tres de votre navigateur (comme Google Chrome, Microsoft Edge ou Safari). Chaque navigateur est un peu diff\u00e9rent, consultez donc le menu \u00ab Aide \u00bb de votre navigateur pour savoir comment modifier correctement vos cookies. Si vous d\u00e9sactivez les cookies, vous n&#039;aurez pas acc\u00e8s \u00e0 de nombreuses fonctionnalit\u00e9s qui rendent votre exp\u00e9rience sur le site plus efficace et certains de nos services ne fonctionneront pas correctement. Cependant, vous pouvez toujours passer commande par t\u00e9l\u00e9phone en contactant le service client.<\/p>\n\n\n\n<h3 class=\"wp-block-heading\">Divulguons-nous les informations que nous recueillons \u00e0 des tiers ?<\/h3>\n\n\n\n<p>Nous ne vendons, n&#039;\u00e9changeons ni ne transf\u00e9rons vos informations personnelles identifiables \u00e0 des tiers, sauf si nous vous en informons au pr\u00e9alable, sauf comme d\u00e9crit ci-dessous. Le terme \u00ab tiers \u00bb n&#039;inclut pas notre entreprise. Il n&#039;inclut pas non plus les partenaires d&#039;h\u00e9bergement de sites Web et les autres parties qui nous aident \u00e0 exploiter notre site Web, \u00e0 mener nos activit\u00e9s ou \u00e0 vous fournir des services, tant que ces parties acceptent de garder ces informations confidentielles. Nous pouvons \u00e9galement divulguer vos informations lorsque nous pensons que cette divulgation est appropri\u00e9e pour se conformer \u00e0 la loi, appliquer les politiques de notre site ou prot\u00e9ger nos droits, notre propri\u00e9t\u00e9 ou notre s\u00e9curit\u00e9 ou ceux d&#039;autrui. Cependant, les informations non personnellement identifiables des visiteurs peuvent \u00eatre fournies \u00e0 d&#039;autres parties \u00e0 des fins de marketing, de publicit\u00e9 ou autres. Comment pouvez-vous vous d\u00e9sinscrire, supprimer ou modifier les informations que vous nous avez fournies ? Pour modifier vos abonnements par e-mail, veuillez nous en informer en modifiant vos pr\u00e9f\u00e9rences dans la section \u00ab Mon compte \u00bb. Veuillez noter qu&#039;en raison des calendriers de production des e-mails, vous pouvez recevoir des e-mails d\u00e9j\u00e0 en cours de production. Pour supprimer toutes les informations de votre compte en ligne de notre base de donn\u00e9es, connectez-vous \u00e0 la section \u00ab Mon compte \u00bb de notre site et supprimez vos adresses de livraison, adresses de facturation et informations de paiement. Veuillez noter que nous pouvons conserver des informations sur une transaction de vente individuelle afin de traiter cette transaction et de tenir des registres. Liens tiers dans le but de vous offrir une valeur accrue, nous pouvons inclure des liens tiers sur notre site. Ces sites li\u00e9s ont des politiques de confidentialit\u00e9 distinctes et ind\u00e9pendantes. Nous n&#039;avons donc aucune responsabilit\u00e9 pour le contenu et les activit\u00e9s de ces sites li\u00e9s. N\u00e9anmoins, nous cherchons \u00e0 prot\u00e9ger l&#039;int\u00e9grit\u00e9 de notre site et appr\u00e9cions tout commentaire sur ces sites li\u00e9s (y compris si un lien sp\u00e9cifique ne fonctionne pas). Les modifications apport\u00e9es \u00e0 notre politique, si nous d\u00e9cidons de modifier notre politique de confidentialit\u00e9, seront publi\u00e9es sur cette page. Les modifications de politique ne s&#039;appliqueront qu&#039;aux informations collect\u00e9es apr\u00e8s la date de la modification. Cette politique a \u00e9t\u00e9 modifi\u00e9e pour la derni\u00e8re fois le 25 mai 2018.<\/p>\n\n\n\n<h3 class=\"wp-block-heading\">Questions et commentaires<\/h3>\n\n\n\n<p>Nous vous invitons \u00e0 nous faire part de vos questions, commentaires et pr\u00e9occupations concernant la confidentialit\u00e9. N&#039;h\u00e9sitez pas \u00e0 nous faire part de vos commentaires sur la confidentialit\u00e9 ou sur tout autre sujet. Politique en ligne uniquement. Cette politique de confidentialit\u00e9 en ligne s&#039;applique uniquement aux informations collect\u00e9es via notre site Web et non aux informations collect\u00e9es hors ligne.<\/p>\n\n\n\n<h3 class=\"wp-block-heading\">Votre consentement<\/h3>\n\n\n\n<p>En effectuant un achat sur notre site Web ou en soumettant une demande contenant des informations personnelles ou commerciales pour obtenir un devis ou effectuer un paiement par tout moyen pour une commande, ou organiser une livraison, vous consentez \u00e0 ce que nous recueillions, stockions et utilisions ces informations \u00e0 votre avantage et\/ou pour am\u00e9liorer nos services et nos offres. Ce faisant, vous consentez \u00e9galement \u00e0 ce que nous divulguions que vous \u00eates un client de MugFactory, et consentez \u00e9galement \u00e0 ce que nous utilisions le nom de votre entreprise, votre logo et votre emballage dans le but de pr\u00e9senter nos produits et services, sauf indication contraire.<\/p>\n\n\n\n<h3 class=\"wp-block-heading\">Retrait de votre consentement<\/h3>\n\n\n\n<p>\u00c0 tout moment, vous pouvez choisir de retirer votre consentement \u00e0 la collecte, \u00e0 l&#039;utilisation ou \u00e0 la divulgation de vos informations par MugFactory, \u00e0 tout moment, en nous contactant. MugFactory se r\u00e9serve le droit de conserver toute information pr\u00e9c\u00e9demment collect\u00e9e pour ex\u00e9cuter toute commande ou pour r\u00e9soudre tout litige ou enqu\u00eate. Lorsque vous visitez notre site Web, nous recevons automatiquement l&#039;adresse IP (Internet Protocol) de votre appareil, la r\u00e9gion g\u00e9ographique approximative et d&#039;autres informations de base sur votre navigateur et votre syst\u00e8me d&#039;exploitation pour mieux vous aider et offrir une exp\u00e9rience meilleure et plus personnalis\u00e9e \u00e0 nos clients.<\/p>","protected":false},"excerpt":{"rendered":"What information do we collect? We collect information from you when you register on the site, place an order, enter a contest or sweepstakes, respond to a survey or communication such as e-mail, or participate in another site feature. When ordering or registering, we may ask you for your name, e-mail address, mailing address, phone [&hellip;]","protected":false},"author":9,"featured_media":0,"parent":0,"menu_order":0,"comment_status":"closed","ping_status":"closed","template":"","meta":{"footnotes":""},"class_list":["post-64","page","type-page","status-publish","hentry"],"acf":[],"_links":{"self":[{"href":"https:\/\/www.ruiqigo.com\/fr\/wp-json\/wp\/v2\/pages\/64","targetHints":{"allow":["GET"]}}],"collection":[{"href":"https:\/\/www.ruiqigo.com\/fr\/wp-json\/wp\/v2\/pages"}],"about":[{"href":"https:\/\/www.ruiqigo.com\/fr\/wp-json\/wp\/v2\/types\/page"}],"author":[{"embeddable":true,"href":"https:\/\/www.ruiqigo.com\/fr\/wp-json\/wp\/v2\/users\/9"}],"replies":[{"embeddable":true,"href":"https:\/\/www.ruiqigo.com\/fr\/wp-json\/wp\/v2\/comments?post=64"}],"version-history":[{"count":0,"href":"https:\/\/www.ruiqigo.com\/fr\/wp-json\/wp\/v2\/pages\/64\/revisions"}],"wp:attachment":[{"href":"https:\/\/www.ruiqigo.com\/fr\/wp-json\/wp\/v2\/media?parent=64"}],"curies":[{"name":"wp","href":"https:\/\/api.w.org\/{rel}","templated":true}]}}