{"id":8,"date":"2024-04-24T15:41:08","date_gmt":"2024-04-24T07:41:08","guid":{"rendered":"https:\/\/ruiqigo.com\/?page_id=8"},"modified":"2024-11-21T17:44:56","modified_gmt":"2024-11-21T09:44:56","slug":"sustainability","status":"publish","type":"page","link":"https:\/\/www.ruiqigo.com\/fr\/sustainability","title":{"rendered":"Durabilit\u00e9"},"content":{"rendered":"<p>Les industries chinoises se concentrent sur l&#039;objectif \u00ab double carbone \u00bb, qui vise \u00e0 r\u00e9duire les \u00e9missions de carbone et la pollution. Cela est important pour rendre l&#039;\u00e9conomie et la soci\u00e9t\u00e9 plus respectueuses de l&#039;environnement et durables. L&#039;industrie des soins quotidiens de la peau travaille \u00e9galement vers cet objectif. 3TOP soutient l&#039;id\u00e9e du d\u00e9veloppement durable et a bien r\u00e9ussi \u00e0 \u00e9conomiser de l&#039;\u00e9nergie, \u00e0 r\u00e9duire le carbone et \u00e0 prot\u00e9ger l&#039;environnement. 3TOP montre son engagement en faveur du d\u00e9veloppement durable de trois mani\u00e8res principales : la fa\u00e7on dont elle cultive les mati\u00e8res premi\u00e8res, la fa\u00e7on dont elle g\u00e8re ses usines et les emballages qu&#039;elle utilise. L&#039;approche de l&#039;entreprise comprend l&#039;approvisionnement durable, la fabrication respectueuse de l&#039;environnement et les mat\u00e9riaux d&#039;emballage.<\/p>\n\n\n\n<h2 class=\"wp-block-heading has-text-align-center\"><strong>1. Base de production de mati\u00e8res premi\u00e8res<\/strong><\/h2>\n\n\n\n<h3 class=\"wp-block-heading\"><strong>S\u00e9lection de mati\u00e8res premi\u00e8res durables<\/strong><\/h3>\n\n\n\n<div class=\"wp-block-columns are-vertically-aligned-center mb-60 is-layout-flex wp-container-core-columns-is-layout-9d6595d7 wp-block-columns-is-layout-flex\">\n<div class=\"wp-block-column is-vertically-aligned-center is-layout-flow wp-block-column-is-layout-flow\">\n<figure class=\"wp-block-image size-full\"><img fetchpriority=\"high\" decoding=\"async\" width=\"800\" height=\"450\" src=\"https:\/\/www.ruiqigo.com\/wp-content\/uploads\/2024\/07\/7.jpg\" alt=\"\" class=\"wp-image-719\" srcset=\"https:\/\/www.ruiqigo.com\/wp-content\/uploads\/2024\/07\/7.jpg 800w, https:\/\/www.ruiqigo.com\/wp-content\/uploads\/2024\/07\/7-768x432.jpg 768w\" sizes=\"(max-width: 800px) 100vw, 800px\" \/><\/figure>\n<\/div>\n\n\n\n<div class=\"wp-block-column is-vertically-aligned-center is-layout-flow wp-block-column-is-layout-flow\">\n<p>3TOP privil\u00e9gie les mati\u00e8res premi\u00e8res certifi\u00e9es durables, telles que les extraits de plantes biologiques et les ingr\u00e9dients naturels, pour r\u00e9duire l&#039;impact n\u00e9gatif sur l&#039;environnement. L&#039;un des ingr\u00e9dients repr\u00e9sentatifs est l&#039;huile de th\u00e9, qui est non seulement une huile comestible, mais qui a \u00e9galement une longue histoire de soins de la peau. L&#039;huile de th\u00e9 a la capacit\u00e9 de nourrir les cheveux et de prot\u00e9ger le cuir chevelu. L&#039;huile de th\u00e9 est riche en nutriments qui nourrissent les cheveux de la racine \u00e0 la pointe, offrant un soin complet aux cheveux. Pour de nombreuses personnes, l&#039;huile de th\u00e9 est un produit de soin capillaire naturel qui vaut la peine d&#039;\u00eatre essay\u00e9. Il existe \u00e9galement l&#039;extrait de saponine de th\u00e9, un extrait v\u00e9g\u00e9tal naturel d\u00e9riv\u00e9 du g\u00e2teau de farine de th\u00e9 apr\u00e8s extraction de l&#039;huile, qui poss\u00e8de une vari\u00e9t\u00e9 de propri\u00e9t\u00e9s antioxydantes et anti-inflammatoires qui en font \u00e9galement un excellent produit pour les traitements naturels.<\/p>\n<\/div>\n<\/div>\n\n\n\n<div class=\"wp-block-columns are-vertically-aligned-center mb-60 is-layout-flex wp-container-core-columns-is-layout-9d6595d7 wp-block-columns-is-layout-flex\">\n<div class=\"wp-block-column is-vertically-aligned-center is-layout-flow wp-block-column-is-layout-flow\">\n<p>3TOP utilise de la saponine de th\u00e9 dans ses produits, qui proviennent de sa propre plantation de th\u00e9. Cette plantation couvre 10 000 acres dans le comt\u00e9 de Yong Tai, pr\u00e8s de Fuzhou, la capitale de la province du Fujian. 3TOP g\u00e8re soigneusement la qualit\u00e9 du th\u00e9ier depuis la source et ajuste la fa\u00e7on dont il est trait\u00e9 pour \u00eatre utilis\u00e9 dans l&#039;industrie des soins de la peau. La grande plantation de th\u00e9 de l&#039;entreprise est bien g\u00e9r\u00e9e pour garantir que les mati\u00e8res premi\u00e8res sont pures et s\u00fbres. Avec une seule fa\u00e7on de faire, 3TOP peut maintenir la qualit\u00e9 des mati\u00e8res premi\u00e8res de mani\u00e8re constante et fiable.<\/p>\n<\/div>\n\n\n\n<div class=\"wp-block-column is-vertically-aligned-center is-layout-flow wp-block-column-is-layout-flow\">\n<figure class=\"wp-block-image size-full\"><img decoding=\"async\" width=\"800\" height=\"450\" src=\"https:\/\/www.ruiqigo.com\/wp-content\/uploads\/2024\/07\/5.jpg\" alt=\"\" class=\"wp-image-721\" srcset=\"https:\/\/www.ruiqigo.com\/wp-content\/uploads\/2024\/07\/5.jpg 800w, https:\/\/www.ruiqigo.com\/wp-content\/uploads\/2024\/07\/5-768x432.jpg 768w\" sizes=\"(max-width: 800px) 100vw, 800px\" \/><\/figure>\n<\/div>\n<\/div>\n\n\n\n<h3 class=\"wp-block-heading\"><strong>Le mod\u00e8le de plantation biologique et respectueux de l&#039;environnement<\/strong><\/h3>\n\n\n\n<div class=\"wp-block-columns are-vertically-aligned-center mb-60 is-layout-flex wp-container-core-columns-is-layout-9d6595d7 wp-block-columns-is-layout-flex\">\n<div class=\"wp-block-column is-vertically-aligned-center is-layout-flow wp-block-column-is-layout-flow\">\n<figure class=\"wp-block-image size-full\"><img decoding=\"async\" width=\"800\" height=\"450\" src=\"https:\/\/www.ruiqigo.com\/wp-content\/uploads\/2024\/07\/10.jpg\" alt=\"\" class=\"wp-image-723\" srcset=\"https:\/\/www.ruiqigo.com\/wp-content\/uploads\/2024\/07\/10.jpg 800w, https:\/\/www.ruiqigo.com\/wp-content\/uploads\/2024\/07\/10-768x432.jpg 768w\" sizes=\"(max-width: 800px) 100vw, 800px\" \/><\/figure>\n<\/div>\n\n\n\n<div class=\"wp-block-column is-vertically-aligned-center is-layout-flow wp-block-column-is-layout-flow\">\n<p>Chez 3TOP, nous adoptons des m\u00e9thodes de culture biologique et refusons d&#039;utiliser des pesticides et des engrais chimiques. Nous laissons les plantes pousser sous la pluie naturellement hydrat\u00e9e et vivons en harmonie avec le sol et les micro-organismes pour garantir la puret\u00e9 et la s\u00e9curit\u00e9 des mati\u00e8res premi\u00e8res. Dans le m\u00eame temps, 3TOP se concentre sur la pr\u00e9servation de la biodiversit\u00e9 et la protection des habitats o\u00f9 prosp\u00e8rent toutes sortes de cr\u00e9atures. En plus de l&#039;agriculture biologique, 3TOP introduit \u00e9galement activement des syst\u00e8mes d&#039;irrigation avanc\u00e9s \u00e0 \u00e9conomie d&#039;eau pour minimiser le gaspillage d&#039;eau en contr\u00f4lant pr\u00e9cis\u00e9ment la quantit\u00e9 d&#039;eau et le temps d&#039;irrigation. Nous nous concentrons \u00e9galement sur le traitement et le recyclage des eaux us\u00e9es pour garantir que chaque goutte d&#039;eau soit utilis\u00e9e \u00e0 sa pleine valeur.<\/p>\n<\/div>\n<\/div>\n\n\n\n<h2 class=\"wp-block-heading has-text-align-center\"><strong>2. Usine de production<\/strong><\/h2>\n\n\n\n<div class=\"wp-block-columns are-vertically-aligned-center mb-60 is-layout-flex wp-container-core-columns-is-layout-9d6595d7 wp-block-columns-is-layout-flex\">\n<div class=\"wp-block-column is-vertically-aligned-center is-layout-flow wp-block-column-is-layout-flow\">\n<h3 class=\"wp-block-heading\"><strong>\u00c9conomie d&#039;\u00e9nergie et am\u00e9lioration de l&#039;efficacit\u00e9<\/strong><\/h3>\n\n\n\n<p>3TOP suit une approche de production \u00ab verte et respectueuse \u00bb. Ils ont construit une grande usine \u00e9cologique de 40 000 m\u00b2, avec un site industriel de 60 acres et un atelier propre de haute qualit\u00e9. Ils adh\u00e8rent \u00e0 une politique \u00ab d&#039;\u00e9conomie d&#039;\u00e9nergie, de respect de l&#039;environnement, de protection de l&#039;environnement \u00bb. 3TOP utilise des \u00e9quipements et des lignes modernes qui r\u00e9pondent aux normes GMP, qui sont utilis\u00e9es dans la fabrication de m\u00e9dicaments. Dans leur usine o\u00f9 ils fabriquent du shampoing et d&#039;autres produits, les gaz lib\u00e9r\u00e9s sont bien inf\u00e9rieurs aux exigences des normes nationales chinoises. Cela leur permet d&#039;\u00e9conomiser plus de 600 m\u00e8tres cubes de gaz naturel chaque jour et plus de 600 000 RMB en frais de gaz chaque ann\u00e9e.<\/p>\n<\/div>\n\n\n\n<div class=\"wp-block-column is-vertically-aligned-center is-layout-flow wp-block-column-is-layout-flow\">\n<figure class=\"wp-block-image size-full\"><img loading=\"lazy\" decoding=\"async\" width=\"800\" height=\"450\" src=\"https:\/\/www.ruiqigo.com\/wp-content\/uploads\/2024\/07\/11.jpg\" alt=\"\" class=\"wp-image-726\" srcset=\"https:\/\/www.ruiqigo.com\/wp-content\/uploads\/2024\/07\/11.jpg 800w, https:\/\/www.ruiqigo.com\/wp-content\/uploads\/2024\/07\/11-768x432.jpg 768w\" sizes=\"(max-width: 800px) 100vw, 800px\" \/><\/figure>\n<\/div>\n<\/div>\n\n\n\n<div class=\"wp-block-columns are-vertically-aligned-center mb-60 is-layout-flex wp-container-core-columns-is-layout-9d6595d7 wp-block-columns-is-layout-flex\">\n<div class=\"wp-block-column is-vertically-aligned-center is-layout-flow wp-block-column-is-layout-flow\">\n<figure class=\"wp-block-image size-full\"><img loading=\"lazy\" decoding=\"async\" width=\"800\" height=\"450\" src=\"https:\/\/www.ruiqigo.com\/wp-content\/uploads\/2024\/07\/3.jpg\" alt=\"\" class=\"wp-image-728\" srcset=\"https:\/\/www.ruiqigo.com\/wp-content\/uploads\/2024\/07\/3.jpg 800w, https:\/\/www.ruiqigo.com\/wp-content\/uploads\/2024\/07\/3-768x432.jpg 768w\" sizes=\"(max-width: 800px) 100vw, 800px\" \/><\/figure>\n<\/div>\n\n\n\n<div class=\"wp-block-column is-vertically-aligned-center is-layout-flow wp-block-column-is-layout-flow\">\n<h3 class=\"wp-block-heading\"><strong>Utilisation d\u2019\u00e9nergie propre<\/strong><strong><\/strong><\/h3>\n\n\n\n<p>En installant deux ensembles de syst\u00e8mes de production d&#039;\u00e9nergie photovolta\u00efque, 3TOP utilise l&#039;\u00e9nergie verte et r\u00e9duit la consommation d&#039;\u00e9lectricit\u00e9, r\u00e9alisant ainsi une efficacit\u00e9 \u00e9lev\u00e9e et des \u00e9conomies d&#039;\u00e9nergie dans la production. La production d&#039;\u00e9lectricit\u00e9 \u00e0 l&#039;aide du photovolta\u00efque r\u00e9duit non seulement consid\u00e9rablement la d\u00e9pendance aux sources d&#039;\u00e9nergie traditionnelles, mais r\u00e9duit \u00e9galement consid\u00e9rablement les \u00e9missions de carbone, contribuant ainsi \u00e0 la protection de l&#039;environnement de la plan\u00e8te.<\/p>\n<\/div>\n<\/div>\n\n\n\n<div class=\"wp-block-columns are-vertically-aligned-center mb-60 is-layout-flex wp-container-core-columns-is-layout-9d6595d7 wp-block-columns-is-layout-flex\">\n<div class=\"wp-block-column is-vertically-aligned-center is-layout-flow wp-block-column-is-layout-flow\">\n<h3 class=\"wp-block-heading\"><strong>Processus vert<\/strong><strong><\/strong><\/h3>\n\n\n\n<p>3TOP explore en permanence des processus de production \u00e9cologiques pour atteindre certains objectifs environnementaux particuliers. Par exemple, rejeter les microbilles de plastique. Les produits de toilette quotidiens contiennent souvent de grandes quantit\u00e9s de microbilles de plastique, qui sont des particules de plastique inf\u00e9rieures \u00e0 2 millim\u00e8tres. Comme elles sont minuscules, lorsque vous utilisez des produits de toilette contenant des microbilles de plastique, ces billes finissent dans l&#039;\u00e9vier, passent devant les usines de traitement des eaux et finissent dans l&#039;oc\u00e9an. Les poissons et les crustac\u00e9s les mangent, puis elles font partie de notre alimentation et m\u00eame de notre corps. En 2015, un groupe europ\u00e9en qui travaille dans le secteur des cosm\u00e9tiques et des soins personnels a d\u00e9clar\u00e9 que les entreprises devraient cesser d&#039;utiliser des microbilles de plastique dans leurs produits.<\/p>\n<\/div>\n\n\n\n<div class=\"wp-block-column is-vertically-aligned-center is-layout-flow wp-block-column-is-layout-flow\">\n<figure class=\"wp-block-image size-full\"><img loading=\"lazy\" decoding=\"async\" width=\"800\" height=\"450\" src=\"https:\/\/www.ruiqigo.com\/wp-content\/uploads\/2024\/07\/6.jpg\" alt=\"\" class=\"wp-image-741\" srcset=\"https:\/\/www.ruiqigo.com\/wp-content\/uploads\/2024\/07\/6.jpg 800w, https:\/\/www.ruiqigo.com\/wp-content\/uploads\/2024\/07\/6-768x432.jpg 768w\" sizes=\"(max-width: 800px) 100vw, 800px\" \/><\/figure>\n<\/div>\n<\/div>\n\n\n\n<p>Depuis un certain temps d\u00e9j\u00e0, 3TOP fabrique des produits de soin de la peau et de lavage des mains \u00e0 partir de mati\u00e8res naturelles au lieu de minuscules billes de plastique. Ils utilisent des \u00e9l\u00e9ments comme les noix, les amandes et les noyaux d&#039;olives, car ils sont parfaits pour la fabrication de cosm\u00e9tiques et ils nettoient en douceur sans rayer la peau. 3TOP les transforme en gommages naturels pour remplacer les billes de plastique. De plus, les \u00e9l\u00e9ments naturels peuvent parfois rendre les produits plus fonc\u00e9s, mais 3TOP corrige ce probl\u00e8me en ajoutant des couleurs claires comme le dioxyde de titane. C&#039;est sans danger et ne d\u00e9rangera pas votre peau. De plus, 3TOP utilise un type sp\u00e9cial de f\u00e9cule de ma\u00efs qui est un peu rugueuse. Elle nettoie bien, ne raye pas et se d\u00e9compose facilement, ce qui est bon pour l&#039;environnement.<\/p>\n\n\n\n<div class=\"wp-block-columns are-vertically-aligned-center mb-60 is-layout-flex wp-container-core-columns-is-layout-9d6595d7 wp-block-columns-is-layout-flex\">\n<div class=\"wp-block-column is-vertically-aligned-center is-layout-flow wp-block-column-is-layout-flow\">\n<figure class=\"wp-block-image size-full\"><img loading=\"lazy\" decoding=\"async\" width=\"800\" height=\"450\" src=\"https:\/\/www.ruiqigo.com\/wp-content\/uploads\/2024\/07\/12.jpg\" alt=\"\" class=\"wp-image-733\" srcset=\"https:\/\/www.ruiqigo.com\/wp-content\/uploads\/2024\/07\/12.jpg 800w, https:\/\/www.ruiqigo.com\/wp-content\/uploads\/2024\/07\/12-768x432.jpg 768w\" sizes=\"(max-width: 800px) 100vw, 800px\" \/><\/figure>\n<\/div>\n\n\n\n<div class=\"wp-block-column is-vertically-aligned-center is-layout-flow wp-block-column-is-layout-flow\">\n<h3 class=\"wp-block-heading\"><strong>Recyclage des eaux us\u00e9es et du gaz<\/strong><strong><\/strong><\/h3>\n\n\n\n<p>3TOP suit l&#039;id\u00e9e de \u00ab mission verte, avenir clair \u00bb en mati\u00e8re de gestion des eaux us\u00e9es et du gaz. Ils ont mis en place des syst\u00e8mes pour recycler les eaux us\u00e9es et nettoyer les gaz r\u00e9siduaires dans leur usine. Le syst\u00e8me de traitement des eaux us\u00e9es utilise de bons filtres et un nettoyage sp\u00e9cial pour transformer l&#039;eau sale issue de la fabrication des choses en eau qui peut \u00eatre r\u00e9utilis\u00e9e, ce qui est meilleur pour l&#039;environnement. Dans le m\u00eame temps, le syst\u00e8me de traitement des gaz r\u00e9siduaires utilise des m\u00e9thodes sophistiqu\u00e9es pour nettoyer les mauvais gaz et les rendre s\u00fbrs. Le syst\u00e8me de traitement des eaux us\u00e9es peut nettoyer 100 tonnes d&#039;eau par jour, et le syst\u00e8me de traitement des gaz r\u00e9siduaires peut r\u00e9duire les gaz chimiques de 70% et le gaz CO2 de 30% suppl\u00e9mentaires pour chaque article qu&#039;ils fabriquent. De plus, 3TOP s&#039;occupe de la fa\u00e7on dont ils utilisent et jettent des choses comme les mati\u00e8res premi\u00e8res et les produits chimiques. Ils ont un syst\u00e8me pour les s\u00e9parer et les stocker, et ils travaillent avec une autre entreprise pour les recycler \u00e0 temps.<\/p>\n<\/div>\n<\/div>\n\n\n\n<h2 class=\"wp-block-heading has-text-align-center\"><strong>3. Mat\u00e9riaux d&#039;emballage respectueux de l&#039;environnement<\/strong><\/h2>\n\n\n\n<div class=\"wp-block-columns are-vertically-aligned-center mb-60 is-layout-flex wp-container-core-columns-is-layout-9d6595d7 wp-block-columns-is-layout-flex\">\n<div class=\"wp-block-column is-vertically-aligned-center is-layout-flow wp-block-column-is-layout-flow\">\n<h3 class=\"wp-block-heading\"><strong>Utilisation de mat\u00e9riaux \u00e9cologiques de premi\u00e8re qualit\u00e9 :<\/strong><strong><\/strong><\/h3>\n\n\n\n<p>3TOP sait que les vieux emballages peuvent nuire \u00e0 l&#039;environnement, c&#039;est pourquoi ils utilisent des mat\u00e9riaux respectueux de l&#039;environnement \u00e0 la place. Ils utilisent des plastiques biod\u00e9gradables pour l&#039;emballage de leurs produits. Ces plastiques se d\u00e9composent facilement dans la nature et ne nuisent pas \u00e0 l&#039;environnement ni aux plantes. Les plastiques biod\u00e9gradables sont un choix populaire et bien test\u00e9 pour l&#039;emballage. Ils peuvent se d\u00e9composer rapidement \u00e0 l&#039;aide de substances sp\u00e9ciales qui acc\u00e9l\u00e8rent le processus. Vous pouvez trouver des emballages biod\u00e9gradables comme des sacs, des pailles et des stylos. Depuis 2020, 3TOP travaille sur des emballages qui peuvent \u00eatre recycl\u00e9s ou qui se d\u00e9composent dans la nature. Ils ont fabriqu\u00e9 de petites pochettes de voyage de 10 \u00e0 12 ml, et les gens en Europe et aux \u00c9tats-Unis les aiment beaucoup.<\/p>\n<\/div>\n\n\n\n<div class=\"wp-block-column is-vertically-aligned-center is-layout-flow wp-block-column-is-layout-flow\">\n<figure class=\"wp-block-image size-full\"><img loading=\"lazy\" decoding=\"async\" width=\"800\" height=\"450\" src=\"https:\/\/www.ruiqigo.com\/wp-content\/uploads\/2024\/07\/9.jpg\" alt=\"\" class=\"wp-image-730\" srcset=\"https:\/\/www.ruiqigo.com\/wp-content\/uploads\/2024\/07\/9.jpg 800w, https:\/\/www.ruiqigo.com\/wp-content\/uploads\/2024\/07\/9-768x432.jpg 768w\" sizes=\"(max-width: 800px) 100vw, 800px\" \/><\/figure>\n<\/div>\n<\/div>\n\n\n\n<div class=\"wp-block-columns are-vertically-aligned-center mb-60 is-layout-flex wp-container-core-columns-is-layout-9d6595d7 wp-block-columns-is-layout-flex\">\n<div class=\"wp-block-column is-vertically-aligned-center is-layout-flow wp-block-column-is-layout-flow\">\n<figure class=\"wp-block-image size-full\"><img loading=\"lazy\" decoding=\"async\" width=\"800\" height=\"450\" src=\"https:\/\/www.ruiqigo.com\/wp-content\/uploads\/2024\/07\/8.jpg\" alt=\"\" class=\"wp-image-736\" srcset=\"https:\/\/www.ruiqigo.com\/wp-content\/uploads\/2024\/07\/8.jpg 800w, https:\/\/www.ruiqigo.com\/wp-content\/uploads\/2024\/07\/8-768x432.jpg 768w\" sizes=\"(max-width: 800px) 100vw, 800px\" \/><\/figure>\n<\/div>\n\n\n\n<div class=\"wp-block-column is-vertically-aligned-center is-layout-flow wp-block-column-is-layout-flow\">\n<h3 class=\"wp-block-heading\"><strong>Optimiser la conception des emballages<\/strong><strong><\/strong><\/h3>\n\n\n\n<p>3TOP travaille \u00e9galement \u00e0 am\u00e9liorer l&#039;emballage et \u00e0 en utiliser moins. Ils d\u00e9terminent l&#039;espace et le poids n\u00e9cessaires \u00e0 leurs produits afin de fabriquer des bo\u00eetes plus petites et plus l\u00e9g\u00e8res. Cela permet de conserver les produits en toute s\u00e9curit\u00e9 lorsqu&#039;ils sont d\u00e9plac\u00e9s et de r\u00e9duire \u00e9galement les d\u00e9chets. Par exemple, 3TOP a fabriqu\u00e9 une nouvelle bo\u00eete pour une marque de shampoing. Elle est esth\u00e9tique et permet d&#039;\u00e9conomiser de l&#039;encre, du carton, du rembourrage et de l&#039;espace qu&#039;elle prend lors du transport. Avec les anciennes bo\u00eetes, on pouvait en mettre quatre dans une grande bo\u00eete avec une image dessus. La nouvelle bo\u00eete a un fond sp\u00e9cial que les employ\u00e9s du magasin peuvent retirer et utiliser pour manipuler le shampoing et le pr\u00e9senter en magasin. Le nouveau design utilise beaucoup moins de mat\u00e9riaux. Il est dot\u00e9 d&#039;un simple \u00ab bouchon en papier \u00bb qui s&#039;enl\u00e8ve facilement pour prot\u00e9ger le shampoing pendant le transport et ne n\u00e9cessite aucune impression. Ce meilleur emballage permet d&#039;\u00e9conomiser 67 tonnes de papier, signifie que 52 gros camions de moins sont n\u00e9cessaires pour d\u00e9placer le shampoing et r\u00e9duit l&#039;utilisation d&#039;encre jusqu&#039;\u00e0 80% par an.<\/p>\n<\/div>\n<\/div>\n\n\n\n<p>En outre, 3TOP continue \u00e9galement d&#039;am\u00e9liorer la nouvelle conception de la pompe-presse pour d&#039;autres produits en bouteille et en conserve, \u00e9conomisant 8 tonnes de plastique par an et 40 tonnes de cartons ext\u00e9rieurs en papier par an en optimisant le processus d&#039;emballage. Les produits de shampoing nouvellement lanc\u00e9s ont permis d&#039;\u00e9conomiser environ 131 TP3T de consommables d&#039;emballage par bouteille en am\u00e9liorant la conception du bouchon et de la bouteille.<\/p>\n\n\n\n<div class=\"wp-block-columns are-vertically-aligned-center mb-60 is-layout-flex wp-container-core-columns-is-layout-9d6595d7 wp-block-columns-is-layout-flex\">\n<div class=\"wp-block-column is-vertically-aligned-center is-layout-flow wp-block-column-is-layout-flow\">\n<h3 class=\"wp-block-heading\"><strong>Lancement d&#039;une strat\u00e9gie de recyclage des emballages<\/strong><strong><\/strong><\/h3>\n\n\n\n<p>Une \u00e9tude men\u00e9e par l&#039;American Association for the Advancement of Science (AAAS) montre que sur les 400 millions de tonnes de plastique produites chaque ann\u00e9e, 401 millions proviennent des emballages et que ces emballages en plastique ne sont g\u00e9n\u00e9ralement utilis\u00e9s qu&#039;une seule fois avant d&#039;\u00eatre jet\u00e9s. En r\u00e9ponse, 3TOP a lanc\u00e9 un programme de recyclage des emballages pour encourager les consommateurs \u00e0 participer \u00e0 des initiatives environnementales. Les clients peuvent apporter des bouteilles de cosm\u00e9tiques vides dans des magasins sp\u00e9cialis\u00e9s pour les recycler. En \u00e9change, ils re\u00e7oivent un \u00e9chantillon gratuit de produits cosm\u00e9tiques. Cela aide les gens \u00e0 collecter et \u00e0 recycler davantage de bouteilles, ce qui r\u00e9duit la quantit\u00e9 de d\u00e9chets. Les bouteilles collect\u00e9es seront soit transform\u00e9es en de nouveaux objets, soit utilis\u00e9es pour produire de l&#039;\u00e9nergie.<\/p>\n<\/div>\n\n\n\n<div class=\"wp-block-column is-vertically-aligned-center is-layout-flow wp-block-column-is-layout-flow\">\n<figure class=\"wp-block-image size-full\"><img loading=\"lazy\" decoding=\"async\" width=\"800\" height=\"450\" src=\"https:\/\/www.ruiqigo.com\/wp-content\/uploads\/2024\/07\/2.jpg\" alt=\"\" class=\"wp-image-739\" srcset=\"https:\/\/www.ruiqigo.com\/wp-content\/uploads\/2024\/07\/2.jpg 800w, https:\/\/www.ruiqigo.com\/wp-content\/uploads\/2024\/07\/2-768x432.jpg 768w\" sizes=\"(max-width: 800px) 100vw, 800px\" \/><\/figure>\n<\/div>\n<\/div>\n\n\n\n<h2 class=\"wp-block-heading has-text-align-center\"><strong>Conclusion<\/strong><strong><\/strong><\/h2>\n\n\n\n<p>3TOP comprend que le d\u00e9veloppement durable n&#039;est pas seulement un slogan, mais aussi une action. Par cons\u00e9quent, 3TOP participe activement \u00e0 diverses activit\u00e9s de bien-\u00eatre public environnemental, d\u00e9fend le concept de consommation verte et promeut le d\u00e9veloppement de l&#039;industrie dans une direction plus respectueuse de l&#039;environnement et durable. Nous esp\u00e9rons que gr\u00e2ce \u00e0 nos efforts, davantage de personnes comprendront et pr\u00eateront attention au d\u00e9veloppement durable et contribueront conjointement \u00e0 l&#039;avenir de la Terre. Choisir nos produits chimiques quotidiens, c&#039;est choisir le soin et la responsabilit\u00e9 envers la Terre et les g\u00e9n\u00e9rations futures. Assistons \u00e0 un avenir plus vert et meilleur !<\/p>","protected":false},"excerpt":{"rendered":"China&#8217;s industries are focusing on the &#8216;dual-carbon&#8217; goal, which aims to reduce carbon emissions and pollution. This is important for making the economy and society more environmentally friendly and sustainable. The daily skincare industry is also working towards this goal. 3TOP supports the idea of sustainable development and has done well in saving energy, reducing [&hellip;]","protected":false},"author":9,"featured_media":717,"parent":0,"menu_order":0,"comment_status":"closed","ping_status":"closed","template":"","meta":{"footnotes":""},"class_list":["post-8","page","type-page","status-publish","has-post-thumbnail","hentry"],"acf":[],"_links":{"self":[{"href":"https:\/\/www.ruiqigo.com\/fr\/wp-json\/wp\/v2\/pages\/8","targetHints":{"allow":["GET"]}}],"collection":[{"href":"https:\/\/www.ruiqigo.com\/fr\/wp-json\/wp\/v2\/pages"}],"about":[{"href":"https:\/\/www.ruiqigo.com\/fr\/wp-json\/wp\/v2\/types\/page"}],"author":[{"embeddable":true,"href":"https:\/\/www.ruiqigo.com\/fr\/wp-json\/wp\/v2\/users\/9"}],"replies":[{"embeddable":true,"href":"https:\/\/www.ruiqigo.com\/fr\/wp-json\/wp\/v2\/comments?post=8"}],"version-history":[{"count":0,"href":"https:\/\/www.ruiqigo.com\/fr\/wp-json\/wp\/v2\/pages\/8\/revisions"}],"wp:featuredmedia":[{"embeddable":true,"href":"https:\/\/www.ruiqigo.com\/fr\/wp-json\/wp\/v2\/media\/717"}],"wp:attachment":[{"href":"https:\/\/www.ruiqigo.com\/fr\/wp-json\/wp\/v2\/media?parent=8"}],"curies":[{"name":"wp","href":"https:\/\/api.w.org\/{rel}","templated":true}]}}