{"id":835,"date":"2024-07-30T15:57:32","date_gmt":"2024-07-30T07:57:32","guid":{"rendered":"https:\/\/ruiqigo.com\/?page_id=835"},"modified":"2026-04-21T15:53:57","modified_gmt":"2026-04-21T07:53:57","slug":"cookie-policy","status":"publish","type":"page","link":"https:\/\/www.ruiqigo.com\/fr\/cookie-policy","title":{"rendered":"Politique de cookies"},"content":{"rendered":"<h3 class=\"wp-block-heading\">Que sont les cookies ?<\/h3>\n\n\n\n<p>Un fichier cookie ne nous donne pas acc\u00e8s \u00e0 votre appareil ni \u00e0 aucune information vous concernant autre que les donn\u00e9es que vous choisissez de partager avec nous, et il peut inclure un identifiant unique anonyme.<\/p>\n\n\n\n<h3 class=\"wp-block-heading\">Comment utilisons-nous les cookies ?<\/h3>\n\n\n\n<p>Nous utilisons des cookies pour suivre l&#039;activit\u00e9 sur le site Web d&#039;Aerotech et conservons certaines informations.<\/p>\n\n\n\n<p>Voici des exemples de cookies que nous pouvons utiliser et de la mani\u00e8re dont nous pouvons les utiliser\u00a0:<\/p>\n\n\n\n<ul class=\"wp-block-list\">\n<li>Cookies de session : Ces cookies sont utilis\u00e9s pour faire fonctionner le site Web et sont supprim\u00e9s de votre appareil \u00e0 la fin de votre session de navigation.<\/li>\n\n\n\n<li>Cookies de pr\u00e9f\u00e9rences : Ces cookies sont utilis\u00e9s pour m\u00e9moriser vos pr\u00e9f\u00e9rences et divers param\u00e8tres.<\/li>\n\n\n\n<li>Cookies de s\u00e9curit\u00e9 : ces cookies activent et prennent en charge nos fonctionnalit\u00e9s de s\u00e9curit\u00e9 et nous aident \u00e0 d\u00e9tecter les activit\u00e9s malveillantes.<\/li>\n\n\n\n<li>Cookies statistiques : Ces cookies sont utilis\u00e9s pour identifier les pages de notre site Web qui sont visit\u00e9es et utilis\u00e9es. Cela nous aide \u00e0 analyser les donn\u00e9es sur le trafic des pages Web, par exemple avec Google Analytics, pour am\u00e9liorer notre site Web. Nous utilisons ces informations uniquement \u00e0 des fins d&#039;analyse statistique, puis les donn\u00e9es sont supprim\u00e9es du syst\u00e8me.<\/li>\n<\/ul>\n\n\n\n<h3 class=\"wp-block-heading\">Contr\u00f4le des cookies<\/h3>\n\n\n\n<p>Vous pouvez choisir d&#039;accepter ou de refuser les cookies. Si vous pr\u00e9f\u00e9rez ne pas utiliser de cookies sur notre site Web, vous pouvez les contr\u00f4ler ou les refuser de la mani\u00e8re suivante :<\/p>\n\n\n\n<ul class=\"wp-block-list\">\n<li>Vous pouvez \u00e9galement configurer les param\u00e8tres de votre navigateur pour refuser les cookies. Vous pouvez \u00e9galement supprimer tous les cookies d\u00e9j\u00e0 pr\u00e9sents sur le disque dur de votre ordinateur en recherchant et en supprimant les fichiers contenant le mot \u00ab cookie \u00bb.<\/li>\n\n\n\n<li>Afin de contr\u00f4ler la collecte de donn\u00e9es \u00e0 des fins d&#039;analyse par Google Analytics, vous pouvez visiter cette page.<\/li>\n<\/ul>\n\n\n\n<p>Veuillez noter que le refus ou la d\u00e9sactivation des cookies peut signifier que vous ne pourrez peut-\u00eatre pas acc\u00e9der \u00e0 certaines fonctionnalit\u00e9s du site Web. La suppression de tous les cookies de votre ordinateur peut \u00e9galement affecter vos visites ult\u00e9rieures sur certains sites Web, y compris le site Web MugFactory, en vous obligeant \u00e0 saisir \u00e0 nouveau certaines informations lorsque vous revenez.<\/p>\n\n\n\n<p>Pour plus d&#039;informations sur la mani\u00e8re dont RuiqiGO peut collecter et utiliser d&#039;autres informations personnelles, veuillez consulter notre Politique de confidentialit\u00e9.<\/p>","protected":false},"excerpt":{"rendered":"What are cookies? A cookie file does not give us access to your device or any information about you other than the data you choose to share with us, and it may include an anonymous unique identifier. How do we use cookies? We use cookies to track the activity on the Aerotech Website and hold [&hellip;]","protected":false},"author":9,"featured_media":0,"parent":0,"menu_order":0,"comment_status":"closed","ping_status":"closed","template":"","meta":{"footnotes":""},"class_list":["post-835","page","type-page","status-publish","hentry"],"acf":[],"_links":{"self":[{"href":"https:\/\/www.ruiqigo.com\/fr\/wp-json\/wp\/v2\/pages\/835","targetHints":{"allow":["GET"]}}],"collection":[{"href":"https:\/\/www.ruiqigo.com\/fr\/wp-json\/wp\/v2\/pages"}],"about":[{"href":"https:\/\/www.ruiqigo.com\/fr\/wp-json\/wp\/v2\/types\/page"}],"author":[{"embeddable":true,"href":"https:\/\/www.ruiqigo.com\/fr\/wp-json\/wp\/v2\/users\/9"}],"replies":[{"embeddable":true,"href":"https:\/\/www.ruiqigo.com\/fr\/wp-json\/wp\/v2\/comments?post=835"}],"version-history":[{"count":0,"href":"https:\/\/www.ruiqigo.com\/fr\/wp-json\/wp\/v2\/pages\/835\/revisions"}],"wp:attachment":[{"href":"https:\/\/www.ruiqigo.com\/fr\/wp-json\/wp\/v2\/media?parent=835"}],"curies":[{"name":"wp","href":"https:\/\/api.w.org\/{rel}","templated":true}]}}