{"id":895,"date":"2024-08-12T23:16:02","date_gmt":"2024-08-12T15:16:02","guid":{"rendered":"https:\/\/ruiqigo.com\/?page_id=895"},"modified":"2024-08-15T15:20:45","modified_gmt":"2024-08-15T07:20:45","slug":"contact-us-successfully","status":"publish","type":"page","link":"https:\/\/www.ruiqigo.com\/fr\/contact-us-successfully","title":{"rendered":"Contactez-nous avec succ\u00e8s!"},"content":{"rendered":"<p><\/p>\n\n\n\n<p>Votre message a \u00e9t\u00e9 envoy\u00e9 avec succ\u00e8s \u00e0 l&#039;\u00e9quipe 3TOP et nous vous r\u00e9pondrons dans les plus brefs d\u00e9lais.<\/p>","protected":false},"excerpt":{"rendered":"Votre message a \u00e9t\u00e9 envoy\u00e9 avec succ\u00e8s \u00e0 l&#039;\u00e9quipe 3TOP et nous vous r\u00e9pondrons dans les plus brefs d\u00e9lais.","protected":false},"author":9,"featured_media":906,"parent":0,"menu_order":0,"comment_status":"closed","ping_status":"closed","template":"page-thank.php","meta":{"footnotes":""},"class_list":["post-895","page","type-page","status-publish","has-post-thumbnail","hentry"],"acf":[],"_links":{"self":[{"href":"https:\/\/www.ruiqigo.com\/fr\/wp-json\/wp\/v2\/pages\/895","targetHints":{"allow":["GET"]}}],"collection":[{"href":"https:\/\/www.ruiqigo.com\/fr\/wp-json\/wp\/v2\/pages"}],"about":[{"href":"https:\/\/www.ruiqigo.com\/fr\/wp-json\/wp\/v2\/types\/page"}],"author":[{"embeddable":true,"href":"https:\/\/www.ruiqigo.com\/fr\/wp-json\/wp\/v2\/users\/9"}],"replies":[{"embeddable":true,"href":"https:\/\/www.ruiqigo.com\/fr\/wp-json\/wp\/v2\/comments?post=895"}],"version-history":[{"count":0,"href":"https:\/\/www.ruiqigo.com\/fr\/wp-json\/wp\/v2\/pages\/895\/revisions"}],"wp:featuredmedia":[{"embeddable":true,"href":"https:\/\/www.ruiqigo.com\/fr\/wp-json\/wp\/v2\/media\/906"}],"wp:attachment":[{"href":"https:\/\/www.ruiqigo.com\/fr\/wp-json\/wp\/v2\/media?parent=895"}],"curies":[{"name":"wp","href":"https:\/\/api.w.org\/{rel}","templated":true}]}}