{"id":1042,"date":"2024-09-06T14:56:39","date_gmt":"2024-09-06T06:56:39","guid":{"rendered":"https:\/\/ruiqigo.com\/?post_type=product&#038;p=1042"},"modified":"2025-09-03T15:21:38","modified_gmt":"2025-09-03T07:21:38","slug":"propolis-mouthwash","status":"publish","type":"product","link":"https:\/\/www.ruiqigo.com\/fr\/product\/propolis-mouthwash","title":{"rendered":"Bain de bouche \u00e0 la propolis"},"content":{"rendered":"<h2 class=\"wp-block-heading\">Recette de bain de bouche \u00e0 la propolis<\/h2>\n\n\n\n<p><strong>1. Propolis : <\/strong>En tant qu&#039;ingr\u00e9dient important du bain de bouche \u00e0 la propolis, la propolis est un extrait naturel aux effets antibact\u00e9riens et anti-inflammatoires, qui peut favoriser la r\u00e9g\u00e9n\u00e9ration des tissus et la sant\u00e9 bucco-dentaire.<\/p>\n\n\n\n<p><strong>2. Xylitol : <\/strong>Il peut favoriser la s\u00e9cr\u00e9tion de salive et r\u00e9duire les substances acides, r\u00e9duisant ainsi l&#039;\u00e9rosion dentaire<\/p>\n\n\n\n<p><strong>3. Menthe : <\/strong>Il a un ar\u00f4me frais et sucr\u00e9, qui peut am\u00e9liorer le go\u00fbt du bain de bouche et obtenir l&#039;effet d&#039;une haleine fra\u00eeche<\/p>\n\n\n\n<p><strong>4. Glyc\u00e9rine :<\/strong> Il aide \u00e0 garder la bouche humide et \u00e0 soulager la situation de bouche s\u00e8che<\/p>\n\n\n\n<h2 class=\"wp-block-heading\">Caract\u00e9ristiques du bain de bouche \u00e0 la propolis<\/h2>\n\n\n\n<h3 class=\"wp-block-heading\">1. Ingr\u00e9dients naturels<\/h3>\n\n\n\n<p>L&#039;ingr\u00e9dient principal est la propolis, et la propolis est une substance naturelle contenant une vari\u00e9t\u00e9 d&#039;ingr\u00e9dients actifs.<\/p>\n\n\n\n<h3 class=\"wp-block-heading\">2. Antibact\u00e9rien et anti-inflammatoire<\/h3>\n\n\n\n<p>Les ingr\u00e9dients actifs de la propolis peuvent inhiber et \u00e9liminer les bact\u00e9ries nocives dans la bouche et r\u00e9duire l&#039;inflammation buccale<\/p>\n\n\n\n<h3 class=\"wp-block-heading\">3. Doux et non irritant<\/h3>\n\n\n\n<p>Notre bain de bouche n&#039;ajoute pas d&#039;alcool ni d&#039;autres ingr\u00e9dients irritants, et est plus doux et confortable, adapt\u00e9 \u00e0 la plupart des gens.<\/p>\n\n\n\n<h3 class=\"wp-block-heading\">4. Pratique et portable<\/h3>\n\n\n\n<p>Le bain de bouche est simple \u00e0 utiliser, peu importe l&#039;occasion, et notre conception d&#039;emballage peut \u00eatre facilement transport\u00e9e et utilis\u00e9e \u00e0 tout moment.<\/p>\n\n\n\n<h2 class=\"wp-block-heading\">Quelques efficacit\u00e9s&nbsp;<\/h2>\n\n\n\n<h3 class=\"wp-block-heading\">1. Anti-inflammatoire et analg\u00e9sique<\/h3>\n\n\n\n<p>Les ingr\u00e9dients actifs du bain de bouche \u00e0 la propolis poss\u00e8dent un puissant pouvoir antibact\u00e9rien, inhibant la croissance bact\u00e9rienne et r\u00e9duisant ainsi les dommages caus\u00e9s par les bact\u00e9ries \u00e0 la muqueuse buccale, r\u00e9duisant ainsi l&#039;inflammation. La propolis poss\u00e8de un effet analg\u00e9sique naturel, agit sur l&#039;int\u00e9rieur de la bouche et soulage les aphtes et les gencives enfl\u00e9es.<\/p>\n\n\n\n<h3 class=\"wp-block-heading\">2. Pr\u00e9vention des maladies bucco-dentaires<\/h3>\n\n\n\n<p>L&#039;environnement buccal du corps humain est normalement acide, et les bact\u00e9ries continuent de prolif\u00e9rer dans cet environnement acide, provoquant une inflammation chronique, comme la maladie parodontale, qui repr\u00e9sente une menace s\u00e9rieuse pour la sant\u00e9 de nos dents et de nos gencives. Notre bain de bouche \u00e0 la propolis neutralise le pH buccal, inhibe la croissance bact\u00e9rienne et cr\u00e9e un environnement buccal relativement sain. Une utilisation \u00e0 long terme peut pr\u00e9venir la maladie parodontale, les caries et autres affections bucco-dentaires.<\/p>\n\n\n\n<h3 class=\"wp-block-heading\">3. Am\u00e9liorer l&#039;immunit\u00e9 orale<\/h3>\n\n\n\n<p>Le bain de bouche \u00e0 la propolis pr\u00e9vient la d\u00e9t\u00e9rioration suppl\u00e9mentaire de l&#039;inflammation gr\u00e2ce \u00e0 des effets anti-inflammatoires, r\u00e9duit le risque d&#039;infection buccale et r\u00e9gule la r\u00e9ponse immunitaire \u00e0 l&#039;int\u00e9rieur de la bouche, prot\u00e9geant ainsi la sant\u00e9 bucco-dentaire ; Deuxi\u00e8mement, les substances actives du bain de bouche \u00e0 la propolis peuvent renforcer l&#039;immunit\u00e9 du corps et agir indirectement sur l&#039;int\u00e9rieur de la bouche pour am\u00e9liorer la r\u00e9sistance buccale aux agents pathog\u00e8nes ; De plus, les ingr\u00e9dients antioxydants que nous avons ajout\u00e9s peuvent \u00e9liminer les radicaux libres dans la bouche, r\u00e9duire les dommages des radicaux libres \u00e0 la muqueuse buccale et aider \u00e0 renforcer l&#039;immunit\u00e9.<\/p>\n\n\n\n<h3 class=\"wp-block-heading\">4. Haleine fra\u00eeche<\/h3>\n\n\n\n<p>Les causes de l&#039;halitose sont physiologiques et pathologiques. La pathologique d\u00e9signe les maladies bucco-dentaires, telles que la gingivite, la parodontite, etc. Ces maladies produisent des odeurs d\u00e9sagr\u00e9ables, appel\u00e9es halitose. La physiologique d\u00e9signe la mauvaise haleine caus\u00e9e par les d\u00e9bris alimentaires et certaines mauvaises habitudes alimentaires, tandis que la physiologique est plus courte que la pathologique. C&#039;est pourquoi notre bain de bouche \u00e0 la propolis est infus\u00e9 d&#039;ingr\u00e9dients comme la menthe, qui \u00e9limine les mauvaises odeurs, garde une haleine fra\u00eeche et un ar\u00f4me durable, et \u00e9vite les malaises sociaux apr\u00e8s les repas. Une utilisation \u00e0 long terme peut \u00e9galement contribuer au traitement de l&#039;halitose pathologique.<\/p>\n\n\n\n<h3 class=\"wp-block-heading\">5. Favoriser la cicatrisation des tissus<\/h3>\n\n\n\n<p>La propolis poss\u00e8de des propri\u00e9t\u00e9s anti-inflammatoires et analg\u00e9siques, contribuant ainsi \u00e0 r\u00e9duire les dommages caus\u00e9s par l&#039;inflammation et \u00e0 acc\u00e9l\u00e9rer la r\u00e9paration tissulaire. De plus, les ingr\u00e9dients actifs ajout\u00e9s au bain de bouche \u00e0 la propolis p\u00e9n\u00e8trent dans les tissus endommag\u00e9s, stimulent la prolif\u00e9ration et la diff\u00e9renciation cellulaires et favorisent la r\u00e9paration de la muqueuse buccale. Parall\u00e8lement, la propolis poss\u00e8de \u00e9galement un effet astringent, r\u00e9duisant ainsi la plaie et la maintenant s\u00e8che et propre, cr\u00e9ant ainsi un environnement propice \u00e0 la r\u00e9paration tissulaire. C&#039;est sans aucun doute un outil de nettoyage auxiliaire important pour les patients souffrant d&#039;inflammations buccales telles que les aphtes.<\/p>\n\n\n\n<h2 class=\"wp-block-heading\">Mode d&#039;emploi<\/h2>\n\n\n\n<p>Nos produits sont accompagn\u00e9s d&#039;une notice d&#039;utilisation. Il est recommand\u00e9 de les utiliser conform\u00e9ment \u00e0 celle-ci. Bien agiter avant utilisation afin de bien m\u00e9langer le produit.&nbsp;<\/p>\n\n\n\n<h3 class=\"wp-block-heading\">\u00c9tape 1 : <\/h3>\n\n\n\n<p>Vous devez prendre une quantit\u00e9 appropri\u00e9e de bain de bouche, notre bouchon de bouteille a un filetage \u00e0 l&#039;int\u00e9rieur, qui peut \u00eatre utilis\u00e9 comme outil de mesure, environ 10-15 ml ;\u00a0<\/p>\n\n\n\n<h3 class=\"wp-block-heading\">\u00c9tape 2 :<\/h3>\n\n\n\n<p>Ensuite, mettez le bain de bouche dans la bouche et de gauche \u00e0 droite puis vers l&#039;avant de la bouche pour vous gargariser plusieurs fois, et enfin laissez le bain de bouche sur la langue, en vous assurant que le bain de bouche couvre tous les coins et crevasses \u00e0 l&#039;int\u00e9rieur de la bouche, le temps de gargarisme est g\u00e9n\u00e9ralement de 30 secondes \u00e0 1 minute ;<\/p>\n\n\n\n<h3 class=\"wp-block-heading\">\u00c9tape 3 :<\/h3>\n\n\n\n<p>Enfin, recrachez le bain de bouche en veillant \u00e0 ne pas l&#039;avaler. Nous vous recommandons de ne pas boire d&#039;eau ni manger dans la demi-heure qui suit le gargarisme, afin de mieux former un film protecteur et de conserver une haleine fra\u00eeche.\u00a0<\/p>\n\n\n\n<p>La fr\u00e9quence d&#039;utilisation du bain de bouche varie d&#039;une personne \u00e0 l&#039;autre. Il peut g\u00e9n\u00e9ralement \u00eatre utilis\u00e9 apr\u00e8s le brossage ou apr\u00e8s les repas. En cas de g\u00eane, cessez imm\u00e9diatement l&#039;utilisation et consultez votre m\u00e9decin. Notre bain de bouche est facile \u00e0 transporter et peut \u00eatre conserv\u00e9 \u00e0 la maison ou en d\u00e9placement, mais il doit \u00eatre conserv\u00e9 dans un endroit frais et sec.<\/p>\n\n\n\n<h2 class=\"wp-block-heading\">Population concern\u00e9e<\/h2>\n\n\n\n<p>Notre bain de bouche \u00e0 la propolis est s\u00fbr, doux et non irritant. Il est essentiel pour la plupart des personnes, notamment celles qui souffrent d&#039;inflammation buccale, de mauvaise haleine due au tabagisme, \u00e0 un manque de nettoyage buccal prolong\u00e9 ou \u00e0 de mauvaises habitudes alimentaires. Son emballage est \u00e9galement pratique \u00e0 emporter partout, id\u00e9al pour les voyages d&#039;affaires, les rendez-vous galants et autres occasions sociales, pour une haleine fra\u00eeche et un regain de confiance. Cependant, les femmes enceintes, les personnes allergiques \u00e0 la propolis, les femmes qui allaitent et les autres groupes de personnes doivent l&#039;utiliser sous surveillance m\u00e9dicale.<\/p>\n\n\n\n<h2 class=\"wp-block-heading\">Conclusion<\/h2>\n\n\n\n<p>L&#039;hygi\u00e8ne bucco-dentaire est un processus de longue haleine. Il est donc essentiel d&#039;associer diff\u00e9rents moyens de nettoyage, comme la brosse \u00e0 dents, le fil dentaire et le bain de bouche, pour pr\u00e9server sa sant\u00e9 bucco-dentaire. Notre bain de bouche \u00e0 la propolis, compos\u00e9 de propolis naturelle pure et d&#039;autres ingr\u00e9dients issus d&#039;un bain de bouche classique, offre \u00e9galement un excellent effet antibact\u00e9rien et anti-inflammatoire. Il nettoie en profondeur, en douceur et sans irritation, pr\u00e9vient activement les maladies bucco-dentaires, renforce l&#039;immunit\u00e9 et rafra\u00eechit l&#039;haleine. Outre ses nombreux bienfaits, il est adapt\u00e9 \u00e0 la plupart des personnes et constitue un choix fiable.<\/p>\n\n\n\n<p><\/p>","protected":false},"excerpt":{"rendered":"Recipe for Propolis Mouthwash 1. Propolis: As an important ingredient in propolis mouthwash, propolis is a natural extract with antibacterial and anti-inflammatory effects, which can promote tissue regeneration and oral health 2. Xylitol: It can promote saliva secretion, and reduce acidic substances, thereby reducing tooth erosion 3. Mint: It has a fresh and sweet aroma, [&hellip;]","protected":false},"featured_media":1043,"menu_order":0,"template":"","meta":[],"product-tag":[201,206,207,208,212,213,216],"products":[72],"class_list":["post-1042","product","type-product","status-publish","has-post-thumbnail","hentry","product-tag-mouthwash-manufacturer","product-tag-mouthwash-companies","product-tag-mouthwash-factory","product-tag-mouthwash-suppliers","product-tag-mouthwash-contract-manufacturer","product-tag-antiseptic-mouthwashes-manufacturer","product-tag-private-label-mouthwash-manufacturers","products-mouthwash"],"acf":[],"_links":{"self":[{"href":"https:\/\/www.ruiqigo.com\/fr\/wp-json\/wp\/v2\/product\/1042","targetHints":{"allow":["GET"]}}],"collection":[{"href":"https:\/\/www.ruiqigo.com\/fr\/wp-json\/wp\/v2\/product"}],"about":[{"href":"https:\/\/www.ruiqigo.com\/fr\/wp-json\/wp\/v2\/types\/product"}],"version-history":[{"count":0,"href":"https:\/\/www.ruiqigo.com\/fr\/wp-json\/wp\/v2\/product\/1042\/revisions"}],"wp:featuredmedia":[{"embeddable":true,"href":"https:\/\/www.ruiqigo.com\/fr\/wp-json\/wp\/v2\/media\/1043"}],"wp:attachment":[{"href":"https:\/\/www.ruiqigo.com\/fr\/wp-json\/wp\/v2\/media?parent=1042"}],"wp:term":[{"taxonomy":"product-tag","embeddable":true,"href":"https:\/\/www.ruiqigo.com\/fr\/wp-json\/wp\/v2\/product-tag?post=1042"},{"taxonomy":"products","embeddable":true,"href":"https:\/\/www.ruiqigo.com\/fr\/wp-json\/wp\/v2\/products?post=1042"}],"curies":[{"name":"wp","href":"https:\/\/api.w.org\/{rel}","templated":true}]}}