{"id":1074,"date":"2024-09-14T16:01:50","date_gmt":"2024-09-14T08:01:50","guid":{"rendered":"https:\/\/ruiqigo.com\/?post_type=product&#038;p=1074"},"modified":"2024-11-14T17:28:10","modified_gmt":"2024-11-14T09:28:10","slug":"rosemary-essential-oil","status":"publish","type":"product","link":"https:\/\/www.ruiqigo.com\/fr\/product\/rosemary-essential-oil","title":{"rendered":"Huile essentielle de romarin"},"content":{"rendered":"<h2 class=\"wp-block-heading\">Formules courantes de fabrication de l&#039;huile essentielle de romarin<\/h2>\n\n\n\n<p>Dans le processus de production de l&#039;huile essentielle de romarin, nous contr\u00f4lons strictement chaque \u00e9tape pour garantir la concentration des ingr\u00e9dients actifs et du parfum, et avons des parfumeurs professionnels pour guider la formule, parmi laquelle se trouvent trois ingr\u00e9dients principaux, chacun jouant un r\u00f4le important dans la protection de la sant\u00e9 des cheveux :<\/p>\n\n\n\n<p>1. Romarin : Le romarin est riche en antioxydants, qui peuvent p\u00e9n\u00e9trer les couches des cheveux, r\u00e9parer les cheveux ab\u00eem\u00e9s et rendre les cheveux plus sains et plus brillants. De plus, les substances actives du romarin peuvent \u00e9galement stimuler la circulation sanguine du cuir chevelu et fournir suffisamment de nutriments aux follicules pileux, favorisant ainsi la croissance des cheveux. De plus, le romarin a certains effets antibact\u00e9riens, qui peuvent r\u00e9duire les pellicules et l&#039;inflammation du cuir chevelu.<\/p>\n\n\n\n<p>2. Menthe poivr\u00e9e : La menthe poivr\u00e9e a un fort effet apaisant et peut p\u00e9n\u00e9trer rapidement le cuir chevelu, apportant une sensation apaisante et d\u00e9tendue, aidant \u00e0 r\u00e9duire les d\u00e9mangeaisons du cuir chevelu et \u00e0 maintenir une sensation de fra\u00eecheur. En m\u00eame temps, son ar\u00f4me frais peut \u00e9galement rafra\u00eechir l&#039;esprit, afin que vous puissiez vous d\u00e9tendre rapidement. De plus, l&#039;huile essentielle de menthe poivr\u00e9e peut \u00e9galement nettoyer en profondeur le cuir chevelu, \u00e9liminer l&#039;exc\u00e8s de s\u00e9bum et de salet\u00e9 et r\u00e9guler l&#039;\u00e9quilibre s\u00e9bum.<\/p>\n\n\n\n<p>3. Lavande : La lavande a un effet calmant, ce qui est propice \u00e0 soulager les tensions, \u00e0 am\u00e9liorer la qualit\u00e9 du sommeil et \u00e0 prendre soin de la sant\u00e9 des cheveux. En m\u00eame temps, il a \u00e9galement un certain effet r\u00e9parateur, qui peut r\u00e9parer les cheveux ab\u00eem\u00e9s, lisser les cheveux et rendre les cheveux plus lisses et plus brillants.<\/p>\n\n\n\n<h2 class=\"wp-block-heading\">Caract\u00e9ristiques<\/h2>\n\n\n\n<p>1. Ingr\u00e9dients naturels, purs et naturels : l&#039;huile essentielle de romarin est un produit de haute puret\u00e9 extrait par technologie de distillation, et une vari\u00e9t\u00e9 d&#039;ingr\u00e9dients naturels sont soigneusement d\u00e9ploy\u00e9s pour conserver les nutriments \u00e0 l&#039;int\u00e9rieur, sans impuret\u00e9s, vous pouvez \u00eatre assur\u00e9 de l&#039;utiliser.<\/p>\n\n\n\n<p>2. Effets multiples, soin complet : Ces ingr\u00e9dients naturels jouent chacun un effet diff\u00e9rent, dans tous les aspects du soin de la sant\u00e9 des cheveux, favorisant la croissance naturelle des cheveux et rendant les cheveux plus forts et plus brillants.<\/p>\n\n\n\n<p>3. Facile \u00e0 absorber, non gras : nos huiles essentielles soigneusement s\u00e9lectionn\u00e9es peuvent rapidement p\u00e9n\u00e9trer le cuir chevelu, absorber et jouer un r\u00f4le, sans sensation grasse.<\/p>\n\n\n\n<p>4. Parfum frais, apaisant et relaxant : La fra\u00eecheur de la menthe et l&#039;ar\u00f4me unique du romarin peuvent aider \u00e0 apaiser l&#039;humeur, \u00e0 d\u00e9tendre le corps et l&#039;esprit et \u00e0 soulager le stress.<\/p>\n\n\n\n<h2 class=\"wp-block-heading\">Les bienfaits de l&#039;huile essentielle de romarin<\/h2>\n\n\n\n<p>1. Nourrir les cheveux : l&#039;huile essentielle de romarin peut p\u00e9n\u00e9trer les couches des cheveux, leur apporter l&#039;hydratation et la nutrition n\u00e9cessaires et nourrir le cuir chevelu. Une utilisation \u00e0 long terme peut rendre les cheveux plus souples, forts et brillants.<\/p>\n\n\n\n<p>2. Antipelliculaire et anti-d\u00e9mangeaisons : nos huiles essentielles ont un puissant effet antibact\u00e9rien et anti-inflammatoire, ce qui peut r\u00e9duire les d\u00e9mangeaisons du cuir chevelu et r\u00e9duire les pellicules en combattant les bact\u00e9ries et l&#039;inflammation du cuir chevelu. En m\u00eame temps, l&#039;huile essentielle de romarin peut apaiser le cuir chevelu, le rendant plus confortable et favorisant une croissance saine.<\/p>\n\n\n\n<p>3. \u00c9limination de l&#039;huile et contr\u00f4le de l&#039;huile : l&#039;ingr\u00e9dient menthe poivr\u00e9e de l&#039;huile essentielle peut nettoyer le cuir chevelu, \u00e9liminer l&#039;huile et la salet\u00e9, garder les cheveux frais et insister pour l&#039;utiliser pour obtenir l&#039;effet d&#039;\u00e9limination de l&#039;huile et de contr\u00f4le de l&#039;huile.<\/p>\n\n\n\n<p>4. Favorise la croissance : l&#039;huile essentielle de romarin est riche en antioxydants, qui peuvent combattre les radicaux libres pour favoriser une croissance saine des cheveux, et elle peut stimuler la circulation sanguine du cuir chevelu et fournir plus d&#039;oxyg\u00e8ne et de nutriments aux follicules pileux, ce qui est propice \u00e0 la promotion de la croissance des cheveux.<\/p>\n\n\n\n<p>5. Soulage l&#039;anxi\u00e9t\u00e9 : les ingr\u00e9dients de la lavande aident \u00e0 calmer et \u00e0 avoir un effet antid\u00e9presseur, peuvent soulager l&#039;humeur anxieuse, \u00e9liminer les distractions, permettre aux gens de se d\u00e9tendre et de se calmer rapidement et sont propices \u00e0 l&#039;am\u00e9lioration du malaise mental. En m\u00eame temps, l&#039;ar\u00f4me unique du romarin peut rafra\u00eechir l&#039;esprit et aider \u00e0 am\u00e9liorer la m\u00e9moire et la concentration.<\/p>\n\n\n\n<p>6. Soulagement de la douleur : les propri\u00e9t\u00e9s anti-inflammatoires du romarin peuvent r\u00e9duire l&#039;apparition d&#039;inflammations tissulaires, ce qui peut soulager la douleur et le gonflement caus\u00e9s par l&#039;arthrite, l&#039;ecz\u00e9ma et d&#039;autres maladies. L&#039;huile essentielle de romarin peut donc aider \u00e0 traiter ce type de maladie.<\/p>\n\n\n\n<p>7. Bonne digestion : le romarin peut favoriser la production de bile, ce qui am\u00e9liore le syst\u00e8me digestif et stimule l&#039;app\u00e9tit. L&#039;utilisation de l&#039;huile essentielle de romarin peut donc aider \u00e0 soulager des sympt\u00f4mes tels que les maux d&#039;estomac et l&#039;indigestion.<\/p>\n\n\n\n<h2 class=\"wp-block-heading\">Comment utiliser l\u2019huile essentielle de romarin sur les cheveux ?<\/h2>\n\n\n\n<p>En tant que fabricant professionnel d&#039;huile essentielle de romarin, la concentration plus \u00e9lev\u00e9e d&#039;huile essentielle de romarin utilis\u00e9e fait qu&#039;il est recommand\u00e9 de la m\u00e9langer avec d&#039;autres huiles de base pour diluer l&#039;huile essentielle afin de ne pas irriter le cuir chevelu. Vous pouvez choisir une huile de base que vous aimez, puis la m\u00e9langer dans un rapport de 1:100, en veillant \u00e0 ce que la concentration ne d\u00e9passe pas 3%. En tant que fabricant innovant d&#039;huile essentielle de romarin, dans le processus de production, nous marquerons l&#039;utilisation pertinente et les instructions d&#039;utilisation sur l&#039;emballage du produit, veuillez lire attentivement avant utilisation.<\/p>\n\n\n\n<p>1. Avant le shampooing : Avant le shampooing, peignez les cheveux. Vous pouvez verser l&#039;huile essentielle pr\u00e9par\u00e9e dans la paume de la main pour frotter et chauffer, puis masser doucement le cuir chevelu et masser avec les doigts et l&#039;abdomen pendant environ 5 minutes. Laissez agir 30 minutes apr\u00e8s le massage et lavez vos cheveux. Ce processus aide \u00e0 am\u00e9liorer la circulation sanguine, \u00e0 d\u00e9tendre le cuir chevelu et \u00e0 favoriser la croissance des cheveux.<\/p>\n\n\n\n<p>2. Shampoing : vous pouvez ajouter quelques gouttes d&#039;huile essentielle de romarin au shampoing, bien m\u00e9langer et laver vos cheveux selon les \u00e9tapes normales du shampoing. Si les cheveux sont gras ou longs, vous pouvez les nettoyer plusieurs fois. Cela garantit la propret\u00e9, mais aide \u00e9galement \u00e0 garder les cheveux frais, \u00e0 contr\u00f4ler l&#039;\u00e9quilibre s\u00e9bum et \u00e0 stimuler la croissance des cheveux.<\/p>\n\n\n\n<p>3. Apr\u00e8s le shampooing : Apr\u00e8s le shampooing, m\u00e9langez l&#039;huile essentielle de romarin et l&#039;apr\u00e8s-shampooing selon le rapport, puis appliquez uniform\u00e9ment sur les pointes des cheveux, en particulier l\u00e0 o\u00f9 ils sont faciles \u00e0 s\u00e9cher et \u00e0 casser, massez doucement jusqu&#039;\u00e0 absorption, puis nettoyez \u00e0 l&#039;eau ti\u00e8de. Ce processus rendra les cheveux plus soyeux et brillants. Une utilisation \u00e0 long terme est propice \u00e0 nourrir les cheveux, de sorte que les cheveux soient suffisamment hydrat\u00e9s, ne soient plus secs et deviennent plus forts et plus sains.<\/p>\n\n\n\n<h2 class=\"wp-block-heading\">Prudence<\/h2>\n\n\n\n<p>1. Lors de la dilution, assurez-vous que l\u2019huile de base s\u00e9lectionn\u00e9e est pure et adapt\u00e9e \u00e0 votre type de peau.<\/p>\n\n\n\n<p>2. Un test d\u2019allergie est recommand\u00e9 avant l\u2019huile essentielle de romarin.<\/p>\n\n\n\n<p>3. Si une g\u00eane survient pendant l&#039;utilisation, celle-ci doit \u00eatre imm\u00e9diatement arr\u00eat\u00e9e et nettoy\u00e9e \u00e0 l&#039;eau.<\/p>\n\n\n\n<p>4. Les femmes enceintes et les enfants sont plus sensibles aux huiles essentielles et doivent \u00eatre utilis\u00e9es avec prudence.<\/p>\n\n\n\n<p>5. L\u2019huile essentielle de romarin doit \u00eatre conserv\u00e9e dans un endroit frais et sec, \u00e0 l\u2019abri de la lumi\u00e8re directe du soleil.<\/p>\n\n\n\n<p>6. Une utilisation excessive peut provoquer des effets secondaires, une application excessive et une utilisation fr\u00e9quente doivent donc \u00eatre \u00e9vit\u00e9es lors de l&#039;utilisation.<\/p>\n\n\n\n<h2 class=\"wp-block-heading\">Conclusion<\/h2>\n\n\n\n<p>L&#039;huile essentielle de romarin, qui nourrit les cheveux, favorise la croissance et soulage la douleur et l&#039;anxi\u00e9t\u00e9, est largement utilis\u00e9e chez les personnes souffrant de diverses affections des cheveux et du cuir chevelu. Il convient toutefois de noter que les femmes enceintes, les enfants et les personnes \u00e0 la peau sensible doivent consulter un m\u00e9decin pour obtenir des conseils. En tant que fabricant professionnel d&#039;huile essentielle de romarin, notre huile essentielle de romarin est produite dans le strict respect du processus de production, \u00e0 travers plusieurs couches de tests de qualit\u00e9 pour garantir la s\u00e9curit\u00e9 et la stabilit\u00e9 du produit, et a obtenu certaines certifications de s\u00e9curit\u00e9 internationales, et est un produit de confiance.<\/p>\n\n\n\n<p><\/p>","protected":false},"excerpt":{"rendered":"Rosemary Essential Oil Manufacturing Common Formulas In the production process of rosemary essential oil, we strictly control every step to ensure the concentration of active ingredients and fragrance, and have professional perfumers to guide the formula, among which there are three main ingredients each plays an important role in protecting the health of hair: 1. [&hellip;]","protected":false},"featured_media":1075,"menu_order":0,"template":"","meta":[],"product-tag":[],"products":[49,53],"class_list":["post-1074","product","type-product","status-publish","has-post-thumbnail","hentry","products-hair-care","products-essential-oil"],"acf":[],"_links":{"self":[{"href":"https:\/\/www.ruiqigo.com\/fr\/wp-json\/wp\/v2\/product\/1074","targetHints":{"allow":["GET"]}}],"collection":[{"href":"https:\/\/www.ruiqigo.com\/fr\/wp-json\/wp\/v2\/product"}],"about":[{"href":"https:\/\/www.ruiqigo.com\/fr\/wp-json\/wp\/v2\/types\/product"}],"version-history":[{"count":0,"href":"https:\/\/www.ruiqigo.com\/fr\/wp-json\/wp\/v2\/product\/1074\/revisions"}],"wp:featuredmedia":[{"embeddable":true,"href":"https:\/\/www.ruiqigo.com\/fr\/wp-json\/wp\/v2\/media\/1075"}],"wp:attachment":[{"href":"https:\/\/www.ruiqigo.com\/fr\/wp-json\/wp\/v2\/media?parent=1074"}],"wp:term":[{"taxonomy":"product-tag","embeddable":true,"href":"https:\/\/www.ruiqigo.com\/fr\/wp-json\/wp\/v2\/product-tag?post=1074"},{"taxonomy":"products","embeddable":true,"href":"https:\/\/www.ruiqigo.com\/fr\/wp-json\/wp\/v2\/products?post=1074"}],"curies":[{"name":"wp","href":"https:\/\/api.w.org\/{rel}","templated":true}]}}