{"id":1080,"date":"2024-09-14T14:55:04","date_gmt":"2024-09-14T06:55:04","guid":{"rendered":"https:\/\/ruiqigo.com\/?post_type=product&#038;p=1080"},"modified":"2024-11-14T22:16:48","modified_gmt":"2024-11-14T14:16:48","slug":"batana-oil","status":"publish","type":"product","link":"https:\/\/www.ruiqigo.com\/fr\/product\/batana-oil","title":{"rendered":"Huile de Batana\u00a0"},"content":{"rendered":"<h2 class=\"wp-block-heading\">Comment formuler une gamme de soins capillaires \u00e0 base d&#039;huile de batana<\/h2>\n\n\n\n<p>En tant que fabricant leader d&#039;huile de Batana, l&#039;huile de Batana a un effet significatif sur les soins capillaires gr\u00e2ce \u00e0 ses nutriments cl\u00e9s, qui nourrissent les cheveux, am\u00e9liorent leur r\u00e9sistance, retardent le vieillissement et prennent soin de la sant\u00e9 de vos cheveux.<\/p>\n\n\n\n<p>Acides gras : Les acides gras nourrissent les cheveux en profondeur, les rendant plus sains et plus brillants. De plus, les acides gras am\u00e9liorent \u00e9galement l&#039;\u00e9lasticit\u00e9 et la r\u00e9sistance des cheveux et r\u00e9duisent la casse.<\/p>\n\n\n\n<p>Vitamine E : La vitamine E est un antioxydant naturel, elle a un certain effet r\u00e9parateur, peut am\u00e9liorer les cheveux ab\u00eem\u00e9s et r\u00e9duire les dommages caus\u00e9s par les cheveux fourchus et cassants. De plus, la vitamine E peut \u00e9galement favoriser la circulation sanguine vers le cuir chevelu, fournissant plus de nutriments aux cheveux et favorisant leur croissance.<\/p>\n\n\n\n<p>Antioxydants : Les antioxydants peuvent combattre les radicaux libres pour ralentir le processus d&#039;oxydation des cheveux et du cuir chevelu, aider \u00e0 ralentir le processus de vieillissement des cheveux et prot\u00e9ger les cheveux des rayons UV, rendant ainsi les cheveux plus brillants et plus sains.<\/p>\n\n\n\n<h2 class=\"wp-block-heading\">Caract\u00e9ristiques<\/h2>\n\n\n\n<p>1. Naturel et sans pollution : notre huile essentielle de Batana est extraite sans ajout d&#039;autres composants chimiques pendant le processus de production, les ingr\u00e9dients sont propres, ne contiennent aucun ingr\u00e9dient irritant et peuvent \u00eatre utilis\u00e9s en toute s\u00e9curit\u00e9.<\/p>\n\n\n\n<p>2. Absorption facile : par rapport aux huiles essentielles de soins capillaires ordinaires, nos huiles essentielles de Batana peuvent p\u00e9n\u00e9trer et absorber plus rapidement et mieux, et ne seront pas grasses, donc l&#039;exp\u00e9rience sera plus confortable et peut \u00eatre utilis\u00e9e avec d&#039;autres produits, pas lourds.<\/p>\n\n\n\n<p>3. Peau enti\u00e8re : Les propri\u00e9t\u00e9s nourrissantes, hydratantes et faciles \u00e0 absorber de l&#039;huile de Batana montrent \u00e9galement qu&#039;elle convient \u00e0 une vari\u00e9t\u00e9 de types de cheveux. Elle peut non seulement hydrater fortement les cheveux secs et obtenir l&#039;effet hydratant, mais aussi \u00e9quilibrer la s\u00e9cr\u00e9tion d&#039;huile et r\u00e9duire la sensation grasse des cheveux gras. Bien s\u00fbr, pour les cheveux mixtes, elle peut am\u00e9liorer la sant\u00e9 globale des cheveux et constitue une option d&#039;achat int\u00e9ressante.<\/p>\n\n\n\n<h2 class=\"wp-block-heading\">Les bienfaits de l&#039;huile de batana<\/h2>\n\n\n\n<p>1. Nourrissante et hydratante en profondeur : l&#039;huile essentielle de Batana peut p\u00e9n\u00e9trer profond\u00e9ment dans le cuir chevelu, adoucir et apaiser le cuir chevelu et fournir un effet nourrissant et hydratant pour les cheveux. C&#039;est une bonne huile essentielle de soin capillaire pour les personnes ayant les cheveux secs et ab\u00eem\u00e9s, qui peut am\u00e9liorer la qualit\u00e9 de leurs cheveux et se d\u00e9barrasser du probl\u00e8me des cheveux secs.<\/p>\n\n\n\n<p>2. Brillance naturelle : l&#039;huile de batana peut non seulement lisser les cheveux mais aussi leur redonner de la brillance. Rend les cheveux plus lisses et am\u00e9liore leur apparence g\u00e9n\u00e9rale.<\/p>\n\n\n\n<p>3. R\u00e9parer les dommages : les substances antioxydantes contenues dans l&#039;huile de Batana peuvent r\u00e9parer en profondeur les cheveux ab\u00eem\u00e9s, r\u00e9duisant ainsi les cassures et les fourches. Les dommages caus\u00e9s par le repassage et la teinture fr\u00e9quents et la bifurcation grave peuvent \u00e9galement \u00eatre le bon rem\u00e8de, l&#039;adh\u00e9sion \u00e0 long terme \u00e0 l&#039;utilisation peut am\u00e9liorer la r\u00e9sistance des cheveux afin que les cheveux soient plus sains et ne se cassent pas facilement.<\/p>\n\n\n\n<p>4. Favorise la croissance : en tant que fabricant de pr\u00e9cision, un cuir chevelu sain est propice \u00e0 la croissance des cheveux, et les nutriments fournis par l&#039;huile essentielle de Batana peuvent favoriser la sant\u00e9 du cuir chevelu et fournir un bon environnement de croissance pour les follicules pileux. Le massage de l&#039;huile de Batana sur le cuir chevelu stimule la circulation sanguine et favorise la sant\u00e9 globale des cheveux, r\u00e9duisant ainsi la perte et la casse des cheveux, tout en aidant les cheveux \u00e0 pousser naturellement.<\/p>\n\n\n\n<p>5. Apaisant pour la peau : En plus des soins capillaires, Batana peut \u00e9galement \u00eatre utilis\u00e9 dans d&#039;autres aspects, tels que l&#039;am\u00e9lioration du teint irr\u00e9gulier, l&#039;apport d&#039;un effet hydratant pour la peau, le ralentissement du vieillissement cutan\u00e9 et d&#039;autres effets, une utilisation \u00e0 long terme, vous constaterez des changements dans la peau.<\/p>\n\n\n\n<h2 class=\"wp-block-heading\">Comment utiliser l&#039;huile de Batana sur les cheveux ?<\/h2>\n\n\n\n<p>En tant que fabricant professionnel d&#039;huile de Batana, voici de nombreuses fa\u00e7ons d&#039;utiliser l&#039;huile de Batana, et vous pouvez en choisir une ou plusieurs qui vous conviennent le mieux en fonction de votre type de cheveux :<\/p>\n\n\n\n<p>1. Avant le shampooing : prenez une quantit\u00e9 appropri\u00e9e d&#039;huile essentielle et frottez-la dans la paume de votre main pour la chauffer, massez l&#039;huile essentielle chaude sur votre cuir chevelu et vos cheveux, en particulier sur la partie s\u00e8che et ab\u00eem\u00e9e, puis fixez vos cheveux avec un bonnet de douche ou une pellicule plastique, et attendez une demi-heure avant de les laver ou le lendemain matin. Ce processus aide l&#039;huile essentielle de Batana \u00e0 p\u00e9n\u00e9trer plus profond\u00e9ment dans les m\u00e8ches de cheveux, \u00e9mulsifiant les huiles et la salet\u00e9 et nourrissant le cuir chevelu.<\/p>\n\n\n\n<p>2. Pendant le shampooing : Vous pouvez masser une petite quantit\u00e9 d&#039;huile essentielle sur votre cuir chevelu et vos cheveux pendant le shampooing. Vous pouvez \u00e9galement la m\u00e9langer avec du shampoing ou de l&#039;apr\u00e8s-shampoing. Couvrir tout le cuir chevelu avec de l&#039;huile essentielle et la masser doucement pendant 3 \u00e0 5 minutes peut nettoyer et d\u00e9tendre le cuir chevelu, favorisant la circulation sanguine et stimulant ainsi les follicules pileux. Apr\u00e8s le massage, rincez \u00e0 l&#039;eau. Ce processus aide l&#039;huile essentielle \u00e0 mieux nourrir les cheveux et \u00e0 les rendre plus lisses et plus brillants.<\/p>\n\n\n\n<p>3. Apr\u00e8s le shampooing, apr\u00e8s avoir lav\u00e9 vos cheveux, \u00e9pongez l&#039;eau avec une serviette et gardez-la l\u00e9g\u00e8rement humide. Ensuite, prenez une quantit\u00e9 appropri\u00e9e d&#039;huile essentielle, frottez et chauffez, et appliquez-la sur les cheveux, en particulier l\u00e0 o\u00f9 les pointes des cheveux sont faciles \u00e0 casser. Apr\u00e8s l&#039;application, laissez vos cheveux s\u00e9cher \u00e0 l&#039;air libre ou s\u00e9chez-les avec un s\u00e8che-cheveux, en prenant soin de ne pas avoir trop chaud. De cette fa\u00e7on, vos cheveux seront hydrat\u00e9s et prot\u00e9g\u00e9s.<\/p>\n\n\n\n<h2 class=\"wp-block-heading\">Prudence<\/h2>\n\n\n\n<p>1. Pour la premi\u00e8re fois, il est recommand\u00e9 d&#039;effectuer un test cutan\u00e9 pour pr\u00e9venir les allergies<\/p>\n\n\n\n<p>2. Il est recommand\u00e9 que les enfants l&#039;utilisent sous la surveillance de leurs parents<\/p>\n\n\n\n<p>3. En cas de contact avec les yeux pendant l&#039;utilisation, rincer imm\u00e9diatement \u00e0 l&#039;eau claire<\/p>\n\n\n\n<p>4. Conserver dans un endroit frais et sec, \u00e0 l&#039;abri de la lumi\u00e8re directe du soleil.<\/p>\n\n\n\n<p>5. La fr\u00e9quence d&#039;utilisation des cheveux fins ne doit pas \u00eatre trop \u00e9lev\u00e9e<\/p>\n\n\n\n<h2 class=\"wp-block-heading\">Conclusion<\/h2>\n\n\n\n<p>L&#039;huile essentielle de Batana est polyvalente, douce et non irritante pour une large gamme de types de cheveux. Des solutions efficaces contre les pointes s\u00e8ches, fourchues, la chute des cheveux, etc., jouent un r\u00f4le important dans nos soins capillaires. En tant qu&#039;excellent fabricant d&#039;huile de Batana, nous disposons de plusieurs niveaux de s\u00e9lection pour garantir des mati\u00e8res premi\u00e8res de haute qualit\u00e9 et naturelles et, gr\u00e2ce \u00e0 une gamme de processus de fabrication, l&#039;huile essentielle de Batana est \u00e9galement un produit de confiance.<\/p>\n\n\n\n<p><\/p>","protected":false},"excerpt":{"rendered":"How To Formulate A Batana Oil Hair Care Line As a leading Batana Oil manufacturer, Batana oil has a significant effect on hair care thanks to its key nutrients, which nourish hair, enhance hair toughness, delay aging, and care for your hair health. Fatty acids: Fatty acids can deeply nourish hair, making hair more healthy [&hellip;]","protected":false},"featured_media":1081,"menu_order":0,"template":"","meta":[],"product-tag":[],"products":[49,53],"class_list":["post-1080","product","type-product","status-publish","has-post-thumbnail","hentry","products-hair-care","products-essential-oil"],"acf":[],"_links":{"self":[{"href":"https:\/\/www.ruiqigo.com\/fr\/wp-json\/wp\/v2\/product\/1080","targetHints":{"allow":["GET"]}}],"collection":[{"href":"https:\/\/www.ruiqigo.com\/fr\/wp-json\/wp\/v2\/product"}],"about":[{"href":"https:\/\/www.ruiqigo.com\/fr\/wp-json\/wp\/v2\/types\/product"}],"version-history":[{"count":0,"href":"https:\/\/www.ruiqigo.com\/fr\/wp-json\/wp\/v2\/product\/1080\/revisions"}],"wp:featuredmedia":[{"embeddable":true,"href":"https:\/\/www.ruiqigo.com\/fr\/wp-json\/wp\/v2\/media\/1081"}],"wp:attachment":[{"href":"https:\/\/www.ruiqigo.com\/fr\/wp-json\/wp\/v2\/media?parent=1080"}],"wp:term":[{"taxonomy":"product-tag","embeddable":true,"href":"https:\/\/www.ruiqigo.com\/fr\/wp-json\/wp\/v2\/product-tag?post=1080"},{"taxonomy":"products","embeddable":true,"href":"https:\/\/www.ruiqigo.com\/fr\/wp-json\/wp\/v2\/products?post=1080"}],"curies":[{"name":"wp","href":"https:\/\/api.w.org\/{rel}","templated":true}]}}