{"id":1101,"date":"2024-09-20T13:55:29","date_gmt":"2024-09-20T05:55:29","guid":{"rendered":"https:\/\/ruiqigo.com\/?post_type=product&#038;p=1101"},"modified":"2024-09-20T13:55:29","modified_gmt":"2024-09-20T05:55:29","slug":"minoxidil-hair-growth-solution","status":"publish","type":"product","link":"https:\/\/www.ruiqigo.com\/fr\/product\/minoxidil-hair-growth-solution","title":{"rendered":"Solution de croissance des cheveux au minoxidil"},"content":{"rendered":"<h2 class=\"wp-block-heading\">Formules courantes de fabrication de la solution de croissance des cheveux Minoxidil<\/h2>\n\n\n\n<p>Notre processus de production comprend principalement la pr\u00e9paration des mati\u00e8res premi\u00e8res, la synth\u00e8se de r\u00e9action, la purification, la pr\u00e9paration et le remplissage. Le contr\u00f4le qualit\u00e9 s&#039;\u00e9tend tout au long du processus pour garantir que la qualit\u00e9 du produit r\u00e9pond aux normes et exigences en vigueur. Les principales formules sont les suivantes :<\/p>\n\n\n\n<p>1. Minoxidil : L&#039;ingr\u00e9dient actif principal peut dilater les vaisseaux sanguins, favoriser la circulation sanguine, fournir aux cheveux plus d&#039;oxyg\u00e8ne et de nutriments et stimuler la croissance des cheveux.<\/p>\n\n\n\n<p>2. Propyl\u00e8ne glycol : en tant que solvant, il joue principalement un r\u00f4le de dissolution et d&#039;anticorrosion, et a \u00e9galement un effet hydratant sur la peau.<\/p>\n\n\n\n<p>3. \u00c9thanol : Action auxiliaire, aidant le minoxidil \u00e0 se dissoudre et \u00e0 rester stable.<\/p>\n\n\n\n<p>4. Glyc\u00e9rine : en tant qu&#039;hydratant, elle peut augmenter le confort du produit.<\/p>\n\n\n\n<p>5. Eau pure : dilution<\/p>\n\n\n\n<h2 class=\"wp-block-heading\">Les avantages de la solution de croissance des cheveux au Minoxidil<\/h2>\n\n\n\n<p>1. Favorise la croissance des cheveux : la solution de croissance des cheveux Minoxidil peut stimuler la prolif\u00e9ration et la diff\u00e9renciation des cellules des follicules pileux, favorisant ainsi la croissance des cheveux et aidant \u00e0 restaurer la fonction des follicules pileux endommag\u00e9s.<\/p>\n\n\n\n<p>2. Am\u00e9liore l&#039;environnement du cuir chevelu : la solution de croissance capillaire Minoxidil favorise la circulation sanguine en dilatant les vaisseaux sanguins, apportant ainsi plus d&#039;oxyg\u00e8ne et de nutriments aux follicules pileux. Une utilisation \u00e0 long terme peut am\u00e9liorer l&#039;environnement du cuir chevelu.<\/p>\n\n\n\n<p>3. Am\u00e9liore la perte de cheveux : la solution de croissance capillaire Minoxidil peut r\u00e9duire la perte de cheveux, en particulier pour les personnes souffrant d&#039;alop\u00e9cie androg\u00e9nique et d&#039;alop\u00e9cie s\u00e9borrh\u00e9ique.<\/p>\n\n\n\n<p>4. Augmenter l&#039;\u00e9paisseur et la densit\u00e9 des cheveux : l&#039;utilisation \u00e0 long terme de nos produits peut non seulement r\u00e9duire la perte de cheveux et favoriser la croissance des cheveux, mais aussi les cheveux absorbent constamment des nutriments, qui deviendront plus sains et plus \u00e9pais.<\/p>\n\n\n\n<p>5. Prolongez le cycle des follicules pileux dormants : la solution de croissance des cheveux Minoxidil peut r\u00e9guler le cycle de croissance des follicules pileux, de sorte que les follicules pileux dormants entrent dans la phase de croissance \u00e0 l&#039;avance, prolongeant ainsi le cycle de vie des cheveux.<\/p>\n\n\n\n<p>6. R\u00e9parer la fonction de barri\u00e8re du cuir chevelu : le minoxidil a \u00e9galement des effets anti-inflammatoires et l&#039;inflammation du cuir chevelu nuit g\u00e9n\u00e9ralement \u00e0 la fonction de barri\u00e8re, donc une utilisation \u00e0 long terme peut aider \u00e0 r\u00e9duire ces dommages et favoriser la r\u00e9paration de la barri\u00e8re du cuir chevelu.<\/p>\n\n\n\n<h2 class=\"wp-block-heading\">Comment utiliser la solution de croissance des cheveux Minoxidil\u00a0?<\/h2>\n\n\n\n<p>1. Nettoyer le cuir chevelu : avant d&#039;utiliser la solution de croissance des cheveux au minoxidil, assurez-vous que le cuir chevelu est propre et sec pour garantir une meilleure absorption du m\u00e9dicament.<\/p>\n\n\n\n<p>2. Appliquer ou vaporiser : les cheveux peuvent \u00eatre divis\u00e9s en quatre parties, puis appliquer uniform\u00e9ment la solution de croissance sur la zone de perte de cheveux, ou vaporiser la buse contre le cuir chevelu pour garantir que le liquide peut \u00eatre uniform\u00e9ment recouvert sur le cuir chevelu, puis masser doucement avec le ventre des doigts pendant 3 \u00e0 5 minutes jusqu&#039;\u00e0 absorption compl\u00e8te.<\/p>\n\n\n\n<p>3. Lavez-vous les mains imm\u00e9diatement apr\u00e8s le massage, afin de ne pas toucher d&#039;autres parties du liquide. En m\u00eame temps, ne vous lavez pas les cheveux imm\u00e9diatement apr\u00e8s l&#039;application, il est recommand\u00e9 d&#039;attendre plus d&#039;une heure et d&#039;utiliser une fois chaque matin et soir.<\/p>\n\n\n\n<h2 class=\"wp-block-heading\">Prudence<\/h2>\n\n\n\n<p>1. \u00c9vitez de m\u00e9langer ce produit avec d&#039;autres m\u00e9dicaments. Lorsque vous utilisez ce produit, vous devez consulter votre m\u00e9decin pour savoir si d&#039;autres m\u00e9dicaments utilis\u00e9s peuvent \u00eatre m\u00e9lang\u00e9s avec les produits de solution de croissance capillaire Minoxidil.<\/p>\n\n\n\n<p>2. Les femmes enceintes, les enfants, les femmes qui allaitent et les patients souffrant d&#039;une maladie cardiaque ou ayant des ant\u00e9c\u00e9dents de maladie cardiaque doivent utiliser ce produit avec prudence sous la supervision d&#039;un m\u00e9decin.<\/p>\n\n\n\n<p>3. Un test allergique est recommand\u00e9 avant d\u2019utiliser la solution de croissance des cheveux au minoxidil.<\/p>\n\n\n\n<p>4. Le cycle d&#039;utilisation de ce produit est g\u00e9n\u00e9ralement de 4 mois. Si vous arr\u00eatez de l&#039;utiliser pendant cette p\u00e9riode, la chute des cheveux peut recommencer et les cheveux tomberont plus rapidement.<\/p>\n\n\n\n<p>5. Ce produit convient \u00e0 la plupart des personnes, l&#039;effet du traitement est le meilleur entre 18 et 40 ans.<\/p>\n\n\n\n<p>6. Ce produit convient aux stades pr\u00e9coces et interm\u00e9diaires de la perte de cheveux, aux zones claires de perte de cheveux et \u00e0 d&#039;autres sc\u00e9narios, mais assurez-vous de suivre les conseils du m\u00e9decin avant utilisation.<\/p>\n\n\n\n<p>7. Apr\u00e8s avoir utilis\u00e9 ce produit, la peau est plus sensible au soleil, faites donc attention \u00e0 la protection solaire.<\/p>\n\n\n\n<p>7. Si une g\u00eane survient pendant l&#039;utilisation, veuillez cesser imm\u00e9diatement l&#039;utilisation et nettoyer \u00e0 l&#039;eau.<\/p>\n\n\n\n<p>8. La solution capillaire Minoxidil doit \u00eatre conserv\u00e9e dans un endroit frais et sec, \u00e0 l&#039;abri de la lumi\u00e8re directe du soleil.<\/p>\n\n\n\n<h2 class=\"wp-block-heading\">Conclusion<\/h2>\n\n\n\n<p>La solution de croissance capillaire Minoxidil est privil\u00e9gi\u00e9e par les personnes souffrant de perte de cheveux et de calvitie, en particulier d&#039;alop\u00e9cie androg\u00e9nique, pour ses caract\u00e9ristiques d&#039;am\u00e9lioration de la perte de cheveux, d&#039;expansion des follicules pileux, de promotion de la croissance et de r\u00e9paration des barri\u00e8res. Notre usine, gr\u00e2ce \u00e0 des couches de contr\u00f4le de qualit\u00e9, ainsi qu&#039;\u00e0 l&#039;innovation en recherche et d\u00e9veloppement du personnel technique, am\u00e9liore la formule existante et am\u00e9liore constamment la facilit\u00e9 d&#039;utilisation des produits. Dans le m\u00eame temps, nous nous assurons que la qualit\u00e9 et la s\u00e9curit\u00e9 des produits sont \u00e0 la hauteur des normes les plus \u00e9lev\u00e9es et r\u00e9pondent \u00e0 vos besoins. De plus, nous avons marqu\u00e9 en d\u00e9tail les instructions d&#039;utilisation sur l&#039;emballage du produit. Nous esp\u00e9rons que vous pourrez lire attentivement les instructions avant utilisation et les ajuster en fonction de votre type de peau pour obtenir les meilleurs r\u00e9sultats.<\/p>\n\n\n\n<p><\/p>","protected":false},"excerpt":{"rendered":"Minoxidil Hair Growth Solution Manufacturing Common Formulas Our production process mainly includes raw material preparation, reaction synthesis, purification, preparation, and filling. The quality inspection runs through the whole process to ensure that the product quality meets the relevant standards and requirements. The main formulas are: 1. Minoxidil: The core active ingredient can dilate blood vessels, [&hellip;]","protected":false},"featured_media":1102,"menu_order":0,"template":"","meta":[],"product-tag":[],"products":[49],"class_list":["post-1101","product","type-product","status-publish","has-post-thumbnail","hentry","products-hair-care"],"acf":[],"_links":{"self":[{"href":"https:\/\/www.ruiqigo.com\/fr\/wp-json\/wp\/v2\/product\/1101","targetHints":{"allow":["GET"]}}],"collection":[{"href":"https:\/\/www.ruiqigo.com\/fr\/wp-json\/wp\/v2\/product"}],"about":[{"href":"https:\/\/www.ruiqigo.com\/fr\/wp-json\/wp\/v2\/types\/product"}],"version-history":[{"count":0,"href":"https:\/\/www.ruiqigo.com\/fr\/wp-json\/wp\/v2\/product\/1101\/revisions"}],"wp:featuredmedia":[{"embeddable":true,"href":"https:\/\/www.ruiqigo.com\/fr\/wp-json\/wp\/v2\/media\/1102"}],"wp:attachment":[{"href":"https:\/\/www.ruiqigo.com\/fr\/wp-json\/wp\/v2\/media?parent=1101"}],"wp:term":[{"taxonomy":"product-tag","embeddable":true,"href":"https:\/\/www.ruiqigo.com\/fr\/wp-json\/wp\/v2\/product-tag?post=1101"},{"taxonomy":"products","embeddable":true,"href":"https:\/\/www.ruiqigo.com\/fr\/wp-json\/wp\/v2\/products?post=1101"}],"curies":[{"name":"wp","href":"https:\/\/api.w.org\/{rel}","templated":true}]}}