{"id":1121,"date":"2024-09-20T17:27:59","date_gmt":"2024-09-20T09:27:59","guid":{"rendered":"https:\/\/ruiqigo.com\/?post_type=product&#038;p=1121"},"modified":"2024-11-14T17:27:54","modified_gmt":"2024-11-14T09:27:54","slug":"pumpkin-seed-oil","status":"publish","type":"product","link":"https:\/\/www.ruiqigo.com\/fr\/product\/pumpkin-seed-oil","title":{"rendered":"Huile de p\u00e9pins de courge\u00a0\u00a0"},"content":{"rendered":"<h2 class=\"wp-block-heading\">Formules courantes pour la fabrication de l&#039;huile de graines de citrouille<\/h2>\n\n\n\n<p>Nous attachons une grande importance \u00e0 la qualit\u00e9 de l&#039;huile de p\u00e9pins de courge, c&#039;est pourquoi chaque processus de production est strictement contr\u00f4l\u00e9. Tout d&#039;abord, nous s\u00e9lectionnerons des graines de courge de haute qualit\u00e9 et non polluantes comme mati\u00e8res premi\u00e8res et utiliserons une technologie de pressage \u00e0 froid pour les extraire, ce qui peut garantir l&#039;int\u00e9grit\u00e9 et l&#039;activit\u00e9 des nutriments. En tant que fabricant fiable d&#039;huile de p\u00e9pins de courge, dans la formule de l&#039;huile de p\u00e9pins de courge, les graines de courge sont l&#039;ingr\u00e9dient principal et sont m\u00e9lang\u00e9es en proportion avec d&#039;autres antioxydants. Voici les principales formulations de nos produits :<\/p>\n\n\n\n<p>1. Graines de citrouille : les divers acides gras contenus dans les graines de citrouille ont des propri\u00e9t\u00e9s anti-inflammatoires, ce qui peut am\u00e9liorer les cheveux ab\u00eem\u00e9s. Les nutriments qu&#039;elles contiennent peuvent \u00e9galement favoriser la sant\u00e9 et la croissance des cheveux.<\/p>\n\n\n\n<p>2. Vitamine E : La vitamine E est un puissant antioxydant qui combat les radicaux libres sur le cuir chevelu, retardant ainsi le vieillissement et prot\u00e9geant les cellules des dommages.<\/p>\n\n\n\n<h2 class=\"wp-block-heading\">Les bienfaits de l\u2019huile de p\u00e9pins de courge<\/h2>\n\n\n\n<p>1. Nourrir les cheveux : l&#039;huile de graines de citrouille peut fournir une nutrition riche aux cheveux et am\u00e9liorer les cheveux secs, jaunes et autres probl\u00e8mes.<\/p>\n\n\n\n<p>2. R\u00e9parer les dommages : la vitamine E et les autres antioxydants contenus dans l&#039;huile de graines de citrouille combattent les radicaux libres et peuvent \u00e9galement lutter contre les sympt\u00f4mes li\u00e9s aux pellicules et aux infections du cuir chevelu, r\u00e9parer en profondeur et am\u00e9liorer la qualit\u00e9 des cheveux.<\/p>\n\n\n\n<p>3. Eau de verrouillage de l&#039;humidit\u00e9 : notre produit est une huile de qualit\u00e9 moyenne, adapt\u00e9e \u00e0 l&#039;application sur le cuir chevelu, peut retenir fermement l&#039;eau et am\u00e9liorer les cheveux fourchus, cass\u00e9s et autres probl\u00e8mes.<\/p>\n\n\n\n<p>4. Am\u00e9liorer la perte de cheveux : lorsque la DHT (dihydrotestost\u00e9rone) du corps est excessive, cela entra\u00eenera des probl\u00e8mes de perte de cheveux, et l&#039;huile de p\u00e9pins de citrouille peut r\u00e9duire la production de DHT, prot\u00e9geant ainsi la sant\u00e9 des follicules pileux et r\u00e9duisant la perte de cheveux.<\/p>\n\n\n\n<p>5. Favoriser la croissance : certains composants de l&#039;huile de graines de citrouille peuvent favoriser la circulation sanguine, fournir plus de nutriments et d&#039;oxyg\u00e8ne aux follicules pileux et aider les cheveux \u00e0 pousser naturellement.<\/p>\n\n\n\n<p>6. Am\u00e9liore la peau : l&#039;huile de graines de citrouille a non seulement un effet remarquable sur le soin des cheveux, mais est \u00e9galement un produit de soin naturel de la peau, qui peut \u00eatre antioxydant, anti-\u00e2ge, nourrissant et hydratant, et peut am\u00e9liorer la qualit\u00e9 de la peau et rendre votre peau plus saine \u00e0 long terme. utilisation.<\/p>\n\n\n\n<h2 class=\"wp-block-heading\">Comment utiliser l\u2019huile de graines de citrouille pour la croissance des cheveux\u00a0?<\/h2>\n\n\n\n<p>En tant que fabricant fiable d&#039;huile de p\u00e9pins de courge, nous s\u00e9lectionnons soigneusement des graines de courge de haute qualit\u00e9 et chaque processus de production est contr\u00f4l\u00e9 par des techniciens professionnels pour garantir leur puret\u00e9 et leur s\u00e9curit\u00e9. Il existe de nombreuses fa\u00e7ons d&#039;utiliser l&#039;huile de p\u00e9pins de courge dans les soins capillaires, vous pouvez choisir celle qui vous convient en fonction de la demande r\u00e9elle et de l&#039;utilisation \u00e0 long terme, et je pense que vos cheveux deviendront plus sains, plus \u00e9pais et plus brillants. Voici plusieurs m\u00e9thodes d&#039;utilisation auxquelles on peut se r\u00e9f\u00e9rer :<\/p>\n\n\n\n<p>1. Avant le shampooing : Avant le shampooing, peignez vos cheveux et appliquez notre produit dans votre paume pour le chauffer. Appliquez ensuite uniform\u00e9ment sur le cuir chevelu et les cheveux, vous pouvez masser doucement avec le ventre du doigt pendant 3 \u00e0 5 minutes et attendre 10 minutes pour favoriser l&#039;absorption ; lavez vos cheveux en dernier et assurez-vous de bien les nettoyer lorsque vous les lavez.<\/p>\n\n\n\n<p>2. Shampoing : Lors du shampoing, vous pouvez verser deux gouttes d&#039;huile de p\u00e9pins de courge dans le shampoing ou l&#039;apr\u00e8s-shampoing. Selon le processus de shampoing normal, vous pouvez passer plus de temps \u00e0 masser le cuir chevelu avec les doigts et l&#039;abdomen pour favoriser la circulation sanguine et l&#039;absorption de l&#039;huile essentielle. Rincez \u00e0 l&#039;eau ti\u00e8de pour \u00e9viter tout r\u00e9sidu.<\/p>\n\n\n\n<p>3. Apr\u00e8s avoir lav\u00e9 vos cheveux : Apr\u00e8s avoir lav\u00e9 vos cheveux, s\u00e9chez l&#039;eau avec une serviette pour garder vos cheveux dans un \u00e9tat semi-sec ; Ensuite, prenez une petite quantit\u00e9 d&#039;huile de p\u00e9pins de courge, frottez et chauffez, et appliquez uniform\u00e9ment sur la pointe des cheveux, en particulier les parties s\u00e8ches et ab\u00eem\u00e9es, veillez \u00e0 ne pas appliquer sur le cuir chevelu, pour \u00e9viter les cheveux gras ; Apr\u00e8s l&#039;application, vous pouvez s\u00e9cher avec un s\u00e8che-cheveux \u00e0 basse temp\u00e9rature ou s\u00e9cher \u00e0 l&#039;air libre.<\/p>\n\n\n\n<h2 class=\"wp-block-heading\">Prudence<\/h2>\n\n\n\n<p>1. Un test d&#039;allergie doit \u00eatre effectu\u00e9 lors de la premi\u00e8re utilisation afin de s&#039;assurer qu&#039;il n&#039;y a pas de r\u00e9action allergique avant utilisation.<\/p>\n\n\n\n<p>2. Il est recommand\u00e9 aux patients pr\u00e9sentant des ulc\u00e8res \u00e9ryth\u00e9mateux ou des racines de cheveux tr\u00e8s grasses d&#039;utiliser ce produit sous la supervision d&#039;un m\u00e9decin.<\/p>\n\n\n\n<p>3. L&#039;huile de p\u00e9pins de courge convient \u00e0 la plupart des gens, en particulier \u00e0 ceux qui ont les cheveux ab\u00eem\u00e9s, les cheveux chauves, les cheveux secs, etc.<\/p>\n\n\n\n<p>4. Notre produit convient \u00e0 toutes les situations, qu&#039;il soit utilis\u00e9 avant, pendant et apr\u00e8s le lavage des cheveux ou les soins quotidiens.<\/p>\n\n\n\n<p>5, lorsqu&#039;il est utilis\u00e9 pour contr\u00f4ler la quantit\u00e9, pour \u00e9viter les cheveux excessifs gras et difficiles \u00e0 nettoyer.<\/p>\n\n\n\n<p>6. Si des rougeurs cutan\u00e9es, des d\u00e9mangeaisons du cuir chevelu et d&#039;autres sympt\u00f4mes apparaissent pendant l&#039;utilisation, arr\u00eatez imm\u00e9diatement l&#039;utilisation et nettoyez \u00e0 l&#039;eau.<\/p>\n\n\n\n<p>7. Ce produit doit \u00eatre conserv\u00e9 dans un endroit frais et sec, \u00e0 l\u2019abri de la lumi\u00e8re directe du soleil.<\/p>\n\n\n\n<h2 class=\"wp-block-heading\">Conclusion<\/h2>\n\n\n\n<p>Si vous recherchez une huile essentielle enti\u00e8rement naturelle et non nocive pour le soin des cheveux, notre huile de p\u00e9pins de courge est le meilleur choix. Nous attachons une grande importance \u00e0 la qualit\u00e9 et \u00e0 la s\u00e9curit\u00e9 des produits. Dans l&#039;ensemble du processus de production, le contr\u00f4le qualit\u00e9, la protection de l&#039;environnement et les \u00e9conomies d&#039;\u00e9nergie sont nos priorit\u00e9s. Du d\u00e9pistage des mati\u00e8res premi\u00e8res au traitement et \u00e0 l&#039;emballage, il existe diff\u00e9rents tests de qualit\u00e9, notamment des indicateurs sensoriels, des indicateurs fonctionnels, des tests d&#039;irritation cutan\u00e9e, etc., pour garantir la stabilit\u00e9 et la s\u00e9curit\u00e9 des huiles essentielles. En tant que fabricant efficace d&#039;huile de p\u00e9pins de courge, en m\u00eame temps, les produits sont \u00e9galement v\u00e9rifi\u00e9s par des institutions de test professionnelles tierces pour r\u00e9pondre aux normes en vigueur. J&#039;esp\u00e8re que cela pourra vous apporter une bonne exp\u00e9rience de soins capillaires et je pense que sous votre utilisation persistante, vos cheveux conna\u00eetront certainement des changements significatifs.<\/p>","protected":false},"excerpt":{"rendered":"Pumpkin Seed Oil Manufacturing Common Formulas We attach great importance to the quality of pumpkin seed oil, so every process of production is strictly controlled. First of all, we will select high-quality, pollution-free pumpkin seeds as raw materials, and use cold-pressing technology to extract them which can ensure the integrity and activity of nutrients. As [&hellip;]","protected":false},"featured_media":1122,"menu_order":0,"template":"","meta":[],"product-tag":[],"products":[53],"class_list":["post-1121","product","type-product","status-publish","has-post-thumbnail","hentry","products-essential-oil"],"acf":[],"_links":{"self":[{"href":"https:\/\/www.ruiqigo.com\/fr\/wp-json\/wp\/v2\/product\/1121","targetHints":{"allow":["GET"]}}],"collection":[{"href":"https:\/\/www.ruiqigo.com\/fr\/wp-json\/wp\/v2\/product"}],"about":[{"href":"https:\/\/www.ruiqigo.com\/fr\/wp-json\/wp\/v2\/types\/product"}],"version-history":[{"count":0,"href":"https:\/\/www.ruiqigo.com\/fr\/wp-json\/wp\/v2\/product\/1121\/revisions"}],"wp:featuredmedia":[{"embeddable":true,"href":"https:\/\/www.ruiqigo.com\/fr\/wp-json\/wp\/v2\/media\/1122"}],"wp:attachment":[{"href":"https:\/\/www.ruiqigo.com\/fr\/wp-json\/wp\/v2\/media?parent=1121"}],"wp:term":[{"taxonomy":"product-tag","embeddable":true,"href":"https:\/\/www.ruiqigo.com\/fr\/wp-json\/wp\/v2\/product-tag?post=1121"},{"taxonomy":"products","embeddable":true,"href":"https:\/\/www.ruiqigo.com\/fr\/wp-json\/wp\/v2\/products?post=1121"}],"curies":[{"name":"wp","href":"https:\/\/api.w.org\/{rel}","templated":true}]}}