{"id":1186,"date":"2024-09-29T15:38:44","date_gmt":"2024-09-29T07:38:44","guid":{"rendered":"https:\/\/ruiqigo.com\/?post_type=product&#038;p=1186"},"modified":"2024-10-28T15:43:09","modified_gmt":"2024-10-28T07:43:09","slug":"peppermint-body-wash","status":"publish","type":"product","link":"https:\/\/www.ruiqigo.com\/fr\/product\/peppermint-body-wash","title":{"rendered":"Gel douche \u00e0 la menthe poivr\u00e9e"},"content":{"rendered":"<h2 class=\"wp-block-heading\">Formules courantes pour la fabrication de l&#039;huile de graines de citrouille<\/h2>\n\n\n\n<p>Nous attachons une grande importance \u00e0 la qualit\u00e9 des produits de gel douche \u00e0 la menthe, non seulement en s\u00e9lectionnant soigneusement les mati\u00e8res premi\u00e8res, mais \u00e9galement en contr\u00f4lant strictement chaque processus. Une vari\u00e9t\u00e9 d&#039;extraits de plantes sont ajout\u00e9s au traitement du produit, sans aucun conservateur, la formule principale est :<\/p>\n\n\n\n<p>1. Huile essentielle de menthe poivr\u00e9e : L&#039;huile essentielle de menthe poivr\u00e9e est l&#039;ingr\u00e9dient principal de ce produit, qui contient beaucoup de menthol et de c\u00e9tone de menthol. Ces deux substances actives peuvent \u00eatre appliqu\u00e9es sur la peau pour cr\u00e9er une sensation de fra\u00eecheur, ce qui aide \u00e0 soulager les d\u00e9mangeaisons et les irritations. Ce sont \u00e9galement des conservateurs naturels, aux effets antibact\u00e9riens et anti-inflammatoires, qui peuvent r\u00e9duire la r\u00e9ponse inflammatoire \u00e0 la surface de la peau, pr\u00e9venant ainsi des maladies telles que la dermatite et l&#039;ecz\u00e9ma. De plus, le parfum de menthe poivr\u00e9e peut stimuler le syst\u00e8me nerveux, ce qui est propice \u00e0 am\u00e9liorer la fatigue et \u00e0 am\u00e9liorer la concentration.<\/p>\n\n\n\n<p>2. Agent hydratant : les agents hydratants courants comprennent la glyc\u00e9rine, le propyl\u00e8ne glycol et d&#039;autres ingr\u00e9dients, qui peuvent former un film protecteur sur la surface de la peau, emprisonner fermement l&#039;eau, de sorte que la peau puisse mieux absorber l&#039;eau et devenir plus lisse et transparente.<\/p>\n\n\n\n<p>3. Tensioactifs : ces ingr\u00e9dients sont \u00e9galement l&#039;un des ingr\u00e9dients de base, qui peuvent nettoyer en profondeur la salet\u00e9 et l&#039;huile \u00e0 la surface de la peau, laissant la peau fra\u00eeche et propre. En m\u00eame temps, ils peuvent \u00e9galement permettre au gel douche de produire une mousse dense, de r\u00e9duire le contact par frottement, d&#039;\u00eatre doux et facile \u00e0 rincer et d&#039;am\u00e9liorer le confort du processus de bain.<\/p>\n\n\n\n<p>4. Autres extraits de plantes : nous ajoutons \u00e9galement du th\u00e9 vert, des algues et d&#039;autres extraits au gel douche. Ces ingr\u00e9dients naturels ont des propri\u00e9t\u00e9s antioxydantes, anti-inflammatoires et apaisantes, qui peuvent hydrater davantage la peau et am\u00e9liorer son \u00e9tat. En m\u00eame temps, ils n&#039;irritent pas la peau, vous offrant une exp\u00e9rience de bain confortable.<\/p>\n\n\n\n<h2 class=\"wp-block-heading\">Les bienfaits de l\u2019huile de p\u00e9pins de courge<\/h2>\n\n\n\n<p>Lors du processus de production du gel douche \u00e0 la menthe poivr\u00e9e, nous avons des parfumeurs professionnels soigneusement pr\u00e9par\u00e9s pour garantir que le produit puisse produire un effet maximal dans des conditions douces et confortables. Voici quelques-uns des principaux avantages :<\/p>\n\n\n\n<p>1. Rafra\u00eechissant et confortable : la menthe poivr\u00e9e a un effet rafra\u00eechissant et rafra\u00eechissant, de sorte que la peau sera fra\u00eeche lors de l&#039;utilisation du gel douche \u00e0 la menthe poivr\u00e9e et durera un certain temps.<\/p>\n\n\n\n<p>2. Soulage le stress et les douleurs musculaires : la fra\u00eecheur du menthol peut stimuler les terminaisons nerveuses et favoriser la circulation sanguine, soulageant ainsi les tensions musculaires et relaxant le corps et l&#039;esprit, tout en ajustant l&#039;humeur et en soulageant le stress.<\/p>\n\n\n\n<p>3. Douleur et d\u00e9mangeaisons : les ingr\u00e9dients actifs du gel douche \u00e0 la menthe poivr\u00e9e peuvent inhiber la croissance et la reproduction des bact\u00e9ries, obtenir des effets antibact\u00e9riens et anti-inflammatoires, r\u00e9duisant ainsi les sympt\u00f4mes d&#039;inflammation cutan\u00e9e caus\u00e9s par les rougeurs, la douleur, les d\u00e9mangeaisons, etc., et favorisant la gu\u00e9rison. Il pr\u00e9vient \u00e9galement l&#039;inflammation cutan\u00e9e et l&#039;acn\u00e9.<\/p>\n\n\n\n<p>4. \u00c9quilibre l&#039;huile : le gel douche \u00e0 la menthe poivr\u00e9e peut nettoyer en profondeur les pores et \u00e9liminer l&#039;huile et la salet\u00e9 de la peau. En m\u00eame temps, il purifie et fait converger les pores, de sorte que la peau puisse maintenir un \u00e9tat d&#039;\u00e9quilibre hydrique et huileux, pour obtenir l&#039;effet d&#039;\u00e9quilibrage de l&#039;huile.<\/p>\n\n\n\n<p>5. Raffermissement de la peau : la menthe poivr\u00e9e a des propri\u00e9t\u00e9s anti-\u00e2ge, tandis que d&#039;autres ingr\u00e9dients du gel douche tels que la vitamine B3 peuvent favoriser la synth\u00e8se du collag\u00e8ne et le m\u00e9tabolisme cellulaire, am\u00e9liorant ainsi l&#039;\u00e9tat de relaxation de la peau, retenant davantage l&#039;eau et rendant la peau plus ferme et plus lisse. L&#039;utilisation \u00e0 long terme de nos produits peut aider \u00e0 raffermir la peau et \u00e0 am\u00e9liorer sa brillance et son \u00e9lasticit\u00e9.<\/p>\n\n\n\n<h2 class=\"wp-block-heading\">Comment utiliser l\u2019huile de graines de citrouille pour la croissance des cheveux\u00a0?<\/h2>\n\n\n\n<p>Le gel douche \u00e0 la menthe poivr\u00e9e pr\u00e9par\u00e9 par notre usine est doux et non irritant et peut produire une mousse riche, qui peut nettoyer en profondeur la peau et vous apporter une bonne sensation de bain. Nous indiquons \u00e9galement soigneusement la m\u00e9thode d&#039;utilisation du gel douche sur l&#039;emballage et esp\u00e9rons que vous pourrez la lire attentivement avant de l&#039;utiliser.<\/p>\n\n\n\n<p>1. Mouillez d\u2019abord le corps avec de l\u2019eau ti\u00e8de pour mieux jouer l\u2019effet nettoyant du gel douche ;<\/p>\n\n\n\n<p>2. Prenez une quantit\u00e9 appropri\u00e9e de gel douche \u00e0 la menthe poivr\u00e9e avec la paume de la main ou la boule de bain pour cr\u00e9er une mousse, puis appliquez la mousse sur le corps, en particulier sur les parties qui transpirent facilement et laissent de la salet\u00e9, et massez doucement ;<\/p>\n\n\n\n<p>3. Rincez \u00e0 l&#039;eau ti\u00e8de apr\u00e8s le massage, assurez-vous qu&#039;il ne reste plus de mousse et s\u00e9chez votre corps avec une serviette de bain<\/p>\n\n\n\n<h2 class=\"wp-block-heading\">Prudence<\/h2>\n\n\n\n<p>1. Il est recommand\u00e9 de faire un test allergique avant la premi\u00e8re utilisation. Veuillez arr\u00eater de l&#039;utiliser si vous ne vous sentez pas \u00e0 l&#039;aise ;<\/p>\n\n\n\n<p>2. Prenez une quantit\u00e9 appropri\u00e9e de gel douche en fonction du type de peau de chacun, sans exc\u00e8s, sinon cela provoquera une s\u00e9cheresse ;<\/p>\n\n\n\n<p>3. \u00c9vitez de toucher les yeux, la bouche et d&#039;autres parties sensibles. En cas de contact, rincez imm\u00e9diatement \u00e0 l&#039;eau ;<\/p>\n\n\n\n<p>4. Les femmes enceintes doivent l\u2019utiliser sous la supervision d\u2019un m\u00e9decin pour \u00e9viter les effets secondaires\u00a0;<\/p>\n\n\n\n<p>5. Le gel douche \u00e0 la menthe doit \u00eatre plac\u00e9 dans un endroit frais et sec, \u00e9viter la lumi\u00e8re directe du soleil et les environnements \u00e0 haute temp\u00e9rature\u00a0;<\/p>\n\n\n\n<p>6. Ce produit convient \u00e0 la plupart des gens, en particulier \u00e0 ceux qui souhaitent rester au frais et au sec\u00a0;<\/p>\n\n\n\n<p>7. Ce produit convient \u00e0 toutes les situations, en particulier en \u00e9t\u00e9 et apr\u00e8s le sport pour d\u00e9tendre le corps et l&#039;esprit ;<\/p>\n\n\n\n<h2 class=\"wp-block-heading\">Conclusion<\/h2>\n\n\n\n<p>Si vous souhaitez poursuivre une ligne de production de gel douche \u00e0 la menthe de haute qualit\u00e9 et diff\u00e9renci\u00e9e, notre usine est votre meilleur choix. Notre s\u00e9lection de mati\u00e8res premi\u00e8res de haute qualit\u00e9 provenant du monde entier garantit la s\u00e9curit\u00e9 de nos produits, et la formule unique ajout\u00e9e est le choix id\u00e9al pour davantage d&#039;utilisateurs qui recherchent une exp\u00e9rience rafra\u00eechissante. Dans le m\u00eame temps, notre usine dispose d&#039;un syst\u00e8me de cha\u00eene d&#039;approvisionnement complet et d&#039;un processus de production efficace, qui peut r\u00e9pondre \u00e0 une production de haute qualit\u00e9 en grandes quantit\u00e9s. Nous proposons \u00e9galement une gamme compl\u00e8te de services personnalis\u00e9s pour r\u00e9pondre \u00e0 vos besoins individuels. Si vous souhaitez toujours en savoir plus sur les informations sur le produit de gel douche \u00e0 la menthe poivr\u00e9e, veuillez nous contacter d\u00e8s que possible.<\/p>","protected":false},"excerpt":{"rendered":"Pumpkin Seed Oil Manufacturing Common Formulas We attach great importance to the quality of mint shower gel products, not only carefully selecting raw materials but also strictly controlling each process. A variety of plant extracts are added to the product processing, without any preservatives, the main formula is: 1. Peppermint essential oil: Peppermint essential oil [&hellip;]","protected":false},"featured_media":1187,"menu_order":0,"template":"","meta":[],"product-tag":[],"products":[57],"class_list":["post-1186","product","type-product","status-publish","has-post-thumbnail","hentry","products-body-wash"],"acf":[],"_links":{"self":[{"href":"https:\/\/www.ruiqigo.com\/fr\/wp-json\/wp\/v2\/product\/1186","targetHints":{"allow":["GET"]}}],"collection":[{"href":"https:\/\/www.ruiqigo.com\/fr\/wp-json\/wp\/v2\/product"}],"about":[{"href":"https:\/\/www.ruiqigo.com\/fr\/wp-json\/wp\/v2\/types\/product"}],"version-history":[{"count":0,"href":"https:\/\/www.ruiqigo.com\/fr\/wp-json\/wp\/v2\/product\/1186\/revisions"}],"wp:featuredmedia":[{"embeddable":true,"href":"https:\/\/www.ruiqigo.com\/fr\/wp-json\/wp\/v2\/media\/1187"}],"wp:attachment":[{"href":"https:\/\/www.ruiqigo.com\/fr\/wp-json\/wp\/v2\/media?parent=1186"}],"wp:term":[{"taxonomy":"product-tag","embeddable":true,"href":"https:\/\/www.ruiqigo.com\/fr\/wp-json\/wp\/v2\/product-tag?post=1186"},{"taxonomy":"products","embeddable":true,"href":"https:\/\/www.ruiqigo.com\/fr\/wp-json\/wp\/v2\/products?post=1186"}],"curies":[{"name":"wp","href":"https:\/\/api.w.org\/{rel}","templated":true}]}}