{"id":1309,"date":"2024-10-18T14:12:00","date_gmt":"2024-10-18T06:12:00","guid":{"rendered":"https:\/\/ruiqigo.com\/?post_type=product&#038;p=1309"},"modified":"2025-06-17T16:45:49","modified_gmt":"2025-06-17T08:45:49","slug":"lavender-body-wash","status":"publish","type":"product","link":"https:\/\/www.ruiqigo.com\/fr\/product\/lavender-body-wash","title":{"rendered":"Gel douche \u00e0 la lavande"},"content":{"rendered":"<h2 class=\"wp-block-heading\">Formules courantes de fabrication de gel douche \u00e0 la lavande<\/h2>\n\n\n\n<p>Nous attachons une grande importance au processus de production du gel douche \u00e0 la lavande, non seulement en concevant soigneusement plusieurs formules, mais \u00e9galement en tenant compte des besoins des diff\u00e9rents types de peau, afin que le produit soit plus polyvalent.<\/p>\n\n\n\n<p>Huile essentielle de lavande : ingr\u00e9dient principal du gel douche, le parfum de lavande peut apaiser le corps et l&#039;esprit et vous apporter une exp\u00e9rience de bain relaxante et agr\u00e9able. De plus, l&#039;huile essentielle de lavande a \u00e9galement des effets blanchissants, r\u00e9pare les cellules endommag\u00e9es et autres, peut rajeunir et rend la peau plus lisse et d\u00e9licate.<\/p>\n\n\n\n<p>Tensioactifs : Les tensioactifs peuvent non seulement produire une mousse riche, am\u00e9liorer le pouvoir nettoyant du gel douche et \u00e9liminer efficacement la salet\u00e9 et l&#039;huile de surface, mais \u00e9galement former un film protecteur sur la surface de la peau pour \u00e9viter les irritations cutan\u00e9es.<\/p>\n\n\n\n<p>Huile de coco : les acides gras contenus dans l&#039;huile de coco ont de bonnes propri\u00e9t\u00e9s hydratantes, ce qui permet de retenir l&#039;eau et d&#039;am\u00e9liorer la peau s\u00e8che et rugueuse et d&#039;autres probl\u00e8mes. En m\u00eame temps, l&#039;huile de coco est plus douce, peut r\u00e9duire l&#039;inconfort cutan\u00e9, r\u00e9parer la peau, plus adapt\u00e9e aux muscles sensibles.<\/p>\n\n\n\n<h2 class=\"wp-block-heading\">Les bienfaits du gel douche \u00e0 la lavande<\/h2>\n\n\n\n<p>En tant que fabricant professionnel de lavande, nous effectuerons des tests de qualit\u00e9 pertinents sur tous les aspects de l&#039;entr\u00e9e de mati\u00e8res premi\u00e8res dans l&#039;emballage du produit fini pour garantir la s\u00e9curit\u00e9 de la qualit\u00e9. Dans le m\u00eame temps, nous continuons \u00e0 innover et \u00e0 faire des recherches, combinant une vari\u00e9t\u00e9 d&#039;avantages pour r\u00e9pondre \u00e0 vos besoins en mati\u00e8re de soins de la peau. Voici quelques-uns des principaux avantages :<\/p>\n\n\n\n<p>1. Apaisant et relaxant : l&#039;ar\u00f4me unique de la lavande peut soulager les tensions et le stress. Lors de l&#039;utilisation du gel douche, l&#039;ar\u00f4me cr\u00e9era une atmosph\u00e8re d\u00e9tendue et agr\u00e9able, ce qui peut d\u00e9tendre le corps et l&#039;esprit, r\u00e9duire le stress et la fatigue.<\/p>\n\n\n\n<p>2. Ajustez l&#039;\u00e9quilibre de l&#039;eau et de l&#039;huile : le gel douche \u00e0 la lavande peut ajuster l&#039;\u00e9quilibre de l&#039;huile, r\u00e9duire la sensation de gras et garder la fra\u00eecheur.<\/p>\n\n\n\n<p>3. Hydratant et hydratant : nos ingr\u00e9dients hydratants ajout\u00e9s peuvent retenir fermement l&#039;humidit\u00e9, hydrater la peau, garder la peau hydrat\u00e9e et lisse et pr\u00e9venir le dess\u00e8chement.<\/p>\n\n\n\n<p>4. Antibact\u00e9rien et anti-inflammatoire : l&#039;huile essentielle de lavande a des effets antibact\u00e9riens et anti-inflammatoires, qui peuvent r\u00e9duire l&#039;inflammation de la peau et pr\u00e9venir l&#039;infection.<\/p>\n\n\n\n<p>5. Blanchiment et taches lumineuses : Nos produits ont pour effet de blanchir et d&#039;\u00e9claircir les taches, ce qui est propice \u00e0 r\u00e9duire l&#039;obscurit\u00e9 de la peau et \u00e0 rendre la peau plus transparente.<\/p>\n\n\n\n<p>6. Am\u00e9liore le sommeil : l&#039;ar\u00f4me de la lavande peut non seulement apaiser et d\u00e9tendre, mais \u00e9galement am\u00e9liorer la qualit\u00e9 du sommeil, adapt\u00e9 aux personnes souffrant d&#039;insomnie et de r\u00eaves.<\/p>\n\n\n\n<h2 class=\"wp-block-heading\">Comment utiliser le gel douche \u00e0 la lavande pour les soins du corps\u00a0?<\/h2>\n\n\n\n<p>Nous avons r\u00e9alis\u00e9 de nombreux m\u00e9langes au cours du processus de production pour produire cette mousse riche et ce gel douche doux con\u00e7u pour am\u00e9liorer votre exp\u00e9rience de bain. L&#039;utilisation quotidienne est divis\u00e9e en un bain et un bain, vous pouvez choisir un bain en fonction de votre passe-temps.<\/p>\n\n\n\n<p>1. Douche : mouillez d&#039;abord le corps avec de l&#039;eau ti\u00e8de, puis versez la quantit\u00e9 appropri\u00e9e de gel douche dans la paume ou l&#039;\u00e9ponge, frottez doucement la mousse et appliquez uniform\u00e9ment sur tout le corps, vous pouvez effectuer un massage appropri\u00e9, nettoyer davantage les pores et soulager le corps et l&#039;esprit, enfin, rincez toute la mousse du corps avec de l&#039;eau.<\/p>\n\n\n\n<p>2. Bain : les personnes qui aiment prendre un bain peuvent verser une quantit\u00e9 appropri\u00e9e de gel douche dans le bain et le remuer uniform\u00e9ment, de sorte qu&#039;il produise une mousse riche, et en m\u00eame temps, il d\u00e9gagera l&#039;ar\u00f4me de lavande, cr\u00e9ant un environnement agr\u00e9able. Si certaines parties n\u00e9cessitent des soins particuliers, vous pouvez ajouter une quantit\u00e9 appropri\u00e9e de gel douche et masser profond\u00e9ment pour am\u00e9liorer l&#039;\u00e9tat de la peau.<\/p>\n\n\n\n<p>3. Apr\u00e8s utilisation : Apr\u00e8s utilisation, le gel douche peut \u00eatre associ\u00e9 \u00e0 d&#039;autres produits de soin de la peau, comme une lotion pour le corps, pour favoriser l&#039;absorption d&#039;eau et hydrater davantage la peau.<\/p>\n\n\n\n<h2 class=\"wp-block-heading\">Prudence<\/h2>\n\n\n\n<p>1. Un test d&#039;allergie doit \u00eatre effectu\u00e9 avant d&#039;utiliser le gel douche pour la premi\u00e8re fois. En cas de sympt\u00f4mes allergiques, arr\u00eatez imm\u00e9diatement l&#039;utilisation et consultez un m\u00e9decin.<\/p>\n\n\n\n<p>2. \u00c9viter tout contact avec les yeux. En cas de contact avec les yeux, rincer imm\u00e9diatement \u00e0 l&#039;eau et consulter un m\u00e9decin d\u00e8s que possible.<\/p>\n\n\n\n<p>3. Lorsque vous utilisez un gel douche \u00e0 la lavande avec d\u2019autres produits, assurez-vous que leurs ingr\u00e9dients n\u2019entrent pas en conflit ou ne provoquent pas de r\u00e9actions ind\u00e9sirables.<\/p>\n\n\n\n<p>4. Suivez le principe de la quantit\u00e9 appropri\u00e9e, un lavage corporel excessif entra\u00eenera trop de mousse et sera difficile \u00e0 nettoyer.<\/p>\n\n\n\n<p>5. Nos produits doivent \u00eatre stock\u00e9s dans un endroit frais et sec, \u00e0 l&#039;abri de la lumi\u00e8re directe du soleil et des temp\u00e9ratures \u00e9lev\u00e9es.<\/p>\n\n\n\n<p>6. Bien que le gel douche \u00e0 la lavande ait un effet apaisant sur la peau, il n&#039;est pas recommand\u00e9 de l&#039;utiliser plusieurs fois par jour, car un nettoyage excessif peut endommager la barri\u00e8re cutan\u00e9e.<\/p>\n\n\n\n<h2 class=\"wp-block-heading\">Conclusion<\/h2>\n\n\n\n<p>Nous utilisons des lignes de production modernes et des \u00e9quipements d&#039;automatisation pour garantir que le processus de production du gel douche \u00e0 la lavande est efficace, pr\u00e9cis et respectueux de l&#039;environnement tout en garantissant l&#039;hygi\u00e8ne et la s\u00e9curit\u00e9 du produit. En outre. Nous avons men\u00e9 des recherches aupr\u00e8s des utilisateurs et savons que les besoins et les pr\u00e9f\u00e9rences de votre peau sont diff\u00e9rents. Par cons\u00e9quent, nous fournissons des services personnalis\u00e9s personnalis\u00e9s et notre \u00e9quipe de R&amp;D d\u00e9ploiera soigneusement le produit le plus adapt\u00e9 \u00e0 votre gel douche \u00e0 la lavande en fonction de vos besoins. Pendant ce temps, nous apporterons \u00e9galement des modifications en fonction de vos commentaires pour obtenir l&#039;effet souhait\u00e9. Nous vous invitons sinc\u00e8rement \u00e0 consulter nos produits, nous vous fournirons \u00e9galement des r\u00e9ponses professionnelles et des informations d\u00e9taill\u00e9es.<\/p>","protected":false},"excerpt":{"rendered":"Lavender Body Wash Manufacturing Common Formulas We attach great importance to the production process of lavender body wash, not only carefully designing multiple formulas, but also considering the needs of different skin types, so that the product is more versatile. Lavender essential oil: The main ingredient of body wash, lavender scent can soothe the body [&hellip;]","protected":false},"featured_media":1310,"menu_order":0,"template":"","meta":[],"product-tag":[],"products":[57],"class_list":["post-1309","product","type-product","status-publish","has-post-thumbnail","hentry","products-body-wash"],"acf":[],"_links":{"self":[{"href":"https:\/\/www.ruiqigo.com\/fr\/wp-json\/wp\/v2\/product\/1309","targetHints":{"allow":["GET"]}}],"collection":[{"href":"https:\/\/www.ruiqigo.com\/fr\/wp-json\/wp\/v2\/product"}],"about":[{"href":"https:\/\/www.ruiqigo.com\/fr\/wp-json\/wp\/v2\/types\/product"}],"version-history":[{"count":0,"href":"https:\/\/www.ruiqigo.com\/fr\/wp-json\/wp\/v2\/product\/1309\/revisions"}],"wp:featuredmedia":[{"embeddable":true,"href":"https:\/\/www.ruiqigo.com\/fr\/wp-json\/wp\/v2\/media\/1310"}],"wp:attachment":[{"href":"https:\/\/www.ruiqigo.com\/fr\/wp-json\/wp\/v2\/media?parent=1309"}],"wp:term":[{"taxonomy":"product-tag","embeddable":true,"href":"https:\/\/www.ruiqigo.com\/fr\/wp-json\/wp\/v2\/product-tag?post=1309"},{"taxonomy":"products","embeddable":true,"href":"https:\/\/www.ruiqigo.com\/fr\/wp-json\/wp\/v2\/products?post=1309"}],"curies":[{"name":"wp","href":"https:\/\/api.w.org\/{rel}","templated":true}]}}