{"id":1342,"date":"2024-10-24T18:01:05","date_gmt":"2024-10-24T10:01:05","guid":{"rendered":"https:\/\/ruiqigo.com\/?post_type=product&#038;p=1342"},"modified":"2024-10-28T15:45:52","modified_gmt":"2024-10-28T07:45:52","slug":"exfoliating-body-wash","status":"publish","type":"product","link":"https:\/\/www.ruiqigo.com\/fr\/product\/exfoliating-body-wash","title":{"rendered":"Gel douche exfoliant"},"content":{"rendered":"<h2 class=\"wp-block-heading\">Fabrication de formules courantes de gel douche exfoliant<\/h2>\n\n\n\n<p>Lors de la fabrication de ce gel douche exfoliant, nous m\u00e9langeons scientifiquement une vari\u00e9t\u00e9 d&#039;ingr\u00e9dients hautement efficaces et contr\u00f4lons strictement chaque \u00e9tape de la production pour garantir la s\u00e9curit\u00e9 et l&#039;efficacit\u00e9 du produit. Voici les principaux ingr\u00e9dients :<\/p>\n\n\n\n<p>1. Particules exfoliantes : Nous extrayons certaines particules exfoliantes naturelles de bambou de jade et de sels min\u00e9raux et les ajustons selon une certaine proportion, ce qui peut \u00e9liminer en douceur la k\u00e9ratine vieillissante de la peau, et les ingr\u00e9dients v\u00e9g\u00e9taux naturels peuvent \u00e9galement nourrir la peau.<\/p>\n\n\n\n<p>2. Acide salicylique : cette substance acide peut p\u00e9n\u00e9trer la peau et aider \u00e0 dissoudre et \u00e9liminer la k\u00e9ratine profonde sans irriter excessivement la peau. En m\u00eame temps, elle favorise la r\u00e9g\u00e9n\u00e9ration des cellules de la peau, une utilisation persistante rendra la peau plus lisse.<\/p>\n\n\n\n<p>3. Niacinamide : la niacinamide peut aider la peau \u00e0 retenir l&#039;eau et \u00e0 am\u00e9liorer la capacit\u00e9 d&#039;hydratation de la peau ; et elle peut \u00e9galement r\u00e9duire le d\u00e9p\u00f4t de m\u00e9lanine, pour obtenir un certain effet blanchissant ; dans le m\u00eame temps, la nicotinamide a un effet antioxydant et retarde le vieillissement cutan\u00e9.<\/p>\n\n\n\n<p>4. Tensioactifs : Ces ingr\u00e9dients ont une bonne capacit\u00e9 de nettoyage, peuvent \u00e9liminer la salet\u00e9 et l&#039;huile \u00e0 la surface de la peau et garder la peau fra\u00eeche.<\/p>\n\n\n\n<p>5. Aromath\u00e9rapie : elle peut ajouter un ar\u00f4me agr\u00e9able au gel douche, am\u00e9liorer l&#039;exp\u00e9rience du bain et apaiser le corps et l&#039;esprit.<\/p>\n\n\n\n<h2 class=\"wp-block-heading\">Les fonctions du gel douche exfoliant<\/h2>\n\n\n\n<p>Les gommages contiennent g\u00e9n\u00e9ralement de grosses particules, n\u00e9cessitent un massage vigoureux de la peau lors de leur application et n&#039;ont pas de fonction nettoyante. Ainsi, en tant que fabricant sp\u00e9cialis\u00e9 dans les produits de soins personnels, nous avons d\u00e9velopp\u00e9 un gel douche exfoliant bas\u00e9 sur ces inconv\u00e9nients qui exfolie en douceur, nettoie en profondeur les pores et hydrate la peau. Les principaux effets sont les suivants :<\/p>\n\n\n\n<p>1. Nettoyage en profondeur : le gel douche exfoliant peut nettoyer en profondeur les pores, r\u00e9duire l&#039;accumulation de salet\u00e9 et de s\u00e9bum, aider \u00e0 pr\u00e9venir l&#039;acn\u00e9, rendre les pores plus d\u00e9gag\u00e9s et garder la peau fra\u00eeche et propre.<\/p>\n\n\n\n<p>2. \u00c9liminez les peaux mortes : nos produits contiennent des particules exfoliantes, qui peuvent \u00e9liminer efficacement les cellules mortes de la peau et les cuticules vieillissantes \u00e0 la surface de la peau. Une utilisation \u00e0 long terme est propice \u00e0 l&#039;am\u00e9lioration du teint irr\u00e9gulier et \u00e0 la rendre plus lisse et plus d\u00e9licate.<\/p>\n\n\n\n<p>3. Apaisant et relaxant : ce gel douche exfoliant contient des extraits de plantes naturelles qui hydratent et apaisent la peau tout en exfoliant, aidant \u00e0 d\u00e9tendre le corps et l&#039;esprit et \u00e0 soulager la fatigue.<\/p>\n\n\n\n<p>4. \u00c9claircissement du teint : le processus d&#039;exfoliation peut favoriser le m\u00e9tabolisme, r\u00e9duire les ridules de la peau et permettre \u00e0 la peau de mieux absorber les nutriments. Une utilisation continue peut \u00e9claircir le teint de la peau, qui sera plus ferme et plus \u00e9lastique.<\/p>\n\n\n\n<h2 class=\"wp-block-heading\">Comment utiliser un gel douche exfoliant pour le soin du corps ?<\/h2>\n\n\n\n<p>L&#039;utilisation appropri\u00e9e d&#039;un nettoyant exfoliant pour le corps peut vous aider \u00e0 \u00e9liminer efficacement l&#039;exfoliation due au vieillissement de la surface de votre peau et \u00e0 nettoyer en profondeur vos pores. Nous s\u00e9lectionnons soigneusement des mati\u00e8res premi\u00e8res de haute qualit\u00e9 et les m\u00e9langeons en les chauffant proportionnellement. Dans le m\u00eame temps, nous testons les produits finis en termes d&#039;apparence, d&#039;odeur, de pH, etc., pour garantir leur qualit\u00e9 et leur hygi\u00e8ne.<\/p>\n\n\n\n<p>1. Phase de pr\u00e9paration : Mouiller le corps avec de l&#039;eau ti\u00e8de, en particulier les zones qui doivent \u00eatre exfoli\u00e9es, comme les coudes, les genoux, etc.<\/p>\n\n\n\n<p>2. Appliquer le massage : appliquer une quantit\u00e9 appropri\u00e9e de gel douche exfoliant sur la paume de la main ou sur un filet en mousse, faire mousser et appliquer uniform\u00e9ment sur tout le corps, en particulier sur la zone \u00e0 cuticules \u00e9paisses. Masser doucement avec les mains, en \u00e9vitant une force excessive, le temps de massage est g\u00e9n\u00e9ralement de 3 \u00e0 5 minutes, pour les parties de la couche corn\u00e9e \u00e9paisse, le massage peut \u00eatre renforc\u00e9, ce processus peut nettoyer en profondeur la peau et \u00e9liminer la k\u00e9ratine vieillissante.<\/p>\n\n\n\n<p>3. Rincez et hydratez : rincez la mousse \u00e0 l&#039;eau et s\u00e9chez avec une serviette pour vous assurer qu&#039;il ne reste plus de gel douche. Un gel douche exfoliant peut aider \u00e0 mieux ouvrir les pores, alors appliquez une lotion hydratante pour le corps imm\u00e9diatement apr\u00e8s le lavage pour favoriser l&#039;absorption, retenir l&#039;humidit\u00e9 et garder la peau hydrat\u00e9e et lisse.<\/p>\n\n\n\n<h2 class=\"wp-block-heading\">Prudence<\/h2>\n\n\n\n<p>1. Effectuez un test d&#039;anaphylaxie avant utilisation. En cas de r\u00e9action allergique, arr\u00eatez imm\u00e9diatement l&#039;utilisation et consultez un m\u00e9decin.<\/p>\n\n\n\n<p>2. La fr\u00e9quence d&#039;utilisation du gel douche exfoliant est recommand\u00e9e 1 \u00e0 2 fois par semaine, il ne faut pas en abuser, sinon la peau deviendra s\u00e8che et fragile ;<\/p>\n\n\n\n<p>3. \u00c9vitez d\u2019utiliser sur les parties sensibles telles que le visage, le cou et les parties intimes pour \u00e9viter toute irritation de la peau\u00a0;<\/p>\n\n\n\n<p>4. Lors de l&#039;utilisation, la temp\u00e9rature de l&#039;eau doit \u00eatre contr\u00f4l\u00e9e entre 35 et 40 degr\u00e9s pour \u00e9viter une temp\u00e9rature excessive de l&#039;eau qui d\u00e9truirait la cuticule\u00a0;<\/p>\n\n\n\n<p>5. Le gel douche exfoliant peut \u00eatre utilis\u00e9 avec une lotion corporelle hydratante, il est recommand\u00e9 de v\u00e9rifier les ingr\u00e9dients avant utilisation pour \u00e9viter de provoquer une g\u00eane ;<\/p>\n\n\n\n<p>6. Il est recommand\u00e9 de conserver notre gel douche dans un endroit sec et frais, \u00e0 l&#039;abri de la lumi\u00e8re directe du soleil et des temp\u00e9ratures \u00e9lev\u00e9es.<\/p>\n\n\n\n<h2 class=\"wp-block-heading\">Conclusion<\/h2>\n\n\n\n<p>Nous sommes \u00e9quip\u00e9s d&#039;\u00e9quipements et de processus de production avanc\u00e9s, qu&#039;il s&#039;agisse de la s\u00e9lection des mati\u00e8res premi\u00e8res ou du remplissage des produits finis, nous contr\u00f4lons strictement la qualit\u00e9 du gel douche exfoliant, pour garantir que tous les produits sont conformes \u00e0 la certification du syst\u00e8me de gestion de la qualit\u00e9 ISO9001 et aux tests des normes de s\u00e9curit\u00e9 nationales pertinentes. Bien entendu, nous disposons d&#039;une cha\u00eene d&#039;approvisionnement solide, qui peut garantir l&#039;ex\u00e9cution de commandes \u00e0 grande \u00e9chelle. Dans le m\u00eame temps, nous fournissons une gamme compl\u00e8te de services personnalis\u00e9s, nous cr\u00e9erons un gel douche exfoliant sp\u00e9cial pour vous en fonction de vos besoins, qu&#039;il s&#039;agisse de la formule ou de l&#039;emballage, nous ferons de notre mieux pour obtenir l&#039;effet souhait\u00e9. Si vous souhaitez en savoir plus sur notre production, veuillez nous contacter imm\u00e9diatement.<\/p>","protected":false},"excerpt":{"rendered":"Exfoliating Body Wash Manufacturing Common Formulas In the process of making this exfoliating body wash, we scientifically mix a variety of highly effective ingredients and strictly control every step of production to ensure the safety and effectiveness of the product. Here are the main ingredients: 1. Exfoliating particles: We extract some natural exfoliating particles of [&hellip;]","protected":false},"featured_media":1343,"menu_order":0,"template":"","meta":[],"product-tag":[],"products":[57],"class_list":["post-1342","product","type-product","status-publish","has-post-thumbnail","hentry","products-body-wash"],"acf":[],"_links":{"self":[{"href":"https:\/\/www.ruiqigo.com\/fr\/wp-json\/wp\/v2\/product\/1342","targetHints":{"allow":["GET"]}}],"collection":[{"href":"https:\/\/www.ruiqigo.com\/fr\/wp-json\/wp\/v2\/product"}],"about":[{"href":"https:\/\/www.ruiqigo.com\/fr\/wp-json\/wp\/v2\/types\/product"}],"version-history":[{"count":0,"href":"https:\/\/www.ruiqigo.com\/fr\/wp-json\/wp\/v2\/product\/1342\/revisions"}],"wp:featuredmedia":[{"embeddable":true,"href":"https:\/\/www.ruiqigo.com\/fr\/wp-json\/wp\/v2\/media\/1343"}],"wp:attachment":[{"href":"https:\/\/www.ruiqigo.com\/fr\/wp-json\/wp\/v2\/media?parent=1342"}],"wp:term":[{"taxonomy":"product-tag","embeddable":true,"href":"https:\/\/www.ruiqigo.com\/fr\/wp-json\/wp\/v2\/product-tag?post=1342"},{"taxonomy":"products","embeddable":true,"href":"https:\/\/www.ruiqigo.com\/fr\/wp-json\/wp\/v2\/products?post=1342"}],"curies":[{"name":"wp","href":"https:\/\/api.w.org\/{rel}","templated":true}]}}