{"id":1506,"date":"2024-11-05T17:09:42","date_gmt":"2024-11-05T09:09:42","guid":{"rendered":"https:\/\/ruiqigo.com\/?post_type=product&#038;p=1506"},"modified":"2024-11-06T09:37:31","modified_gmt":"2024-11-06T01:37:31","slug":"natural-body-wash","status":"publish","type":"product","link":"https:\/\/www.ruiqigo.com\/fr\/product\/natural-body-wash","title":{"rendered":"Gel douche naturel"},"content":{"rendered":"<h2 class=\"wp-block-heading\">Fabrication de gels douche naturels Formules courantes<\/h2>\n\n\n\n<p>La s\u00e9lection de produits de haute qualit\u00e9 de 3TOP <strong>ingr\u00e9dients v\u00e9g\u00e9taux naturels<\/strong> est con\u00e7u pour vous offrir un effet nettoyant et de soin de la peau doux et efficace. Dans le m\u00eame temps, des contr\u00f4les de qualit\u00e9 et des tests stricts sont effectu\u00e9s \u00e0 chaque \u00e9tape de la production pour garantir la s\u00e9curit\u00e9 et l&#039;efficacit\u00e9 du gel douche naturel.<\/p>\n\n\n\n<p><strong>Huile d\u2019arbre \u00e0 th\u00e9 : <\/strong>L&#039;huile d&#039;arbre \u00e0 th\u00e9 est antibact\u00e9rienne et anti-inflammatoire, \u00e9liminant les bact\u00e9ries sur la peau et r\u00e9duisant l&#039;inflammation cutan\u00e9e pour am\u00e9liorer l&#039;\u00e9tat de la peau. En m\u00eame temps, l&#039;huile d&#039;arbre \u00e0 th\u00e9 peut aider \u00e0 r\u00e9guler l&#039;\u00e9quilibre hydrique et huileux et hydrater en profondeur la peau, \u00e9liminer l&#039;acn\u00e9, pr\u00e9venir l&#039;acn\u00e9 et pr\u00e9venir la s\u00e9cheresse. De plus, l&#039;huile d&#039;arbre \u00e0 th\u00e9 a un effet calmant, propice \u00e0 la d\u00e9tente du corps et de l&#039;esprit, soulageant la fatigue et le stress.<\/p>\n\n\n\n<p><strong>Extrait de ch\u00e8vrefeuille : <\/strong>Le ch\u00e8vrefeuille est connu pour ses propri\u00e9t\u00e9s de d\u00e9toxification et de dissipation de la chaleur. Il peut donc aider \u00e0 am\u00e9liorer les probl\u00e8mes de peau caus\u00e9s par l&#039;accumulation de toxines et \u00e0 soulager les d\u00e9mangeaisons. De plus, l&#039;extrait de ch\u00e8vrefeuille a \u00e9galement des effets antioxydants, qui peuvent r\u00e9sister aux dommages des radicaux libres, retarder le vieillissement et raffermir la peau.<\/p>\n\n\n\n<p><strong>Aloe vera<\/strong> a un fort effet hydratant, peut retenir l&#039;humidit\u00e9, pr\u00e9venir la peau s\u00e8che et rugueuse, une utilisation \u00e0 long terme peut rendre la peau plus hydrat\u00e9e.<\/p>\n\n\n\n<p><strong>Tensioactifs<\/strong> sont les principaux ingr\u00e9dients nettoyants, qui peuvent produire une mousse riche, aider \u00e0 \u00e9liminer l&#039;huile et la salet\u00e9 de la surface de la peau et \u00e0 garder la peau s\u00e8che et propre.<\/p>\n\n\n\n<h2 class=\"wp-block-heading\">Les fonctions du gel douche naturel<\/h2>\n\n\n\n<p>En tant que fabricant professionnel de gels douche naturels, nous avons men\u00e9 une enqu\u00eate pour \u00e9valuer l&#039;efficacit\u00e9 de l&#039;utilisation du gel douche et avons constat\u00e9 que certains gels douche efficaces peuvent provoquer des effets secondaires, en particulier chez les personnes ayant des muscles sensibles, des irritations lors de leur utilisation. Nous avons donc d\u00e9velopp\u00e9 un gel douche naturel plus doux, plus s\u00fbr en termes d&#039;ingr\u00e9dients, hydratant et nettoyant. Ses principaux effets sont les suivants :<\/p>\n\n\n\n<p>1<strong>Doux et non irritant : <\/strong>Par rapport aux gels douche traditionnels, les extraits v\u00e9g\u00e9taux naturels sont plus doux. Ils ne contiennent aucune substance chimique synth\u00e9tique et ne restent pas sur la peau, ce qui peut r\u00e9duire l&#039;irritation cutan\u00e9e et convient mieux aux peaux sensibles.<\/p>\n\n\n\n<p><strong>2. Antibact\u00e9rien et anti-inflammatoire : <\/strong>L&#039;huile d&#039;arbre \u00e0 th\u00e9 que nous avons ajout\u00e9e a des effets antibact\u00e9riens et anti-inflammatoires, qui favorisent la protection de la peau contre les bact\u00e9ries et les virus, r\u00e9duisant ainsi le risque d&#039;infection cutan\u00e9e et rendant notre peau plus saine.<\/p>\n\n\n\n<p>3<strong>. Apaiser le corps et l&#039;esprit : <\/strong>L&#039;essence botanique de ce nettoyant pour le corps naturel contient une vari\u00e9t\u00e9 d&#039;ingr\u00e9dients calmants pour aider \u00e0 apaiser le corps et l&#039;esprit, r\u00e9duire le stress et l&#039;anxi\u00e9t\u00e9 et soulager la fatigue de la journ\u00e9e.<\/p>\n\n\n\n<p><strong>4. Nettoyer et hydrater : <\/strong>La mousse riche aide \u00e0 \u00e9liminer l&#039;exc\u00e8s de s\u00e9bum, la salet\u00e9 et les cuticules de la surface de la peau et \u00e0 garder la peau fra\u00eeche. En m\u00eame temps, nous utilisons des tensioactifs plus doux qui n&#039;irritent pas la peau.<\/p>\n\n\n\n<p>5<strong>. Anti-\u00e2ge : <\/strong>Le gel douche naturel peut non seulement r\u00e9sister aux radicaux libres, mais aussi r\u00e9duire la production de ridules et retarder davantage le vieillissement cutan\u00e9. En m\u00eame temps, il aide \u00e9galement \u00e0 \u00e9liminer les cellules mortes de la peau \u00e0 la surface de la peau, ce qui contribue \u00e0 am\u00e9liorer le teint irr\u00e9gulier et terne, et une utilisation \u00e0 long terme peut rendre la peau plus d\u00e9licate et plus lumineuse.<\/p>\n\n\n\n<p><strong>6. \u00c9quilibrer l\u2019huile : <\/strong>Notre nettoyant pour le corps ajoute \u00e9galement des ingr\u00e9dients pour ajuster l&#039;\u00e9quilibre de l&#039;eau et de l&#039;huile, ce qui aide \u00e0 \u00e9quilibrer l&#039;huile, \u00e0 r\u00e9duire la s\u00e9cr\u00e9tion d&#039;huile sur la peau et \u00e0 pr\u00e9venir davantage le blocage des pores et l&#039;acn\u00e9, l&#039;acn\u00e9 musculaire \u00e0 l&#039;huile peut \u00eatre assur\u00e9 d&#039;utiliser.<\/p>\n\n\n\n<h2 class=\"wp-block-heading\">Comment utiliser un gel douche naturel pour les soins du corps ?<\/h2>\n\n\n\n<p>Pour garantir la qualit\u00e9 et la s\u00e9curit\u00e9 du gel douche naturel, nous mettrons en place plusieurs processus de test pour le produit, tels que l&#039;irritation de la peau, l&#039;effet hydratant, l&#039;allergie et d&#039;autres tests. En tant que fabricant de gel douche naturel, nous esp\u00e9rons vous apporter une garantie de produit fiable. Pour l&#039;utilisation du gel douche naturel, nous vous expliquerons \u00e9galement en d\u00e9tail.<\/p>\n\n\n\n<p><strong>1. Hydratez votre corps : <\/strong>Mouillez d\u2019abord votre corps avec de l\u2019eau ti\u00e8de, ce qui aidera \u00e0 ouvrir les pores et garantira que le gel douche puisse exercer pleinement son effet nettoyant.<\/p>\n\n\n\n<p><strong>2. Frotter et faire mousser : <\/strong>Appliquez la quantit\u00e9 appropri\u00e9e de gel douche naturel dans la paume de votre main ou sur la boule de bain, frottez pour produire une mousse riche, puis appliquez uniform\u00e9ment sur tout le corps.<\/p>\n\n\n\n<p><strong>3. Massage doux : <\/strong>Vous pouvez masser doucement la peau avec vos mains ou \u00e0 l&#039;aide d&#039;outils, en particulier la zone derri\u00e8re la cuticule, cette \u00e9tape peut aider \u00e0 nettoyer la salet\u00e9 et l&#039;huile dans les pores, mais aussi \u00e0 d\u00e9tendre les muscles et \u00e0 apaiser le corps et l&#039;esprit.<\/p>\n\n\n\n<p>4<strong>. Rincer : <\/strong>Apr\u00e8s le massage, nettoyez la mousse sur votre corps avec de l&#039;eau, assurez-vous qu&#039;il n&#039;y a aucun r\u00e9sidu de mousse et essuyez-la. Apr\u00e8s le lavage, la peau redeviendra claire.<\/p>\n\n\n\n<p>5<strong>Entretien apr\u00e8s lavage : <\/strong>Pour la peau qui s\u00e8che facilement et dans un environnement sec, vous pouvez utiliser une lotion pour le corps pour hydrater en profondeur la peau apr\u00e8s avoir pris un bain, afin que la peau puisse obtenir un effet hydratant complet et devenir plus lisse.<\/p>\n\n\n\n<h2 class=\"wp-block-heading\">Prudence<\/h2>\n\n\n\n<p><strong>1. Choisissez un gel douche naturel adapt\u00e9 \u00e0 vos besoins. <\/strong>Les peaux s\u00e8ches peuvent choisir un gel douche avec une fonction hydratante, les peaux grasses peuvent choisir un gel douche avec une fonction de contr\u00f4le du s\u00e9bum, et celles ayant des probl\u00e8mes de peau sp\u00e9cifiques peuvent consulter un m\u00e9decin pour obtenir des conseils.<\/p>\n\n\n\n<p><strong>2. Effectuez des tests d\u2019allergie avant utilisation. <\/strong>Vous pouvez effectuer un test d&#039;allergie avant de l&#039;utiliser pour la premi\u00e8re fois afin d&#039;\u00e9viter les dommages caus\u00e9s par un certain ingr\u00e9dient allerg\u00e8ne. En cas d&#039;inconfort pendant le test, arr\u00eatez imm\u00e9diatement de l&#039;utiliser et rincez \u00e0 l&#039;eau.<\/p>\n\n\n\n<p><strong>3. Ne pas abuser, <\/strong>Un nettoyage excessif d\u00e9truirait la barri\u00e8re cutan\u00e9e, ce qui rendrait la peau plus s\u00e8che et plus sensible. \u00c9vitez donc les frottements et les rin\u00e7ages excessifs lors de l&#039;utilisation de nos produits.<\/p>\n\n\n\n<p><strong>4. Faites attention aux ingr\u00e9dients <\/strong>lors de l&#039;utilisation avec d&#039;autres produits de soins corporels, \u00e9vitez d&#039;utiliser trop de types de produits de soins de la peau diff\u00e9rents, afin de ne pas alourdir la peau.<\/p>\n\n\n\n<p>5. Il est recommand\u00e9 de conserver notre gel douche naturel dans un endroit frais et sec, \u00e0 l&#039;abri de la lumi\u00e8re directe du soleil et des temp\u00e9ratures \u00e9lev\u00e9es.<\/p>\n\n\n\n<p>6. Nous indiquerons la date de production et la dur\u00e9e de conservation du produit. Vous devez donc v\u00e9rifier la dur\u00e9e de conservation du gel douche. Il est recommand\u00e9 de l&#039;utiliser avant la date d&#039;expiration, car les produits p\u00e9rim\u00e9s perdront leur efficacit\u00e9 ou produiront des substances nocives.<\/p>\n\n\n\n<p>En bref, le gel douche naturel soigneusement d\u00e9velopp\u00e9 par 3TOP nettoie non seulement en profondeur, mais hydrate \u00e9galement efficacement tout en prenant soin de votre peau en douceur, ce qui en fait le choix parfait. En tant que fabricant de gels douche naturels, nous nous engageons \u00e0 vous fournir des produits s\u00fbrs et sains, c&#039;est pourquoi nous utilisons une technologie de production moderne, des ratios scientifiques et des syst\u00e8mes de test de qualit\u00e9 solides pour garantir l&#039;efficacit\u00e9 de chaque produit. De plus, nous proposons des produits uniques <strong>services personnalis\u00e9s <\/strong>pour r\u00e9pondre \u00e0 vos exigences et obtenir en permanence les r\u00e9sultats souhait\u00e9s. Si vous souhaitez \u00e9galement poss\u00e9der un <strong>marque de gel douche naturel<\/strong>, veuillez nous contacter aujourd&#039;hui.<\/p>","protected":false},"excerpt":{"rendered":"Natural Body Wash Manufacturing Common Formulas 3TOP&#8217;s selection of high-quality natural plant ingredients is designed to provide you with a gentle and effective cleaning and skin care effect. At the same time, strict quality control and testing are carried out at every stage of production to ensure the safety and effectiveness of natural body wash. [&hellip;]","protected":false},"featured_media":1511,"menu_order":0,"template":"","meta":[],"product-tag":[],"products":[57],"class_list":["post-1506","product","type-product","status-publish","has-post-thumbnail","hentry","products-body-wash"],"acf":[],"_links":{"self":[{"href":"https:\/\/www.ruiqigo.com\/fr\/wp-json\/wp\/v2\/product\/1506","targetHints":{"allow":["GET"]}}],"collection":[{"href":"https:\/\/www.ruiqigo.com\/fr\/wp-json\/wp\/v2\/product"}],"about":[{"href":"https:\/\/www.ruiqigo.com\/fr\/wp-json\/wp\/v2\/types\/product"}],"version-history":[{"count":0,"href":"https:\/\/www.ruiqigo.com\/fr\/wp-json\/wp\/v2\/product\/1506\/revisions"}],"wp:featuredmedia":[{"embeddable":true,"href":"https:\/\/www.ruiqigo.com\/fr\/wp-json\/wp\/v2\/media\/1511"}],"wp:attachment":[{"href":"https:\/\/www.ruiqigo.com\/fr\/wp-json\/wp\/v2\/media?parent=1506"}],"wp:term":[{"taxonomy":"product-tag","embeddable":true,"href":"https:\/\/www.ruiqigo.com\/fr\/wp-json\/wp\/v2\/product-tag?post=1506"},{"taxonomy":"products","embeddable":true,"href":"https:\/\/www.ruiqigo.com\/fr\/wp-json\/wp\/v2\/products?post=1506"}],"curies":[{"name":"wp","href":"https:\/\/api.w.org\/{rel}","templated":true}]}}