{"id":1652,"date":"2024-11-08T16:53:12","date_gmt":"2024-11-08T08:53:12","guid":{"rendered":"https:\/\/ruiqigo.com\/?post_type=product&#038;p=1652"},"modified":"2025-09-03T15:21:29","modified_gmt":"2025-09-03T07:21:29","slug":"antiseptic-mouthwash","status":"publish","type":"product","link":"https:\/\/www.ruiqigo.com\/fr\/product\/antiseptic-mouthwash","title":{"rendered":"Bain de bouche antiseptique"},"content":{"rendered":"<h2 class=\"wp-block-heading\">Formules courantes de fabrication de bains de bouche antiseptiques<\/h2>\n\n\n\n<p>Nous acceptons les mati\u00e8res premi\u00e8res achet\u00e9es, les pesons avec pr\u00e9cision et les ajoutons au processus de m\u00e9lange selon l&#039;ordre prescrit. Gr\u00e2ce \u00e0 une formule scientifique et rationnelle et \u00e0 un contr\u00f4le qualit\u00e9 rigoureux, nous pouvons produire un bain de bouche germicide s\u00fbr et fiable pour r\u00e9pondre \u00e0 vos besoins en mati\u00e8re de sant\u00e9 bucco-dentaire. Plusieurs de ces ingr\u00e9dients jouent un r\u00f4le important dans la promotion de la sant\u00e9 bucco-dentaire.<\/p>\n\n\n\n<p><strong>1. Huile de sauge : <\/strong>L&#039;huile de sauge poss\u00e8de de puissantes propri\u00e9t\u00e9s antibact\u00e9riennes et antioxydantes qui \u00e9liminent efficacement les bact\u00e9ries responsables des caries, pr\u00e9viennent et am\u00e9liorent les maladies bucco-dentaires, et r\u00e9duisent la formation de plaque dentaire. De plus, elle peut soulager les inflammations buccales, telles que les aphtes, la gingivite et d&#039;autres sympt\u00f4mes.<\/p>\n\n\n\n<p><strong>2. Huile d\u2019\u00e9corce de citron : <\/strong>L&#039;huile essentielle de zeste de citron est riche en antioxydants, ce qui prot\u00e8ge les cellules buccales des dommages et favorise la r\u00e9paration et la r\u00e9g\u00e9n\u00e9ration de la muqueuse buccale. Elle poss\u00e8de \u00e9galement un puissant effet inhibiteur, capable d&#039;\u00e9liminer les bact\u00e9ries et les virus pr\u00e9sents dans la bouche. Notre bain de bouche est plus doux et moins irritant pour la muqueuse buccale. De plus, l&#039;huile essentielle de zeste de citron d\u00e9gage un ar\u00f4me frais qui neutralise les odeurs buccales et pr\u00e9serve une bouche fra\u00eeche et naturelle.<\/p>\n\n\n\n<p><strong>3. Sel de la mer Morte : <\/strong>Le sel de la Mer Morte contient une vari\u00e9t\u00e9 de min\u00e9raux et d&#039;oligo-\u00e9l\u00e9ments qui non seulement d\u00e9truisent efficacement le milieu de vie des bact\u00e9ries, les emp\u00eachant ainsi de se d\u00e9shydrater, mais \u00e9liminent \u00e9galement les d\u00e9bris alimentaires et la salet\u00e9 \u00e0 la surface des dents, r\u00e9duisant ainsi la formation de plaque dentaire. Il nourrit \u00e9galement la bouche et favorise la sant\u00e9 bucco-dentaire. Le sel de la Mer Morte a un effet nettoyant et anti-inflammatoire doux, soulageant ainsi les douleurs li\u00e9es aux inflammations telles que les aphtes.<\/p>\n\n\n\n<p><strong>4. Fluorure de sodium : <\/strong>Le fluorure de sodium a non seulement un effet antibact\u00e9rien, mais favorise \u00e9galement la remin\u00e9ralisation des dents et am\u00e9liore la duret\u00e9 des dents, emp\u00eachant ainsi la formation de caries dentaires.<\/p>\n\n\n\n<p><strong>5. Glyc\u00e9rine : <\/strong>La glyc\u00e9rine, en tant qu&#039;hydratant, peut maintenir l&#039;humidit\u00e9 du bain de bouche et pr\u00e9venir la s\u00e9cheresse buccale.<\/p>\n\n\n\n<p><strong>6. Chlorhexidine : <\/strong>C&#039;est un agent antibact\u00e9rien courant qui peut tuer efficacement les bact\u00e9ries dans la bouche et prot\u00e9ger la sant\u00e9 dentaire.<\/p>\n\n\n\n<h2 class=\"wp-block-heading\">Les fonctions du bain de bouche antiseptique<\/h2>\n\n\n\n<p>Les bains de bouche antibact\u00e9riens pr\u00e9viennent les maladies bucco-dentaires en r\u00e9duisant le nombre de bact\u00e9ries et en bloquant des organismes sp\u00e9cifiques. Notre nouveau bain de bouche germicide peut tuer la plupart des bact\u00e9ries, voire certains types, pour favoriser la cicatrisation et la gu\u00e9rison bucco-dentaires. Il est particuli\u00e8rement adapt\u00e9 aux personnes souffrant de probl\u00e8mes bucco-dentaires tels que l&#039;inflammation. Ses principaux effets sont les suivants\u00a0:<\/p>\n\n\n\n<p><strong>1. \u00c9limination des bact\u00e9ries : <\/strong>Les composants antibact\u00e9riens du bain de bouche germicide peuvent \u00e9liminer efficacement les bact\u00e9ries pr\u00e9sentes dans la bouche, r\u00e9duire la croissance de la plaque dentaire et des bact\u00e9ries, pr\u00e9venir l&#039;apparition de maladies bucco-dentaires et pr\u00e9server la sant\u00e9 bucco-dentaire. Parall\u00e8lement, le gargarisme permet \u00e9galement d&#039;\u00e9liminer les d\u00e9bris alimentaires et la salet\u00e9 des dents, pour un nettoyage efficace.<\/p>\n\n\n\n<p><strong>2. Am\u00e9liorez la mauvaise haleine : <\/strong>Nous conservons au maximum le parfum de l&#039;huile d&#039;\u00e9corce de citron, ce qui peut neutraliser l&#039;odeur dans la bouche, rafra\u00eechir l&#039;haleine et am\u00e9liorer la mauvaise haleine et l&#039;image personnelle avec une utilisation \u00e0 long terme.<\/p>\n\n\n\n<p><strong>3. Pr\u00e9venir la carie dentaire : <\/strong>Ce bain de bouche antiseptique fournit les nutriments dont la bouche a besoin et renforce l&#039;\u00e9mail des dents, formant un film protecteur \u00e0 la surface des dents pour pr\u00e9venir davantage la carie dentaire et la carie dentaire.<\/p>\n\n\n\n<p><strong>4. Soulager l\u2019inconfort buccal : <\/strong>Pour les aphtes, la gingivite et autres inflammations buccales, le bain de bouche antiseptique joue \u00e9galement un r\u00f4le important. Ses ingr\u00e9dients anti-inflammatoires et apaisants soulagent l&#039;inconfort et la douleur caus\u00e9s par l&#039;inflammation buccale et favorisent la gu\u00e9rison des maladies bucco-dentaires.<\/p>\n\n\n\n<p><strong>5. Renforcer l\u2019immunit\u00e9 orale : <\/strong>la distribution des bact\u00e9ries b\u00e9n\u00e9fiques et des bact\u00e9ries nocives dans la bouche, le bain de bouche bact\u00e9ricide peut r\u00e9duire les bact\u00e9ries nocives dans la cavit\u00e9 buccale tout en maintenant l&#039;\u00e9quilibre des autres bact\u00e9ries, afin d&#039;am\u00e9liorer continuellement l&#039;immunit\u00e9 buccale et de r\u00e9duire l&#039;apparition de maladies bucco-dentaires.<\/p>\n\n\n\n<p><strong>6. Soulage la bouche s\u00e8che : <\/strong>Les ingr\u00e9dients hydratants contenus dans le bain de bouche peuvent garder la bouche humide, soulager les sympt\u00f4mes de la bouche s\u00e8che et am\u00e9liorer les probl\u00e8mes tels que la mauvaise haleine.<\/p>\n\n\n\n<h2 class=\"wp-block-heading\">Comment utiliser un bain de bouche antiseptique ?<\/h2>\n\n\n\n<p>En tant que fabricant professionnel de bains de bouche antiseptiques, nous respectons scrupuleusement les normes de qualit\u00e9 du secteur. Du contr\u00f4le des mati\u00e8res premi\u00e8res \u00e0 l&#039;emballage du produit fini, nous effectuons des tests qualit\u00e9 afin de garantir la s\u00e9curit\u00e9 et l&#039;efficacit\u00e9 de chaque produit. Nous d\u00e9taillons \u00e9galement le mode d&#039;emploi.<\/p>\n\n\n\n<p><strong>1. Prenez le montant : <\/strong>Prenez d&#039;abord la quantit\u00e9 appropri\u00e9e de bain de bouche antiseptique (10 \u00e0 20 ml), notre bouchon de bouteille a une \u00e9chelle, peut vous aider \u00e0 prendre la quantit\u00e9 avec pr\u00e9cision.<\/p>\n\n\n\n<p><strong>2. Gargarisme : <\/strong>Le bain de bouche est contenu dans la bouche et le bain de bouche est enti\u00e8rement en contact avec l&#039;int\u00e9rieur de la bouche, couvrant toutes les parties de la bouche autant que possible pour \u00e9liminer les bact\u00e9ries et les d\u00e9bris alimentaires de la bouche.<\/p>\n\n\n\n<p><strong>3. Heure : <\/strong>La dur\u00e9e totale du gargarisme est contr\u00f4l\u00e9e entre 30 secondes et 1 minute pour garantir que le bain de bouche puisse jouer pleinement son r\u00f4le bact\u00e9ricide.<\/p>\n\n\n\n<p><strong>4. Cracher : <\/strong>Recrachez le bain de bouche apr\u00e8s vous \u00eatre gargaris\u00e9, \u00e9vitez d&#039;avaler, inutile de rincer \u00e0 l&#039;eau deux fois.<\/p>\n\n\n\n<h2 class=\"wp-block-heading\">Prudence<\/h2>\n\n\n\n<p>1. Il est recommand\u00e9 d&#039;utiliser le produit de mani\u00e8re appropri\u00e9e conform\u00e9ment aux instructions afin d&#039;\u00e9viter toute ingestion et toute utilisation excessive pouvant d\u00e9truire la flore buccale et entra\u00eener des probl\u00e8mes bucco-dentaires.<\/p>\n\n\n\n<p>2. Il est recommand\u00e9 d&#039;utiliser apr\u00e8s chaque repas ou avant les situations d&#039;urgence, avec un dosage de 10 \u00e0 20 ml \u00e0 chaque fois, \u00e9vitez une utilisation fr\u00e9quente.<\/p>\n\n\n\n<p>3. Il est recommand\u00e9 de changer r\u00e9guli\u00e8rement de type de bain de bouche antiseptique pour \u00e9viter la r\u00e9sistance aux m\u00e9dicaments.<\/p>\n\n\n\n<p>4. Si une r\u00e9action allergique ou une g\u00eane survient pendant l\u2019utilisation, arr\u00eatez imm\u00e9diatement l\u2019utilisation et consultez un m\u00e9decin.<\/p>\n\n\n\n<p>5. Les femmes enceintes, les enfants et d\u2019autres groupes particuliers doivent \u00eatre utilis\u00e9s sous la supervision d\u2019un m\u00e9decin.<\/p>\n\n\n\n<p>6. Le bain de bouche n&#039;est qu&#039;un r\u00f4le auxiliaire dans les soins bucco-dentaires, il est recommand\u00e9 de continuer \u00e0 se brosser les dents et \u00e0 utiliser la soie dentaire matin et soir.<\/p>\n\n\n\n<h2 class=\"wp-block-heading\">Conclusion<\/h2>\n\n\n\n<p>Forte d&#039;une solide exp\u00e9rience industrielle et d&#039;une technologie de production avanc\u00e9e, notre usine s&#039;engage \u00e0 vous fournir des services personnalis\u00e9s de haute qualit\u00e9, \u00e0 grande \u00e9chelle et diversifi\u00e9s. Notre formule de bain de bouche sera adapt\u00e9e \u00e0 vos besoins sp\u00e9cifiques pour vous aider \u00e0 valoriser votre image de marque. <\/p>\n\n\n\n<p>Dans le m\u00eame temps, nous contr\u00f4lons \u00e9galement strictement la qualit\u00e9 des produits, dans le processus de production avec un syst\u00e8me d&#039;inspection de qualit\u00e9 multicanal pour garantir que nos produits r\u00e9pondent aux normes industrielles pertinentes au pays et \u00e0 l&#039;\u00e9tranger afin que vous puissiez \u00eatre assur\u00e9 de leur utilisation. <\/p>\n\n\n\n<p>Si vous souhaitez \u00e9galement vous d\u00e9marquer sur le march\u00e9 des bains de bouche, contactez-nous.<\/p>","protected":false},"excerpt":{"rendered":"Antiseptic Mouthwash Manufacturing Common Formulas We will accept the purchased raw materials, accurately weigh the accepted materials, and add them to the mixing process by the prescribed order. Through scientific and reasonable formula design and strict quality control, we can produce safe and reliable germicidal mouthwash to meet your needs for oral health. Several of [&hellip;]","protected":false},"featured_media":1653,"menu_order":0,"template":"","meta":[],"product-tag":[201,206,208,212,213,214,215,216],"products":[72],"class_list":["post-1652","product","type-product","status-publish","has-post-thumbnail","hentry","product-tag-mouthwash-manufacturer","product-tag-mouthwash-companies","product-tag-mouthwash-suppliers","product-tag-mouthwash-contract-manufacturer","product-tag-antiseptic-mouthwashes-manufacturer","product-tag-mouthwash-manufacturers-usa","product-tag-chlorhexidine-mouthwash-manufacturer","product-tag-private-label-mouthwash-manufacturers","products-mouthwash"],"acf":[],"_links":{"self":[{"href":"https:\/\/www.ruiqigo.com\/fr\/wp-json\/wp\/v2\/product\/1652","targetHints":{"allow":["GET"]}}],"collection":[{"href":"https:\/\/www.ruiqigo.com\/fr\/wp-json\/wp\/v2\/product"}],"about":[{"href":"https:\/\/www.ruiqigo.com\/fr\/wp-json\/wp\/v2\/types\/product"}],"version-history":[{"count":0,"href":"https:\/\/www.ruiqigo.com\/fr\/wp-json\/wp\/v2\/product\/1652\/revisions"}],"wp:featuredmedia":[{"embeddable":true,"href":"https:\/\/www.ruiqigo.com\/fr\/wp-json\/wp\/v2\/media\/1653"}],"wp:attachment":[{"href":"https:\/\/www.ruiqigo.com\/fr\/wp-json\/wp\/v2\/media?parent=1652"}],"wp:term":[{"taxonomy":"product-tag","embeddable":true,"href":"https:\/\/www.ruiqigo.com\/fr\/wp-json\/wp\/v2\/product-tag?post=1652"},{"taxonomy":"products","embeddable":true,"href":"https:\/\/www.ruiqigo.com\/fr\/wp-json\/wp\/v2\/products?post=1652"}],"curies":[{"name":"wp","href":"https:\/\/api.w.org\/{rel}","templated":true}]}}