{"id":1851,"date":"2024-11-20T15:18:41","date_gmt":"2024-11-20T07:18:41","guid":{"rendered":"https:\/\/ruiqigo.com\/?post_type=product&#038;p=1851"},"modified":"2024-11-21T16:13:50","modified_gmt":"2024-11-21T08:13:50","slug":"leave-in-conditioner","status":"publish","type":"product","link":"https:\/\/www.ruiqigo.com\/fr\/product\/leave-in-conditioner","title":{"rendered":"Apr\u00e8s-shampoing sans rin\u00e7age"},"content":{"rendered":"<h2 class=\"wp-block-heading\">Formules courantes de fabrication de revitalisants sans rin\u00e7age<\/h2>\n\n\n\n<p>Lors de la production de revitalisants sans rin\u00e7age, notre \u00e9quipe de recherche et d\u00e9veloppement utilise une vari\u00e9t\u00e9 de formulations innovantes pour r\u00e9pondre \u00e0 vos diff\u00e9rents go\u00fbts et besoins. En tant que fabricant professionnel de revitalisants sans rin\u00e7age, notre s\u00e9lection de mati\u00e8res premi\u00e8res est \u00e9galement tr\u00e8s stricte, utilisant des mati\u00e8res premi\u00e8res naturelles et l\u00e9g\u00e8res pour garantir que chaque bouteille puisse atteindre une haute qualit\u00e9. Les principaux ingr\u00e9dients sont :<\/p>\n\n\n\n<p>1. Essence v\u00e9g\u00e9tale naturelle : L&#039;ar\u00f4me naturel de l&#039;essence v\u00e9g\u00e9tale naturelle peut apaiser le cuir chevelu et d\u00e9tendre le corps et l&#039;esprit tout en \u00e9quilibrant la s\u00e9cr\u00e9tion de s\u00e9bum.<\/p>\n\n\n\n<p>2. Huiles naturelles : comme l&#039;huile d&#039;argan, elles peuvent fournir une nutrition riche. Ces huiles naturelles aident \u00e0 r\u00e9parer les cheveux ab\u00eem\u00e9s, p\u00e9n\u00e8trent profond\u00e9ment dans les cheveux, nourrissent les racines et rendent les cheveux plus sains et plus \u00e9nergiques.<\/p>\n\n\n\n<p>3. Agent hydratant : la glyc\u00e9rine et d&#039;autres agents hydratants peuvent compl\u00e9ter l&#039;eau, hydrater durablement, r\u00e9duire la casse et les frisottis des cheveux et rendre les cheveux plus \u00e9lastiques.<\/p>\n\n\n\n<p>4. Antioxydants : les antioxydants peuvent prot\u00e9ger les cheveux des dommages caus\u00e9s par les radicaux libres, pr\u00e9venir le vieillissement, le dess\u00e8chement et les pointes fourchues des cheveux et rendre nos cheveux plus forts et plus sains. Les antioxydants courants comprennent la vitamine E et les polyph\u00e9nols du th\u00e9.<\/p>\n\n\n\n<p>5. Huile de silicone : L&#039;huile de silicone peut fournir un effet lisse instantan\u00e9, r\u00e9duire la casse du n\u0153ud de la fourche des cheveux pendant le peignage et prot\u00e9ger nos cheveux des dommages externes.<\/p>\n\n\n\n<h2 class=\"wp-block-heading\">Les fonctions des apr\u00e8s-shampooings sans rin\u00e7age<\/h2>\n\n\n\n<p>Notre apr\u00e8s-shampoing sans rin\u00e7age est non seulement compos\u00e9 de plusieurs formules, mais il est \u00e9galement facile \u00e0 utiliser et dot\u00e9 de multiples fonctions, ce qui peut montrer sa comp\u00e9titivit\u00e9 unique sur le march\u00e9 des apr\u00e8s-shampoings. Voici ses principales fonctions :<\/p>\n\n\n\n<p>1. Hydratant et hydratant : l&#039;ingr\u00e9dient hydratant du revitalisant sans rin\u00e7age peut fournir suffisamment d&#039;hydratation et de nutrition aux cheveux, en profondeur dans les m\u00e8ches de cheveux et hydrater les racines des cheveux. L&#039;effet hydratant longue dur\u00e9e aide \u00e0 rendre les cheveux plus doux, plus lisses et plus brillants.<\/p>\n\n\n\n<p>2. Am\u00e9liorer la qualit\u00e9 des cheveux : l&#039;utilisation \u00e0 long terme de notre apr\u00e8s-shampooing sans rin\u00e7age peut aider \u00e0 am\u00e9liorer la qualit\u00e9 des cheveux, et les ingr\u00e9dients actifs de nos produits peuvent r\u00e9parer les \u00e9cailles de cheveux endommag\u00e9es, restaurant ainsi les cheveux et favorisant une croissance saine des cheveux.<\/p>\n\n\n\n<p>3. Coiffage : nous utilisons des ingr\u00e9dients l\u00e9gers qui sont plus l\u00e9gers et moins stressants que les huiles essentielles pour le soin des cheveux. Apr\u00e8s utilisation, il peut lisser les frisottis, \u00e9liminer les probl\u00e8mes de bifurcation et de n\u0153uds, \u00eatre facile \u00e0 entretenir et cr\u00e9er diverses formes.<\/p>\n\n\n\n<p>4. Pr\u00e9venez l&#039;\u00e9lectricit\u00e9 statique : notre revitalisant sans rin\u00e7age poss\u00e8de des propri\u00e9t\u00e9s antistatiques qui r\u00e9duisent la friction entre les cheveux pour r\u00e9duire l&#039;accumulation de charge et ainsi \u00e9viter l&#039;\u00e9lectricit\u00e9 statique, en particulier dans les environnements secs.<\/p>\n\n\n\n<p>5. Contr\u00f4le de l&#039;huile rafra\u00eechissante : par rapport aux apr\u00e8s-shampooings classiques, nos apr\u00e8s-shampooings sans rin\u00e7age sont de plus en plus l\u00e9gers. Ainsi, pour les cheveux gras, il peut contr\u00f4ler efficacement l&#039;huile et garder les cheveux frais et brillants.<\/p>\n\n\n\n<p>6. Barri\u00e8re protectrice : les antioxydants contenus dans l&#039;apr\u00e8s-shampooing sans rin\u00e7age formeront un film protecteur, qui peut r\u00e9sister aux dommages de l&#039;environnement ext\u00e9rieur tels que le s\u00e9chage \u00e0 l&#039;air chaud et les rayons ultraviolets.<\/p>\n\n\n\n<h2 class=\"wp-block-heading\">Comment utiliser un apr\u00e8s-shampooing sans rin\u00e7age sur les cheveux ?<\/h2>\n\n\n\n<p>En tant que produit de soin capillaire pratique, notre apr\u00e8s-shampoing sans rin\u00e7age est facile \u00e0 utiliser et convient \u00e0 la plupart des occasions. Nous pouvons \u00e9galement concevoir un emballage adapt\u00e9 \u00e0 vos diff\u00e9rents besoins pour la sc\u00e8ne, comme la famille, les voyages, etc. Nous marquerons \u00e9galement son utilisation sur l&#039;emballage, j&#039;esp\u00e8re que vous pourrez le lire avant utilisation.<\/p>\n\n\n\n<p>1. S\u00e9chez d\u00e9licatement vos cheveux avec une serviette apr\u00e8s le nettoyage ;<\/p>\n\n\n\n<p>2. Appliquez une quantit\u00e9 appropri\u00e9e d&#039;apr\u00e8s-shampooing sans rin\u00e7age dans la paume de la main et appliquez-le uniform\u00e9ment du milieu jusqu&#039;aux pointes des cheveux\u00a0;<\/p>\n\n\n\n<p>3. Peignez vos cheveux avec un peigne ou vos doigts.<\/p>\n\n\n\n<p>4. S\u00e9chez avec un s\u00e8che-cheveux ou \u00e0 l&#039;air libre.<\/p>\n\n\n\n<h2 class=\"wp-block-heading\">Prudence<\/h2>\n\n\n\n<p>1. Si vous ne vous sentez pas bien avant d\u2019utiliser le test allergique avanc\u00e9 pour la premi\u00e8re fois, arr\u00eatez imm\u00e9diatement de l\u2019utiliser et consultez un m\u00e9decin.<\/p>\n\n\n\n<p>2. Il est recommand\u00e9 de ne pas l&#039;utiliser plus de deux fois par semaine pour \u00e9viter un exc\u00e8s de nutrition ou un trouble de la s\u00e9cr\u00e9tion d&#039;huile du cuir chevelu.<\/p>\n\n\n\n<p>3. Prenez une quantit\u00e9 mod\u00e9r\u00e9e \u00e0 chaque fois, en fonction de la longueur de vos cheveux, pour \u00e9viter que les cheveux ne deviennent trop gras.<\/p>\n\n\n\n<p>4. Choisissez le revitalisant sans rin\u00e7age adapt\u00e9 \u00e0 vos cheveux.<\/p>\n\n\n\n<p>5. \u00c9viter tout contact avec les yeux. En cas de contact avec les yeux, rincer imm\u00e9diatement \u00e0 l&#039;eau.<\/p>\n\n\n\n<p>6. Il est recommand\u00e9 de stocker dans un endroit frais et sec, d&#039;\u00e9viter la lumi\u00e8re directe du soleil et l&#039;exposition \u00e0 des temp\u00e9ratures \u00e9lev\u00e9es.<\/p>\n\n\n\n<h2 class=\"wp-block-heading\">Conclusion<\/h2>\n\n\n\n<p>En tant que fabricant de revitalisants sans rin\u00e7age de haute qualit\u00e9, nous nous concentrons sur l&#039;innovation et la diff\u00e9renciation des produits, en d\u00e9veloppant constamment des produits adapt\u00e9s aux diff\u00e9rents besoins de soins capillaires. Lors de la production, notre \u00e9quipe de recherche et d\u00e9veloppement a soigneusement s\u00e9lectionn\u00e9 et associ\u00e9 scientifiquement une vari\u00e9t\u00e9 d&#039;ingr\u00e9dients nourrissants naturels, s&#039;engageant \u00e0 cr\u00e9er pour vous des soins capillaires efficaces et un revitalisant sans rin\u00e7age facile \u00e0 utiliser. <\/p>\n\n\n\n<p>Parall\u00e8lement, nous proposons \u00e9galement des services personnalis\u00e9s uniques, une conception diversifi\u00e9e est propice \u00e0 renforcer l&#039;influence de la marque. De plus, nous avons mis en place une s\u00e9rie de syst\u00e8mes d&#039;inspection de qualit\u00e9 stricts pour la production de produits, visant \u00e0 vous proposer des produits s\u00fbrs et efficaces. <\/p>\n\n\n\n<p>Si vous \u00eates int\u00e9ress\u00e9 par notre apr\u00e8s-shampooing sans rin\u00e7age, veuillez nous contacter imm\u00e9diatement.<\/p>","protected":false},"excerpt":{"rendered":"Leave-in Conditioner Manufacturing Common Formulas In the production of leave-in conditioners, our research and development team uses a variety of innovative formulations to meet your different tastes and needs. As a professional leave-in conditioner manufacturer, our selection of raw materials is also very strict, using natural and lightweight raw materials to ensure that every bottle [&hellip;]","protected":false},"featured_media":1852,"menu_order":0,"template":"","meta":[],"product-tag":[],"products":[52],"class_list":["post-1851","product","type-product","status-publish","has-post-thumbnail","hentry","products-conditioner"],"acf":[],"_links":{"self":[{"href":"https:\/\/www.ruiqigo.com\/fr\/wp-json\/wp\/v2\/product\/1851","targetHints":{"allow":["GET"]}}],"collection":[{"href":"https:\/\/www.ruiqigo.com\/fr\/wp-json\/wp\/v2\/product"}],"about":[{"href":"https:\/\/www.ruiqigo.com\/fr\/wp-json\/wp\/v2\/types\/product"}],"version-history":[{"count":0,"href":"https:\/\/www.ruiqigo.com\/fr\/wp-json\/wp\/v2\/product\/1851\/revisions"}],"wp:featuredmedia":[{"embeddable":true,"href":"https:\/\/www.ruiqigo.com\/fr\/wp-json\/wp\/v2\/media\/1852"}],"wp:attachment":[{"href":"https:\/\/www.ruiqigo.com\/fr\/wp-json\/wp\/v2\/media?parent=1851"}],"wp:term":[{"taxonomy":"product-tag","embeddable":true,"href":"https:\/\/www.ruiqigo.com\/fr\/wp-json\/wp\/v2\/product-tag?post=1851"},{"taxonomy":"products","embeddable":true,"href":"https:\/\/www.ruiqigo.com\/fr\/wp-json\/wp\/v2\/products?post=1851"}],"curies":[{"name":"wp","href":"https:\/\/api.w.org\/{rel}","templated":true}]}}