{"id":1909,"date":"2024-11-22T15:17:58","date_gmt":"2024-11-22T07:17:58","guid":{"rendered":"https:\/\/ruiqigo.com\/?post_type=product&#038;p=1909"},"modified":"2024-11-22T15:17:59","modified_gmt":"2024-11-22T07:17:59","slug":"hand-cream-for-dry-hands","status":"publish","type":"product","link":"https:\/\/www.ruiqigo.com\/fr\/product\/hand-cream-for-dry-hands","title":{"rendered":"Cr\u00e8me pour les mains s\u00e8ches"},"content":{"rendered":"<h2 class=\"wp-block-heading\">Cr\u00e8me pour les mains pour les mains s\u00e8ches Fabrication de formules courantes<\/h2>\n\n\n\n<p>Pour les mains s\u00e8ches, notre \u00e9quipe de recherche et d\u00e9veloppement utilise une formule unique avec une s\u00e9lection d&#039;extraits naturels de plantes et d&#039;ingr\u00e9dients hydratants, qui sont doux pour la peau et offrent d&#039;excellents effets hydratants et r\u00e9parateurs sur les mains. Examinons le r\u00f4le principal de ces ingr\u00e9dients :<\/p>\n\n\n\n<p>1. Huile essentielle de lavande : L&#039;huile essentielle de lavande a des effets antibact\u00e9riens et anti-inflammatoires, ce qui peut r\u00e9duire l&#039;inflammation et les rougeurs de la peau des mains et favoriser la r\u00e9paration et la r\u00e9g\u00e9n\u00e9ration de la peau endommag\u00e9e. En m\u00eame temps, il a \u00e9galement un effet apaisant, ce qui est propice \u00e0 la d\u00e9tente du corps et de l&#039;esprit, \u00e0 la r\u00e9duction du stress et \u00e0 une exp\u00e9rience agr\u00e9able.<\/p>\n\n\n\n<p>2. Glyc\u00e9rine : La glyc\u00e9rine a un fort effet hydratant et hydrofuge, qui peut former un film protecteur sur la peau, retenir efficacement l&#039;eau, emp\u00eacher l&#039;\u00e9vaporation et rendre vos mains plus hydrat\u00e9es. De plus, il peut \u00e9galement r\u00e9guler la barri\u00e8re cutan\u00e9e, r\u00e9duire les dommages externes et favoriser la r\u00e9paration de la barri\u00e8re cutan\u00e9e endommag\u00e9e.<\/p>\n\n\n\n<p>3. Acide hyaluronique : C&#039;est \u00e9galement un ingr\u00e9dient hydratant tr\u00e8s efficace, et il fournit \u00e9galement des nutriments, qui peuvent r\u00e9parer efficacement les probl\u00e8mes caus\u00e9s par la s\u00e9cheresse et les dommages. En m\u00eame temps, l&#039;acide hyaluronique est un composant important pour soutenir l&#039;\u00e9lasticit\u00e9 de la peau, ce qui peut aider la peau des mains \u00e0 retrouver son \u00e9lasticit\u00e9, \u00e0 att\u00e9nuer le vieillissement et \u00e0 se raffermir.<\/p>\n\n\n\n<p>4. Beurre de karit\u00e9 : Le beurre de karit\u00e9 a un effet hydratant et nourrissant important, qui peut hydrater et nourrir les cellules \u00e9pidermiques pendant une longue p\u00e9riode, et att\u00e9nuer davantage le probl\u00e8me de la peau s\u00e8che et rugueuse des mains. Il a \u00e9galement des propri\u00e9t\u00e9s anti-inflammatoires et r\u00e9sistantes aux UV, qui peuvent soulager l&#039;inflammation et l&#039;inconfort et favoriser la r\u00e9paration et la r\u00e9g\u00e9n\u00e9ration de la peau, tout en prot\u00e9geant la peau des mains des dommages caus\u00e9s par les UV et en la rendant plus saine et plus ferme.<\/p>\n\n\n\n<p>5. Vitamine E : La vitamine E est un puissant antioxydant qui peut r\u00e9sister aux dommages caus\u00e9s par les radicaux libres \u00e0 la peau et pr\u00e9venir le vieillissement cutan\u00e9. Elle a \u00e9galement un effet blanchissant, ce qui contribue \u00e0 r\u00e9duire le d\u00e9p\u00f4t de pigment sous-cutan\u00e9 et \u00e0 rendre la peau de la main plus lumineuse. En m\u00eame temps, elle peut acc\u00e9l\u00e9rer la r\u00e9paration de la couche corn\u00e9e, ce qui peut aider \u00e0 la r\u00e9cup\u00e9ration de la peau endommag\u00e9e ou s\u00e8che.<\/p>\n\n\n\n<h2 class=\"wp-block-heading\">Les fonctions de la cr\u00e8me pour les mains pour les mains s\u00e8ches<\/h2>\n\n\n\n<p>En tant que fabricant professionnel de cr\u00e8mes pour les mains, nous avons con\u00e7u la formule correspondante en fonction de l&#039;\u00e9tat de la peau des mains, dans l&#039;espoir de r\u00e9pondre \u00e0 diff\u00e9rentes pr\u00e9f\u00e9rences et besoins. Les cr\u00e8mes pour les mains multifonctionnelles sont \u00e9galement l&#039;un de nos avantages concurrentiels. Nos cr\u00e8mes pour les mains conviennent \u00e0 la plupart des gens et peuvent hydrater en profondeur, restaurer l&#039;\u00e9lasticit\u00e9, r\u00e9parer les barri\u00e8res et redonner de l&#039;\u00e9clat \u00e0 la peau de vos mains.<\/p>\n\n\n\n<p>1. Pr\u00e9venir la s\u00e9cheresse et la desquamation : nos cr\u00e8mes pour les mains sont riches en facteurs hydratants et en ingr\u00e9dients nourrissants qui p\u00e9n\u00e8trent profond\u00e9ment dans la peau, fournissent de l&#039;humidit\u00e9 et des nutriments et retiennent l&#039;humidit\u00e9 pour une hydratation durable. Les ingr\u00e9dients nourrissants r\u00e9parent la peau endommag\u00e9e et favorisent la gu\u00e9rison et la r\u00e9g\u00e9n\u00e9ration. Une utilisation \u00e0 long terme rendra vos mains s\u00e8ches, rugueuses et qui p\u00e8lent hydrat\u00e9es et saines.<\/p>\n\n\n\n<p>2. Pr\u00e9venir le vieillissement : l&#039;ingr\u00e9dient antioxydant que nous ajoutons, l&#039;acide hyaluronique, peut favoriser efficacement la production de collag\u00e8ne afin que la peau de vos mains soit plus ferme et \u00e9lastique, et obtenir en outre l&#039;effet anti-\u00e2ge.<\/p>\n\n\n\n<p>3. Stimuler la croissance des ongles : Les cr\u00e8mes pour les mains favorisent la croissance des ongles en hydratant la peau autour de l&#039;ongle pour r\u00e9duire la friction et la r\u00e9sistance que l&#039;ongle peut rencontrer pendant la croissance, et adoucir davantage la cuticule, rendant la peau autour de l&#039;ongle plus saine.<\/p>\n\n\n\n<p>4. Apaisant : Le parfum de la cr\u00e8me pour les mains a un effet apaisant, qui peut d\u00e9tendre le corps et l&#039;esprit, soulager le stress et vous apporter une exp\u00e9rience agr\u00e9able.<\/p>\n\n\n\n<p>5. Am\u00e9liorer la couleur de la peau : nous avons \u00e9galement ajout\u00e9 des ingr\u00e9dients blanchissants, qui sont propices \u00e0 am\u00e9liorer la situation terne des mains, une utilisation \u00e0 long terme peut rendre la peau de nos mains plus d\u00e9licate et plus lumineuse.<\/p>\n\n\n\n<p>6. Barri\u00e8re protectrice : lors de l&#039;application de notre cr\u00e8me pour les mains, elle formera un film protecteur naturel, propice \u00e0 bloquer les dommages de l&#039;environnement ext\u00e9rieur, tels que les rayons ultraviolets, l&#039;environnement sec, etc., afin que vous puissiez travailler en toute s\u00e9curit\u00e9 \u00e0 l&#039;ext\u00e9rieur.<\/p>\n\n\n\n<h2 class=\"wp-block-heading\">Comment utiliser une cr\u00e8me pour les mains pour les mains s\u00e8ches ?<\/h2>\n\n\n\n<p>Notre cr\u00e8me sp\u00e9ciale pour les mains s\u00e8ches peut \u00eatre utilis\u00e9e dans de nombreuses situations, comme apr\u00e8s le lavage des mains, pendant les saisons froides et s\u00e8ches, les activit\u00e9s de plein air, etc. Son emballage est con\u00e7u pour \u00eatre facile \u00e0 transporter et peut \u00eatre utilis\u00e9 \u00e0 la demande. Afin de garantir la qualit\u00e9 et la s\u00e9curit\u00e9 de nos produits, nous disposons de diff\u00e9rents syst\u00e8mes de gestion de la qualit\u00e9 tout au long du processus de production pour tester l&#039;apparence, les performances et d&#039;autres aspects de la cr\u00e8me pour les mains. La mani\u00e8re de l&#039;utiliser est \u00e9galement indiqu\u00e9e sur l&#039;emballage du produit.<\/p>\n\n\n\n<p>1. Nettoyer les mains : Nettoyer d&#039;abord les mains pour \u00e9viter que la salet\u00e9 et autres r\u00e9sidus n&#039;affectent l&#039;effet nettoyant de la cr\u00e8me pour les mains.<\/p>\n\n\n\n<p>2. Appliquer uniform\u00e9ment : Prenez une quantit\u00e9 appropri\u00e9e de cr\u00e8me pour les mains (environ 1,5 cm de diam\u00e8tre) et appliquez-la d&#039;abord sur la paume, puis appliquez-la l&#039;une sur l&#039;autre avec les deux mains pour vous assurer que chaque coin est couvert, en particulier la bouche du tigre, le bord de l&#039;ongle, entre les doigts et d&#039;autres endroits facilement n\u00e9glig\u00e9s.<\/p>\n\n\n\n<p>3. Massage appropri\u00e9 : Massez doucement la peau des mains avec les deux mains apr\u00e8s application pour favoriser la circulation sanguine et l&#039;absorption de la cr\u00e8me pour les mains, en particulier le bout des doigts et les paumes.<\/p>\n\n\n\n<h2 class=\"wp-block-heading\">Prudence<\/h2>\n\n\n\n<p>1. Effectuez un test allergique lors de la premi\u00e8re utilisation. En cas d&#039;inconfort, arr\u00eatez imm\u00e9diatement l&#039;utilisation et consultez un m\u00e9decin pour obtenir des conseils.<\/p>\n\n\n\n<p>2. Choisissez diff\u00e9rentes cr\u00e8mes pour les mains en fonction de la saison et de votre type de peau.<\/p>\n\n\n\n<p>3. \u00c9vitez de vous laver fr\u00e9quemment les mains, car cela peut les dess\u00e9cher.<\/p>\n\n\n\n<p>4. \u00c9vitez d&#039;appliquer une cr\u00e8me pour les mains trop \u00e9paisse. Une cr\u00e8me trop \u00e9paisse rendra vos mains grasses et inconfortables.<\/p>\n\n\n\n<p>5. Il est recommand\u00e9 de stocker dans un endroit frais et sec et de conserver herm\u00e9tiquement ferm\u00e9, pour \u00e9viter la lumi\u00e8re directe du soleil et les environnements \u00e0 haute temp\u00e9rature.<\/p>\n\n\n\n<h2 class=\"wp-block-heading\">Conclusion<\/h2>\n\n\n\n<p>En tant que fabricant d\u00e9di\u00e9 \u00e0 la cr\u00e9ation de cr\u00e8mes pour les mains de haute qualit\u00e9 pour les mains s\u00e8ches, nous sommes \u00e9quip\u00e9s d&#039;\u00e9quipements de production avanc\u00e9s et de lignes de production automatis\u00e9es, avons mis en place un syst\u00e8me de gestion de la qualit\u00e9 solide et disposons \u00e9galement d&#039;une \u00e9quipe de R&amp;D professionnelle et d&#039;un syst\u00e8me de cha\u00eene d&#039;approvisionnement stable. Par cons\u00e9quent, qu&#039;il s&#039;agisse d&#039;une commande importante ou d&#039;une petite commande, nous pouvons efficacement assurer la qualit\u00e9. De plus, nous disposons \u00e9galement d&#039;un service de personnalisation unique qui sera adapt\u00e9 \u00e0 vos besoins pour personnaliser votre formule de cr\u00e8me pour les mains. Veuillez nous contacter si vous \u00eates int\u00e9ress\u00e9 par notre cr\u00e8me pour les mains.<\/p>\n\n\n\n<p><\/p>","protected":false},"excerpt":{"rendered":"Hand Cream For Dry Hands Manufacturing Common Formulas For dry hands, our research and development team uses a unique formula with a selection of natural plant extracts and moisturizing ingredients, which are gentle on the skin and give excellent moisturizing and repairing effects on the hands. Let&#8217;s take a look at the main role of [&hellip;]","protected":false},"featured_media":1910,"menu_order":0,"template":"","meta":[],"product-tag":[],"products":[58],"class_list":["post-1909","product","type-product","status-publish","has-post-thumbnail","hentry","products-hand-cream"],"acf":[],"_links":{"self":[{"href":"https:\/\/www.ruiqigo.com\/fr\/wp-json\/wp\/v2\/product\/1909","targetHints":{"allow":["GET"]}}],"collection":[{"href":"https:\/\/www.ruiqigo.com\/fr\/wp-json\/wp\/v2\/product"}],"about":[{"href":"https:\/\/www.ruiqigo.com\/fr\/wp-json\/wp\/v2\/types\/product"}],"version-history":[{"count":0,"href":"https:\/\/www.ruiqigo.com\/fr\/wp-json\/wp\/v2\/product\/1909\/revisions"}],"wp:featuredmedia":[{"embeddable":true,"href":"https:\/\/www.ruiqigo.com\/fr\/wp-json\/wp\/v2\/media\/1910"}],"wp:attachment":[{"href":"https:\/\/www.ruiqigo.com\/fr\/wp-json\/wp\/v2\/media?parent=1909"}],"wp:term":[{"taxonomy":"product-tag","embeddable":true,"href":"https:\/\/www.ruiqigo.com\/fr\/wp-json\/wp\/v2\/product-tag?post=1909"},{"taxonomy":"products","embeddable":true,"href":"https:\/\/www.ruiqigo.com\/fr\/wp-json\/wp\/v2\/products?post=1909"}],"curies":[{"name":"wp","href":"https:\/\/api.w.org\/{rel}","templated":true}]}}