{"id":2022,"date":"2024-11-27T14:41:54","date_gmt":"2024-11-27T06:41:54","guid":{"rendered":"https:\/\/ruiqigo.com\/?post_type=product&#038;p=2022"},"modified":"2024-11-27T14:41:54","modified_gmt":"2024-11-27T06:41:54","slug":"anti-aging-hand-cream","status":"publish","type":"product","link":"https:\/\/www.ruiqigo.com\/fr\/product\/anti-aging-hand-cream","title":{"rendered":"Cr\u00e8me anti-\u00e2ge pour les mains"},"content":{"rendered":"<h2 class=\"wp-block-heading\">Formules courantes de fabrication de cr\u00e8mes anti-\u00e2ge pour les mains<\/h2>\n\n\n\n<p>Pour les ridules, les taches et autres probl\u00e8mes, notre \u00e9quipe de R&amp;D utilise des formules scientifiques avanc\u00e9es, des ingr\u00e9dients naturels doux et des mati\u00e8res premi\u00e8res soigneusement s\u00e9lectionn\u00e9es pour garantir une qualit\u00e9 \u00e9lev\u00e9e. Les principales formules sont :<\/p>\n\n\n\n<p>1. R\u00e9tinol : Le r\u00e9tinol est le composant principal de l&#039;anti-\u00e2ge, qui peut favoriser la production de cellules \u00e9pith\u00e9liales et de collag\u00e8ne. Il augmente l&#039;\u00e9lasticit\u00e9 de la peau en renfor\u00e7ant le m\u00e9tabolisme cutan\u00e9 et favorise la desquamation des cuticules vieillissantes pour r\u00e9duire les taches. Ainsi, gr\u00e2ce \u00e0 une utilisation \u00e0 long terme, nos mains deviendront d\u00e9licates et lisses.<\/p>\n\n\n\n<p>2. Acide hyaluronique : c&#039;est un ingr\u00e9dient hydratant tr\u00e8s efficace qui peut retenir fermement l&#039;eau et obtenir un effet hydratant longue dur\u00e9e. Ainsi, coller sur la main aidera la peau \u00e0 maintenir son \u00e9quilibre hydrique et \u00e0 \u00e9viter les probl\u00e8mes de s\u00e9cheresse et de rugosit\u00e9.<\/p>\n\n\n\n<p>3. Squalane : Le squalane a un effet hydratant important et est doux et non irritant, tout en formant un film protecteur. Il nourrit la peau des mains tout en pr\u00e9venant les dommages caus\u00e9s par les substances nocives du monde ext\u00e9rieur, double assistance et rend nos mains plus douces et plus souples.<\/p>\n\n\n\n<p>4. Vitamine E : c&#039;est un bon antioxydant, il peut r\u00e9sister aux dommages caus\u00e9s par les radicaux libres, inhiber la synth\u00e8se de m\u00e9lanine et obtenir en outre l&#039;effet de taches de rousseur, de blanchiment et de r\u00e9paration. Une utilisation \u00e0 long terme peut retarder le processus de vieillissement de la peau.<\/p>\n\n\n\n<p>5. Essence v\u00e9g\u00e9tale naturelle : Nous ajoutons de l&#039;aloe vera, de la camomille et d&#039;autres essences v\u00e9g\u00e9tales naturelles, elles ont un effet apaisant et peuvent soulager les tiraillements et l&#039;inconfort caus\u00e9s par les mains s\u00e8ches.<\/p>\n\n\n\n<h2 class=\"wp-block-heading\">Les fonctions de la cr\u00e8me anti-\u00e2ge pour les mains<\/h2>\n\n\n\n<p>En tant que fabricant exp\u00e9riment\u00e9 de cr\u00e8mes pour les mains anti-\u00e2ge, nous avons con\u00e7u diff\u00e9rentes formules en fonction de vos diff\u00e9rents types de peau et de vos pr\u00e9f\u00e9rences. Dans le processus de production, nous attachons \u00e9galement une grande importance \u00e0 la s\u00e9curit\u00e9 des produits et mettons en place un syst\u00e8me de contr\u00f4le qualit\u00e9 multicanal pour garantir la s\u00e9curit\u00e9 et l&#039;efficacit\u00e9 des produits. \u00c0 propos de ses fonctions, nous pouvons apprendre :<\/p>\n\n\n\n<p>1. Hautement hydratant et hydratant : la cr\u00e8me anti-\u00e2ge pour les mains est riche en facteurs hydratants et en ingr\u00e9dients nourrissants, qui peuvent hydrater en profondeur et reconstituer l&#039;eau. En m\u00eame temps, l&#039;eau sera fermement retenue, pr\u00e9servant l&#039;hydratation de la peau des mains, associ\u00e9e \u00e0 un effet nourrissant riche, ce qui peut rendre vos mains plus douces et plus lisses.<\/p>\n\n\n\n<p>2. Att\u00e9nue les ridules et les rides : Sous l&#039;action d&#039;antioxydants tels que le r\u00e9tinol, les taches cutan\u00e9es des mains dispara\u00eetront progressivement et stimuleront constamment la r\u00e9g\u00e9n\u00e9ration des cellules de la peau, pleines de collag\u00e8ne, peuvent am\u00e9liorer la texture de la peau, att\u00e9nuer les ridules et les rides et restaurer l&#039;\u00e9lasticit\u00e9.<\/p>\n\n\n\n<p>3. Apaisant et calmant : Si la main est s\u00e9rieusement d\u00e9shydrat\u00e9e, cela peut entra\u00eener des fissures rugueuses et s\u00e8ches, ce qui rendra vos mains plus douloureuses. Nos extraits de plantes naturelles ajout\u00e9s aident \u00e0 apaiser et \u00e0 calmer votre peau sans irriter votre peau, m\u00eame les muscles sensibles.<\/p>\n\n\n\n<p>4. Barri\u00e8re protectrice : la peau de la main formera un film protecteur lors de l&#039;application, qui peut r\u00e9sister aux dommages de l&#039;environnement ext\u00e9rieur agressif et prot\u00e9ger la peau de la main afin que vos mains soient constamment nourries et une peau lisse.<\/p>\n\n\n\n<p>5. \u00c9claircir la peau : notre cr\u00e8me anti-\u00e2ge pour les mains r\u00e9duit non seulement les taches et uniformise le teint, mais l&#039;\u00e9claircit \u00e9galement. Une utilisation \u00e0 long terme peut avoir pour effet d&#039;\u00e9claircir la couleur de la peau des mains.<\/p>\n\n\n\n<h2 class=\"wp-block-heading\">Comment utiliser une cr\u00e8me anti-\u00e2ge pour les mains ?<\/h2>\n\n\n\n<p>En choisissant la cr\u00e8me anti-\u00e2ge pour les mains adapt\u00e9e \u00e0 votre type de peau et \u00e0 vos besoins et en vous y tenant, vous pouvez am\u00e9liorer efficacement le vieillissement de la peau de vos mains. Nous l&#039;utiliserons et la formule s\u00fbre et d&#039;autres informations sont indiqu\u00e9es sur l&#039;emballage, vous pouvez la lire en d\u00e9tail et l&#039;utiliser en toute tranquillit\u00e9 d&#039;esprit.<\/p>\n\n\n\n<p>1. Rincer \u00e0 l&#039;eau ti\u00e8de et s\u00e9cher d\u00e9licatement avec une serviette avant utilisation ;<\/p>\n\n\n\n<p>2. Appliquez une quantit\u00e9 appropri\u00e9e de cr\u00e8me anti-\u00e2ge pour les mains sur la paume et frottez avec les deux mains, r\u00e9partissez uniform\u00e9ment la cr\u00e8me pour les mains sur les deux mains et assurez-vous que le dos de la main, la couture des doigts et le bout des doigts sont \u00e9galement appliqu\u00e9s ;<\/p>\n\n\n\n<p>3. Massez doucement vos mains apr\u00e8s application pour aider la cr\u00e8me pour les mains \u00e0 mieux absorber ;<\/p>\n\n\n\n<p>4. R\u00e9appliquez de la cr\u00e8me pour les mains chaque fois que vos mains sont particuli\u00e8rement s\u00e8ches.<\/p>\n\n\n\n<h2 class=\"wp-block-heading\">Prudence<\/h2>\n\n\n\n<p>1. Choisissez la cr\u00e8me pour les mains anti-\u00e2ge la plus adapt\u00e9e \u00e0 votre type de peau et \u00e0 vos besoins ;<\/p>\n\n\n\n<p>2. Avant la premi\u00e8re utilisation d\u2019un test allergique avanc\u00e9, en cas d\u2019inconfort, arr\u00eatez imm\u00e9diatement l\u2019utilisation et consultez un m\u00e9decin ;<\/p>\n\n\n\n<p>3. \u00c9vitez la surutilisation, sinon cela provoquera une peau grasse et obstruera les pores\u00a0;<\/p>\n\n\n\n<p>4. Faites attention \u00e0 la fr\u00e9quence d&#039;utilisation, il est recommand\u00e9 de l&#039;utiliser apr\u00e8s s&#039;\u00eatre lav\u00e9 les mains le matin et le soir si l&#039;environnement sec et froid peut augmenter de mani\u00e8re appropri\u00e9e la fr\u00e9quence d&#039;utilisation ;<\/p>\n\n\n\n<p>5. Il est recommand\u00e9 de stocker dans un endroit frais et sec et d&#039;\u00e9viter les temp\u00e9ratures \u00e9lev\u00e9es et les environnements humides.<\/p>\n\n\n\n<h2 class=\"wp-block-heading\">Conclusion<\/h2>\n\n\n\n<p>Notre cr\u00e8me anti-\u00e2ge pour les mains est un produit comp\u00e9titif avec ses ingr\u00e9dients doux, sa formule unique et son efficacit\u00e9 sup\u00e9rieure. En m\u00eame temps, le service personnalis\u00e9 que nous proposons est \u00e9galement de haute qualit\u00e9, nous cr\u00e9erons une formule sp\u00e9ciale pour vous en fonction de vos besoins. En attendant, nous nous adaptons constamment en fonction de vos commentaires pour obtenir les meilleurs r\u00e9sultats. Si vous souhaitez \u00e9galement d\u00e9couvrir son charme unique, veuillez nous contacter.<\/p>","protected":false},"excerpt":{"rendered":"Anti-Aging Hand Cream Manufacturing Common Formulas For fine lines, stains, and other problems, our R&amp;D team uses advanced scientific formulations, mild natural ingredients, and carefully selected raw materials to ensure high quality. The main formulas are: 1. Retinol: Retinol is the core component of anti-aging, which can promote the production of epithelial cells and collagen. [&hellip;]","protected":false},"featured_media":2023,"menu_order":0,"template":"","meta":[],"product-tag":[],"products":[58],"class_list":["post-2022","product","type-product","status-publish","has-post-thumbnail","hentry","products-hand-cream"],"acf":[],"_links":{"self":[{"href":"https:\/\/www.ruiqigo.com\/fr\/wp-json\/wp\/v2\/product\/2022","targetHints":{"allow":["GET"]}}],"collection":[{"href":"https:\/\/www.ruiqigo.com\/fr\/wp-json\/wp\/v2\/product"}],"about":[{"href":"https:\/\/www.ruiqigo.com\/fr\/wp-json\/wp\/v2\/types\/product"}],"version-history":[{"count":0,"href":"https:\/\/www.ruiqigo.com\/fr\/wp-json\/wp\/v2\/product\/2022\/revisions"}],"wp:featuredmedia":[{"embeddable":true,"href":"https:\/\/www.ruiqigo.com\/fr\/wp-json\/wp\/v2\/media\/2023"}],"wp:attachment":[{"href":"https:\/\/www.ruiqigo.com\/fr\/wp-json\/wp\/v2\/media?parent=2022"}],"wp:term":[{"taxonomy":"product-tag","embeddable":true,"href":"https:\/\/www.ruiqigo.com\/fr\/wp-json\/wp\/v2\/product-tag?post=2022"},{"taxonomy":"products","embeddable":true,"href":"https:\/\/www.ruiqigo.com\/fr\/wp-json\/wp\/v2\/products?post=2022"}],"curies":[{"name":"wp","href":"https:\/\/api.w.org\/{rel}","templated":true}]}}