{"id":2062,"date":"2024-11-29T15:24:06","date_gmt":"2024-11-29T07:24:06","guid":{"rendered":"https:\/\/ruiqigo.com\/?post_type=product&#038;p=2062"},"modified":"2024-11-29T15:27:04","modified_gmt":"2024-11-29T07:27:04","slug":"no-crack-hand-cream","status":"publish","type":"product","link":"https:\/\/www.ruiqigo.com\/fr\/product\/no-crack-hand-cream","title":{"rendered":"Cr\u00e8me pour les mains anti-crevasses"},"content":{"rendered":"<h2 class=\"wp-block-heading\">Formules courantes de fabrication de cr\u00e8mes pour les mains sans fissures<\/h2>\n\n\n\n<p>Notre \u00e9quipe de recherche et d\u00e9veloppement a con\u00e7u une formule r\u00e9paratrice hydratante en profondeur pour le probl\u00e8me des mains s\u00e8ches et gerc\u00e9es lors de la conception, dans le but de r\u00e9soudre les dommages caus\u00e9s aux mains par les environnements difficiles. Ces ingr\u00e9dients agissent ensemble pour prendre soin de vos mains. Les principaux ingr\u00e9dients sont :<\/p>\n\n\n\n<p>1. <strong>Glyc\u00e9rine:<\/strong> La glyc\u00e9rine est un hydratant courant qui absorbe l&#039;eau et la maintient en place. Cet effet hydratant garantit que la peau des mains reste hydrat\u00e9e m\u00eame dans des environnements secs. En m\u00eame temps, la glyc\u00e9rine peut \u00e9galement former un film protecteur, hydrater la peau des mains et am\u00e9liorer le probl\u00e8me des mains rugueuses et s\u00e8ches.<\/p>\n\n\n\n<p>2. <strong>Acide hyaluronique :<\/strong> L&#039;acide hyaluronique a un excellent effet hydratant, peut absorber beaucoup d&#039;eau et emp\u00eacher la perte d&#039;eau. En m\u00eame temps, il peut \u00e9galement am\u00e9liorer la fonction barri\u00e8re de la peau des mains, r\u00e9duire les dommages caus\u00e9s par l&#039;environnement ext\u00e9rieur agressif \u00e0 la peau et favoriser davantage la r\u00e9paration et la r\u00e9g\u00e9n\u00e9ration des cellules de la peau. Une utilisation \u00e0 long terme peut restaurer la sant\u00e9 des mains ab\u00eem\u00e9es.<\/p>\n\n\n\n<p>3.<strong> C\u00e9ramide :<\/strong> La c\u00e9ramide peut acc\u00e9l\u00e9rer le processus de r\u00e9paration de la peau, elle peut att\u00e9nuer la stimulation s\u00e8che caus\u00e9e par l&#039;environnement ext\u00e9rieur sur la peau et favoriser la r\u00e9g\u00e9n\u00e9ration des cellules de la peau. De plus, elle peut \u00e9galement inhiber la production de m\u00e9lanine, une utilisation \u00e0 long terme peut obtenir l&#039;effet de blanchiment. En m\u00eame temps, il a \u00e9galement une certaine capacit\u00e9 anti-\u00e2ge, ce qui peut rendre la peau de la main plus tendue et plus \u00e9lastique.<\/p>\n\n\n\n<p>4. <strong>Aloe vera :<\/strong> En plus de sa puissante fonction hydratante, l&#039;extrait d&#039;alo\u00e8s naturel a \u00e9galement un effet anti-sensibilit\u00e9 apaisant, qui peut soulager l&#039;inconfort caus\u00e9 par l&#039;irritation s\u00e8che de la peau de la main. En m\u00eame temps, il peut favoriser la r\u00e9paration et la r\u00e9g\u00e9n\u00e9ration des cellules de la peau, acc\u00e9l\u00e9rer la gu\u00e9rison des fissures s\u00e8ches et rendre vos mains plus saines et hydrat\u00e9es.<\/p>\n\n\n\n<p>5. <strong>Chien de mer raton laveur :<\/strong> Les ratons laveurs de mer peuvent former un film protecteur sur la surface de la peau des mains, r\u00e9duire les dommages caus\u00e9s par l&#039;environnement ext\u00e9rieur et garder la peau des mains hydrat\u00e9e. Il fournit \u00e9galement des nutriments et de l&#039;humidit\u00e9 en profondeur \u00e0 la peau, acc\u00e9l\u00e9rant ainsi le processus de r\u00e9paration de la peau endommag\u00e9e.<\/p>\n\n\n\n<h2 class=\"wp-block-heading\">Les fonctions de la cr\u00e8me pour les mains anti-crevasses<\/h2>\n\n\n\n<p>Au moment de la production, nous avons combin\u00e9 la majorit\u00e9 des conditions de mains s\u00e8ches et qui p\u00e8lent pour concevoir cette cr\u00e8me pour les mains anti-crevasses qui est non seulement douce mais qui a \u00e9galement de multiples effets, tous les aspects de la r\u00e9paration de la peau des mains. Lors du choix d&#039;une cr\u00e8me pour les mains, il est recommand\u00e9 de choisir un produit qui vous convient en fonction de l&#039;\u00e9tat de votre peau et de vos besoins de pr\u00e9f\u00e9rence. Voici ses principales fonctions :<\/p>\n\n\n\n<p>1. <strong>Hydratant longue dur\u00e9e et non collant :<\/strong> Nous utilisons une vari\u00e9t\u00e9 d&#039;ingr\u00e9dients qui ont un fort effet hydratant, peuvent hydrater et hydrater en profondeur et retenir l&#039;humidit\u00e9. Et notre cr\u00e8me pour les mains ne sera pas collante, avec une bonne sensation d&#039;utilisation.<\/p>\n\n\n\n<p>2. <strong>R\u00e9paration et r\u00e9g\u00e9n\u00e9ration : <\/strong>Notre cr\u00e8me pour les mains peut fournir suffisamment de nutriments, renforcer la fonction barri\u00e8re de la peau et favoriser davantage la r\u00e9paration et la r\u00e9g\u00e9n\u00e9ration des cellules de la peau. En m\u00eame temps, il peut \u00e9galement r\u00e9duire les dommages caus\u00e9s par l&#039;environnement ext\u00e9rieur \u00e0 la peau, ce qui contribue \u00e0 am\u00e9liorer le probl\u00e8me de la peau rugueuse et s\u00e8che des mains.<\/p>\n\n\n\n<p>3. <strong>Apaisant et anti-sensibilit\u00e9<\/strong>:Nous avons ajout\u00e9 de l&#039;aloe vera et d&#039;autres ingr\u00e9dients qui ont un effet anti-sensibilit\u00e9 et apaisant, ce qui est propice \u00e0 soulager la douleur et l&#039;inconfort caus\u00e9s par la peau s\u00e8che et allergique des mains. Lissez la peau ab\u00eem\u00e9e et rendez les mains plus saines.<\/p>\n\n\n\n<p>4. <strong>Doux et non stimulant : <\/strong>Les mati\u00e8res premi\u00e8res utilis\u00e9es dans le processus de production sont soigneusement s\u00e9lectionn\u00e9es et ne contiennent aucune substance nocive. Nos ingr\u00e9dients sont naturels et doux, adapt\u00e9s \u00e0 la plupart des types de peau, en particulier les peaux sensibles. Nous \u00e9vitons \u00e9galement les dommages secondaires \u00e0 la peau de vos mains caus\u00e9s par l&#039;alcool et d&#039;autres irritants.<\/p>\n\n\n\n<p>5. <strong>Protection et isolement :<\/strong> L&#039;huile contenue dans notre cr\u00e8me pour les mains peut former un film protecteur \u00e0 la surface de la peau pour isoler l&#039;environnement ext\u00e9rieur tel que les rayons ultraviolets, le froid et les dommages cutan\u00e9s secs. Utilisez-la r\u00e9guli\u00e8rement pour rendre la peau des mains plus lisse et plus d\u00e9licate.<\/p>\n\n\n\n<h2 class=\"wp-block-heading\">Comment utiliser la cr\u00e8me pour les mains No-Crack ?<\/h2>\n\n\n\n<p>En tant que fabricant professionnel de cr\u00e8mes pour les mains anti-fissures, nous attachons une grande importance \u00e0 la qualit\u00e9 et \u00e0 la s\u00e9curit\u00e9 des produits ainsi qu&#039;\u00e0 l&#039;exp\u00e9rience d&#039;utilisation. Nous avons donc un syst\u00e8me de gestion de la qualit\u00e9 strict pour garantir nos produits. Dans le m\u00eame temps, nous concevrons \u00e9galement l&#039;emballage correspondant en fonction de vos besoins. Nous marquerons les sp\u00e9cifications du produit et le mode d&#039;utilisation sur l&#039;emballage.<\/p>\n\n\n\n<p>1. <strong>Mains propres :<\/strong> Avant utilisation, lavez-vous les mains \u00e0 l&#039;eau ti\u00e8de et s\u00e9chez-les d\u00e9licatement. Cela favorise l&#039;absorption de la cr\u00e8me pour les mains ;<\/p>\n\n\n\n<p>2. <strong>Appliquer uniform\u00e9ment : <\/strong>Appliquez une quantit\u00e9 appropri\u00e9e de cr\u00e8me pour les mains anti-crevasses sur la paume et appliquez-la uniform\u00e9ment sur les deux mains, en particulier le dos de la main, les doigts et d&#039;autres endroits faciles \u00e0 ignorer.<\/p>\n\n\n\n<p>3. <strong>Absorption du massage :<\/strong> Apr\u00e8s avoir appliqu\u00e9 uniform\u00e9ment, vous pouvez masser doucement vos mains avec vos doigts, en particulier les articulations et autres bords, pour aider la cr\u00e8me pour les mains \u00e0 mieux p\u00e9n\u00e9trer la peau.<\/p>\n\n\n\n<p>4. <strong>Renouvelez l&#039;application imm\u00e9diatement\u00a0:<\/strong> R\u00e9appliquez notre cr\u00e8me pour les mains chaque fois que vous vous lavez les mains ou lorsque vos mains sont s\u00e8ches pour les garder hydrat\u00e9es.<\/p>\n\n\n\n<h2 class=\"wp-block-heading\">Prudence<\/h2>\n\n\n\n<p>1. Lorsque vous choisissez une cr\u00e8me pour les mains, vous devez choisir un produit adapt\u00e9 \u00e0 votre type de peau et \u00e0 vos besoins\u00a0;<\/p>\n\n\n\n<p>2. Il est recommand\u00e9 d&#039;effectuer un test allergique lors de la premi\u00e8re utilisation. En cas d&#039;inconfort, veuillez cesser imm\u00e9diatement l&#039;utilisation et rincer \u00e0 l&#039;eau ;<\/p>\n\n\n\n<p>3. \u00c9vitez la surutilisation, la bonne quantit\u00e9 de cr\u00e8me pour les mains peut hydrater vos mains, si elle est excessive, elle peut devenir grasse et difficile \u00e0 absorber ;<\/p>\n\n\n\n<p>4. Garder les mains au chaud peut r\u00e9duire le ph\u00e9nom\u00e8ne de peau s\u00e8che et craquel\u00e9e sur les mains, en particulier dans les environnements froids et secs\u00a0;<\/p>\n\n\n\n<p>5. Il est recommand\u00e9 de conserver la cr\u00e8me pour les mains dans un endroit frais et sec pour \u00e9viter sa d\u00e9t\u00e9rioration caus\u00e9e par une temp\u00e9rature \u00e9lev\u00e9e et un environnement humide.<\/p>\n\n\n\n<h2 class=\"wp-block-heading\">Conclusion<\/h2>\n\n\n\n<p>En tant que fabricant de cr\u00e8mes pour les mains anti-crevasses qui recherche la qualit\u00e9 et le d\u00e9tail, nous disposons d&#039;\u00e9quipements de production avanc\u00e9s et d&#039;une \u00e9quipe de recherche et d\u00e9veloppement professionnelle. De plus, en ce qui concerne le processus de production de la cr\u00e8me pour les mains, nous int\u00e9grons des extraits de plantes naturelles et des facteurs hydratants avanc\u00e9s, qui peuvent soulager efficacement les mains s\u00e8ches, craquel\u00e9es et qui p\u00e8lent. L&#039;utilisation d&#039;une technologie d&#039;absorption rapide, de sorte que la cr\u00e8me pour les mains p\u00e9n\u00e8tre rapidement dans la peau, sans coller, vous apporte une exp\u00e9rience fra\u00eeche et confortable. Qu&#039;il s&#039;agisse de la formulation du produit ou de l&#039;emballage, nous cr\u00e9erons une marque unique en fonction de vos besoins. Si vous \u00eates int\u00e9ress\u00e9 par notre cr\u00e8me pour les mains anti-crevasses, veuillez nous contacter imm\u00e9diatement.<\/p>","protected":false},"excerpt":{"rendered":"No-Crack Hand Cream Manufacturing Common Formulas Our research and development team designed a deep moisturizing repair formula for the problem of dry and cracked hands during the design, aiming to solve the damage caused by harsh environments to hands. These ingredients work together to care for your hands. The main ingredients are: 1. Glycerin: Glycerin [&hellip;]","protected":false},"featured_media":2063,"menu_order":0,"template":"","meta":[],"product-tag":[],"products":[58],"class_list":["post-2062","product","type-product","status-publish","has-post-thumbnail","hentry","products-hand-cream"],"acf":[],"_links":{"self":[{"href":"https:\/\/www.ruiqigo.com\/fr\/wp-json\/wp\/v2\/product\/2062","targetHints":{"allow":["GET"]}}],"collection":[{"href":"https:\/\/www.ruiqigo.com\/fr\/wp-json\/wp\/v2\/product"}],"about":[{"href":"https:\/\/www.ruiqigo.com\/fr\/wp-json\/wp\/v2\/types\/product"}],"version-history":[{"count":0,"href":"https:\/\/www.ruiqigo.com\/fr\/wp-json\/wp\/v2\/product\/2062\/revisions"}],"wp:featuredmedia":[{"embeddable":true,"href":"https:\/\/www.ruiqigo.com\/fr\/wp-json\/wp\/v2\/media\/2063"}],"wp:attachment":[{"href":"https:\/\/www.ruiqigo.com\/fr\/wp-json\/wp\/v2\/media?parent=2062"}],"wp:term":[{"taxonomy":"product-tag","embeddable":true,"href":"https:\/\/www.ruiqigo.com\/fr\/wp-json\/wp\/v2\/product-tag?post=2062"},{"taxonomy":"products","embeddable":true,"href":"https:\/\/www.ruiqigo.com\/fr\/wp-json\/wp\/v2\/products?post=2062"}],"curies":[{"name":"wp","href":"https:\/\/api.w.org\/{rel}","templated":true}]}}