{"id":2135,"date":"2024-12-04T16:06:10","date_gmt":"2024-12-04T08:06:10","guid":{"rendered":"https:\/\/ruiqigo.com\/?post_type=product&#038;p=2135"},"modified":"2024-12-04T16:07:39","modified_gmt":"2024-12-04T08:07:39","slug":"natural-body-lotion","status":"publish","type":"product","link":"https:\/\/www.ruiqigo.com\/fr\/product\/natural-body-lotion","title":{"rendered":"Lotion corporelle naturelle"},"content":{"rendered":"<h2 class=\"wp-block-heading\">Fabrication de lotions corporelles naturelles Formules courantes<\/h2>\n\n\n\n<p>Pour garantir que les ingr\u00e9dients sont doux et n&#039;irritent pas la peau, notre \u00e9quipe de recherche et d\u00e9veloppement a s\u00e9lectionn\u00e9 une vari\u00e9t\u00e9 d&#039;ingr\u00e9dients purs. Des mati\u00e8res premi\u00e8res s\u00e9lectionn\u00e9es sont m\u00e9lang\u00e9es dans le processus de production pour garantir la s\u00e9curit\u00e9 et l&#039;efficacit\u00e9 de notre lait corporel naturel.<\/p>\n\n\n\n<p>1. Glyc\u00e9rine : La glyc\u00e9rine est un hydratant couramment utilis\u00e9 qui absorbe l&#039;humidit\u00e9 de l&#039;air et forme un film sur la peau, aidant ainsi efficacement la peau \u00e0 retenir l&#039;humidit\u00e9. Ils offrent des effets hydratants longue dur\u00e9e tout en hydratant la peau, la gardant douce et \u00e9lastique.<\/p>\n\n\n\n<p>2. Conservateurs naturels : L&#039;utilisation de conservateurs naturels peut emp\u00eacher la croissance des micro-organismes, sans nuire \u00e0 notre peau. Ils conviennent mieux \u00e0 la plupart des types de peau, en particulier les plus sensibles, que les cr\u00e8mes corporelles traditionnelles.<\/p>\n\n\n\n<p>3. \u00c9mulsifiant : il peut aider l&#039;eau et l&#039;huile \u00e0 se m\u00e9langer et non \u00e0 se s\u00e9parer, pour obtenir une \u00e9mulsification, une stabilit\u00e9 et d&#039;autres effets. L&#039;ajouter \u00e0 une lotion corporelle naturelle peut l&#039;aider \u00e0 s&#039;absorber plus facilement et \u00e0 \u00e9viter le d\u00e9laminage ou la pr\u00e9cipitation.<\/p>\n\n\n\n<p>4. Huiles naturelles : Ce sont des ingr\u00e9dients hydratants importants et sont riches en acides gras insatur\u00e9s et en vitamines. Ils ont donc un effet hydratant et hydratant, qui peut hydrater la peau en profondeur et am\u00e9liorer la peau rugueuse et s\u00e8che. En m\u00eame temps, ils aident \u00e9galement \u00e0 r\u00e9parer les barri\u00e8res cutan\u00e9es endommag\u00e9es et \u00e0 renforcer la r\u00e9sistance de la peau pour \u00e9viter la perte d&#039;eau et les irritations externes.<\/p>\n\n\n\n<p>5. Huile essentielle v\u00e9g\u00e9tale naturelle : L&#039;huile essentielle v\u00e9g\u00e9tale peut ajouter de l&#039;ar\u00f4me \u00e0 la lotion pour le corps et a un effet apaisant, ce qui peut d\u00e9tendre le corps et l&#039;esprit et apporter une exp\u00e9rience d&#039;utilisation agr\u00e9able.<\/p>\n\n\n\n<h2 class=\"wp-block-heading\">Les fonctions de la lotion corporelle naturelle<\/h2>\n\n\n\n<p>Nous attachons une grande importance au processus de production du lait corporel naturel. Chaque goutte est strictement dos\u00e9e et trait\u00e9e pour garantir sa texture d\u00e9licate et un soin efficace de la peau. Voici ses principales fonctions :<\/p>\n\n\n\n<p>1. Doux et non irritant : nous s\u00e9lectionnons soigneusement une vari\u00e9t\u00e9 d&#039;ingr\u00e9dients naturels, sans aucun produit chimique nocif. Il ne provoquera donc pas d&#039;irritation ni d&#039;inconfort sur votre peau et convient \u00e0 la plupart des types de peau.<\/p>\n\n\n\n<p>2. Hydratation longue dur\u00e9e : notre lotion corporelle naturelle formera un film protecteur sur votre peau pour retenir fermement l&#039;humidit\u00e9 et emp\u00eacher l&#039;humidit\u00e9 de s&#039;\u00e9vaporer, ce qui peut reconstituer l&#039;humidit\u00e9 pendant longtemps et am\u00e9liorer la peau rugueuse et s\u00e8che.<\/p>\n\n\n\n<p>3. Hydratation en profondeur : la lotion corporelle naturelle peut p\u00e9n\u00e9trer profond\u00e9ment dans la peau, compl\u00e9ter les nutriments n\u00e9cessaires et une utilisation \u00e0 long terme peut rendre la peau plus saine et plus brillante.<\/p>\n\n\n\n<p>4. \u00c9claircir la peau : Notre lotion pour le corps contient des antioxydants qui prot\u00e8gent contre les rayons UV. Elle stimule \u00e9galement la production de collag\u00e8ne, ce qui aide \u00e0 r\u00e9duire les rides, les ridules et les callosit\u00e9s rugueuses. De plus, certains ingr\u00e9dients blanchissants peuvent inhiber la production de m\u00e9lanine pour r\u00e9duire les taches ternes et fonc\u00e9es. Ces effets peuvent nous aider \u00e0 am\u00e9liorer la texture de la peau et \u00e0 la rendre plus blanche et plus ferme.<\/p>\n\n\n\n<p>5. R\u00e9paration apaisante : les extraits naturels de plantes ont g\u00e9n\u00e9ralement des fonctions apaisantes, et certains ont \u00e9galement des effets r\u00e9parateurs. Par cons\u00e9quent, lorsqu&#039;il est utilis\u00e9, il peut soulager la douleur et l&#039;inconfort de votre peau, r\u00e9parer la peau endommag\u00e9e et vous permettre \u00e9galement de vous d\u00e9tendre.<\/p>\n\n\n\n<h2 class=\"wp-block-heading\">Comment utiliser une lotion corporelle naturelle ?<\/h2>\n\n\n\n<p>En tant que fabricant professionnel de lotions corporelles naturelles, nous accordons une attention particuli\u00e8re au processus de production de nos produits, notamment en termes de qualit\u00e9 et de s\u00e9curit\u00e9 des produits. Par cons\u00e9quent, nous disposons d&#039;un syst\u00e8me de contr\u00f4le qualit\u00e9 multicanal et testons la texture, l&#039;efficacit\u00e9, la viscosit\u00e9, etc. du produit fini pour garantir son efficacit\u00e9. Nous esp\u00e9rons \u00e9galement que vous pourrez lire attentivement nos instructions avant de les utiliser.<\/p>\n\n\n\n<p>1. Nettoyer la peau : avant utilisation, nous devons d&#039;abord nettoyer la peau, \u00e9liminer l&#039;huile et la salet\u00e9 \u00e0 la surface, nous assurer que notre peau est propre et vous pouvez la s\u00e9cher doucement avec une serviette apr\u00e8s le lavage.<\/p>\n\n\n\n<p>2. Appliquez la quantit\u00e9 appropri\u00e9e : Prenez la quantit\u00e9 appropri\u00e9e de lotion corporelle naturelle et appliquez-la uniform\u00e9ment sur tout le corps, veillez \u00e0 ne pas en appliquer trop pendant ce processus, sinon vous risquez de vous sentir gras.<\/p>\n\n\n\n<p>3. Masser l&#039;absorption : apr\u00e8s l&#039;application, masser doucement la peau avec les deux mains pour favoriser l&#039;absorption et favoriser la circulation sanguine. Pour les zones relativement s\u00e8ches ou ayant une couche corn\u00e9e \u00e9paisse, augmenter la quantit\u00e9 de lotion corporelle et masser.<\/p>\n\n\n\n<p>4. Utilisation r\u00e9guli\u00e8re : Il est recommand\u00e9 d&#039;appliquer la lotion corporelle une fois par jour le matin et une fois par jour le soir pour nous aider \u00e0 garder la peau humide et douce pendant longtemps.<\/p>\n\n\n\n<h2 class=\"wp-block-heading\">Prudence<\/h2>\n\n\n\n<p>1. Il est recommand\u00e9 d&#039;effectuer un test d&#039;anaphylaxie avanc\u00e9 avant la premi\u00e8re utilisation. En cas d&#039;inconfort, il faut imm\u00e9diatement arr\u00eater l&#039;utilisation ;<\/p>\n\n\n\n<p>2. Faites attention \u00e0 la bonne quantit\u00e9 lors de l&#039;application, une utilisation excessive peut rendre la peau grasse et inconfortable ;<\/p>\n\n\n\n<p>3. Le lait corporel naturel utilise des conservateurs naturels, la dur\u00e9e de conservation est donc courte, il est recommand\u00e9 de pr\u00eater plus d&#039;attention \u00e0 la dur\u00e9e de conservation du produit ;<\/p>\n\n\n\n<p>4. Il est recommand\u00e9 de stocker dans un endroit frais et sec pour \u00e9viter la d\u00e9t\u00e9rioration caus\u00e9e par les temp\u00e9ratures \u00e9lev\u00e9es et les environnements humides.<\/p>\n\n\n\n<h2 class=\"wp-block-heading\">Conclusion<\/h2>\n\n\n\n<p>Parmi les nombreuses cr\u00e8mes corporelles aux fonctions diff\u00e9rentes, il est particuli\u00e8rement important de trouver des soins corporels purs, inoffensifs, efficaces et doux pour la peau. En tant que fabricant d\u00e9di\u00e9 \u00e0 la cr\u00e9ation de lotions corporelles naturelles, nous avons soigneusement s\u00e9lectionn\u00e9 des ingr\u00e9dients naturels de haute qualit\u00e9, scientifiquement proportionn\u00e9s et utilis\u00e9 des processus de production doux pour am\u00e9liorer votre exp\u00e9rience. Bien entendu, nos produits ne conviennent pas seulement \u00e0 tous les types de peau, mais nous pouvons \u00e9galement fournir des services personnalis\u00e9s pour ajuster la formule \u00e0 votre type de peau et \u00e0 vos pr\u00e9f\u00e9rences afin de garantir que chaque lotion corporelle naturelle r\u00e9ponde \u00e0 vos attentes. Si vous \u00eates \u00e9galement int\u00e9ress\u00e9, veuillez nous contacter.<\/p>","protected":false},"excerpt":{"rendered":"Natural Body Lotion Manufacturing Common Formulas To ensure that the ingredients are mild and do not cause irritation to the skin, our research and development team has selected a variety of pure ingredients. Selected raw materials are blended in the production process to ensure the safety and effectiveness of our natural body milk. 1. Glycerin: [&hellip;]","protected":false},"featured_media":2136,"menu_order":0,"template":"","meta":[],"product-tag":[],"products":[56],"class_list":["post-2135","product","type-product","status-publish","has-post-thumbnail","hentry","products-body-lotion"],"acf":[],"_links":{"self":[{"href":"https:\/\/www.ruiqigo.com\/fr\/wp-json\/wp\/v2\/product\/2135","targetHints":{"allow":["GET"]}}],"collection":[{"href":"https:\/\/www.ruiqigo.com\/fr\/wp-json\/wp\/v2\/product"}],"about":[{"href":"https:\/\/www.ruiqigo.com\/fr\/wp-json\/wp\/v2\/types\/product"}],"version-history":[{"count":0,"href":"https:\/\/www.ruiqigo.com\/fr\/wp-json\/wp\/v2\/product\/2135\/revisions"}],"wp:featuredmedia":[{"embeddable":true,"href":"https:\/\/www.ruiqigo.com\/fr\/wp-json\/wp\/v2\/media\/2136"}],"wp:attachment":[{"href":"https:\/\/www.ruiqigo.com\/fr\/wp-json\/wp\/v2\/media?parent=2135"}],"wp:term":[{"taxonomy":"product-tag","embeddable":true,"href":"https:\/\/www.ruiqigo.com\/fr\/wp-json\/wp\/v2\/product-tag?post=2135"},{"taxonomy":"products","embeddable":true,"href":"https:\/\/www.ruiqigo.com\/fr\/wp-json\/wp\/v2\/products?post=2135"}],"curies":[{"name":"wp","href":"https:\/\/api.w.org\/{rel}","templated":true}]}}