{"id":216,"date":"2024-06-30T22:58:53","date_gmt":"2024-06-30T14:58:53","guid":{"rendered":"https:\/\/ruiqigo.com\/?post_type=product&#038;p=216"},"modified":"2024-09-25T15:02:41","modified_gmt":"2024-09-25T07:02:41","slug":"tea-tree-shampoo","status":"publish","type":"product","link":"https:\/\/www.ruiqigo.com\/fr\/product\/tea-tree-shampoo","title":{"rendered":"Shampoing \u00e0 l&#039;arbre \u00e0 th\u00e9"},"content":{"rendered":"<h3 class=\"wp-block-heading\">Fabrication de shampoing \u00e0 l&#039;arbre \u00e0 th\u00e9 Formules courantes<\/h3>\n\n\n\n<p>En tant que fabricants de shampoings \u00e0 l&#039;arbre \u00e0 th\u00e9, nous comprenons l&#039;importance de la formulation. Nos produits utilisent une gamme de tensioactifs doux mais efficaces tels que le cocoyl-glucoside et le cocoyl-b\u00e9ta\u00efne pour assurer un pouvoir nettoyant sans endommager le cuir chevelu. Les ingr\u00e9dients de base, le glycinate de cocoyl de potassium et le cocoate de potassium, fournissent une nutrition essentielle aux cheveux. De plus, nous avons sp\u00e9cialement ajout\u00e9 du polyquaternium-10 pour am\u00e9liorer la douceur et la brillance des cheveux. Les propri\u00e9t\u00e9s anti-inflammatoires naturelles de l&#039;huile d&#039;arbre \u00e0 th\u00e9, combin\u00e9es \u00e0 l&#039;extrait de racine de He Shou Wu et \u00e0 l&#039;extrait de feuille de pin rouge europ\u00e9en, conf\u00e8rent \u00e0 notre shampoing \u00e0 l&#039;arbre \u00e0 th\u00e9 un effet revitalisant unique pour les cheveux.<\/p>\n\n\n\n<h3 class=\"wp-block-heading\">Sc\u00e9narios applicables au shampooing \u00e0 l&#039;arbre \u00e0 th\u00e9<\/h3>\n\n\n\n<p>Les shampoings \u00e0 l&#039;arbre \u00e0 th\u00e9 conviennent \u00e0 tous les climats et environnements, en particulier dans les zones chaudes et humides, o\u00f9 ses propri\u00e9t\u00e9s anti-inflammatoires et antimicrobiennes apportent une r\u00e9ponse efficace aux cuirs chevelus gras et secs qui d\u00e9mangent. Nos produits sont sans sulfate, ce qui r\u00e9duit leur impact environnemental tout en pr\u00e9servant la protection de la couleur, ce qui en fait un choix privil\u00e9gi\u00e9 pour les consommateurs \u00e0 la recherche d&#039;un mode de vie naturel. Vous pouvez \u00e9galement l&#039;associer \u00e0 un <a href=\"https:\/\/www.ruiqigo.com\/fr\/product\/tea-tree-essential-oil\/\">huile essentielle d&#039;arbre \u00e0 th\u00e9<\/a> pour des r\u00e9sultats encore meilleurs.<\/p>\n\n\n\n<h3 class=\"wp-block-heading\">\u00c0 qui convient le shampoing \u00e0 l&#039;arbre \u00e0 th\u00e9 ?<\/h3>\n\n\n\n<p>Nos shampoings \u00e0 l&#039;arbre \u00e0 th\u00e9 sont con\u00e7us pour les personnes ayant un cuir chevelu gras et sec qui d\u00e9mange. Les propri\u00e9t\u00e9s anti-inflammatoires naturelles de l&#039;huile d&#039;arbre \u00e0 th\u00e9 (huile de feuille de Melaleuca alternifolia) sont efficaces pour apaiser l&#039;inconfort du cuir chevelu, tandis que l&#039;ajout de VB5 et de VE apporte une nutrition et une protection suppl\u00e9mentaires aux cheveux. Ces ingr\u00e9dients agissent ensemble pour aider \u00e0 am\u00e9liorer l&#039;environnement du cuir chevelu et favoriser une croissance saine des cheveux. Plus <a href=\"https:\/\/www.ruiqigo.com\/fr\/products\/shampoo\/\">shampoings aux ingr\u00e9dients naturels<\/a> pour que vous puissiez choisir parmi 3TOP.<\/p>\n\n\n\n<h3 class=\"wp-block-heading\">Processus de production du shampoing \u00e0 l&#039;arbre \u00e0 th\u00e9<\/h3>\n\n\n\n<p>Au cours du processus de production, nous nous effor\u00e7ons de pr\u00e9server la saveur unique de l&#039;huile essentielle d&#039;arbre \u00e0 th\u00e9, qui non seulement ajoute un parfum naturel au produit, mais offre \u00e9galement aux consommateurs une exp\u00e9rience agr\u00e9able. Nous utilisons une technologie d&#039;extraction et de m\u00e9lange avanc\u00e9e pour assurer l&#039;int\u00e9gration efficace de tous les ingr\u00e9dients, tout en contr\u00f4lant strictement l&#039;environnement de production pour garantir la qualit\u00e9 et la s\u00e9curit\u00e9 du produit.<\/p>","protected":false},"excerpt":{"rendered":"Tea tree shampoo manufacturing Common Formulas As the makers of Tea Tree Shampoos, we understand the importance of formulation. Our products utilize a range of gentle yet effective surfactants such as Cocoyl-Glucoside and Cocoyl-Betaine to ensure cleansing power without damaging the scalp. The core ingredients Potassium Cocoyl Glycinate and Potassium Cocoate provide essential nourishment to [&hellip;]","protected":false},"featured_media":218,"menu_order":0,"template":"","meta":[],"product-tag":[],"products":[51],"class_list":["post-216","product","type-product","status-publish","has-post-thumbnail","hentry","products-shampoo"],"acf":[],"_links":{"self":[{"href":"https:\/\/www.ruiqigo.com\/fr\/wp-json\/wp\/v2\/product\/216","targetHints":{"allow":["GET"]}}],"collection":[{"href":"https:\/\/www.ruiqigo.com\/fr\/wp-json\/wp\/v2\/product"}],"about":[{"href":"https:\/\/www.ruiqigo.com\/fr\/wp-json\/wp\/v2\/types\/product"}],"version-history":[{"count":0,"href":"https:\/\/www.ruiqigo.com\/fr\/wp-json\/wp\/v2\/product\/216\/revisions"}],"wp:featuredmedia":[{"embeddable":true,"href":"https:\/\/www.ruiqigo.com\/fr\/wp-json\/wp\/v2\/media\/218"}],"wp:attachment":[{"href":"https:\/\/www.ruiqigo.com\/fr\/wp-json\/wp\/v2\/media?parent=216"}],"wp:term":[{"taxonomy":"product-tag","embeddable":true,"href":"https:\/\/www.ruiqigo.com\/fr\/wp-json\/wp\/v2\/product-tag?post=216"},{"taxonomy":"products","embeddable":true,"href":"https:\/\/www.ruiqigo.com\/fr\/wp-json\/wp\/v2\/products?post=216"}],"curies":[{"name":"wp","href":"https:\/\/api.w.org\/{rel}","templated":true}]}}