{"id":2164,"date":"2024-12-05T17:18:10","date_gmt":"2024-12-05T09:18:10","guid":{"rendered":"https:\/\/ruiqigo.com\/?post_type=product&#038;p=2164"},"modified":"2024-12-05T17:19:07","modified_gmt":"2024-12-05T09:19:07","slug":"hand-cream-with-spf","status":"publish","type":"product","link":"https:\/\/www.ruiqigo.com\/fr\/product\/hand-cream-with-spf","title":{"rendered":"Cr\u00e8me pour les mains avec SPF"},"content":{"rendered":"<h2 class=\"wp-block-heading\">Cr\u00e8me pour les mains avec SPF Fabrication de formules courantes<\/h2>\n\n\n\n<p>En tant que fabricant professionnel de cr\u00e8mes pour les mains avec SPF, nous combinons des ingr\u00e9dients hydratants, hydratants et de protection solaire en fonction des besoins de la plupart des gens. Gr\u00e2ce \u00e0 une correspondance scientifique et \u00e0 un traitement ult\u00e9rieur, il vise \u00e0 fournir une protection et un soin complets de la peau des mains. Ses principaux composants sont :<\/p>\n\n\n\n<p>1. Glyc\u00e9rine : La glyc\u00e9rine a un fort effet hydratant et hydratant, qui peut former un film protecteur \u00e0 la surface de la peau, r\u00e9duire la perte d&#039;eau et fournir un effet hydratant durable. Une utilisation \u00e0 long terme peut soulager les mains s\u00e8ches, la desquamation et d&#039;autres affections.<\/p>\n\n\n\n<p>2. Ingr\u00e9dients de protection solaire : nous utilisons des ingr\u00e9dients de protection solaire de haute qualit\u00e9 comme ingr\u00e9dients de base, avec un fort effet de protection solaire. Il peut bloquer les rayons UV, \u00e9viter les dommages caus\u00e9s par les rayons UV, tels que les coups de soleil, le vieillissement de la peau et d&#039;autres probl\u00e8mes.<\/p>\n\n\n\n<p>3. Beurre de karit\u00e9 : Le beurre de karit\u00e9 peut p\u00e9n\u00e9trer profond\u00e9ment dans la peau pour fournir suffisamment de nutriments et hydrater davantage la peau des mains. En m\u00eame temps, il a \u00e9galement des effets antioxydants, peut r\u00e9sister aux radicaux libres, prot\u00e9ger la peau des dommages environnementaux, am\u00e9liorer l&#039;\u00e9lasticit\u00e9 de la peau.<\/p>\n\n\n\n<p>4. C\u00e9ramide : Il a pour fonction de r\u00e9parer la barri\u00e8re cutan\u00e9e. Lorsqu&#039;il est appliqu\u00e9, il peut \u00e9tablir un film protecteur, r\u00e9parer les cellules endommag\u00e9es, renforcer la barri\u00e8re cutan\u00e9e et rendre la peau de la main plus saine. En m\u00eame temps, il a \u00e9galement un effet anti-inflammatoire et apaisant, qui peut soulager la douleur et l&#039;inconfort caus\u00e9s par des facteurs externes.<\/p>\n\n\n\n<p>5. \u00c9mulsifiant : L&#039;\u00e9mulsifiant est un ingr\u00e9dient couramment utilis\u00e9 dans les cr\u00e8mes pour les mains, qui peut m\u00e9langer compl\u00e8tement l&#039;eau et l&#039;huile pour former un \u00e9tat d&#039;\u00e9mulsion stable. Et la texture est plus lisse, ce qui est propice \u00e0 votre application et \u00e0 votre absorption, de sorte que votre peau est plus lisse et d\u00e9licate.<\/p>\n\n\n\n<h2 class=\"wp-block-heading\">Les fonctions de la cr\u00e8me pour les mains avec SPF<\/h2>\n\n\n\n<p>La protection solaire est tr\u00e8s importante pour retarder le vieillissement cutan\u00e9, pr\u00e9venir les probl\u00e8mes cutan\u00e9s et maintenir la sant\u00e9 de la peau. Par rapport aux cr\u00e8mes pour les mains et aux \u00e9crans solaires traditionnels, notre cr\u00e8me pour les mains avec SPF offre une double protection. Les soins de la peau sont plus pratiques sans laisser de sensation de lourdeur. Voici ses principales fonctions :<\/p>\n\n\n\n<p>1. Protection solaire tr\u00e8s efficace : avec un FPS de 15 \u00e0 50+, notre film protecteur offre une protection essentielle contre les rayons UVA et UVB, r\u00e9duisant le risque de bronzage, de rides, de vieillissement pr\u00e9matur\u00e9 et de cancer de la peau et favorisant la sant\u00e9 globale de la peau.<\/p>\n\n\n\n<p>2. Hydratation en profondeur : les ingr\u00e9dients hydratants peuvent hydrater efficacement la peau des mains, reconstituer l&#039;eau en temps opportun et fournir un effet hydratant durable, rendant la peau des mains plus humide et douce.<\/p>\n\n\n\n<p>3. Am\u00e9liore l&#039;\u00e9tat de la peau : notre cr\u00e8me pour les mains avec SPF peut pr\u00e9venir l&#039;hyperpigmentation et l&#039;apparition de taches brunes, et r\u00e9duire la production de s\u00e9bum, r\u00e9duisant ainsi davantage les pouss\u00e9es d&#039;huile.<\/p>\n\n\n\n<p>4. R\u00e9paration apaisante : elle peut soulager la douleur et l&#039;inconfort caus\u00e9s par la stimulation, r\u00e9parer les cellules cutan\u00e9es endommag\u00e9es, am\u00e9liorer la fonction de barri\u00e8re cutan\u00e9e et rendre notre peau plus ferme et plus \u00e9lastique.<\/p>\n\n\n\n<p>5. L\u00e9ger et non gras : nous utilisons une technologie d&#039;\u00e9mulsification avanc\u00e9e pour garantir que la texture de la cr\u00e8me pour les mains est l\u00e9g\u00e8re, facile \u00e0 absorber et ne laisse pas de sensation collante, am\u00e9liorant encore l&#039;exp\u00e9rience. Il convient \u00e0 la plupart des gens et peut \u00eatre utilis\u00e9 dans la vie quotidienne, r\u00e9appliqu\u00e9 au hasard.<\/p>\n\n\n\n<h2 class=\"wp-block-heading\">Comment utiliser une cr\u00e8me pour les mains avec SPF ?<\/h2>\n\n\n\n<p>Au moment de la production, nous avons m\u00e9lang\u00e9 des cr\u00e8mes pour les mains avec diff\u00e9rentes valeurs SPF en fonction des besoins de diff\u00e9rentes personnes. 30% de la valeur de protection solaire en utilisation quotidienne peut prot\u00e9ger contre 90% de rayons UVB. Vous pouvez donc choisir en fonction de vos propres besoins de protection solaire, et son utilisation est \u00e9galement d\u00e9taill\u00e9e sur l&#039;emballage.<\/p>\n\n\n\n<p>1. Nettoyer les mains : Avant utilisation, nettoyez d&#039;abord les mains, vous pouvez utiliser un d\u00e9sinfectant pour les mains ou du savon pour \u00e9liminer l&#039;huile et la salet\u00e9 sur les mains, et les s\u00e9cher doucement avec une serviette, cette \u00e9tape est propice \u00e0 une absorption suppl\u00e9mentaire de la cr\u00e8me pour les mains.<\/p>\n\n\n\n<p>2. Appliquez la quantit\u00e9 appropri\u00e9e : Appliquez la quantit\u00e9 appropri\u00e9e de cr\u00e8me pour les mains avec SPF uniform\u00e9ment sur vos mains, en particulier sur les doigts, le dos de la main et d&#039;autres endroits faciles \u00e0 ignorer, assurez-vous que chaque partie est couverte.<\/p>\n\n\n\n<p>3. Absorption par massage : apr\u00e8s l&#039;application, massez doucement vos mains avec votre doigt sur le ventre, ce qui peut favoriser l&#039;absorption et la circulation sanguine.<\/p>\n\n\n\n<p>4. Appliquer \u00e0 nouveau le produit en temps opportun : si vous restez longtemps \u00e0 l&#039;ext\u00e9rieur, il est recommand\u00e9 de renouveler l&#039;application toutes les deux heures pour garantir l&#039;effet de la protection solaire.<\/p>\n\n\n\n<h2 class=\"wp-block-heading\">Prudence<\/h2>\n\n\n\n<p>1. Effectuez un test allergique pour la premi\u00e8re fois. En cas d&#039;inconfort, arr\u00eatez imm\u00e9diatement l&#039;utilisation et consultez un m\u00e9decin ;<\/p>\n\n\n\n<p>2. \u00c9vitez les exc\u00e8s : suivez le principe de la quantit\u00e9 appropri\u00e9e lors de l&#039;application, \u00e9vitez les exc\u00e8s de cr\u00e8me pour les mains qui donnent des mains grasses et difficiles \u00e0 absorber ;<\/p>\n\n\n\n<p>3. \u00c9vitez de m\u00e9langer : ne pas m\u00e9langer avec d\u2019autres cr\u00e8mes pour les mains ou produits de soin de la peau pour \u00e9viter les r\u00e9actions ind\u00e9sirables ou affecter l\u2019effet de la protection solaire ;<\/p>\n\n\n\n<p>4. \u00c9viter le contact avec les yeux. En cas de contact avec les yeux, rincer imm\u00e9diatement \u00e0 l&#039;eau ;<\/p>\n\n\n\n<p>5. Il est recommand\u00e9 de stocker dans un endroit frais et sec pour \u00e9viter la d\u00e9t\u00e9rioration caus\u00e9e par une temp\u00e9rature \u00e9lev\u00e9e et un environnement humide et r\u00e9duire l&#039;effet de protection solaire.<\/p>\n\n\n\n<h2 class=\"wp-block-heading\">Conclusion<\/h2>\n\n\n\n<p>Si vous souhaitez garder vos mains douces, lisses et jeunes, notre cr\u00e8me pour les mains avec SPF est un excellent choix. Nous nous engageons \u00e0 cr\u00e9er des produits de marque uniques, multifonctions et de haute qualit\u00e9, et nous disposons d&#039;\u00e9quipements de production avanc\u00e9s et d&#039;une \u00e9quipe de recherche et d\u00e9veloppement professionnelle. Pour r\u00e9pondre \u00e0 vos besoins, nous ferons de notre mieux pour r\u00e9aliser, en fonction de vos commentaires et en nous adaptant constamment, une cr\u00e8me pour les mains personnalis\u00e9e avec des produits SPF. Si vous \u00eates \u00e9galement int\u00e9ress\u00e9, veuillez nous contacter.<\/p>\n\n\n\n<p><\/p>","protected":false},"excerpt":{"rendered":"Hand Cream With SPF Manufacturing Common Formulas As a professional manufacturer of hand cream with SPF, we combine moisturizing, moisturizing, and sun protection ingredients based on the needs of most people. Through scientific matching and further processing, it aims to provide comprehensive protection and care for hand skin. Its main components are: 1. Glycerin: Glycerin [&hellip;]","protected":false},"featured_media":2165,"menu_order":0,"template":"","meta":[],"product-tag":[],"products":[58],"class_list":["post-2164","product","type-product","status-publish","has-post-thumbnail","hentry","products-hand-cream"],"acf":[],"_links":{"self":[{"href":"https:\/\/www.ruiqigo.com\/fr\/wp-json\/wp\/v2\/product\/2164","targetHints":{"allow":["GET"]}}],"collection":[{"href":"https:\/\/www.ruiqigo.com\/fr\/wp-json\/wp\/v2\/product"}],"about":[{"href":"https:\/\/www.ruiqigo.com\/fr\/wp-json\/wp\/v2\/types\/product"}],"version-history":[{"count":0,"href":"https:\/\/www.ruiqigo.com\/fr\/wp-json\/wp\/v2\/product\/2164\/revisions"}],"wp:featuredmedia":[{"embeddable":true,"href":"https:\/\/www.ruiqigo.com\/fr\/wp-json\/wp\/v2\/media\/2165"}],"wp:attachment":[{"href":"https:\/\/www.ruiqigo.com\/fr\/wp-json\/wp\/v2\/media?parent=2164"}],"wp:term":[{"taxonomy":"product-tag","embeddable":true,"href":"https:\/\/www.ruiqigo.com\/fr\/wp-json\/wp\/v2\/product-tag?post=2164"},{"taxonomy":"products","embeddable":true,"href":"https:\/\/www.ruiqigo.com\/fr\/wp-json\/wp\/v2\/products?post=2164"}],"curies":[{"name":"wp","href":"https:\/\/api.w.org\/{rel}","templated":true}]}}